{"id":4214,"date":"2022-02-27T21:07:16","date_gmt":"2022-02-27T19:07:16","guid":{"rendered":"https:\/\/www.clinicarinologica.com\/?page_id=4214"},"modified":"2022-02-27T21:15:23","modified_gmt":"2022-02-27T19:15:23","slug":"taller-de-veu","status":"publish","type":"page","link":"https:\/\/www.clinicarinologica.com\/es\/taller-de-veu\/","title":{"rendered":"Taller de voz"},"content":{"rendered":"[vc_row el_class=\u00bbnormal_paddings\u00bb css=\u00bb.vc_custom_1597511368294{padding-top: 150px !important;background-color: #ffffff !important;}\u00bb][vc_column width=\u00bb1\/4&#8243;][\/vc_column][vc_column width=\u00bb3\/4&#8243;][vc_column_text el_class=\u00bbinside_title\u00bb]\r\n<h1 class=\"p1\"><strong><span class=\"s1\"><a href=\"https:\/\/www.clinicarinologica.com\/funcional\/#tallers\">Talleres de salut<\/a><\/span><\/strong><\/h1>\r\n[\/vc_column_text][\/vc_column][\/vc_row][vc_row el_class=\u00bbnormal_paddings_2&#8243; css=\u00bb.vc_custom_1597511438047{margin-top: -2px !important;background-color: #ffffff !important;}\u00bb][vc_column width=\u00bb1\/4&#8243;][vc_column_text el_class=\u00bbinside_title\u00bb]\r\n<h1>Taller de voz<\/h1>\r\n[\/vc_column_text][vc_column_text el_class=\u00bbanchor_list\u00bb]<a href=\"#apt1\"><strong>\u00bfDebo hacer un taller de voz?<\/strong><\/a>\r\n\r\n<a href=\"#apt2\"><strong>\u00bfC\u00f3mo se pueden mejorar los h\u00e1bitos fonatorios?<\/strong><\/a>\r\n\r\n<a href=\"#apt3\"><strong>\u00bfQu\u00e9 conseguir\u00e9 con un buen uso de la voz?<\/strong><\/a>\r\n\r\n<a href=\"#apt4\"><strong>Tabac i embar\u00e0s<\/strong><\/a>\r\n\r\n<a href=\"#apt5\"><strong> Sesiones individuales y grupales <\/strong><\/a>[\/vc_column_text][\/vc_column][vc_column width=\u00bb3\/4&#8243;][vc_column_text el_class=\u00bbmedium_text\u00bb]La voz es una herramienta indispensable para los profesionales y amateurs de las artes esc\u00e9nicas, la m\u00fasica y la comunicaci\u00f3n. El Taller de Voz le ayudar\u00e1 a tomar conciencia de los malos h\u00e1bitos relacionados con la emisi\u00f3n de la voz y le orientar\u00e1 ante los primeros s\u00edntomas para prevenir patolog\u00edas vocales.[\/vc_column_text][vc_column_text]El sobreesfuerzo vocal tiene efectos muy importantes en la salud y el bienestar de los cantantes, los actores y los profesores de m\u00fasica, entre otros profesionales de las artes esc\u00e9nicas. Este sobreesfuerzo impacta directamente en su carrera profesional.[\/vc_column_text][vc_single_image image=\u00bb4207&#8243; img_size=\u00bbfull\u00bb][vc_raw_html css=\u00bb.vc_custom_1591595652694{margin-bottom: 100px !important;}\u00bb]JTNDYSUyMGlkJTNEJTIyYXB0MSUyMiUzRSUzQyUyRmElM0U=[\/vc_raw_html][\/vc_column][\/vc_row][vc_row css=\u00bb.vc_custom_1597511270707{margin-top: 0px !important;margin-bottom: 0px !important;background-color: #282828 !important;}\u00bb el_class=\u00bbnormal_paddings_2&#8243;][vc_column width=\u00bb1\/4&#8243;][\/vc_column][vc_column width=\u00bb3\/4&#8243;][vc_column_text el_class=\u00bbmedium_text text_blanc super_big\u00bb]\r\n\u00bfDebo hacer un taller de voz?[\/vc_column_text][vc_column_text el_class=\u00bbmedium_text text_blanc\u00bb]Si usted es profesional o amateur de las artes esc\u00e9nicas y dedica muchas horas a ofrecer clases, a participar en formaciones, a realizar jornadas largas de ensayos o a prepararse para audiciones, es probable que su voz sufra sobreesfuerzo y que a la larga tenga problemas de salud vocal.[\/vc_column_text][vc_column_text el_class=\u00bbtext_blanc\u00bb]\r\n<p class=\"p1\">Si usted ha detectado los primeros s\u00edntomas de fatiga de la voz, si ha sufrido una lesi\u00f3n o se est\u00e1 recuperando de una intervenci\u00f3n quir\u00fargica que afecta a sus cuerdas vocales, es probable que le haga falta orientaci\u00f3n y acompa\u00f1amiento profesional para reeducar funcionalmente su voz.<\/p>\r\n<p class=\"p1\">En el <b>Taller de Voz<\/b> tomar\u00e1 conciencia de los h\u00e1bitos fonatorios, la fatiga y las disfon\u00edas que le provocan el sobreesfuerzo y aprender\u00e1 herramientas para una correcta emisi\u00f3n de la voz, para mejorar su salud y su actividad.<\/p>\r\n[\/vc_column_text][vc_raw_html css=\u00bb.vc_custom_1591595656157{margin-bottom: 100px !important;}\u00bb]JTNDYSUyMG5hbWUlM0QlMjJhcHQyJTIyJTNFJTNDJTJGYSUzRQ==[\/vc_raw_html][\/vc_column][\/vc_row][vc_row css=\u00bb.vc_custom_1597511277442{margin-top: 0px !important;margin-bottom: 0px !important;background-color: #282828 !important;}\u00bb el_class=\u00bbnormal_paddings_2&#8243;][vc_column width=\u00bb1\/4&#8243;][\/vc_column][vc_column width=\u00bb3\/4&#8243;][vc_column_text el_class=\u00bbmedium_text text_blanc super_big\u00bb]\r\n<p class=\"p1\"><b>\u00bfC\u00f3mo se puede mejorar la emisi\u00f3n de la voz?<\/b><\/p>\r\n[\/vc_column_text][vc_column_text el_class=\u00bbmedium_text text_blanc\u00bb]Ser consciente del estr\u00e9s vocal es el primer paso para reeducar y recuperar la voz.[\/vc_column_text][vc_single_image image=\u00bb4210&#8243; img_size=\u00bbfull\u00bb][vc_column_text el_class=\u00bbtext_blanc\u00bb]\r\n<p class=\"p2\">En el <b>Taller de Voz<\/b> aprender\u00e1 a: ser consciente de la importancia de una correcta emisi\u00f3n de la voz, detectar los h\u00e1bitos fonatorios lesivos en la voz cantada, reeducar los aspectos funcionales que provocan patolog\u00edas vocales, para prevenirlas. A trav\u00e9s de ejercicios de respiraci\u00f3n, coordinaci\u00f3n fono-respiratoria, apoyo y proyecci\u00f3n vocal con vocalizaciones en voz cantada, con recitaci\u00f3n de textos en diferentes entonaciones, vol\u00famenes y tonos, podr\u00e1 mejorar su salud vocal.<\/p>\r\n[\/vc_column_text][vc_raw_html css=\u00bb.vc_custom_1592511726658{margin-bottom: 100px !important;}\u00bb]JTNDYSUyMG5hbWUlM0QlMjJhcHQzJTIyJTNFJTNDJTJGYSUzRQ==[\/vc_raw_html][\/vc_column][\/vc_row][vc_row css=\u00bb.vc_custom_1597511168336{margin-bottom: 0px !important;background-color: #282828 !important;}\u00bb el_class=\u00bbnormal_paddings_2&#8243;][vc_column width=\u00bb1\/4&#8243;][\/vc_column][vc_column width=\u00bb3\/4&#8243;][vc_column_text el_class=\u00bbmedium_text text_blanc super_big\u00bb]\r\n\u00bfQu\u00e9 conseguir\u00e9 con una buena emisi\u00f3n de la voz?[\/vc_column_text][vc_column_text el_class=\u00bbtext_blanc\u00bb]\r\n<p class=\"p1\">Una buena emisi\u00f3n de la voz le permitir\u00e1: prevenir lesiones en las cuerdas vocales, evitar bajas profesionales por enfermedades relacionadas con la voz, aumentar su calidad vocal y mejorar su rendimiento en las artes y la comunicaci\u00f3n.<\/p>\r\n[\/vc_column_text][vc_raw_html css=\u00bb.vc_custom_1592511719522{margin-bottom: 100px !important;}\u00bb]JTNDYSUyMG5hbWUlM0QlMjJhcHQ0JTIyJTNFJTNDJTJGYSUzRQ==[\/vc_raw_html][\/vc_column][\/vc_row][vc_row css=\u00bb.vc_custom_1597511174588{margin-bottom: 0px !important;background-color: #282828 !important;}\u00bb el_class=\u00bbnormal_paddings_2&#8243;][vc_column width=\u00bb1\/4&#8243;][\/vc_column][vc_column width=\u00bb3\/4&#8243;][vc_column_text el_class=\u00bbmedium_text text_blanc super_big\u00bb]\r\nSesiones individuales, presenciales y online, y grupales online[\/vc_column_text][vc_row_inner][vc_column_inner width=\u00bb1\/2&#8243;][vc_column_text el_class=\u00bbtext_blanc\u00bb]\r\n<p class=\"p1\">El <b>Taller de Voz<\/b> se puede hacer en dos modalidades. Las sesiones individuales, que se pueden realizar online o de manera presencial en Barcelona. Las sesiones grupales, que se realizan exclusivamente de manera online como medida de prevenci\u00f3n ante el Covid. En ambos casos, se acompa\u00f1a el proceso individual de la persona y se aplicar\u00e1 la t\u00e9cnica con los contenidos propios de la profesi\u00f3n de cada paciente.<\/p>\r\n<p class=\"p1\"><b>Direcci\u00f3n del taller<\/b><\/p>\r\n<p class=\"p1\">\u00c0ngels Civit Fons. T\u00e9cnica vocal.<span class=\"Apple-converted-space\">\u00a0<\/span><\/p>\r\n<p class=\"p1\">Profesora de canto y piano.<\/p>\r\n[\/vc_column_text][\/vc_column_inner][vc_column_inner width=\u00bb1\/2&#8243;][vc_column_text el_class=\u00bbtext_blanc\u00bb]\r\n<p class=\"p1\"><b>Taller individual (presencial y online)<\/b><\/p>\r\n<p class=\"p1\">Sesiones individuales de 45 minutos enfocadas a resolver sus necesidades particulares.<\/p>\r\n<p class=\"p1\">Taller b\u00e1sico: 5 sesiones<\/p>\r\n<p class=\"p1\">Taller avanzado: 7 sesiones<\/p>\r\n<p class=\"p1\"><b>Taller en grupo (online)<\/b><\/p>\r\n<p class=\"p1\">8 sesiones en grupo de 90 minutos, m\u00ednimo 6 personas.<\/p>\r\n<p class=\"p1\">1 sesi\u00f3n individual de 30-60 minutos para personalizar la pauta que hay que seguir, seg\u00fan las necesidades de cada persona.<\/p>\r\n[\/vc_column_text][\/vc_column_inner][\/vc_row_inner][vc_raw_html css=\u00bb.vc_custom_1592513177041{margin-bottom: 100px !important;}\u00bb]JTNDYSUyMG5hbWUlM0QlMjJhcHQ1JTIyJTNFJTNDJTJGYSUzRQ==[\/vc_raw_html][\/vc_column][\/vc_row][vc_row css=\u00bb.vc_custom_1597511018205{padding-top: 20px !important;padding-bottom: 50px !important;background-color: #282828 !important;}\u00bb el_class=\u00bbnormal_paddings_2&#8243;][vc_column][vc_column_text el_class=\u00bbmedium_text\u00bb]Para cualquier duda o aclaraci\u00f3n, p\u00f3ngase en <a href=\"https:\/\/www.clinicarinologica.com\/es\/contacte\/\">contacto<\/a> con nosotros. Para inscribirse al taller, complete el formulario de preinscripci\u00f3n, llame al +34 931 990 770, o escr\u00edbanos a <a href=\"mailto:info@clinicarinologica.com\">info@clinicarinologica.com<\/a>[\/vc_column_text][\/vc_column][\/vc_row]","protected":false},"excerpt":{"rendered":"[vc_row el_class=\u00bbnormal_paddings\u00bb css=\u00bb.vc_custom_1597511368294{padding-top: 150px !important;background-color: #ffffff !important;}\u00bb][vc_column width=\u00bb1\/4&#8243;][\/vc_column][vc_column width=\u00bb3\/4&#8243;][vc_column_text el_class=\u00bbinside_title\u00bb] Talleres de salut [\/vc_column_text][\/vc_column][\/vc_row][vc_row el_class=\u00bbnormal_paddings_2&#8243; css=\u00bb.vc_custom_1597511438047{margin-top: -2px !important;background-color: #ffffff !important;}\u00bb][vc_column width=\u00bb1\/4&#8243;][vc_column_text el_class=\u00bbinside_title\u00bb] Taller de voz [\/vc_column_text][vc_column_text el_class=\u00bbanchor_list\u00bb]\u00bfDebo hacer un taller de voz? \u00bfC\u00f3mo se pueden mejorar los h\u00e1bitos fonatorios? \u00bfQu\u00e9 conseguir\u00e9 con un buen uso de la voz? Tabac i embar\u00e0s Sesiones individuales y grupales&#8230; <a class=\"view-article\" href=\"https:\/\/www.clinicarinologica.com\/es\/taller-de-veu\/\">Ver art\u00edculo<\/a>","protected":false},"author":1,"featured_media":0,"parent":0,"menu_order":0,"comment_status":"closed","ping_status":"closed","template":"","meta":{"_acf_changed":false,"footnotes":""},"class_list":["post-4214","page","type-page","status-publish","hentry"],"acf":[],"_links":{"self":[{"href":"https:\/\/www.clinicarinologica.com\/es\/wp-json\/wp\/v2\/pages\/4214","targetHints":{"allow":["GET"]}}],"collection":[{"href":"https:\/\/www.clinicarinologica.com\/es\/wp-json\/wp\/v2\/pages"}],"about":[{"href":"https:\/\/www.clinicarinologica.com\/es\/wp-json\/wp\/v2\/types\/page"}],"author":[{"embeddable":true,"href":"https:\/\/www.clinicarinologica.com\/es\/wp-json\/wp\/v2\/users\/1"}],"replies":[{"embeddable":true,"href":"https:\/\/www.clinicarinologica.com\/es\/wp-json\/wp\/v2\/comments?post=4214"}],"version-history":[{"count":4,"href":"https:\/\/www.clinicarinologica.com\/es\/wp-json\/wp\/v2\/pages\/4214\/revisions"}],"predecessor-version":[{"id":4225,"href":"https:\/\/www.clinicarinologica.com\/es\/wp-json\/wp\/v2\/pages\/4214\/revisions\/4225"}],"wp:attachment":[{"href":"https:\/\/www.clinicarinologica.com\/es\/wp-json\/wp\/v2\/media?parent=4214"}],"curies":[{"name":"wp","href":"https:\/\/api.w.org\/{rel}","templated":true}]}}