{"id":4191,"date":"2022-02-27T20:41:49","date_gmt":"2022-02-27T18:41:49","guid":{"rendered":"https:\/\/www.clinicarinologica.com\/?page_id=4191"},"modified":"2022-02-27T21:15:48","modified_gmt":"2022-02-27T19:15:48","slug":"taller-desforc-vocal","status":"publish","type":"page","link":"https:\/\/www.clinicarinologica.com\/es\/taller-desforc-vocal\/","title":{"rendered":"Taller de esfuerzo vocal"},"content":{"rendered":"[vc_row el_class=\u00bbnormal_paddings\u00bb css=\u00bb.vc_custom_1597511368294{padding-top: 150px !important;background-color: #ffffff !important;}\u00bb][vc_column width=\u00bb1\/4&#8243;][\/vc_column][vc_column width=\u00bb3\/4&#8243;][vc_column_text el_class=\u00bbinside_title\u00bb]\r\n<h1 class=\"p1\"><strong><span class=\"s1\"><a href=\"https:\/\/www.clinicarinologica.com\/funcional\/#tallers\">Talleres de salut<\/a><\/span><\/strong><\/h1>\r\n[\/vc_column_text][\/vc_column][\/vc_row][vc_row el_class=\u00bbnormal_paddings_2&#8243; css=\u00bb.vc_custom_1597511438047{margin-top: -2px !important;background-color: #ffffff !important;}\u00bb][vc_column width=\u00bb1\/4&#8243;][vc_column_text el_class=\u00bbinside_title\u00bb]\r\n<h1>Taller de esfuerzo vocal<\/h1>\r\n[\/vc_column_text][vc_column_text el_class=\u00bbanchor_list\u00bb]<a href=\"#apt1\"><strong>\u00bfDebo hacer un taller de esfuerzo vocal?<\/strong><\/a>\r\n\r\n<a href=\"#apt2\"><strong>\u00bfC\u00f3mo se pueden mejorar los h\u00e1bitos\u00a0fonatorios?<\/strong><\/a>\r\n\r\n<a href=\"#apt3\"><strong>\u00bfQu\u00e9 conseguir\u00e9 con un buen uso de la voz?<\/strong><\/a>\r\n\r\n<a href=\"#apt4\"><strong>Tabac i embar\u00e0s<\/strong><\/a>\r\n\r\n<a href=\"#apt5\"><strong>Sesiones individuales y grupales<\/strong><\/a>[\/vc_column_text][\/vc_column][vc_column width=\u00bb3\/4&#8243;][vc_column_text el_class=\u00bbmedium_text\u00bb]Un buen uso de la voz es esencial para aquellas personas que la utilizan en su actividad profesional y para la salud general. El Taller de Esfuerzo Vocal le ayudar\u00e1 a tomar conciencia de los malos h\u00e1bitos relacionados con la utilizaci\u00f3n de la voz y le dar\u00e1 pautas para evitar el sobreesfuerzo.[\/vc_column_text][vc_column_text]Muchas veces no somos conscientes de c\u00f3mo forzamos nuestra voz en nuestro d\u00eda a d\u00eda, sobre todo en el \u00e1mbito profesional. Un sobreesfuerzo de la voz puede llevarnos a ronqueras, afon\u00edas y a lesiones de las cuerdas vocales.[\/vc_column_text][vc_single_image image=\u00bb4198&#8243; img_size=\u00bbfull\u00bb][vc_raw_html css=\u00bb.vc_custom_1591595652694{margin-bottom: 100px !important;}\u00bb]JTNDYSUyMGlkJTNEJTIyYXB0MSUyMiUzRSUzQyUyRmElM0U=[\/vc_raw_html][\/vc_column][\/vc_row][vc_row css=\u00bb.vc_custom_1597511270707{margin-top: 0px !important;margin-bottom: 0px !important;background-color: #282828 !important;}\u00bb el_class=\u00bbnormal_paddings_2&#8243;][vc_column width=\u00bb1\/4&#8243;][\/vc_column][vc_column width=\u00bb3\/4&#8243;][vc_column_text el_class=\u00bbmedium_text text_blanc super_big\u00bb]\u00bfDebo hacer un taller de esfuerzo vocal?[\/vc_column_text][vc_column_text el_class=\u00bbmedium_text text_blanc\u00bb]Si usted hace un amplio uso de la voz \u2014en su \u00e1mbito laboral, profesional o en el ocio\u2014 y realiza su actividad diaria rodeada de factores de riesgo vocal, como gritar o hablar en ambientes ruidosos, est\u00e1 haciendo un sobreesfuerzo vocal que, a la larga, puede derivar en fatiga vocal y patolog\u00edas relacionadas.\u00a0[\/vc_column_text][vc_column_text el_class=\u00bbtext_blanc\u00bb]\r\n<p class=\"p1\">Si usted sufre ronqueras frecuentes relacionadas con el abuso o el mal uso de la voz hablada, si ha sufrido una lesi\u00f3n o se est\u00e1 recuperando de una intervenci\u00f3n quir\u00fargica que afecta las cuerdas vocales, si tiene un defecto cong\u00e9nito en el \u00f3rgano vocal, es probable que su fonaci\u00f3n no sea la adecuada y que a la larga tenga problemas de salud.<\/p>\r\nEn el Taller de Esfuerzo Vocal tomar\u00e1 conciencia de los h\u00e1bitos\u00a0fonatorios\u00a0lesivos para inhibirlos y <b>aprender\u00e1 pautas de higiene vocal para potenciar h\u00e1bitos beneficiosos para la voz<\/b>.\r\n\r\n[\/vc_column_text][vc_raw_html css=\u00bb.vc_custom_1591595656157{margin-bottom: 100px !important;}\u00bb]JTNDYSUyMG5hbWUlM0QlMjJhcHQyJTIyJTNFJTNDJTJGYSUzRQ==[\/vc_raw_html][\/vc_column][\/vc_row][vc_row css=\u00bb.vc_custom_1597511277442{margin-top: 0px !important;margin-bottom: 0px !important;background-color: #282828 !important;}\u00bb el_class=\u00bbnormal_paddings_2&#8243;][vc_column width=\u00bb1\/4&#8243;][\/vc_column][vc_column width=\u00bb3\/4&#8243;][vc_single_image image=\u00bb4195&#8243; img_size=\u00bbfull\u00bb][vc_column_text el_class=\u00bbmedium_text text_blanc super_big\u00bb]\u00bfC\u00f3mo se pueden mejorar los h\u00e1bitos fonatorios?[\/vc_column_text][vc_column_text el_class=\u00bbmedium_text text_blanc\u00bb]Ser consciente de los malos h\u00e1bitos fonatorios y cambiarlos requiere de un aprendizaje y una pr\u00e1ctica.[\/vc_column_text][vc_column_text el_class=\u00bbtext_blanc\u00bb]\r\n<p class=\"p1\">En el <b>Taller de Esfuerzo Vocal<\/b> aprender\u00e1 a: ser consciente de la importancia de una buena salud vocal, detectar los h\u00e1bitos fonatorios lesivos para inhibirlos, adquirir pautas de higiene vocal para potenciar h\u00e1bitos beneficiosos para su voz, reeducar los h\u00e1bitos y el confort vocal corrigiendo su funcionamiento mediante la t\u00e9cnica vocal, para prevenir patolog\u00edas vocales. A trav\u00e9s de ejercicios de respiraci\u00f3n, coordinaci\u00f3n fono-respiratoria, apoyo y proyecci\u00f3n vocal con vocalizaciones en voz hablada y entonada, con recitaci\u00f3n de textos en diferentes entonaciones, vol\u00famenes y tonos, podr\u00e1 mejorar su salud vocal.<\/p>\r\n[\/vc_column_text][vc_raw_html css=\u00bb.vc_custom_1592511726658{margin-bottom: 100px !important;}\u00bb]JTNDYSUyMG5hbWUlM0QlMjJhcHQzJTIyJTNFJTNDJTJGYSUzRQ==[\/vc_raw_html][\/vc_column][\/vc_row][vc_row css=\u00bb.vc_custom_1597511168336{margin-bottom: 0px !important;background-color: #282828 !important;}\u00bb el_class=\u00bbnormal_paddings_2&#8243;][vc_column width=\u00bb1\/4&#8243;][\/vc_column][vc_column width=\u00bb3\/4&#8243;][vc_column_text el_class=\u00bbmedium_text text_blanc super_big\u00bb]\u00bfQu\u00e9 conseguir\u00e9 con una buena fonaci\u00f3n?[\/vc_column_text][vc_column_text el_class=\u00bbmedium_text text_blanc\u00bb]Una buena fonaci\u00f3n le permitir\u00e1: evitar la ronquera, prevenir lesiones en las cuerdas vocales, evitar bajas profesionales por enfermedades relacionadas con la voz, aumentar su calidad vocal y mejorar su comunicaci\u00f3n.[\/vc_column_text][vc_raw_html css=\u00bb.vc_custom_1592511719522{margin-bottom: 100px !important;}\u00bb]JTNDYSUyMG5hbWUlM0QlMjJhcHQ0JTIyJTNFJTNDJTJGYSUzRQ==[\/vc_raw_html][\/vc_column][\/vc_row][vc_row css=\u00bb.vc_custom_1597511174588{margin-bottom: 0px !important;background-color: #282828 !important;}\u00bb el_class=\u00bbnormal_paddings_2&#8243;][vc_column width=\u00bb1\/4&#8243;][\/vc_column][vc_column width=\u00bb3\/4&#8243;][vc_column_text el_class=\u00bbmedium_text text_blanc super_big\u00bb]Sesiones individuales, presenciales y online, y grupales online[\/vc_column_text][vc_row_inner][vc_column_inner width=\u00bb1\/2&#8243;][vc_column_text el_class=\u00bbtext_blanc\u00bb]\r\n<p class=\"p1\">El <b>Taller de Esfuerzo Vocal<\/b> se puede hacer en dos modalidades. Las sesiones individuales, que se pueden realizar online o de manera presencial en Barcelona. Las sesiones grupales, que se realizan exclusivamente de manera online como medida de prevenci\u00f3n ante el Covid. En ambos casos, se acompa\u00f1a el proceso individual de la persona y, al finalizar el taller, si se observa la persistencia de s\u00edntomas cl\u00ednicos o funcionales, se pueden recomendar sesiones de logopedia posteriores.<\/p>\r\n<p class=\"p1\"><b>Direcci\u00f3n del taller<\/b><\/p>\r\n<p class=\"p1\">\u00c0ngels Civit Fons. T\u00e9cnica vocal.<span class=\"Apple-converted-space\">\u00a0<\/span><\/p>\r\n<p class=\"p1\">Profesora de canto y piano.<\/p>\r\n[\/vc_column_text][\/vc_column_inner][vc_column_inner width=\u00bb1\/2&#8243;][vc_column_text el_class=\u00bbtext_blanc\u00bb]\r\n<p class=\"p1\"><b>Taller individual (presencial y online)<\/b><\/p>\r\n<p class=\"p1\">Sesiones individuales de 45 minutos enfocadas a resolver sus necesidades particulares.<\/p>\r\n<p class=\"p1\">Taller b\u00e1sico: 3 sesiones<\/p>\r\n<p class=\"p1\">Taller avanzado: 6 sesiones<\/p>\r\n<p class=\"p1\"><b>Taller en grupo (online)<\/b><\/p>\r\n<p class=\"p1\">6 sesiones en grupo de 90 minutos, m\u00ednimo 6 personas.<\/p>\r\n<p class=\"p1\">1 sesi\u00f3n individual de 30-60 minutos para personalizar la pauta que hay que seguir, seg\u00fan las necesidades de cada persona.<\/p>\r\n[\/vc_column_text][\/vc_column_inner][\/vc_row_inner][vc_raw_html css=\u00bb.vc_custom_1592513177041{margin-bottom: 100px !important;}\u00bb]JTNDYSUyMG5hbWUlM0QlMjJhcHQ1JTIyJTNFJTNDJTJGYSUzRQ==[\/vc_raw_html][\/vc_column][\/vc_row][vc_row css=\u00bb.vc_custom_1597511018205{padding-top: 20px !important;padding-bottom: 50px !important;background-color: #282828 !important;}\u00bb el_class=\u00bbnormal_paddings_2&#8243;][vc_column][vc_column_text el_class=\u00bbmedium_text\u00bb]Para cualquier duda o consulta, ponte en <a href=\"https:\/\/www.clinicarinologica.com\/es\/contacte\/\">contacto<\/a> con nosotros. Para inscribirse en el taller, rellena el formulario de inscripci\u00f3n, ll\u00e1manos al 933 933 175, o escribenos<a href=\"mailto:info@clinicarinologica.com\"> info@clinicarinologica.com<\/a>.[\/vc_column_text][\/vc_column][\/vc_row]","protected":false},"excerpt":{"rendered":"[vc_row el_class=\u00bbnormal_paddings\u00bb css=\u00bb.vc_custom_1597511368294{padding-top: 150px !important;background-color: #ffffff !important;}\u00bb][vc_column width=\u00bb1\/4&#8243;][\/vc_column][vc_column width=\u00bb3\/4&#8243;][vc_column_text el_class=\u00bbinside_title\u00bb] Talleres de salut [\/vc_column_text][\/vc_column][\/vc_row][vc_row el_class=\u00bbnormal_paddings_2&#8243; css=\u00bb.vc_custom_1597511438047{margin-top: -2px !important;background-color: #ffffff !important;}\u00bb][vc_column width=\u00bb1\/4&#8243;][vc_column_text el_class=\u00bbinside_title\u00bb] Taller de esfuerzo vocal [\/vc_column_text][vc_column_text el_class=\u00bbanchor_list\u00bb]\u00bfDebo hacer un taller de esfuerzo vocal? \u00bfC\u00f3mo se pueden mejorar los h\u00e1bitos\u00a0fonatorios? \u00bfQu\u00e9 conseguir\u00e9 con un buen uso de la voz? Tabac i embar\u00e0s Sesiones individuales y&#8230; <a class=\"view-article\" href=\"https:\/\/www.clinicarinologica.com\/es\/taller-desforc-vocal\/\">Ver art\u00edculo<\/a>","protected":false},"author":1,"featured_media":0,"parent":0,"menu_order":0,"comment_status":"closed","ping_status":"closed","template":"","meta":{"_acf_changed":false,"footnotes":""},"class_list":["post-4191","page","type-page","status-publish","hentry"],"acf":[],"_links":{"self":[{"href":"https:\/\/www.clinicarinologica.com\/es\/wp-json\/wp\/v2\/pages\/4191","targetHints":{"allow":["GET"]}}],"collection":[{"href":"https:\/\/www.clinicarinologica.com\/es\/wp-json\/wp\/v2\/pages"}],"about":[{"href":"https:\/\/www.clinicarinologica.com\/es\/wp-json\/wp\/v2\/types\/page"}],"author":[{"embeddable":true,"href":"https:\/\/www.clinicarinologica.com\/es\/wp-json\/wp\/v2\/users\/1"}],"replies":[{"embeddable":true,"href":"https:\/\/www.clinicarinologica.com\/es\/wp-json\/wp\/v2\/comments?post=4191"}],"version-history":[{"count":7,"href":"https:\/\/www.clinicarinologica.com\/es\/wp-json\/wp\/v2\/pages\/4191\/revisions"}],"predecessor-version":[{"id":4226,"href":"https:\/\/www.clinicarinologica.com\/es\/wp-json\/wp\/v2\/pages\/4191\/revisions\/4226"}],"wp:attachment":[{"href":"https:\/\/www.clinicarinologica.com\/es\/wp-json\/wp\/v2\/media?parent=4191"}],"curies":[{"name":"wp","href":"https:\/\/api.w.org\/{rel}","templated":true}]}}