{"id":3721,"date":"2021-05-17T17:50:30","date_gmt":"2021-05-17T15:50:30","guid":{"rendered":"https:\/\/www.clinicarinologica.com\/?page_id=3721"},"modified":"2022-01-20T22:26:31","modified_gmt":"2022-01-20T20:26:31","slug":"aviso-legal","status":"publish","type":"page","link":"https:\/\/www.clinicarinologica.com\/es\/aviso-legal\/","title":{"rendered":"Aviso legal"},"content":{"rendered":"[vc_row el_class=\u00bbmolts_marges\u00bb][vc_column width=\u00bb1\/6&#8243;][\/vc_column][vc_column width=\u00bb2\/3&#8243;][vc_column_text]\r\n<p class=\"p1\"><b>Aviso legal<\/b><\/p>\r\n<p class=\"p3\"><span class=\"s1\"><a href=\"http:\/\/www.clinicarinologica.com\"><b>www.clinicarinologica.com<\/b><\/a><\/span><b> <\/b>es un dominio de Internet titularidad de la CL\u00cdNICA RINOL\u00d2GICA MARIA COLOM\u00c9 (en adelante \u2018CL\u00cdNICA RINOL\u00d2GICA) propiedad de la se\u00f1ora <b>Maria Colom\u00e9 Calaf\u00ed<\/b>, con NIF 40962718V, y domicilio social en Barcelona, C\/ Conde de Salvatierra, 5, Despacho 609, 08006 y correo electr\u00f3nico <a href=\"mailto:info@clinicarinologica.com\"><span class=\"s2\">info@clinicarinologica.com<\/span><\/a>.<\/p>\r\n<p class=\"p3\">La CL\u00cdNICA RINOL\u00d2GICA est\u00e1 dirigida por la Dra. Maria Colom\u00e9 Calaf\u00ed, licenciada en Medicina y Cirug\u00eda, colegiada n\u00famero 22231 del Colegio Oficial de M\u00e9dicos de Barcelona.<\/p>\r\n<p class=\"p3\">El acceso o utilizaci\u00f3n de los servicios que le ofrecemos a trav\u00e9s de esta p\u00e1gina web, suponen su aceptaci\u00f3n plena y sin reservas, de las condiciones expuestas en este documento. Adem\u00e1s, tendr\u00e1 que utilizarlos en conformidad con la ley, el orden p\u00fablico y las buenas costumbres generalmente aceptadas.<\/p>\r\n<p class=\"p3\">La CL\u00cdNICA RINOL\u00d2GICA se reserva el derecho de modificar las presentes condiciones legales, sin previo aviso, por lo cual le recomendamos que las revise, cada vez que utilice nuestros servicios. En caso de duda, p\u00f3ngase directamente en contacto con nosotros.<\/p>\r\n<p class=\"p3\">Se proh\u00edbe el uso del correo electr\u00f3nico para actividades de env\u00edo masivo de correo no solicitado (spam), as\u00ed como el env\u00edo de cualquier contenido u opini\u00f3n que vulnere la legalidad vigente.<\/p>\r\n<p class=\"p3\">En caso de vulneraci\u00f3n de las presentes condiciones, la CL\u00cdNICA RINOL\u00d2GICA se reserva el derecho de adoptar las medidas legales que considere oportunas, para proteger sus leg\u00edtimos derechos.<\/p>\r\n<p class=\"p3\">El contenido e informaci\u00f3n que puede encontrar en esta p\u00e1gina web no reemplaza si no que complementa la relaci\u00f3n m\u00e9dico-paciente.<\/p>\r\n<p class=\"p3\">Le recomendamos que, en caso de duda consulte con el m\u00e9dico de referencia.<\/p>\r\n<p class=\"p3\"><b>Condiciones del Servicio Solicitud de cita<\/b><\/p>\r\n<p class=\"p3\">Para realizar una petici\u00f3n de cita utilizando nuestro formulario de \u201cSolicitar visita\u201d, tiene que rellenar los campos que se indican como obligatorios y nos pondremos en contacto con usted, tan pronto como nos sea posible, con la finalidad de concertar una cita y poderle facilitar la informaci\u00f3n que necesite.<\/p>\r\n<p class=\"p3\"><b>Si se trata de una emergencia por favor no utilice este formulario.<\/b><\/p>\r\n<p class=\"p3\">Para utilizar este servicio es necesario ser mayor de edad. Le recomendamos que no facilite datos sensibles a trav\u00e9s del presente formulario.<\/p>\r\n<p class=\"p3\">Si desea cancelar la petici\u00f3n o para cualquier duda, siempre puede contactar con la Coordinadora a trav\u00e9s del correo <a href=\"mailto:info@clinicarinologica.com\"><span class=\"s2\">info@clinicarinologica.com<\/span><\/a>. No se atender\u00e1n las peticiones cuando la informaci\u00f3n facilitada sea incorrecta o no se corresponda con la realidad.<\/p>\r\n<p class=\"p3\"><b>Pol\u00edtica de gesti\u00f3n de datos curriculares<\/b><\/p>\r\n<p class=\"p3\">Los datos curriculares que nos env\u00ede ser\u00e1n tratados de manera confidencial por la CL\u00cdNICA RINOL\u00d2GICA e incluidos en un fichero de su titularidad con el fin de gestionar su petici\u00f3n. Si no nos indica lo contrario, conservaremos tus datos para futuras selecciones de personal si, en este momento, tenemos todas nuestras plazas cubiertas.<\/p>\r\n<p class=\"p3\">Sus datos no se comunicar\u00e1n a terceros, sin su previo consentimiento.<\/p>\r\n<p class=\"p3\">Para el ejercicio de sus derechos, consulte nuestra pol\u00edtica de privacidad en el apartado siguiente.<\/p>\r\n<p class=\"p3\"><b>Pol\u00edtica de Privacidad<\/b><\/p>\r\n<p class=\"p3\">Los datos que nos facilite cuando contacte con nosotros directamente o a trav\u00e9s de los formularios de la web ser\u00e1n incluidos en un fichero titularidad de la CL\u00cdNICA RINOL\u00d2GICA que ha estado debidamente inscrito al Registro General de Protecci\u00f3n de Datos con el fin de atender su solicitud.<\/p>\r\n<p class=\"p3\">Los datos recaudados no se ceden a terceros, sin su previo consentimiento.<\/p>\r\n<p class=\"p3\">Las fotos y los testimonios de los pacientes identificables que aparecen en la web est\u00e1n publicados con su consentimiento y se retirar\u00e1n en cualquier momento a petici\u00f3n de los mismos pacientes.<\/p>\r\n<p class=\"p3\">Se pone en conocimiento de las personas interesadas que podr\u00e1n ejercer sus derechos de acceso, rectificaci\u00f3n, supresi\u00f3n y limitaci\u00f3n u oposici\u00f3n del tratamiento de sus datos personales, mediante petici\u00f3n escrita dirigida a la Coordinadora de la CL\u00cdNICA RINOL\u00d2GICA, acompa\u00f1ada de la copia de un documento oficial de identificaci\u00f3n (DNI, NIE o pasaporte) dirigido a la direcci\u00f3n siguiente: C\/ Conde de Salvatierra, 5, Despacho 609, 08006 Barcelona, o bien al siguiente correo electr\u00f3nico: <a href=\"mailto:info@clinicarinologica.com\"><span class=\"s2\">info@clinicarinologica.com<\/span><\/a>.<\/p>\r\n<p class=\"p3\">Si no hubiera obtenido satisfacci\u00f3n en el ejercicio de estos derechos, la persona interesada podr\u00e1 presentar una reclamaci\u00f3n ante la Agencia Espa\u00f1ola de Protecci\u00f3n de Datos (<a href=\"http:\/\/www.agdpd.es\"><span class=\"s2\">www.agdpd.es<\/span><\/a>)<\/p>\r\n<p class=\"p3\">Consulte la informaci\u00f3n detallada sobre<i> <\/i><a href=\"https:\/\/www.clinicarinologica.com\/es\/politica-de-privacidad\/\"><span class=\"s2\"><b>Protecci\u00f3n de datos y pol\u00edtica de privacidad<\/b><\/span><\/a>.<\/p>\r\n<p class=\"p3\"><b>Seguridad<\/b><\/p>\r\n<p class=\"p3\">La CL\u00cdNICA RINOL\u00d2GICA ha adoptado las medidas necesarias para mantener el nivel de seguridad requerido, seg\u00fan la naturaleza de los datos personales tratados, a fin de evitar, en la medida de lo posible, su alteraci\u00f3n, p\u00e9rdida, tratamiento o acceso no autorizado. Sin embargo, no se responsabiliza de los eventuales da\u00f1os y perjuicios que puedan ocasionarse por la falta de disponibilidad y\/o continuidad del presente portal y de los servicios que se ofrecen.<\/p>\r\n<p class=\"p3\">La CL\u00cdNICA RINOL\u00d2GICA tampoco puede garantizar la ausencia de virus, ni otros elementos en este portal que puedan producir alteraciones en su sistema inform\u00e1tico por lo que, en este sentido declina cualquier tipo de responsabilidad.<\/p>\r\n<p class=\"p3\"><b>Copyright<\/b><\/p>\r\n<p class=\"p3\">Todos los contenidos que se publican a trav\u00e9s de la presente web, incluyendo las im\u00e1genes, logotipos y textos son titularidad de la CL\u00cdNICA RINOL\u00d2GICA o de terceros que nos han autorizado su uso. \u00a9 Todos los derechos est\u00e1n reservados.<\/p>\r\n<p class=\"p3\">En ning\u00fan caso, el acceso en la web implica una renuncia o cesi\u00f3n de tales derechos, ni confiere ning\u00fan derecho de utilizaci\u00f3n, reproducci\u00f3n, distribuci\u00f3n, modificaci\u00f3n o explotaci\u00f3n, sin disponer del previo consentimiento por escrito de la CL\u00cdNICA RINOL\u00d2GICA o de su leg\u00edtimo titular.<\/p>\r\n<p class=\"p3\"><b>Links o enlaces de la Web<\/b><\/p>\r\n<p class=\"p3\">La web pone a su disposici\u00f3n dispositivos t\u00e9cnicos de enlace, que le permiten acceder a lugares y p\u00e1ginas Web pertenecientes o gestionados por terceros. La instalaci\u00f3n de estos enlaces tiene por \u00fanico objeto facilitar a los usuarios el acceso a la informaci\u00f3n.<\/p>\r\n<p class=\"p3\">La presencia de enlaces en la web no implica la aceptaci\u00f3n, aprobaci\u00f3n ni la asunci\u00f3n de responsabilidad por parte de la CL\u00cdNICA RINOL\u00d2GICA de los contenidos, servicios y condiciones establecidos por el propietario de la p\u00e1gina Web enlazada, siendo su propietario el \u00fanico responsable de estos.<\/p>\r\n<p class=\"p3\"><b>Legislaci\u00f3n aplicable y resoluci\u00f3n de conflictos<\/b><\/p>\r\n<p class=\"p3\">Las presentes condiciones se someten a la legislaci\u00f3n espa\u00f1ola. Cualquier controversia o litigio entre las partes ser\u00e1 sometido a la jurisdicci\u00f3n de los Tribunales de Barcelona.<\/p>\r\n<p class=\"p5\"><b>Informaci\u00f3n actualizada a 18 de marzo de 2020<\/b><\/p>\r\n[\/vc_column_text][vc_empty_space height=\u00bb100px\u00bb][\/vc_column][vc_column width=\u00bb1\/6&#8243;][\/vc_column][\/vc_row]","protected":false},"excerpt":{"rendered":"[vc_row el_class=\u00bbmolts_marges\u00bb][vc_column width=\u00bb1\/6&#8243;][\/vc_column][vc_column width=\u00bb2\/3&#8243;][vc_column_text] Aviso legal www.clinicarinologica.com es un dominio de Internet titularidad de la CL\u00cdNICA RINOL\u00d2GICA MARIA COLOM\u00c9 (en adelante \u2018CL\u00cdNICA RINOL\u00d2GICA) propiedad de la se\u00f1ora Maria Colom\u00e9 Calaf\u00ed, con NIF 40962718V, y domicilio social en Barcelona, C\/ Conde de Salvatierra, 5, Despacho 609, 08006 y correo electr\u00f3nico info@clinicarinologica.com. La CL\u00cdNICA RINOL\u00d2GICA est\u00e1 dirigida&#8230; <a class=\"view-article\" href=\"https:\/\/www.clinicarinologica.com\/es\/aviso-legal\/\">Ver art\u00edculo<\/a>","protected":false},"author":1,"featured_media":0,"parent":0,"menu_order":0,"comment_status":"closed","ping_status":"closed","template":"","meta":{"_acf_changed":false,"footnotes":""},"class_list":["post-3721","page","type-page","status-publish","hentry"],"acf":[],"_links":{"self":[{"href":"https:\/\/www.clinicarinologica.com\/es\/wp-json\/wp\/v2\/pages\/3721","targetHints":{"allow":["GET"]}}],"collection":[{"href":"https:\/\/www.clinicarinologica.com\/es\/wp-json\/wp\/v2\/pages"}],"about":[{"href":"https:\/\/www.clinicarinologica.com\/es\/wp-json\/wp\/v2\/types\/page"}],"author":[{"embeddable":true,"href":"https:\/\/www.clinicarinologica.com\/es\/wp-json\/wp\/v2\/users\/1"}],"replies":[{"embeddable":true,"href":"https:\/\/www.clinicarinologica.com\/es\/wp-json\/wp\/v2\/comments?post=3721"}],"version-history":[{"count":6,"href":"https:\/\/www.clinicarinologica.com\/es\/wp-json\/wp\/v2\/pages\/3721\/revisions"}],"predecessor-version":[{"id":4153,"href":"https:\/\/www.clinicarinologica.com\/es\/wp-json\/wp\/v2\/pages\/3721\/revisions\/4153"}],"wp:attachment":[{"href":"https:\/\/www.clinicarinologica.com\/es\/wp-json\/wp\/v2\/media?parent=3721"}],"curies":[{"name":"wp","href":"https:\/\/api.w.org\/{rel}","templated":true}]}}