{"id":2960,"date":"2020-12-09T23:34:16","date_gmt":"2020-12-09T21:34:16","guid":{"rendered":"https:\/\/www.clinicarinologica.com\/?page_id=2960"},"modified":"2020-12-09T23:39:30","modified_gmt":"2020-12-09T21:39:30","slug":"psicologia","status":"publish","type":"page","link":"https:\/\/www.clinicarinologica.com\/es\/psicologia\/","title":{"rendered":"Psicolog\u00eda"},"content":{"rendered":"[vc_row el_class=\u00bbmolts_marges\u00bb css=\u00bb.vc_custom_1607548381654{padding-bottom: 150px !important;}\u00bb][vc_column width=\u00bb1\/4&#8243;][vc_column_text el_class=\u00bbinside_title medium_text\u00bb]Psicolog\u00eda[\/vc_column_text][\/vc_column][vc_column width=\u00bb3\/4&#8243;][vc_column_text]\r\n<p class=\"p1\"><span class=\"s1\"><b>Especialidades<\/b><\/span><\/p>\r\n<p class=\"p1\"><span class=\"s1\">Desarrollo personal \/ Coaching de vida (life coaching)<\/span><\/p>\r\n<p class=\"p1\"><span class=\"s1\">Adicci\u00f3n <\/span><\/p>\r\n<p class=\"p1\"><span class=\"s1\">Trauma y trastorno de estr\u00e9s postraum\u00e0tic (PTSD)<\/span><\/p>\r\n<p class=\"p1\"><span class=\"s1\"><b>Enfermedades<\/b><\/span><\/p>\r\n<p class=\"p1\"><span class=\"s1\">Autoestima\u00a0<\/span><\/p>\r\n<p class=\"p1\"><span class=\"s1\">Estr\u00e9s\u00a0<\/span><\/p>\r\n<p class=\"p1\"><span class=\"s1\">Ansiedad\u00a0<\/span><\/p>\r\n<p class=\"p1\"><span class=\"s1\">Depresi\u00f3n\u00a0<\/span><\/p>\r\n<p class=\"p1\"><span class=\"s1\">Trastornos emocionales<\/span><\/p>\r\n<p class=\"p1\"><span class=\"s1\">Trastorno obsesivo \u2013 compulsivo (OCD)\u00a0<\/span><\/p>\r\n<p class=\"p1\"><span class=\"s1\">Transiciones de la vida\u00a0<\/span><\/p>\r\n<p class=\"p1\"><span class=\"s1\">Trastornos alimentarios\u00a0<\/span><\/p>\r\n<p class=\"p1\"><span class=\"s1\">Adicci\u00f3n a Internet\u00a0<\/span><\/p>\r\n<p class=\"p1\"><span class=\"s1\">Adicci\u00f3n a las videoconsolas\u00a0<\/span><\/p>\r\n<p class=\"p1\"><span class=\"s1\">Juego de apuestas<\/span><\/p>\r\n<p class=\"p1\"><span class=\"s1\"><b>Tipos de terapia<\/b><\/span><\/p>\r\n<p class=\"p1\"><span class=\"s1\">Coaching\u00a0<\/span><\/p>\r\n<p class=\"p1\"><span class=\"s1\">Psicolog\u00eda positiva<\/span><\/p>\r\n<p class=\"p1\"><span class=\"s1\">Centrado en la persona<\/span><\/p>\r\n<p class=\"p1\"><span class=\"s1\">Recuperaci\u00f3n centrada en la persona<\/span><\/p>\r\n<p class=\"p1\"><span class=\"s1\">Entrevista motivacional<\/span><\/p>\r\n<p class=\"p1\"><span class=\"s1\">Entrenamiento psicol\u00f3gico, entrenamiento de recuperaci\u00f3n<\/span><\/p>\r\n<p class=\"p1\"><span class=\"s1\">Basado en la atenci\u00f3n plena; mindfulness (MBCT)<\/span><\/p>\r\n<p class=\"p1\"><span class=\"s1\">Humanista\u00a0<\/span><\/p>\r\n<p class=\"p1\"><span class=\"s1\">Culturalmente Sensible\u00a0<\/span><\/p>\r\n<p class=\"p1\"><span class=\"s1\">Multicultural\u00a0<\/span><\/p>\r\n<p class=\"p1\"><span class=\"s1\">Ecl\u00e9ctica<\/span><\/p>\r\n<p class=\"p1\"><span class=\"s1\">Integrador<\/span><\/p>\r\n<p class=\"p1\"><span class=\"s1\">Comportamiento Cognitivo (CBT)\u00a0<\/span><\/p>\r\n<p class=\"p1\"><span class=\"s1\">Familiar \/ Marital<\/span><\/p>\r\n<p class=\"p1\"><span class=\"s1\">Sistemas familiares\u00a0<\/span><\/p>\r\n<p class=\"p1\"><span class=\"s1\">Intervenci\u00f3n\u00a0\u00a0<\/span><\/p>\r\n<p class=\"p1\"><span class=\"s1\">Basado en la fuerza<\/span><\/p>\r\n<p class=\"p1\"><span class=\"s1\">Centrado en el trauma\u00a0<\/span><\/p>\r\n<p class=\"p1\"><span class=\"s1\">Som\u00e1tico\r\n<\/span><\/p>\r\n<p class=\"p1\"><span class=\"s1\"><b>Modalidad<\/b><\/span><\/p>\r\n<p class=\"p1\"><span class=\"s1\">Individuales, Pareja\u00a0o Familia<\/span><\/p>\r\n<p class=\"p1\"><span class=\"s1\">Todas las visitas son online<\/span><\/p>\r\n[\/vc_column_text][\/vc_column][\/vc_row]","protected":false},"excerpt":{"rendered":"[vc_row el_class=\u00bbmolts_marges\u00bb css=\u00bb.vc_custom_1607548381654{padding-bottom: 150px !important;}\u00bb][vc_column width=\u00bb1\/4&#8243;][vc_column_text el_class=\u00bbinside_title medium_text\u00bb]Psicolog\u00eda[\/vc_column_text][\/vc_column][vc_column width=\u00bb3\/4&#8243;][vc_column_text] Especialidades Desarrollo personal \/ Coaching de vida (life coaching) Adicci\u00f3n Trauma y trastorno de estr\u00e9s postraum\u00e0tic (PTSD) Enfermedades Autoestima\u00a0 Estr\u00e9s\u00a0 Ansiedad\u00a0 Depresi\u00f3n\u00a0 Trastornos emocionales Trastorno obsesivo \u2013 compulsivo (OCD)\u00a0 Transiciones de la vida\u00a0 Trastornos alimentarios\u00a0 Adicci\u00f3n a Internet\u00a0 Adicci\u00f3n a las videoconsolas\u00a0 Juego de apuestas Tipos&#8230; <a class=\"view-article\" href=\"https:\/\/www.clinicarinologica.com\/es\/psicologia\/\">Ver art\u00edculo<\/a>","protected":false},"author":1,"featured_media":0,"parent":0,"menu_order":0,"comment_status":"closed","ping_status":"closed","template":"","meta":{"_acf_changed":false,"footnotes":""},"class_list":["post-2960","page","type-page","status-publish","hentry"],"acf":[],"_links":{"self":[{"href":"https:\/\/www.clinicarinologica.com\/es\/wp-json\/wp\/v2\/pages\/2960","targetHints":{"allow":["GET"]}}],"collection":[{"href":"https:\/\/www.clinicarinologica.com\/es\/wp-json\/wp\/v2\/pages"}],"about":[{"href":"https:\/\/www.clinicarinologica.com\/es\/wp-json\/wp\/v2\/types\/page"}],"author":[{"embeddable":true,"href":"https:\/\/www.clinicarinologica.com\/es\/wp-json\/wp\/v2\/users\/1"}],"replies":[{"embeddable":true,"href":"https:\/\/www.clinicarinologica.com\/es\/wp-json\/wp\/v2\/comments?post=2960"}],"version-history":[{"count":2,"href":"https:\/\/www.clinicarinologica.com\/es\/wp-json\/wp\/v2\/pages\/2960\/revisions"}],"predecessor-version":[{"id":2966,"href":"https:\/\/www.clinicarinologica.com\/es\/wp-json\/wp\/v2\/pages\/2960\/revisions\/2966"}],"wp:attachment":[{"href":"https:\/\/www.clinicarinologica.com\/es\/wp-json\/wp\/v2\/media?parent=2960"}],"curies":[{"name":"wp","href":"https:\/\/api.w.org\/{rel}","templated":true}]}}