{"id":2955,"date":"2020-12-09T23:21:43","date_gmt":"2020-12-09T21:21:43","guid":{"rendered":"https:\/\/www.clinicarinologica.com\/?page_id=2955"},"modified":"2021-11-02T10:09:53","modified_gmt":"2021-11-02T08:09:53","slug":"tallers-de-respiracio-i-veu","status":"publish","type":"page","link":"https:\/\/www.clinicarinologica.com\/es\/tallers-de-respiracio-i-veu\/","title":{"rendered":"Taller de respiraci\u00f3n y voz"},"content":{"rendered":"[vc_row el_class=\u00bbmolts_marges\u00bb css=\u00bb.vc_custom_1607548381654{padding-bottom: 150px !important;}\u00bb][vc_column width=\u00bb1\/4&#8243;][vc_column_text el_class=\u00bbinside_title medium_text\u00bb]Talleres de respiraci\u00f3n y voz[\/vc_column_text][\/vc_column][vc_column width=\u00bb3\/4&#8243;][vc_column_text]<a href=\"https:\/\/www.clinicarinologica.com\/es\/taller-de-respiracio-i-oxigenacio\/\">Taller de respiraci\u00f3n y oxigenaci\u00f3n<\/a>\r\n<a href=\"https:\/\/www.clinicarinologica.com\/es\/taller-per-gestionar-lestres\/\">Taller para gestionar el estr\u00e9s<\/a>\r\n<a href=\"https:\/\/www.clinicarinologica.com\/es\/taller-per-deixar-de-fumar\/\">Taller para dejar de fumar<\/a>[\/vc_column_text][\/vc_column][\/vc_row]","protected":false},"excerpt":{"rendered":"[vc_row el_class=\u00bbmolts_marges\u00bb css=\u00bb.vc_custom_1607548381654{padding-bottom: 150px !important;}\u00bb][vc_column width=\u00bb1\/4&#8243;][vc_column_text el_class=\u00bbinside_title medium_text\u00bb]Talleres de respiraci\u00f3n y voz[\/vc_column_text][\/vc_column][vc_column width=\u00bb3\/4&#8243;][vc_column_text]Taller de respiraci\u00f3n y oxigenaci\u00f3n Taller para gestionar el estr\u00e9s Taller para dejar de fumar[\/vc_column_text][\/vc_column][\/vc_row]","protected":false},"author":1,"featured_media":0,"parent":0,"menu_order":0,"comment_status":"closed","ping_status":"closed","template":"","meta":{"_acf_changed":false,"footnotes":""},"class_list":["post-2955","page","type-page","status-publish","hentry"],"acf":[],"_links":{"self":[{"href":"https:\/\/www.clinicarinologica.com\/es\/wp-json\/wp\/v2\/pages\/2955","targetHints":{"allow":["GET"]}}],"collection":[{"href":"https:\/\/www.clinicarinologica.com\/es\/wp-json\/wp\/v2\/pages"}],"about":[{"href":"https:\/\/www.clinicarinologica.com\/es\/wp-json\/wp\/v2\/types\/page"}],"author":[{"embeddable":true,"href":"https:\/\/www.clinicarinologica.com\/es\/wp-json\/wp\/v2\/users\/1"}],"replies":[{"embeddable":true,"href":"https:\/\/www.clinicarinologica.com\/es\/wp-json\/wp\/v2\/comments?post=2955"}],"version-history":[{"count":3,"href":"https:\/\/www.clinicarinologica.com\/es\/wp-json\/wp\/v2\/pages\/2955\/revisions"}],"predecessor-version":[{"id":4066,"href":"https:\/\/www.clinicarinologica.com\/es\/wp-json\/wp\/v2\/pages\/2955\/revisions\/4066"}],"wp:attachment":[{"href":"https:\/\/www.clinicarinologica.com\/es\/wp-json\/wp\/v2\/media?parent=2955"}],"curies":[{"name":"wp","href":"https:\/\/api.w.org\/{rel}","templated":true}]}}