{"id":2870,"date":"2020-11-30T09:34:15","date_gmt":"2020-11-30T07:34:15","guid":{"rendered":"https:\/\/www.clinicarinologica.com\/?page_id=2870"},"modified":"2022-01-20T22:20:52","modified_gmt":"2022-01-20T20:20:52","slug":"politica-de-privacidad","status":"publish","type":"page","link":"https:\/\/www.clinicarinologica.com\/es\/politica-de-privacidad\/","title":{"rendered":"Pol\u00edtica de privacidad"},"content":{"rendered":"[vc_row el_class=\u00bbmolts_marges\u00bb][vc_column width=\u00bb1\/6&#8243;][\/vc_column][vc_column width=\u00bb2\/3&#8243; css=\u00bb.vc_custom_1621266040245{padding-bottom: 200px !important;}\u00bb][vc_column_text css=\u00bb.vc_custom_1642710043881{margin-bottom: 200px !important;}\u00bb]\r\n<p class=\"p1\"><b>Pol\u00edtica de privacidad<\/b><\/p>\r\n<p class=\"p3\">Los datos que nos facilite cuando contacte con nosotros directamente o a trav\u00e9s de los formularios de la web ser\u00e1n incluidos en un fichero titularidad de la CL\u00cdNICA RINOL\u00d2GICA \u2014propiedad de la se\u00f1ora <b>Maria Colom\u00e9 Calaf\u00ed<\/b>, con NIF 40962718V.<\/p>\r\n<p class=\"p3\">A continuaci\u00f3n, pasamos a detallar los conceptos.<\/p>\r\n<p class=\"p5\"><b>Datos registrados en la web para un primer contacto<\/b><\/p>\r\n<p class=\"p3\">La web <a href=\"http:\/\/www.clinicarinologica.com\"><span class=\"s1\">www.clinicarinologica.com<\/span><\/a> recoge datos de los usuarios que as\u00ed lo soliciten a trav\u00e9s del <b>formulario online de solicitud de visita<\/b>.<span class=\"Apple-converted-space\">\u00a0<\/span><\/p>\r\n<p class=\"p3\">La informaci\u00f3n que se recoge se utiliza exclusivamente para contactar con la persona solicitante, hacerle llegar informaci\u00f3n necesaria para realizar la primera consulta, y ofrecerle el acceso al Espacio del Paciente online.<\/p>\r\n<p class=\"p3\">Al incluir sus datos en el formulario online de solicitud de visita, y aceptar la pol\u00edtica de privacidad, el usuario otorga el consentimiento inequ\u00edvoco al prestador, declarando haber sido informado de las condiciones sobre protecci\u00f3n de datos de car\u00e1cter personal, aceptando y consintiendo el tratamiento automatizado de estos, para que proceda al tratamiento de los datos facilitados en pro de la finalidad mencionada. El no facilitar los datos personales solicitados o el no aceptar la presente pol\u00edtica de protecci\u00f3n de datos supone la imposibilidad de registrarse o recibir informaci\u00f3n de los servicios del prestador.<\/p>\r\n<p class=\"p3\">El prestador informa que no ceder\u00e1 los datos personales a terceros, excepto por obligaci\u00f3n legal. Dado el caso, se informar\u00eda previamente solicitando el consentimiento expreso para la cesi\u00f3n. La entidad de la base de datos, hosting, as\u00ed como los que intervengan en cualquier fase del tratamiento y\/o las entidades a quienes se les haya comunicado, est\u00e1n obligadas a observar el secreto profesional y a la adopci\u00f3n de los niveles de protecci\u00f3n y las medidas t\u00e9cnicas y organizativas necesarias a su alcance para garantizar la seguridad de los datos de car\u00e1cter personal. Como encargados del tratamiento, el prestador tiene contratados los siguientes proveedores de servicios, que se han comprometido al cumplimiento de las disposiciones normativas de aplicaci\u00f3n en materia de protecci\u00f3n de datos, en el momento de su contrataci\u00f3n:<\/p>\r\n\r\n<ul class=\"ul1\">\r\n \t<li style=\"list-style-type: none;\">\r\n<ul class=\"ul1\">\r\n \t<li class=\"li3\"><b>Mailchimp<\/b> (The<span class=\"Apple-converted-space\">\u00a0 <\/span>Rocket Science Group LLC d\/b\/a MailChimp ) con domicilio en 675 Ponce de Leon Ave NE, Suite 5000 Atlanta, GA 30308 USA, proporciona los servicios por campa\u00f1as de marketing. Puede consultar la pol\u00edtica de privacidad aqu\u00ed: <a href=\"https:\/\/mailchimp.com\/legal\/privacy\/\"><span class=\"s1\">https:\/\/mailchimp.com\/legal\/privacy\/<\/span><\/a>.<\/li>\r\n<\/ul>\r\n<\/li>\r\n<\/ul>\r\n<p class=\"p7\">Mailchimp cumple con los principios derivados del Privacy Shield: <a href=\"https:\/\/www.privacyshield.gov\/participant?id=a2zt0000000TO6hAAG&amp;status=Active\"><span class=\"s1\">https:\/\/www.privacyshield.gov\/participant?id=a2zt0000000to6haag&amp;status=Activo<\/span><\/a><\/p>\r\n\r\n<ul class=\"ul1\">\r\n \t<li style=\"list-style-type: none;\">\r\n<ul class=\"ul1\">\r\n \t<li class=\"li3\"><b>1&amp;1 Internet Espa\u00f1a S.L.U.<\/b>, con CIF B-85049435, y domicilio social en la Avenida de la Vega, 1 Edificio Veganova 3 Planta 5 Puerta C de Alcobendas, CP 28108, Madrid, que proporciona los servicios de alojamiento web (hosting).<\/li>\r\n<\/ul>\r\n<\/li>\r\n<\/ul>\r\n<ul class=\"ul1\">\r\n \t<li style=\"list-style-type: none;\">\r\n<ul class=\"ul1\">\r\n \t<li class=\"li3\"><b>Maria Colom\u00e9 Calafi<\/b>, con NIF 40962718V, y domicilio social en Conde de Salvatierra, 5, Despacho 609 08006 Barcelona, que asume las medidas de \u00edndole t\u00e9cnica, organizativa y de seguridad que garantiza la confidencialidad e integridad de la informaci\u00f3n recogida en la CL\u00cdNICA RINOL\u00d2GICA MARIA COLOM\u00c9 de acuerdo con lo que establece la normativa vigente.<\/li>\r\n<\/ul>\r\n<\/li>\r\n<\/ul>\r\n<p class=\"p3\">El prestador garantiza al usuario registrado que puede ejercer en cualquier momento el derecho a acceder, rectificar<span class=\"s3\">, cancelar, oponerse, limitar, suprimir y solicitar la portabilidad de <\/span>sus datos de car\u00e1cter personal suministrados a CL\u00cdNICA RINOL\u00d2GICA MARIA COLOM\u00c9, mediante comunicaci\u00f3n escrita dirigida a Comte de Salvatierra, 5, Despacho 609 08006 Barcelona o enviando un correo a <a href=\"mailto:info@clinicarinologica.com\"><span class=\"s1\">info@clinicarinologica.com<\/span><\/a>. El usuario tambi\u00e9n tiene derecho a retirar su consentimiento en cualquier momento, y a presentar una reclamaci\u00f3n ante la autoridad de control si considera que pueden haber sido vulnerados sus derechos en relaci\u00f3n a la protecci\u00f3n de datos ante la Agencia Espa\u00f1ola de Protecci\u00f3n de Datos<span class=\"Apple-converted-space\">\u00a0 <\/span>(AEPD), en la calle Jorge Juan, 6, 28001-Madrid o a trav\u00e9s de la sede electr\u00f3nica de la AEPD: <a href=\"https:\/\/sedeagpd.gob.es\/sede-electronica-web\/\"><span class=\"s1\">https:\/\/sedeagpd.gob.es\/sede-electronica-web\/<\/span><\/a><\/p>\r\n<p class=\"p3\">Los datos facilitados por el usuario se conservar\u00e1n mientras haya un inter\u00e9s mutuo para mantener la finalidad y durante el plazo por el cual pueda derivarse responsabilidades por los servicios prestados. Cuando ya no sea necesario para este fin, se suprimir\u00e1n con las medidas de seguridad adecuadas para garantizar la seudonimizaci\u00f3n de los datos o destrucci\u00f3n total de estos. El prestador se reserva el derecho a modificar la presente pol\u00edtica para adaptarla a novedades legislativas y de jurisprudencia.<\/p>\r\n<p class=\"p3\">El usuario puede ponerse en contacto con el prestador para cualquier duda a trav\u00e9s del correo: <a href=\"mailto:info@clinicarinologica.com\"><span class=\"s1\">info@clinicarinologica.com<\/span><\/a><\/p>\r\n<p class=\"p10\"><b>Datos del paciente para la visita online o presencial<\/b><\/p>\r\n<p class=\"p3\">Una vez acordada la cita m\u00e9dica, el paciente tendr\u00e1 que llenar y firmar el <b>Documento de informaci\u00f3n y consentimiento<\/b> \u2014presencial, en la consulta y on line, dentro del Espacio del Paciente\u2014 antes de hacer la visita. Este documento incluye el uso de los datos, el consentimiento de las comunicaciones por distintos medios, as\u00ed como el uso de la imagen para distintos fines, que all\u00ed se concretan.<\/p>\r\n<p class=\"p3\">Al firmarlo, da su consentimiento para que sus datos personales sean tratados por la <b>Dra. Maria Colom\u00e9 Calaf\u00ed <\/b>con el fin de prestarle los servicios sanitarios solicitados, as\u00ed como para las gestiones administrativas necesarias propias del proceso asistencial con la base jur\u00eddica del consentimiento y del art\u00edculo 9 del RGPD por ser necesario para el diagn\u00f3stico m\u00e9dico o prestaci\u00f3n de asistencia de tipo sanitario por un profesional sujeto a la obligaci\u00f3n del secreto profesional.<span class=\"Apple-converted-space\">\u00a0<\/span><\/p>\r\n<p class=\"p3\">Sus datos podr\u00e1n ser comunicados s\u00f3lo en los supuestos que sean necesario a las compa\u00f1\u00edas de seguros, al Servicio Catal\u00e1n de la Salud, u otras entidades pagadoras en su caso, con la finalidad de la realizaci\u00f3n de pruebas diagn\u00f3sticas y\/o intervenciones quir\u00fargicas que sean necesarias efectuar a lo largo del proceso asistencial, y para el abono por parte de estas de los gastos y honorarios de la atenci\u00f3n sanitaria y para enviar, cuando sea necesarios, los informes asistenciales relacionados con la cobertura asegurada.<\/p>\r\n<p class=\"p3\">Los datos de salud se conservar\u00e1n durante 15 a\u00f1os desde su alta del \u00faltimo proceso asistencial en virtud de la Ley 16\/2010, de 3 de junio, de modificaci\u00f3n de la Ley 21\/2000, de 29 de diciembre, sobre los derechos de informaci\u00f3n concernientes a la salud y la autonom\u00eda del paciente, y la documentaci\u00f3n cl\u00ednica y, en cualquier caso, durante el plazo que la legislaci\u00f3n establezca en cada momento.<\/p>\r\n<p class=\"p3\"><b>Informaci\u00f3n actualizada a 18 de marzo de 2021<\/b><\/p>\r\n[\/vc_column_text][vc_empty_space height=\u00bb100px\u00bb][\/vc_column][vc_column width=\u00bb1\/6&#8243;][\/vc_column][\/vc_row]","protected":false},"excerpt":{"rendered":"[vc_row el_class=\u00bbmolts_marges\u00bb][vc_column width=\u00bb1\/6&#8243;][\/vc_column][vc_column width=\u00bb2\/3&#8243; css=\u00bb.vc_custom_1621266040245{padding-bottom: 200px !important;}\u00bb][vc_column_text css=\u00bb.vc_custom_1642710043881{margin-bottom: 200px !important;}\u00bb] Pol\u00edtica de privacidad Los datos que nos facilite cuando contacte con nosotros directamente o a trav\u00e9s de los formularios de la web ser\u00e1n incluidos en un fichero titularidad de la CL\u00cdNICA RINOL\u00d2GICA \u2014propiedad de la se\u00f1ora Maria Colom\u00e9 Calaf\u00ed, con NIF 40962718V. A continuaci\u00f3n, pasamos&#8230; <a class=\"view-article\" href=\"https:\/\/www.clinicarinologica.com\/es\/politica-de-privacidad\/\">Ver art\u00edculo<\/a>","protected":false},"author":1,"featured_media":0,"parent":0,"menu_order":0,"comment_status":"closed","ping_status":"closed","template":"","meta":{"_acf_changed":false,"footnotes":""},"class_list":["post-2870","page","type-page","status-publish","hentry"],"acf":[],"_links":{"self":[{"href":"https:\/\/www.clinicarinologica.com\/es\/wp-json\/wp\/v2\/pages\/2870","targetHints":{"allow":["GET"]}}],"collection":[{"href":"https:\/\/www.clinicarinologica.com\/es\/wp-json\/wp\/v2\/pages"}],"about":[{"href":"https:\/\/www.clinicarinologica.com\/es\/wp-json\/wp\/v2\/types\/page"}],"author":[{"embeddable":true,"href":"https:\/\/www.clinicarinologica.com\/es\/wp-json\/wp\/v2\/users\/1"}],"replies":[{"embeddable":true,"href":"https:\/\/www.clinicarinologica.com\/es\/wp-json\/wp\/v2\/comments?post=2870"}],"version-history":[{"count":12,"href":"https:\/\/www.clinicarinologica.com\/es\/wp-json\/wp\/v2\/pages\/2870\/revisions"}],"predecessor-version":[{"id":4150,"href":"https:\/\/www.clinicarinologica.com\/es\/wp-json\/wp\/v2\/pages\/2870\/revisions\/4150"}],"wp:attachment":[{"href":"https:\/\/www.clinicarinologica.com\/es\/wp-json\/wp\/v2\/media?parent=2870"}],"curies":[{"name":"wp","href":"https:\/\/api.w.org\/{rel}","templated":true}]}}