{"id":2226,"date":"2020-10-20T17:57:41","date_gmt":"2020-10-20T15:57:41","guid":{"rendered":"https:\/\/www.clinicarinologica.com\/?page_id=2226"},"modified":"2021-12-30T12:51:55","modified_gmt":"2021-12-30T10:51:55","slug":"espai-pacient","status":"publish","type":"page","link":"https:\/\/www.clinicarinologica.com\/es\/espai-pacient\/","title":{"rendered":"Espacio Paciente"},"content":{"rendered":"[vc_row el_class=\u00bbnormal_paddings\u00bb css=\u00bb.vc_custom_1594709226294{margin-top: 150px !important;}\u00bb][vc_column width=\u00bb1\/4&#8243;][vc_column_text el_class=\u00bbmedium_text\u00bb]Bienvenido\/a a su Cl\u00ednica[\/vc_column_text][vc_column_text css=\u00bb.vc_custom_1603209376938{margin-bottom: 60px !important;}\u00bb]En este portal encontrar\u00e1 todo lo que necesita para que disfrute de su experiencia como paciente de la Cl\u00ednica Rinol\u00f3gica Maria Colom\u00e9.[\/vc_column_text][vc_column_text]Este es un <strong>espacio seguro<\/strong>, que sigue la normativa LOPD para el uso y tratamiento de datos de car\u00e1cter personal y de salud. Haga uso de este espacio para hacernos llegar su informaci\u00f3n.\r\n\r\nSus claves son personales. Le recomendamos que no las comparta.[\/vc_column_text][vc_column_text]\r\n<p style=\"text-align: center;\"><span style=\"color: #ffffff;\"><img loading=\"lazy\" decoding=\"async\" class=\"scroll-down-arrow alignnone wp-image-806\" src=\"https:\/\/www.clinicarinologica.com\/wp-content\/uploads\/2020\/06\/scroll_down.gif\" alt=\"\" width=\"50\" height=\"50\" \/><\/span><\/p>\r\n[\/vc_column_text][\/vc_column][vc_column width=\u00bb3\/4&#8243;][vc_video link=\u00bbhttps:\/\/www.youtube.com\/watch?v=k4niW2z_A0c\u00bb][\/vc_column][\/vc_row][vc_row css=\u00bb.vc_custom_1640795576629{padding-right: 60px !important;padding-left: 60px !important;background-color: #b1dbcc !important;}\u00bb el_class=\u00bbcolor_div_blue\u00bb][vc_column width=\u00bb1\/3&#8243;][vc_column_text el_class=\u00bbmedium_text\u00bb]<strong> <\/strong>[\/vc_column_text][vc_column_text]\r\n\r\n\r\n\r\n[\/vc_column_text][vc_btn title=\u00bbSALIR\u00bb shape=\u00bbsquare\u00bb size=\u00bblg\u00bb link=\u00bburl:https%3A%2F%2Ftinyurl.com%2Fya54txqe|title:User%20Logout||\u00bb][\/vc_column][vc_column width=\u00bb1\/3&#8243;][vc_column_text el_class=\u00bbmedium_text\u00bb]Solicitar visita[\/vc_column_text][vc_column_text]Para pedir una cita online o presencial, nos puedes llamar al <a href=\"tel:+34931 990770\">+34 931 990 770<\/a> o rellenar el siguiente formulario.[\/vc_column_text][vc_btn title=\u00bbFORMULARIO DE VISITA\u00bb style=\u00bbflat\u00bb shape=\u00bbsquare\u00bb size=\u00bblg\u00bb link=\u00bburl:https%3A%2F%2Fwww.clinicarinologica.com%2Fes%2Fgestio-de-cites%2F|title:Gesti%C3%B3n%20de%20visitas||\u00bb][\/vc_column][vc_column width=\u00bb1\/3&#8243;][vc_column_text el_class=\u00bbmedium_text\u00bb]Visitas online[\/vc_column_text][vc_column_text]\r\n<p class=\"visita_online\">No tiene ninguna visita online programada<\/p>\r\n[\/vc_column_text][vc_single_image image=\u00bb3461&#8243; el_class=\u00bb.invert\u00bb][vc_btn title=\u00bbSOLICITAR VISITA ONLINE\u00bb style=\u00bbflat\u00bb shape=\u00bbsquare\u00bb size=\u00bblg\u00bb link=\u00bburl:https%3A%2F%2Fwww.clinicarinologica.com%2Fes%2Fgestio-de-cites%2F|title:Gesti%C3%B3n%20de%20visitas||\u00bb][\/vc_column][\/vc_row][vc_row css=\u00bb.vc_custom_1640795759461{padding-top: 0px !important;padding-right: 0px !important;padding-left: 0px !important;background-color: #b1dbcc !important;}\u00bb el_class=\u00bbcolor_div_blue no_padding\u00bb][vc_column][vc_masonry_grid post_type=\u00bbpost\u00bb max_items=\u00bb2&#8243; element_width=\u00bb6&#8243; gap=\u00bb0&#8243; order=\u00bbASC\u00bb item=\u00bbmasonryGrid_BlurOut\u00bb grid_id=\u00bbvc_gid:1640861486073-24ae53f0-ee14-8&#8243; taxonomies=\u00bb14&#8243;][\/vc_column][\/vc_row]","protected":false},"excerpt":{"rendered":"[vc_row el_class=\u00bbnormal_paddings\u00bb css=\u00bb.vc_custom_1594709226294{margin-top: 150px !important;}\u00bb][vc_column width=\u00bb1\/4&#8243;][vc_column_text el_class=\u00bbmedium_text\u00bb]Bienvenido\/a a su Cl\u00ednica[\/vc_column_text][vc_column_text css=\u00bb.vc_custom_1603209376938{margin-bottom: 60px !important;}\u00bb]En este portal encontrar\u00e1 todo lo que necesita para que disfrute de su experiencia como paciente de la Cl\u00ednica Rinol\u00f3gica Maria Colom\u00e9.[\/vc_column_text][vc_column_text]Este es un espacio seguro, que sigue la normativa LOPD para el uso y tratamiento de datos de car\u00e1cter personal y de&#8230; <a class=\"view-article\" href=\"https:\/\/www.clinicarinologica.com\/es\/espai-pacient\/\">Ver art\u00edculo<\/a>","protected":false},"author":1,"featured_media":0,"parent":0,"menu_order":0,"comment_status":"closed","ping_status":"closed","template":"","meta":{"_acf_changed":false,"footnotes":""},"class_list":["post-2226","page","type-page","status-publish","hentry"],"acf":[],"_links":{"self":[{"href":"https:\/\/www.clinicarinologica.com\/es\/wp-json\/wp\/v2\/pages\/2226","targetHints":{"allow":["GET"]}}],"collection":[{"href":"https:\/\/www.clinicarinologica.com\/es\/wp-json\/wp\/v2\/pages"}],"about":[{"href":"https:\/\/www.clinicarinologica.com\/es\/wp-json\/wp\/v2\/types\/page"}],"author":[{"embeddable":true,"href":"https:\/\/www.clinicarinologica.com\/es\/wp-json\/wp\/v2\/users\/1"}],"replies":[{"embeddable":true,"href":"https:\/\/www.clinicarinologica.com\/es\/wp-json\/wp\/v2\/comments?post=2226"}],"version-history":[{"count":41,"href":"https:\/\/www.clinicarinologica.com\/es\/wp-json\/wp\/v2\/pages\/2226\/revisions"}],"predecessor-version":[{"id":4145,"href":"https:\/\/www.clinicarinologica.com\/es\/wp-json\/wp\/v2\/pages\/2226\/revisions\/4145"}],"wp:attachment":[{"href":"https:\/\/www.clinicarinologica.com\/es\/wp-json\/wp\/v2\/media?parent=2226"}],"curies":[{"name":"wp","href":"https:\/\/api.w.org\/{rel}","templated":true}]}}