{"id":2050,"date":"2020-10-19T13:09:22","date_gmt":"2020-10-19T11:09:22","guid":{"rendered":"https:\/\/www.clinicarinologica.com\/?page_id=2050"},"modified":"2021-11-02T10:45:17","modified_gmt":"2021-11-02T08:45:17","slug":"teknon","status":"publish","type":"page","link":"https:\/\/www.clinicarinologica.com\/es\/teknon\/","title":{"rendered":"Teknon"},"content":{"rendered":"[vc_row el_class=\u00bbnormal_paddings\u00bb css=\u00bb.vc_custom_1592567388131{margin-top: 200px !important;}\u00bb][vc_column width=\u00bb1\/4&#8243;][vc_column_text el_class=\u00bbmedium_text\u00bb]Barcelona: Cl\u00ednica Teknon[\/vc_column_text][\/vc_column][vc_column width=\u00bb3\/4&#8243;][vc_column_text el_class=\u00bbmedium_text\u00bb]La Dra. Colom\u00e9 es la responsable de la <a href=\"https:\/\/www.teknon.es\/ca\/unitat-d'obstruccio-respiratoria-nasal\" target=\"_blank\" rel=\"noopener noreferrer\">Unidad de Obstrucci\u00f3n Respiratoria Nasal<\/a>, que da respuesta integral a los problemas de obstrucci\u00f3n nasal, con el apoyo de profesionales del Campus Teknon de todas las \u00e1reas relacionadas con la unidad respiratoria.[\/vc_column_text][vc_column_text]Adem\u00e1s de ofrecer servicio de consultor\u00eda, la Dra. Colom\u00e9 realiza las cirug\u00edas rinol\u00f3gicas en el <a href=\"https:\/\/www.teknon.es\/ca\" target=\"_blank\" rel=\"noopener noreferrer\">Centro M\u00e9dico Teknon<\/a>. El Centro M\u00e9dico Teknon es conocido por la alta calidad de su servicio m\u00e9dico y asistencial. La combinaci\u00f3n de la mejor tecnolog\u00eda con la atenci\u00f3n personalizada de excelencia lo ha convertido en uno de los hospitales l\u00edderes en Espa\u00f1a. Los pacientes de la Cl\u00ednica Rinol\u00f3gica Maria Colom\u00e9 disfrutan de todos los servicios y equipamientos de este espacio.[\/vc_column_text][\/vc_column][\/vc_row][vc_row el_class=\u00bbno_paddings\u00bb css=\u00bb.vc_custom_1594636961304{background-color: #282828 !important;}\u00bb][vc_column][vc_single_image image=\u00bb1612&#8243; img_size=\u00bbfull\u00bb][\/vc_column][\/vc_row][vc_row el_class=\u00bbtab_paddings\u00bb css=\u00bb.vc_custom_1594637031556{padding-top: 30px !important;background-color: #282828 !important;}\u00bb][vc_column width=\u00bb1\/4&#8243;][\/vc_column][vc_column width=\u00bb3\/4&#8243;][vc_column_text el_class=\u00bbmedium_text text_blanc super_big\u00bb]\r\n<p class=\"p1\"><span class=\"s1\">Centro acreditado a nivel internacional<\/span><\/p>\r\n[\/vc_column_text][vc_column_text el_class=\u00bbmedium_text text_blanc\u00bb]El <a href=\"https:\/\/www.teknon.es\/ca\" target=\"_blank\" rel=\"noopener noreferrer\">Centro M\u00e9dico Teknon<\/a> dispone de la acreditaci\u00f3n americana Joint Commission Internacional y de la acreditaci\u00f3n de centros de atenci\u00f3n hospitalaria aguda de la Generalitat de Catalu\u00f1a. Es uno de los pocos centros espa\u00f1oles con las dos distinciones.[\/vc_column_text][vc_single_image image=\u00bb1613&#8243; img_size=\u00bbfull\u00bb el_class=\u00bbfullwidth\u00bb][\/vc_column][\/vc_row][vc_row el_class=\u00bbtab_paddings\u00bb css=\u00bb.vc_custom_1594637137584{background-color: #282828 !important;}\u00bb][vc_column width=\u00bb1\/4&#8243;][\/vc_column][vc_column width=\u00bb3\/4&#8243;][vc_column_text el_class=\u00bbmedium_text text_blanc super_big\u00bb]Equipamiento m\u00e9dico excepcional[\/vc_column_text][vc_column_text el_class=\u00bbmedium_text text_blanc\u00bb]El Centro M\u00e9dico Teknon cuenta con m\u00e1s de 400 especialistas trabajando con la tecnolog\u00eda m\u00e1s avanzada: 20 quir\u00f3fanos totalmente equipados, unidad de cuidados intensivos, servicios de diagn\u00f3stico de \u00faltima tecnolog\u00eda, laboratorio, servicio de urgencias 24 horas al d\u00eda, 365 d\u00edas al a\u00f1o.[\/vc_column_text][\/vc_column][\/vc_row][vc_row el_class=\u00bbtab_paddings\u00bb css=\u00bb.vc_custom_1594637133969{background-color: #282828 !important;}\u00bb][vc_column width=\u00bb1\/4&#8243;][\/vc_column][vc_column width=\u00bb3\/4&#8243;][vc_column_text el_class=\u00bbmedium_text text_blanc super_big\u00bb]Confort en los espacios y en el trato[\/vc_column_text][vc_column_text el_class=\u00bbmedium_text text_blanc\u00bb]Un buen entorno y un buen trato facilitan la recuperaci\u00f3n de los pacientes. El Centro M\u00e9dico Teknon dispone de 300 habitaciones individuales con TV y climatizaci\u00f3n individualizada, y 19 suites confortables y luminosas. Recibir\u00e1 una atenci\u00f3n profesional personalizada en todo momento, desde el ingreso hasta el alta.[\/vc_column_text][vc_single_image image=\u00bb1614&#8243; img_size=\u00bbfull\u00bb][\/vc_column][\/vc_row][vc_row el_class=\u00bbnormal_paddings\u00bb css=\u00bb.vc_custom_1594637129902{padding-bottom: 100px !important;background-color: #282828 !important;}\u00bb][vc_column width=\u00bb1\/4&#8243;][\/vc_column][vc_column width=\u00bb3\/4&#8243;][vc_column_text el_class=\u00bbmedium_text text_blanc super_big\u00bb]Club Teknon[\/vc_column_text][vc_column_text el_class=\u00bbmedium_text text_blanc\u00bb]El Club Teknon ofrece a sus pacientes privados un trato exclusivo, agradable y personalizado. Tambi\u00e9n pueden disponer, si hace falta, de un asistente personal en el idioma que necesiten. Durante el ingreso, los acompa\u00f1antes del paciente tambi\u00e9n pueden disfrutar de los servicios del club.[\/vc_column_text][\/vc_column][\/vc_row]","protected":false},"excerpt":{"rendered":"[vc_row el_class=\u00bbnormal_paddings\u00bb css=\u00bb.vc_custom_1592567388131{margin-top: 200px !important;}\u00bb][vc_column width=\u00bb1\/4&#8243;][vc_column_text el_class=\u00bbmedium_text\u00bb]Barcelona: Cl\u00ednica Teknon[\/vc_column_text][\/vc_column][vc_column width=\u00bb3\/4&#8243;][vc_column_text el_class=\u00bbmedium_text\u00bb]La Dra. Colom\u00e9 es la responsable de la Unidad de Obstrucci\u00f3n Respiratoria Nasal, que da respuesta integral a los problemas de obstrucci\u00f3n nasal, con el apoyo de profesionales del Campus Teknon de todas las \u00e1reas relacionadas con la unidad respiratoria.[\/vc_column_text][vc_column_text]Adem\u00e1s de ofrecer servicio de consultor\u00eda,&#8230; <a class=\"view-article\" href=\"https:\/\/www.clinicarinologica.com\/es\/teknon\/\">Ver art\u00edculo<\/a>","protected":false},"author":1,"featured_media":0,"parent":0,"menu_order":0,"comment_status":"closed","ping_status":"closed","template":"","meta":{"_acf_changed":false,"footnotes":""},"class_list":["post-2050","page","type-page","status-publish","hentry"],"acf":[],"_links":{"self":[{"href":"https:\/\/www.clinicarinologica.com\/es\/wp-json\/wp\/v2\/pages\/2050","targetHints":{"allow":["GET"]}}],"collection":[{"href":"https:\/\/www.clinicarinologica.com\/es\/wp-json\/wp\/v2\/pages"}],"about":[{"href":"https:\/\/www.clinicarinologica.com\/es\/wp-json\/wp\/v2\/types\/page"}],"author":[{"embeddable":true,"href":"https:\/\/www.clinicarinologica.com\/es\/wp-json\/wp\/v2\/users\/1"}],"replies":[{"embeddable":true,"href":"https:\/\/www.clinicarinologica.com\/es\/wp-json\/wp\/v2\/comments?post=2050"}],"version-history":[{"count":6,"href":"https:\/\/www.clinicarinologica.com\/es\/wp-json\/wp\/v2\/pages\/2050\/revisions"}],"predecessor-version":[{"id":4089,"href":"https:\/\/www.clinicarinologica.com\/es\/wp-json\/wp\/v2\/pages\/2050\/revisions\/4089"}],"wp:attachment":[{"href":"https:\/\/www.clinicarinologica.com\/es\/wp-json\/wp\/v2\/media?parent=2050"}],"curies":[{"name":"wp","href":"https:\/\/api.w.org\/{rel}","templated":true}]}}