{"id":2043,"date":"2020-10-19T13:08:23","date_gmt":"2020-10-19T11:08:23","guid":{"rendered":"https:\/\/www.clinicarinologica.com\/?page_id=2043"},"modified":"2021-11-02T09:56:43","modified_gmt":"2021-11-02T07:56:43","slug":"repercussions-estetiques","status":"publish","type":"page","link":"https:\/\/www.clinicarinologica.com\/es\/repercussions-estetiques\/","title":{"rendered":"Repercusiones est\u00e9ticas"},"content":{"rendered":"[vc_row el_class=\u00bbnormal_paddings\u00bb css=\u00bb.vc_custom_1591593390982{padding-top: 150px !important;}\u00bb][vc_column width=\u00bb1\/4&#8243;][\/vc_column][vc_column width=\u00bb3\/4&#8243;][vc_column_text el_class=\u00bbinside_title\u00bb]\r\n<h1 class=\"p1\"><strong><a href=\"https:\/\/www.clinicarinologica.com\/es\/funcional\/#cirurgia\"><span class=\"s1\">Cirug\u00eda funcional<\/span><\/a><\/strong><\/h1>\r\n[\/vc_column_text][\/vc_column][\/vc_row][vc_row el_class=\u00bbnormal_paddings_2&#8243;][vc_column width=\u00bb1\/4&#8243;][vc_column_text el_class=\u00bbinside_title\u00bb]\r\n<h1 class=\"p1\">Repercusiones est\u00e9ticas<\/h1>\r\n[\/vc_column_text][vc_column_text el_class=\u00bbanchor_list\u00bb]<a href=\"#apt1\"><strong>\u00bfMe quedar\u00e1 cicatriz?<\/strong><\/a>\r\n\r\n<a href=\"#apt2\"><strong>\u00bfCambiar\u00e1 mi aspecto?<\/strong><\/a>\r\n\r\n<a href=\"#apt3\"><strong>\u00bfPuedo aprovechar la operaci\u00f3n para mejorar la est\u00e9tica de mi nariz?<\/strong><\/a>[\/vc_column_text][\/vc_column][vc_column width=\u00bb3\/4&#8243;][vc_column_text el_class=\u00bbmedium_text\u00bb]Operamos teniendo muy en cuenta el impacto est\u00e9tico que puede tener una operaci\u00f3n funcional. Tanto si se trata de mantener el aspecto previo a la operaci\u00f3n como de modificarlo.[\/vc_column_text][\/vc_column][\/vc_row][vc_row el_class=\u00bbno_paddings\u00bb css=\u00bb.vc_custom_1594635444847{background-color: #282828 !important;}\u00bb][vc_column][vc_single_image image=\u00bb1574&#8243; img_size=\u00bbfull\u00bb css=\u00bb.vc_custom_1595920119883{margin-bottom: 0px !important;}\u00bb][vc_raw_html css=\u00bb.vc_custom_1591595652694{margin-bottom: 100px !important;}\u00bb]JTNDYSUyMGlkJTNEJTIyYXB0MSUyMiUzRSUzQyUyRmElM0U=[\/vc_raw_html][\/vc_column][\/vc_row][vc_row css=\u00bb.vc_custom_1594635488288{background-color: #282828 !important;}\u00bb el_class=\u00bbtab_paddings\u00bb][vc_column width=\u00bb1\/4&#8243;][\/vc_column][vc_column width=\u00bb3\/4&#8243;][vc_column_text el_class=\u00bbmedium_text text_blanc super_big\u00bb]\u00bfMe quedar\u00e1 cicatriz?[\/vc_column_text][vc_column_text el_class=\u00bbmedium_text text_blanc\u00bb]Haremos todo lo posible para que no le quede ninguna cicatriz visible.[\/vc_column_text][vc_column_text el_class=\u00bbtext_blanc\u00bb]Generalmente operamos a trav\u00e9s de las fosas nasales, sin dejar ninguna cicatriz externa. Esto es posible gracias a las t\u00e9cnicas quir\u00fargicas actuales, y a la profesionalidad del equipo de la Cl\u00ednica Rinol\u00f3gica.\r\n\r\nEn los pocos casos en que hay que hacer un corte externo, escondemos la cicatriz en la base de la nariz, o en alg\u00fan pliegue natural de la piel.\r\n[\/vc_column_text][vc_video link=\u00bbhttps:\/\/www.youtube.com\/watch?v=70vdzz_VC_U\u00bb][vc_raw_html css=\u00bb.vc_custom_1591595656157{margin-bottom: 100px !important;}\u00bb]JTNDYSUyMG5hbWUlM0QlMjJhcHQyJTIyJTNFJTNDJTJGYSUzRQ==[\/vc_raw_html][\/vc_column][\/vc_row][vc_row css=\u00bb.vc_custom_1594635488288{background-color: #282828 !important;}\u00bb el_class=\u00bbtab_paddings\u00bb][vc_column width=\u00bb1\/4&#8243;][\/vc_column][vc_column width=\u00bb3\/4&#8243;][vc_column_text el_class=\u00bbmedium_text text_blanc super_big\u00bb]\u00bfCambiar\u00e1 mi aspecto?[\/vc_column_text][vc_column_text el_class=\u00bbmid blanc\u00bb]Si no lo quiere, no. Si no se va con cuidado, las modificaciones internas que se tienen que hacer en una operaci\u00f3n pueden repercutir en el aspecto externo de la nariz. En la Cl\u00ednica Rinol\u00f3gica trabajamos para solucionar el problema funcional sin generar un cambio de aspecto no deseado.[\/vc_column_text][vc_raw_html css=\u00bb.vc_custom_1591595661332{margin-bottom: 100px !important;}\u00bb]JTNDYSUyMG5hbWUlM0QlMjJhcHQzJTIyJTNFJTNDJTJGYSUzRQ==[\/vc_raw_html][\/vc_column][\/vc_row][vc_row css=\u00bb.vc_custom_1594635488288{background-color: #282828 !important;}\u00bb el_class=\u00bbtab_paddings\u00bb][vc_column width=\u00bb1\/4&#8243;][\/vc_column][vc_column width=\u00bb3\/4&#8243;][vc_column_text el_class=\u00bbmedium_text text_blanc super_big\u00bb]\u00bfPuedo aprovechar la operaci\u00f3n para mejorar la est\u00e9tica de mi nariz?[\/vc_column_text][vc_column_text el_class=\u00bbmedium_text text_blanc\u00bb]S\u00ed. Muchos pacientes lo hacen, y est\u00e1n contentos. En una \u00fanica intervenci\u00f3n se pueden resolver problemas de obstrucci\u00f3n nasal y a la vez conseguir un aspecto externo m\u00e1s armonioso. La <a href=\"https:\/\/www.clinicarinologica.com\/es\/estetica\/\">cirurg\u00eda est\u00e9tica<\/a> es del todo compatible con la resoluci\u00f3n de un problema funcional. Una peque\u00f1a modificaci\u00f3n puede aportar una gran mejora.[\/vc_column_text][\/vc_column][\/vc_row][vc_row el_class=\u00bbnormal_paddings\u00bb css=\u00bb.vc_custom_1594635543325{padding-top: 30px !important;padding-bottom: 80px !important;background-color: #282828 !important;}\u00bb][vc_column][vc_column_text el_class=\u00bbmedium_text\u00bb]\u00bfQuiere ver algunos <a href=\"https:\/\/www.clinicarinologica.com\/es\/testimonis\/\">casos cl\u00ednicos<\/a>? Cirujanos y pacientes explican su experiencia.\r\n\r\n\u00bfTiene dudas? P\u00f3ngase en <a href=\"https:\/\/www.clinicarinologica.com\/es\/contacte\/\">contacto<\/a> con nosotros, o solicite una cita. Le atenderemos con mucho gusto.[\/vc_column_text][\/vc_column][\/vc_row]","protected":false},"excerpt":{"rendered":"[vc_row el_class=\u00bbnormal_paddings\u00bb css=\u00bb.vc_custom_1591593390982{padding-top: 150px !important;}\u00bb][vc_column width=\u00bb1\/4&#8243;][\/vc_column][vc_column width=\u00bb3\/4&#8243;][vc_column_text el_class=\u00bbinside_title\u00bb] Cirug\u00eda funcional [\/vc_column_text][\/vc_column][\/vc_row][vc_row el_class=\u00bbnormal_paddings_2&#8243;][vc_column width=\u00bb1\/4&#8243;][vc_column_text el_class=\u00bbinside_title\u00bb] Repercusiones est\u00e9ticas [\/vc_column_text][vc_column_text el_class=\u00bbanchor_list\u00bb]\u00bfMe quedar\u00e1 cicatriz? \u00bfCambiar\u00e1 mi aspecto? \u00bfPuedo aprovechar la operaci\u00f3n para mejorar la est\u00e9tica de mi nariz?[\/vc_column_text][\/vc_column][vc_column width=\u00bb3\/4&#8243;][vc_column_text el_class=\u00bbmedium_text\u00bb]Operamos teniendo muy en cuenta el impacto est\u00e9tico que puede tener una operaci\u00f3n funcional. Tanto si se trata de mantener&#8230; <a class=\"view-article\" href=\"https:\/\/www.clinicarinologica.com\/es\/repercussions-estetiques\/\">Ver art\u00edculo<\/a>","protected":false},"author":1,"featured_media":0,"parent":0,"menu_order":0,"comment_status":"closed","ping_status":"closed","template":"","meta":{"_acf_changed":false,"footnotes":""},"class_list":["post-2043","page","type-page","status-publish","hentry"],"acf":[],"_links":{"self":[{"href":"https:\/\/www.clinicarinologica.com\/es\/wp-json\/wp\/v2\/pages\/2043","targetHints":{"allow":["GET"]}}],"collection":[{"href":"https:\/\/www.clinicarinologica.com\/es\/wp-json\/wp\/v2\/pages"}],"about":[{"href":"https:\/\/www.clinicarinologica.com\/es\/wp-json\/wp\/v2\/types\/page"}],"author":[{"embeddable":true,"href":"https:\/\/www.clinicarinologica.com\/es\/wp-json\/wp\/v2\/users\/1"}],"replies":[{"embeddable":true,"href":"https:\/\/www.clinicarinologica.com\/es\/wp-json\/wp\/v2\/comments?post=2043"}],"version-history":[{"count":9,"href":"https:\/\/www.clinicarinologica.com\/es\/wp-json\/wp\/v2\/pages\/2043\/revisions"}],"predecessor-version":[{"id":4054,"href":"https:\/\/www.clinicarinologica.com\/es\/wp-json\/wp\/v2\/pages\/2043\/revisions\/4054"}],"wp:attachment":[{"href":"https:\/\/www.clinicarinologica.com\/es\/wp-json\/wp\/v2\/media?parent=2043"}],"curies":[{"name":"wp","href":"https:\/\/api.w.org\/{rel}","templated":true}]}}