{"id":2042,"date":"2020-10-19T13:08:12","date_gmt":"2020-10-19T11:08:12","guid":{"rendered":"https:\/\/www.clinicarinologica.com\/?page_id=2042"},"modified":"2021-11-02T09:56:05","modified_gmt":"2021-11-02T07:56:05","slug":"problemes-i-solucions-quirurgiques","status":"publish","type":"page","link":"https:\/\/www.clinicarinologica.com\/es\/problemes-i-solucions-quirurgiques\/","title":{"rendered":"Problemas y soluciones quir\u00fargicas"},"content":{"rendered":"[vc_row el_class=\u00bbnormal_paddings\u00bb css=\u00bb.vc_custom_1591593390982{padding-top: 150px !important;}\u00bb][vc_column width=\u00bb1\/4&#8243;][\/vc_column][vc_column width=\u00bb3\/4&#8243;][vc_column_text el_class=\u00bbinside_title\u00bb]\r\n<h1 class=\"p1\"><strong><a href=\"https:\/\/www.clinicarinologica.com\/es\/funcional\/#cirurgia\"><span class=\"s1\">Cirug\u00eda funcional<\/span><\/a><\/strong><\/h1>\r\n[\/vc_column_text][\/vc_column][\/vc_row][vc_row el_class=\u00bbnormal_paddings_2&#8243;][vc_column width=\u00bb1\/4&#8243;][vc_column_text el_class=\u00bbinside_title\u00bb]\r\n<h1 class=\"p1\">Problemas y soluciones quir\u00fargicas<\/h1>\r\n[\/vc_column_text][vc_column_text el_class=\u00bbanchor_list\u00bb]<a href=\"#apt1\"><strong>Problemas del tabique nasal <\/strong><\/a>\r\n\r\n<a href=\"#apt2\"><strong>Problemas de la v\u00e1lvula nasal<\/strong><\/a>\r\n\r\n<a href=\"#apt3\"><strong>Problemas de cornetes<\/strong><\/a>\r\n\r\n<a href=\"#apt4\"><strong>Problemas de los senos y enfermedades relacionadas<\/strong><\/a>\r\n\r\n<a href=\"#apt5\"><strong>Problemas de adenoides<\/strong><\/a>[\/vc_column_text][\/vc_column][vc_column width=\u00bb3\/4&#8243;][vc_column_text el_class=\u00bbmedium_text\u00bb]Diferentes tipos de problemas nasales requieren diferentes t\u00e9cnicas quir\u00fargicas.[\/vc_column_text][vc_column_text]A veces, la cirug\u00eda es la mejor soluci\u00f3n. Dominamos las t\u00e9cnicas indicadas para corregir diferentes problemas.[\/vc_column_text][vc_video link=\u00bbhttps:\/\/youtu.be\/V9MTIX32H7M\u00bb][vc_column_text el_class=\u00bbtext_blanc\u00bb]<span style=\"color: #000000;\"><em>La Ciencia de la Salud \u2013 Episodio 2 \u2013 Respira<\/em><\/span>[\/vc_column_text][\/vc_column][\/vc_row][vc_row el_class=\u00bbno_paddings\u00bb css=\u00bb.vc_custom_1594634932957{background-color: #282828 !important;}\u00bb][vc_column][vc_raw_html css=\u00bb.vc_custom_1591595652694{margin-bottom: 100px !important;}\u00bb]JTNDYSUyMGlkJTNEJTIyYXB0MSUyMiUzRSUzQyUyRmElM0U=[\/vc_raw_html][\/vc_column][\/vc_row][vc_row css=\u00bb.vc_custom_1594635021713{background-color: #282828 !important;}\u00bb el_class=\u00bbtab_paddings\u00bb][vc_column width=\u00bb1\/4&#8243;][\/vc_column][vc_column width=\u00bb3\/4&#8243;][vc_column_text el_class=\u00bbmedium_text text_blanc super_big\u00bb]Problemas del tabique nasal[\/vc_column_text][vc_column_text el_class=\u00bbmedium_text text_blanc\u00bb]El tabique nasal separa las dos fosas nasales. Las alteraciones en la forma y el crecimiento del tabique pueden dificultar la respiraci\u00f3n por la nariz, crear dolor en la cara y la cabeza, generar sensaci\u00f3n de sequedad en la nariz, alterar la mucosidad y favorecer el sangrado nasal.[\/vc_column_text][vc_column_text el_class=\u00bbtext_blanc\u00bb]La septoplastia es una t\u00e9cnica quir\u00fargica que permite corregir una deformidad en el tabique nasal, y reconstruirlo. Puede practicarse junto con otros tipos de cirug\u00eda funcional y con la cirug\u00eda est\u00e9tica nasal (rinoplastia).\r\n\r\nLa intervenci\u00f3n dura entre 15 y 45 minutos en quir\u00f3fano.\r\n\r\nSe puede hacer con anestesia general, anestesia local y sedaci\u00f3n, o s\u00f3lo anestesia local, seg\u00fan cada caso.\r\n\r\nToda operaci\u00f3n rinol\u00f3gica requiere una preparaci\u00f3n preoperatoria y un tiempo de recuperaci\u00f3n.[\/vc_column_text][vc_raw_html css=\u00bb.vc_custom_1591595656157{margin-bottom: 100px !important;}\u00bb]JTNDYSUyMG5hbWUlM0QlMjJhcHQyJTIyJTNFJTNDJTJGYSUzRQ==[\/vc_raw_html][\/vc_column][\/vc_row][vc_row css=\u00bb.vc_custom_1594635021713{background-color: #282828 !important;}\u00bb el_class=\u00bbtab_paddings\u00bb][vc_column width=\u00bb1\/4&#8243;][\/vc_column][vc_column width=\u00bb3\/4&#8243;][vc_column_text el_class=\u00bbmedium_text text_blanc super_big\u00bb]Problemas de la v\u00e1lvula nasal[\/vc_column_text][vc_column_text el_class=\u00bbmedium_text text_blanc\u00bb]La v\u00e1lvula nasal tiene un rol fundamental en la resistencia y la transformaci\u00f3n del aire para que llegue a los pulmones en buenas condiciones. Si hay anomal\u00edas en las estructuras \u00f3seas y cartilaginosas o en los revestimientos cut\u00e1neos y mucosos de la v\u00e1lvula, la respiraci\u00f3n queda resentida. [\/vc_column_text][vc_column_text el_class=\u00bbtext_blanc\u00bb]Con la cirug\u00eda de v\u00e1lvula restablecemos la anatom\u00eda normal de la v\u00e1lvula y aumentamos el flujo del aire para obtener una buena respiraci\u00f3n.\r\n\r\nLa intervenci\u00f3n dura aproximadamente 15 minutos en quir\u00f3fano.\r\n\r\nSe puede hacer con anestesia general, anestesia local y sedaci\u00f3n, o s\u00f3lo anestesia local, seg\u00fan cada caso.\r\n\r\nToda operaci\u00f3n rinol\u00f3gica requiere una preparaci\u00f3n preoperatoria y un tiempo de recuperaci\u00f3n.\r\n[\/vc_column_text][vc_raw_html css=\u00bb.vc_custom_1591595661332{margin-bottom: 100px !important;}\u00bb]JTNDYSUyMG5hbWUlM0QlMjJhcHQzJTIyJTNFJTNDJTJGYSUzRQ==[\/vc_raw_html][\/vc_column][\/vc_row][vc_row css=\u00bb.vc_custom_1596691301336{border-bottom-width: 0px !important;background-color: #282828 !important;}\u00bb el_class=\u00bbtab_paddings\u00bb][vc_column width=\u00bb1\/4&#8243;][\/vc_column][vc_column width=\u00bb3\/4&#8243;][vc_column_text el_class=\u00bbmedium_text text_blanc super_big\u00bb]Problemas de cornetes[\/vc_column_text][vc_column_text el_class=\u00bbtext_blanc\u00bb]Los cornetes facilitan la limpieza, el calentamiento y la humidificaci\u00f3n del aire que inspiramos. Si el volumen de los cornetes no es el adecuado, estas funciones pueden alterarse y provocar dificultades para respirar, dolores en la cara y en la cabeza, sensaci\u00f3n de sequedad nasal o mucosidad nasal espesa persistente. Un problema de cornetes puede propiciar la respiraci\u00f3n por la boca, y provocar otros s\u00edntomas como: sequedad de boca, ronquidos y apneas, faringitis, espesamiento de secreciones de garganta, dolores de cabeza y migra\u00f1as, sinusitis.[\/vc_column_text][vc_column_text el_class=\u00bbtext_blanc\u00bb]Con la cirug\u00eda de cornetes se corrigen o extirpan elementos patol\u00f3gicos de los cornetes. Seg\u00fan la magnitud del problema, la intervenci\u00f3n se puede hacer de forma ambulatoria en el quir\u00f3fano o en la misma consulta utilizando la t\u00e9cnica de radiofrecuencia o l\u00e1ser.\r\n\r\nLa intervenci\u00f3n dura aproximadamente 15 minutos en el quir\u00f3fano.\r\n\r\nSe puede hacer con anestesia general, anestesia local y sedaci\u00f3n, o s\u00f3lo anestesia local, seg\u00fan cada caso.\r\n\r\nToda operaci\u00f3n rinol\u00f3gica requiere una preparaci\u00f3n preoperatoria y un tiempo de recuperaci\u00f3n.\r\n[\/vc_column_text][vc_raw_html css=\u00bb.vc_custom_1596692032344{margin-bottom: 100px !important;background-color: #282828 !important;}\u00bb]JTA5JTBBJTA5JTA5JTA5JTNDZGl2JTIwY2xhc3MlM0QlMjJ3cGJfdmlkZW9fd3JhcHBlciUyMiUzRSUzQ2lmcmFtZSUyMHRpdGxlJTNEJTIyVGVzdGltb25pbyUyMEZyYW5jaXNjYSUyMC0lMjBDbCVDMyVBRG5pY2ElMjBSaW5vbCVDMyVCMmdpY2ElMjBNYXJpYSUyMENvbG9tJUMzJUE5JTIyJTIwd2lkdGglM0QlMjI5MDAlMjIlMjBoZWlnaHQlM0QlMjI1MDYlMjIlMjBzcmMlM0QlMjJodHRwcyUzQSUyRiUyRnd3dy55b3V0dWJlLmNvbSUyRmVtYmVkJTJGOFdyeWxVMkZuSkklM0ZmZWF0dXJlJTNEb2VtYmVkJTIyJTIwZnJhbWVib3JkZXIlM0QlMjIwJTIyJTIwYWxsb3clM0QlMjJhY2NlbGVyb21ldGVyJTNCJTIwYXV0b3BsYXklM0IlMjBlbmNyeXB0ZWQtbWVkaWElM0IlMjBneXJvc2NvcGUlM0IlMjBwaWN0dXJlLWluLXBpY3R1cmUlMjIlMjBhbGxvd2Z1bGxzY3JlZW4lM0QlMjIlMjIlM0UlM0MlMkZpZnJhbWUlM0UlM0MlMkZkaXYlM0UlMEElMDklMEElMEElMEElM0NhJTIwbmFtZSUzRCUyMmFwdDQlMjIlM0UlM0MlMkZhJTNF[\/vc_raw_html][\/vc_column][\/vc_row][vc_row css=\u00bb.vc_custom_1596691293805{border-top-width: 0px !important;background-color: #282828 !important;}\u00bb el_class=\u00bbtab_paddings\u00bb][vc_column width=\u00bb1\/4&#8243;][\/vc_column][vc_column width=\u00bb3\/4&#8243;][vc_column_text el_class=\u00bbmedium_text text_blanc super_big\u00bb]Problemas de senos y enfermedades relacionadas[\/vc_column_text][vc_column_text el_class=\u00bbtext_blanc\u00bb]La cirug\u00eda endosc\u00f3pica nasosinusal agrupa diferentes t\u00e9cnicas para reparar anomal\u00edas que alteran las funciones de la nariz.\r\n\r\nLa intervenci\u00f3n dura entre 30 minutos y 2 horas en el quir\u00f3fano, dependiendo de la severidad de cada caso.\r\n\r\nSe puede hacer con anestesia general, anestesia local y sedaci\u00f3n, o s\u00f3lo anestesia local, seg\u00fan cada caso.\r\n\r\nToda operaci\u00f3n rinol\u00f3gica requiere una preparaci\u00f3n preoperatoria y un tiempo de recuperaci\u00f3n.[\/vc_column_text][vc_raw_html css=\u00bb.vc_custom_1591598242941{margin-bottom: 100px !important;}\u00bb]JTNDYSUyMG5hbWUlM0QlMjJhcHQ1JTIyJTNFJTNDJTJGYSUzRQ==[\/vc_raw_html][\/vc_column][\/vc_row][vc_row css=\u00bb.vc_custom_1594635021713{background-color: #282828 !important;}\u00bb el_class=\u00bbtab_paddings\u00bb][vc_column width=\u00bb1\/4&#8243;][\/vc_column][vc_column width=\u00bb3\/4&#8243;][vc_column_text el_class=\u00bbmedium_text text_blanc super_big\u00bb]Problemas de adenoides [\/vc_column_text][vc_column_text el_class=\u00bbmedium_text text_blanc\u00bb]Cuando un problema de adenoides genera infecciones repetidas de la garganta o el o\u00eddo, o provoca una obstrucci\u00f3n respiratoria significativa, puede ser recomendable operar. [\/vc_column_text][vc_column_text el_class=\u00bbtext_blanc\u00bb]La adenoidectom\u00eda es la t\u00e9cnica quir\u00fargica para extirpar los adenoides.\r\n\r\nSe hace con anestesia general y, como toda operaci\u00f3n rinol\u00f3gica, requiere una preparaci\u00f3n preoperatoria y un tiempo de recuperaci\u00f3n.\r\n\r\nLa intervenci\u00f3n dura aproximadamente 15 minutos en el quir\u00f3fano.[\/vc_column_text][\/vc_column][\/vc_row][vc_row el_class=\u00bbnormal_paddings\u00bb css=\u00bb.vc_custom_1594634919246{padding-top: 30px !important;padding-bottom: 80px !important;background-color: #282828 !important;}\u00bb][vc_column][vc_column_text el_class=\u00bbmedium_text\u00bb]Si tiene cualquier duda, p\u00f3ngase en <a href=\"https:\/\/www.clinicarinologica.com\/es\/contacte\/\">contacto<\/a> con nosotros. Le atenderemos con mucho gusto.\r\nSolicite una <a href=\"https:\/\/www.clinicarinologica.com\/es\/solicitud-visita\">primera visita.<\/a> Haremos lo posible para darle hora r\u00e1pidamente.[\/vc_column_text][\/vc_column][\/vc_row]","protected":false},"excerpt":{"rendered":"[vc_row el_class=\u00bbnormal_paddings\u00bb css=\u00bb.vc_custom_1591593390982{padding-top: 150px !important;}\u00bb][vc_column width=\u00bb1\/4&#8243;][\/vc_column][vc_column width=\u00bb3\/4&#8243;][vc_column_text el_class=\u00bbinside_title\u00bb] Cirug\u00eda funcional [\/vc_column_text][\/vc_column][\/vc_row][vc_row el_class=\u00bbnormal_paddings_2&#8243;][vc_column width=\u00bb1\/4&#8243;][vc_column_text el_class=\u00bbinside_title\u00bb] Problemas y soluciones quir\u00fargicas [\/vc_column_text][vc_column_text el_class=\u00bbanchor_list\u00bb]Problemas del tabique nasal Problemas de la v\u00e1lvula nasal Problemas de cornetes Problemas de los senos y enfermedades relacionadas Problemas de adenoides[\/vc_column_text][\/vc_column][vc_column width=\u00bb3\/4&#8243;][vc_column_text el_class=\u00bbmedium_text\u00bb]Diferentes tipos de problemas nasales requieren diferentes t\u00e9cnicas quir\u00fargicas.[\/vc_column_text][vc_column_text]A veces, la cirug\u00eda es&#8230; <a class=\"view-article\" href=\"https:\/\/www.clinicarinologica.com\/es\/problemes-i-solucions-quirurgiques\/\">Ver art\u00edculo<\/a>","protected":false},"author":1,"featured_media":0,"parent":0,"menu_order":0,"comment_status":"closed","ping_status":"closed","template":"","meta":{"_acf_changed":false,"footnotes":""},"class_list":["post-2042","page","type-page","status-publish","hentry"],"acf":[],"_links":{"self":[{"href":"https:\/\/www.clinicarinologica.com\/es\/wp-json\/wp\/v2\/pages\/2042","targetHints":{"allow":["GET"]}}],"collection":[{"href":"https:\/\/www.clinicarinologica.com\/es\/wp-json\/wp\/v2\/pages"}],"about":[{"href":"https:\/\/www.clinicarinologica.com\/es\/wp-json\/wp\/v2\/types\/page"}],"author":[{"embeddable":true,"href":"https:\/\/www.clinicarinologica.com\/es\/wp-json\/wp\/v2\/users\/1"}],"replies":[{"embeddable":true,"href":"https:\/\/www.clinicarinologica.com\/es\/wp-json\/wp\/v2\/comments?post=2042"}],"version-history":[{"count":8,"href":"https:\/\/www.clinicarinologica.com\/es\/wp-json\/wp\/v2\/pages\/2042\/revisions"}],"predecessor-version":[{"id":4053,"href":"https:\/\/www.clinicarinologica.com\/es\/wp-json\/wp\/v2\/pages\/2042\/revisions\/4053"}],"wp:attachment":[{"href":"https:\/\/www.clinicarinologica.com\/es\/wp-json\/wp\/v2\/media?parent=2042"}],"curies":[{"name":"wp","href":"https:\/\/api.w.org\/{rel}","templated":true}]}}