{"id":2038,"date":"2020-10-19T13:06:54","date_gmt":"2020-10-19T11:06:54","guid":{"rendered":"https:\/\/www.clinicarinologica.com\/?page_id=2038"},"modified":"2021-11-02T10:51:28","modified_gmt":"2021-11-02T08:51:28","slug":"internacional","status":"publish","type":"page","link":"https:\/\/www.clinicarinologica.com\/es\/internacional\/","title":{"rendered":"Internacional"},"content":{"rendered":"[vc_row el_class=\u00bbnormal_paddings\u00bb css=\u00bb.vc_custom_1592568487817{margin-top: 200px !important;}\u00bb][vc_column width=\u00bb1\/4&#8243;][vc_column_text el_class=\u00bbmedium_text\u00bb]Internacional[\/vc_column_text][\/vc_column][vc_column width=\u00bb3\/4&#8243;][vc_column_text el_class=\u00bbmedium_text\u00bb]La Cl\u00ednica Rinol\u00f3gica ofrece un servicio exclusivo para que los pacientes quir\u00fargicos internacionales, o que viven lejos de Barcelona, puedan disfrutar de una atenci\u00f3n m\u00e9dica y personal excelente, pasando el m\u00ednimo de d\u00edas fuera de su casa.[\/vc_column_text][vc_column_text]Para ello cuenta con un servicio de consulta online, y con el apoyo de traductores e int\u00e9rpretes, para facilitar la comunicaci\u00f3n con pacientes de todo el mundo.[\/vc_column_text][\/vc_column][\/vc_row][vc_row el_class=\u00bbno_paddings\u00bb css=\u00bb.vc_custom_1594637687919{background-color: #282828 !important;}\u00bb][vc_column][vc_single_image image=\u00bb1208&#8243; img_size=\u00bbfull\u00bb][\/vc_column][\/vc_row][vc_row el_class=\u00bbtab_paddings\u00bb css=\u00bb.vc_custom_1594637496502{background-color: #282828 !important;}\u00bb][vc_column width=\u00bb1\/4&#8243;][\/vc_column][vc_column width=\u00bb3\/4&#8243;][vc_column_text el_class=\u00bbmedium_text text_blanc super_big\u00bb css=\u00bb.vc_custom_1603299952591{margin-top: 40px !important;}\u00bb]Antes de la estancia en Barcelona[\/vc_column_text][vc_column_text el_class=\u00bbmedium_text text_blanc\u00bb]A trav\u00e9s del servicio de consulta online se hace un primer contacto, para escuchar al paciente, recoger su historia cl\u00ednica, valorar las pruebas m\u00e9dicas de que disponga el paciente y hacer una orientaci\u00f3n diagn\u00f3stica previa.[\/vc_column_text][vc_column_text el_class=\u00bbtext_blanc\u00bb]A partir de aqu\u00ed, se valora la realizaci\u00f3n de pruebas complementarias y se ofrece, si es necesario, una nueva consulta online o una consulta presencial.\r\n\r\nEn el caso de la rinoplastia est\u00e9tica, la Dra. Colom\u00e9 ofrece una propuesta personalizada, a partir de las caracter\u00edsticas del paciente y el estilo deseado, velando por la naturalidad.\r\n\r\nLa coordinadora facilitar\u00e1 un presupuesto aproximado, en funci\u00f3n de la informaci\u00f3n obtenida, y programar\u00e1 las visitas antes y despu\u00e9s de la cirug\u00eda. Facilitar\u00e1 al paciente cualquier duda que pueda tener del procedimiento, facturaci\u00f3n y seguros m\u00e9dicos.\r\n\r\nSi lo desea, podemos ocuparnos de la b\u00fasqueda y las reservas de transporte y alojamiento, as\u00ed como de asignarle un acompa\u00f1ante int\u00e9rprete.[\/vc_column_text][vc_video link=\u00bbhttps:\/\/www.youtube.com\/watch?v=fMztTlFUNHM\u00bb][\/vc_column][\/vc_row][vc_row el_class=\u00bbtab_paddings\u00bb css=\u00bb.vc_custom_1594637496502{background-color: #282828 !important;}\u00bb][vc_column width=\u00bb1\/4&#8243;][\/vc_column][vc_column width=\u00bb3\/4&#8243;][vc_column_text el_class=\u00bbmedium_text text_blanc super_big\u00bb css=\u00bb.vc_custom_1603300329858{margin-top: 40px !important;}\u00bb]Durante la estancia en Barcelona[\/vc_column_text][vc_column_text el_class=\u00bbmedium_text text_blanc\u00bb]Seg\u00fan el tipo de operaci\u00f3n y las caracter\u00edsticas de cada persona, el n\u00famero de d\u00edas de estancia en Barcelona puede variar. En la visita preoperatoria, se realiza una exploraci\u00f3n otorrinolaringol\u00f3gica exhaustiva y las pruebas complementarias que sean necesarias. Se ajusta la propuesta de tratamiento personalizado y el plan quir\u00fargico, en caso de que sea necesario.[\/vc_column_text][vc_column_text el_class=\u00bbtext_blanc\u00bb]La <strong>intervenci\u00f3n<\/strong> quir\u00fargica se realiza en el <a href=\"https:\/\/www.teknon.es\/ca\" target=\"_blank\" rel=\"noopener noreferrer\">Centro M\u00e9dico Teknon<\/a>.\u00a0 Generalmente la estancia en la cl\u00ednica es de entre 6 y 24 horas.\r\n\r\nEl <strong>postoperatorio<\/strong> suele ser de entre 2 y 4 d\u00edas. Despu\u00e9s de la intervenci\u00f3n, se dan las recomendaciones postquir\u00fargicas y, en caso de que durante la intervenci\u00f3n se hubiera taponado la nariz, se hace el destaponamiento en una visita en la Cl\u00ednica. Una semana despu\u00e9s, se hace una visita postoperatoria de control y se da el alta m\u00e9dica.\r\n\r\nEn caso de que usted tenga que coger un avi\u00f3n para volver a su casa, la Dra. Colom\u00e9 valorar\u00e1, seg\u00fan su evoluci\u00f3n, en qu\u00e9 momento es adecuado volver a volar.\r\n\r\nEn la<strong> Cl\u00ednica Rinol\u00f3gica<\/strong> disponemos de un servicio exclusivo para que nuestros pacientes puedan estar lo m\u00e1s c\u00f3modos en su estancia en Barcelona. Contactamos con hoteles cercanos a la Cl\u00ednica, donde alojarse. Si lo desea, gestionamos descuentos exclusivos en espacios culturales tan emblem\u00e1ticos como el Palau de la M\u00fasica, El Auditorio o El Liceo.[\/vc_column_text][vc_single_image image=\u00bb1559&#8243; img_size=\u00bbfull\u00bb el_class=\u00bbfullwidth\u00bb][\/vc_column][\/vc_row][vc_row el_class=\u00bbtab_paddings\u00bb css=\u00bb.vc_custom_1594637532739{padding-bottom: 100px !important;background-color: #282828 !important;}\u00bb][vc_column width=\u00bb1\/4&#8243;][\/vc_column][vc_column width=\u00bb3\/4&#8243;][vc_column_text el_class=\u00bbmedium_text text_blanc super_big\u00bb css=\u00bb.vc_custom_1603301008806{margin-top: 40px !important;}\u00bb]Despu\u00e9s de la estancia en Barcelona[\/vc_column_text][vc_column_text el_class=\u00bbmedium_text text_blanc\u00bb]El seguimiento de la evoluci\u00f3n del paciente, una vez dada el alta, se hace a trav\u00e9s del servicio de consulta online, seg\u00fan las necesidades de cada caso.\r\n\r\nLa coordinadora internacional est\u00e1 a su disposici\u00f3n para resolver cualquier duda o inquietud que puedan surgir durante todo el proceso de recuperaci\u00f3n.[\/vc_column_text][\/vc_column][\/vc_row]","protected":false},"excerpt":{"rendered":"[vc_row el_class=\u00bbnormal_paddings\u00bb css=\u00bb.vc_custom_1592568487817{margin-top: 200px !important;}\u00bb][vc_column width=\u00bb1\/4&#8243;][vc_column_text el_class=\u00bbmedium_text\u00bb]Internacional[\/vc_column_text][\/vc_column][vc_column width=\u00bb3\/4&#8243;][vc_column_text el_class=\u00bbmedium_text\u00bb]La Cl\u00ednica Rinol\u00f3gica ofrece un servicio exclusivo para que los pacientes quir\u00fargicos internacionales, o que viven lejos de Barcelona, puedan disfrutar de una atenci\u00f3n m\u00e9dica y personal excelente, pasando el m\u00ednimo de d\u00edas fuera de su casa.[\/vc_column_text][vc_column_text]Para ello cuenta con un servicio de consulta online, y con&#8230; <a class=\"view-article\" href=\"https:\/\/www.clinicarinologica.com\/es\/internacional\/\">Ver art\u00edculo<\/a>","protected":false},"author":1,"featured_media":0,"parent":0,"menu_order":0,"comment_status":"closed","ping_status":"closed","template":"","meta":{"_acf_changed":false,"footnotes":""},"class_list":["post-2038","page","type-page","status-publish","hentry"],"acf":[],"_links":{"self":[{"href":"https:\/\/www.clinicarinologica.com\/es\/wp-json\/wp\/v2\/pages\/2038","targetHints":{"allow":["GET"]}}],"collection":[{"href":"https:\/\/www.clinicarinologica.com\/es\/wp-json\/wp\/v2\/pages"}],"about":[{"href":"https:\/\/www.clinicarinologica.com\/es\/wp-json\/wp\/v2\/types\/page"}],"author":[{"embeddable":true,"href":"https:\/\/www.clinicarinologica.com\/es\/wp-json\/wp\/v2\/users\/1"}],"replies":[{"embeddable":true,"href":"https:\/\/www.clinicarinologica.com\/es\/wp-json\/wp\/v2\/comments?post=2038"}],"version-history":[{"count":6,"href":"https:\/\/www.clinicarinologica.com\/es\/wp-json\/wp\/v2\/pages\/2038\/revisions"}],"predecessor-version":[{"id":4091,"href":"https:\/\/www.clinicarinologica.com\/es\/wp-json\/wp\/v2\/pages\/2038\/revisions\/4091"}],"wp:attachment":[{"href":"https:\/\/www.clinicarinologica.com\/es\/wp-json\/wp\/v2\/media?parent=2038"}],"curies":[{"name":"wp","href":"https:\/\/api.w.org\/{rel}","templated":true}]}}