{"id":2026,"date":"2020-10-19T13:04:07","date_gmt":"2020-10-19T11:04:07","guid":{"rendered":"https:\/\/www.clinicarinologica.com\/?page_id=2026"},"modified":"2021-11-02T10:00:53","modified_gmt":"2021-11-02T08:00:53","slug":"laboratori-del-ronc","status":"publish","type":"page","link":"https:\/\/www.clinicarinologica.com\/es\/laboratori-del-ronc\/","title":{"rendered":"Laboratorio del ronquido"},"content":{"rendered":"[vc_row el_class=\u00bbnormal_paddings\u00bb css=\u00bb.vc_custom_1591593390982{padding-top: 150px !important;}\u00bb][vc_column width=\u00bb1\/4&#8243;][\/vc_column][vc_column width=\u00bb3\/4&#8243;][vc_column_text el_class=\u00bbinside_title\u00bb]\r\n<h1 class=\"p1\"><strong><a href=\"https:\/\/www.clinicarinologica.com\/es\/funcional\/#laboratoris\"><span class=\"s1\">Laboratorios<\/span><\/a><\/strong><\/h1>\r\n[\/vc_column_text][\/vc_column][\/vc_row][vc_row el_class=\u00bbnormal_paddings\u00bb][vc_column width=\u00bb1\/4&#8243;][vc_column_text el_class=\u00bbmedium_text\u00bb]Laboratorio del ronquido[\/vc_column_text][\/vc_column][vc_column width=\u00bb3\/4&#8243;][vc_column_text el_class=\u00bbmedium_text\u00bb]El ronquido se produce cuando el flujo del aire que se respira encuentra una obstrucci\u00f3n al pasar por detr\u00e1s de la boca y la nariz o las v\u00edas bajas, como la laringe. La forma m\u00e1s exagerada del ronquido es la apnea del sue\u00f1o donde se producen episodios frecuentes de paradas respiratorias por obstrucci\u00f3n.[\/vc_column_text][vc_column_text]Las causas de ronquido pueden ser diversas: falta de tono muscular en la boca y la garganta, relajaci\u00f3n muscular por el alcohol o por las pastillas para dormir, dimensi\u00f3n de am\u00edgdalas, paladar o \u00favula, deformidades en la nariz o sobrepeso.\r\n\r\nLa persona que sufre ronquido cr\u00f3nico, o aquellos que roncan en cualquier posici\u00f3n o alteran la vida familiar, tienen que hacer un buen diagn\u00f3stico y buscar una soluci\u00f3n m\u00e9dica para asegurarse que la apnea obstructiva del sue\u00f1o no sea para ellos un problema.[\/vc_column_text][\/vc_column][\/vc_row][vc_row el_class=\u00bbno_paddings\u00bb css=\u00bb.vc_custom_1594135788942{background-color: #282828 !important;}\u00bb][vc_column][vc_single_image image=\u00bb1602&#8243; img_size=\u00bbfull\u00bb css=\u00bb.vc_custom_1596477668755{margin-bottom: 0px !important;}\u00bb][\/vc_column][\/vc_row][vc_row css=\u00bb.vc_custom_1594135547354{background-color: #282828 !important;}\u00bb el_class=\u00bbtab_paddings\u00bb][vc_column width=\u00bb1\/4&#8243;][\/vc_column][vc_column width=\u00bb3\/4&#8243;][vc_column_text el_class=\u00bbmedium_text text_blanc\u00bb]El diagn\u00f3stico de los ronquidos y las apneas es complejo porque diferentes patolog\u00edas pueden generar s\u00edntomas parecidos. [\/vc_column_text][vc_column_text el_class=\u00bbtext_blanc\u00bb]En el Laboratorio del ronquido se hace una exploraci\u00f3n completa \u2014de la nariz, la boca, el paladar, la garganta, la laringe y el cuello\u2014 para llegar a un diagn\u00f3stico preciso sobre la severidad del ronquido y las consecuencias que puede tener para su salud. Seg\u00fan cada caso, se realizan exploraciones complementarias.[\/vc_column_text][vc_video link=\u00bbhttps:\/\/www.youtube.com\/watch?v=U9jEdyI9Ig0&#8243;][vc_video link=\u00bbhttps:\/\/www.youtube.com\/watch?v=9zDXR9tDYDQ\u00bb][\/vc_column][\/vc_row][vc_row el_class=\u00bbnormal_paddings\u00bb css=\u00bb.vc_custom_1594135494144{padding-top: 30px !important;padding-bottom: 80px !important;background-color: #282828 !important;}\u00bb][vc_column][vc_column_text el_class=\u00bbmedium_text\u00bb]Solicite una <a href=\"https:\/\/www.clinicarinologica.com\/solicitud-visita\">primera visita<\/a> para el Laboratorio del ronquido.\r\n\r\nP\u00f3ngase en manos de profesionales; conf\u00ede en el equipo de la Cl\u00ednica Rinol\u00f3gica Maria Colom\u00e9 y recupere su salud nasal.[\/vc_column_text][\/vc_column][\/vc_row]","protected":false},"excerpt":{"rendered":"[vc_row el_class=\u00bbnormal_paddings\u00bb css=\u00bb.vc_custom_1591593390982{padding-top: 150px !important;}\u00bb][vc_column width=\u00bb1\/4&#8243;][\/vc_column][vc_column width=\u00bb3\/4&#8243;][vc_column_text el_class=\u00bbinside_title\u00bb] Laboratorios [\/vc_column_text][\/vc_column][\/vc_row][vc_row el_class=\u00bbnormal_paddings\u00bb][vc_column width=\u00bb1\/4&#8243;][vc_column_text el_class=\u00bbmedium_text\u00bb]Laboratorio del ronquido[\/vc_column_text][\/vc_column][vc_column width=\u00bb3\/4&#8243;][vc_column_text el_class=\u00bbmedium_text\u00bb]El ronquido se produce cuando el flujo del aire que se respira encuentra una obstrucci\u00f3n al pasar por detr\u00e1s de la boca y la nariz o las v\u00edas bajas, como la laringe. La forma m\u00e1s exagerada del ronquido es&#8230; <a class=\"view-article\" href=\"https:\/\/www.clinicarinologica.com\/es\/laboratori-del-ronc\/\">Ver art\u00edculo<\/a>","protected":false},"author":1,"featured_media":0,"parent":0,"menu_order":0,"comment_status":"closed","ping_status":"closed","template":"","meta":{"_acf_changed":false,"footnotes":""},"class_list":["post-2026","page","type-page","status-publish","hentry"],"acf":[],"_links":{"self":[{"href":"https:\/\/www.clinicarinologica.com\/es\/wp-json\/wp\/v2\/pages\/2026","targetHints":{"allow":["GET"]}}],"collection":[{"href":"https:\/\/www.clinicarinologica.com\/es\/wp-json\/wp\/v2\/pages"}],"about":[{"href":"https:\/\/www.clinicarinologica.com\/es\/wp-json\/wp\/v2\/types\/page"}],"author":[{"embeddable":true,"href":"https:\/\/www.clinicarinologica.com\/es\/wp-json\/wp\/v2\/users\/1"}],"replies":[{"embeddable":true,"href":"https:\/\/www.clinicarinologica.com\/es\/wp-json\/wp\/v2\/comments?post=2026"}],"version-history":[{"count":9,"href":"https:\/\/www.clinicarinologica.com\/es\/wp-json\/wp\/v2\/pages\/2026\/revisions"}],"predecessor-version":[{"id":4058,"href":"https:\/\/www.clinicarinologica.com\/es\/wp-json\/wp\/v2\/pages\/2026\/revisions\/4058"}],"wp:attachment":[{"href":"https:\/\/www.clinicarinologica.com\/es\/wp-json\/wp\/v2\/media?parent=2026"}],"curies":[{"name":"wp","href":"https:\/\/api.w.org\/{rel}","templated":true}]}}