{"id":2025,"date":"2020-10-19T13:04:01","date_gmt":"2020-10-19T11:04:01","guid":{"rendered":"https:\/\/www.clinicarinologica.com\/?page_id=2025"},"modified":"2020-12-07T22:30:14","modified_gmt":"2020-12-07T20:30:14","slug":"laboratori-veu-i-oida","status":"publish","type":"page","link":"https:\/\/www.clinicarinologica.com\/es\/laboratori-veu-i-oida\/","title":{"rendered":"Laboratorio de la voz y el oido"},"content":{"rendered":"[vc_row el_class=\u00bbnormal_paddings\u00bb css=\u00bb.vc_custom_1591593390982{padding-top: 150px !important;}\u00bb][vc_column width=\u00bb1\/4&#8243;][\/vc_column][vc_column width=\u00bb3\/4&#8243;][vc_column_text el_class=\u00bbinside_title\u00bb]\r\n<h1 class=\"p1\"><strong><a href=\"https:\/\/www.clinicarinologica.com\/es\/funcional\/#laboratoris\"><span class=\"s1\">Laboratorios<\/span><\/a><\/strong><\/h1>\r\n[\/vc_column_text][\/vc_column][\/vc_row][vc_row el_class=\u00bbnormal_paddings\u00bb][vc_column width=\u00bb1\/4&#8243;][vc_column_text el_class=\u00bbmedium_text\u00bb]Laboratorio de la voz y o\u00eddo[\/vc_column_text][\/vc_column][vc_column width=\u00bb3\/4&#8243;][vc_column_text el_class=\u00bbmedium_text\u00bb]La voz es la \u00fanica parte del cuerpo que nos representa de manera audible expresando nuestro nivel de energ\u00eda, personalidad, y nuestra habilidad art\u00edstica. Para cualquier cantante, m\u00fasico, actor, abogado, profesor, maestro, locutor o presentador, la voz y el o\u00eddo son esenciales para el desarrollo de su profesi\u00f3n.[\/vc_column_text][vc_column_text]Cuando se sufre una alteraci\u00f3n en la voz puede sonar ronca, rasposa, aguda, o se pueden producir cambios de intensidad o de timbre. Estos pueden obedecer a trastornos de la laringe o de las cavidades de resonancia y se denominan disfon\u00edas.\r\n\r\nLas causas de la disfon\u00eda pueden ser diversas. La mayor\u00eda no son graves y remiten en poco tiempo. Cambios m\u00e1s prolongados pueden ser causados por un uso inadecuado y excesivo de la voz, pero tambi\u00e9n por reflujo gastroesof\u00e1gico, por h\u00e1bitos nocivos como fumar, alergias, problemas de la gl\u00e1ndula tiroides, los trastornos neurol\u00f3gicos o los traumas vocales e incluso un c\u00e1ncer.\r\n[\/vc_column_text][\/vc_column][\/vc_row][vc_row el_class=\u00bbno_paddings\u00bb css=\u00bb.vc_custom_1594135788942{background-color: #282828 !important;}\u00bb][vc_column][vc_single_image image=\u00bb1600&#8243; img_size=\u00bbfull\u00bb css=\u00bb.vc_custom_1596477459422{margin-bottom: 0px !important;}\u00bb][\/vc_column][\/vc_row][vc_row css=\u00bb.vc_custom_1594135547354{background-color: #282828 !important;}\u00bb el_class=\u00bbtab_paddings\u00bb][vc_column width=\u00bb1\/4&#8243;][\/vc_column][vc_column width=\u00bb3\/4&#8243;][vc_column_text el_class=\u00bbmedium_text text_blanc\u00bb]El Laboratorio de la voz y el o\u00eddo de la Cl\u00ednica Rinol\u00f3gica Maria Colom\u00e9 ofrece un servicio especializado de diagn\u00f3stico y tratamiento de las patolog\u00edas relacionadas, de la mano de la Dra. Colom\u00e9 y su equipo.[\/vc_column_text][vc_column_text el_class=\u00bbtext_blanc\u00bb]El m\u00e9dico foniatra, junto con el otorrinolaring\u00f3logo, hacen un estudio cuidadoso. Adem\u00e1s de la historia m\u00e9dica, se realiza un examen instrumental y un an\u00e1lisis ac\u00fastico de la voz, un estudio nasal, y de la capacidad pulmonar y auditiva.[\/vc_column_text][vc_video link=\u00bbhttps:\/\/www.youtube.com\/watch?v=SNZm_Hz6sSU\u00bb][\/vc_column][\/vc_row][vc_row el_class=\u00bbnormal_paddings\u00bb css=\u00bb.vc_custom_1594135494144{padding-top: 30px !important;padding-bottom: 80px !important;background-color: #282828 !important;}\u00bb][vc_column][vc_column_text el_class=\u00bbmedium_text\u00bb]Solicite una <a href=\"https:\/\/www.clinicarinologica.com\/solicitud-visita\">primera visita<\/a> para el Laboratorio de la voz y el o\u00eddo.\r\n\r\nP\u00f3ngase en manos de profesionales; conf\u00ede en el equipo de la Cl\u00ednica Rinol\u00f3gica Maria Colom\u00e9 y recupere su salud nasal.[\/vc_column_text][\/vc_column][\/vc_row]","protected":false},"excerpt":{"rendered":"[vc_row el_class=\u00bbnormal_paddings\u00bb css=\u00bb.vc_custom_1591593390982{padding-top: 150px !important;}\u00bb][vc_column width=\u00bb1\/4&#8243;][\/vc_column][vc_column width=\u00bb3\/4&#8243;][vc_column_text el_class=\u00bbinside_title\u00bb] Laboratorios [\/vc_column_text][\/vc_column][\/vc_row][vc_row el_class=\u00bbnormal_paddings\u00bb][vc_column width=\u00bb1\/4&#8243;][vc_column_text el_class=\u00bbmedium_text\u00bb]Laboratorio de la voz y o\u00eddo[\/vc_column_text][\/vc_column][vc_column width=\u00bb3\/4&#8243;][vc_column_text el_class=\u00bbmedium_text\u00bb]La voz es la \u00fanica parte del cuerpo que nos representa de manera audible expresando nuestro nivel de energ\u00eda, personalidad, y nuestra habilidad art\u00edstica. Para cualquier cantante, m\u00fasico, actor, abogado, profesor, maestro, locutor o presentador, la&#8230; <a class=\"view-article\" href=\"https:\/\/www.clinicarinologica.com\/es\/laboratori-veu-i-oida\/\">Ver art\u00edculo<\/a>","protected":false},"author":1,"featured_media":0,"parent":0,"menu_order":0,"comment_status":"closed","ping_status":"closed","template":"","meta":{"_acf_changed":false,"footnotes":""},"class_list":["post-2025","page","type-page","status-publish","hentry"],"acf":[],"_links":{"self":[{"href":"https:\/\/www.clinicarinologica.com\/es\/wp-json\/wp\/v2\/pages\/2025","targetHints":{"allow":["GET"]}}],"collection":[{"href":"https:\/\/www.clinicarinologica.com\/es\/wp-json\/wp\/v2\/pages"}],"about":[{"href":"https:\/\/www.clinicarinologica.com\/es\/wp-json\/wp\/v2\/types\/page"}],"author":[{"embeddable":true,"href":"https:\/\/www.clinicarinologica.com\/es\/wp-json\/wp\/v2\/users\/1"}],"replies":[{"embeddable":true,"href":"https:\/\/www.clinicarinologica.com\/es\/wp-json\/wp\/v2\/comments?post=2025"}],"version-history":[{"count":6,"href":"https:\/\/www.clinicarinologica.com\/es\/wp-json\/wp\/v2\/pages\/2025\/revisions"}],"predecessor-version":[{"id":2757,"href":"https:\/\/www.clinicarinologica.com\/es\/wp-json\/wp\/v2\/pages\/2025\/revisions\/2757"}],"wp:attachment":[{"href":"https:\/\/www.clinicarinologica.com\/es\/wp-json\/wp\/v2\/media?parent=2025"}],"curies":[{"name":"wp","href":"https:\/\/api.w.org\/{rel}","templated":true}]}}