{"id":2024,"date":"2020-10-19T13:03:54","date_gmt":"2020-10-19T11:03:54","guid":{"rendered":"https:\/\/www.clinicarinologica.com\/?page_id=2024"},"modified":"2021-11-02T10:01:33","modified_gmt":"2021-11-02T08:01:33","slug":"laboratori-de-lolfacte","status":"publish","type":"page","link":"https:\/\/www.clinicarinologica.com\/es\/laboratori-de-lolfacte\/","title":{"rendered":"Laboratorio del olfato"},"content":{"rendered":"[vc_row el_class=\u00bbnormal_paddings\u00bb css=\u00bb.vc_custom_1591593390982{padding-top: 150px !important;}\u00bb][vc_column width=\u00bb1\/4&#8243;][\/vc_column][vc_column width=\u00bb3\/4&#8243;][vc_column_text el_class=\u00bbinside_title\u00bb]\r\n<h1 class=\"p1\"><strong><a href=\"https:\/\/www.clinicarinologica.com\/es\/funcional\/#laboratoris\"><span class=\"s1\">Laboratorios<\/span><\/a><\/strong><\/h1>\r\n[\/vc_column_text][\/vc_column][\/vc_row][vc_row el_class=\u00bbnormal_paddings\u00bb][vc_column width=\u00bb1\/4&#8243;][vc_column_text el_class=\u00bbmedium_text\u00bb]Laboratorio del olfato[\/vc_column_text][\/vc_column][vc_column width=\u00bb3\/4&#8243;][vc_column_text el_class=\u00bbmedium_text\u00bb]El olfato es el m\u00e1s primitivo de los sentidos y gracias a \u00e9l podemos llevar a cabo funciones tan esenciales como la alimentaci\u00f3n o la sexualidad y procreaci\u00f3n. A\u00fan as\u00ed, los problemas del olfato y del gusto son a menudo poco tenidos en cuenta, a pesar de la gran importancia que este sentido tiene para las personas.[\/vc_column_text][vc_column_text]La p\u00e9rdida parcial (hiposmia) o total (anosmia) del olfato puede tener consecuencias importantes para la salud y el bienestar de las personas, como las siguientes: mala alimentaci\u00f3n o desnutrici\u00f3n; bajo est\u00edmulo sexual; baja de higiene u obsesi\u00f3n; tristeza, depresi\u00f3n y ansiedad; p\u00e9rdida de relaciones sociales; peligros dom\u00e9sticos y laborales.[\/vc_column_text][\/vc_column][\/vc_row][vc_row el_class=\u00bbno_paddings\u00bb css=\u00bb.vc_custom_1596473472666{background-color: #282828 !important;}\u00bb][vc_column][vc_single_image image=\u00bb1594&#8243; img_size=\u00bbfull\u00bb el_class=\u00bbfullwidth\u00bb][\/vc_column][\/vc_row][vc_row el_class=\u00bbnormal_paddings\u00bb css=\u00bb.vc_custom_1594659730431{background-color: #282828 !important;}\u00bb][vc_column][vc_column_text el_class=\u00bbmedium_text super_big\u00bb]Un 20% de personas son conscientes de que sufren una alteraci\u00f3n del olfato. Un diagn\u00f3stico a tiempo puede ayudar a recuperar el olfato y el gusto.[\/vc_column_text][\/vc_column][\/vc_row][vc_row css=\u00bb.vc_custom_1594135547354{background-color: #282828 !important;}\u00bb el_class=\u00bbtab_paddings\u00bb][vc_column width=\u00bb1\/4&#8243;][\/vc_column][vc_column width=\u00bb3\/4&#8243;][vc_column_text el_class=\u00bbmedium_text text_blanc\u00bb]El Laboratorio del olfato de la Cl\u00ednica Rinol\u00f3gica Maria Colom\u00e9 ofrece un servicio especializado de diagn\u00f3stico y tratamiento de las alteraciones del olfato y del gusto, de la mano de la Dra. Colom\u00e9 y su equipo.[\/vc_column_text][vc_column_text el_class=\u00bbtext_blanc\u00bb]La atenci\u00f3n de las patolog\u00edas de olfato y gusto pueden devolver hasta el 100% del sentido. Son muchos los pacientes que han recuperado su olfato y gusto gracias a la atenci\u00f3n y tratamiento recibidos en la Cl\u00ednica Rinol\u00f3gica Maria Colom\u00e9.[\/vc_column_text][vc_video link=\u00bbhttps:\/\/www.youtube.com\/watch?v=VUXP7MaXb30&#8243;][vc_video link=\u00bbhttps:\/\/www.youtube.com\/watch?v=DvPu8eq2Nqg\u00bb][\/vc_column][\/vc_row][vc_row el_class=\u00bbnormal_paddings\u00bb css=\u00bb.vc_custom_1594135494144{padding-top: 30px !important;padding-bottom: 80px !important;background-color: #282828 !important;}\u00bb][vc_column][vc_column_text el_class=\u00bbmedium_text\u00bb]Solicite una\u00a0<a href=\"https:\/\/www.clinicarinologica.com\/solicitud-visita\">primera visita<\/a> para el Laboratorio del olfato.\r\n\r\nP\u00f3ngase en manos de profesionales; conf\u00ede en el equipo de la Cl\u00ednica Rinol\u00f3gica Maria Colom\u00e9 y recupere su salud nasal.\r\n\r\n[\/vc_column_text][\/vc_column][\/vc_row]","protected":false},"excerpt":{"rendered":"[vc_row el_class=\u00bbnormal_paddings\u00bb css=\u00bb.vc_custom_1591593390982{padding-top: 150px !important;}\u00bb][vc_column width=\u00bb1\/4&#8243;][\/vc_column][vc_column width=\u00bb3\/4&#8243;][vc_column_text el_class=\u00bbinside_title\u00bb] Laboratorios [\/vc_column_text][\/vc_column][\/vc_row][vc_row el_class=\u00bbnormal_paddings\u00bb][vc_column width=\u00bb1\/4&#8243;][vc_column_text el_class=\u00bbmedium_text\u00bb]Laboratorio del olfato[\/vc_column_text][\/vc_column][vc_column width=\u00bb3\/4&#8243;][vc_column_text el_class=\u00bbmedium_text\u00bb]El olfato es el m\u00e1s primitivo de los sentidos y gracias a \u00e9l podemos llevar a cabo funciones tan esenciales como la alimentaci\u00f3n o la sexualidad y procreaci\u00f3n. A\u00fan as\u00ed, los problemas del olfato y del gusto son a&#8230; <a class=\"view-article\" href=\"https:\/\/www.clinicarinologica.com\/es\/laboratori-de-lolfacte\/\">Ver art\u00edculo<\/a>","protected":false},"author":1,"featured_media":0,"parent":0,"menu_order":0,"comment_status":"closed","ping_status":"closed","template":"","meta":{"_acf_changed":false,"footnotes":""},"class_list":["post-2024","page","type-page","status-publish","hentry"],"acf":[],"_links":{"self":[{"href":"https:\/\/www.clinicarinologica.com\/es\/wp-json\/wp\/v2\/pages\/2024","targetHints":{"allow":["GET"]}}],"collection":[{"href":"https:\/\/www.clinicarinologica.com\/es\/wp-json\/wp\/v2\/pages"}],"about":[{"href":"https:\/\/www.clinicarinologica.com\/es\/wp-json\/wp\/v2\/types\/page"}],"author":[{"embeddable":true,"href":"https:\/\/www.clinicarinologica.com\/es\/wp-json\/wp\/v2\/users\/1"}],"replies":[{"embeddable":true,"href":"https:\/\/www.clinicarinologica.com\/es\/wp-json\/wp\/v2\/comments?post=2024"}],"version-history":[{"count":9,"href":"https:\/\/www.clinicarinologica.com\/es\/wp-json\/wp\/v2\/pages\/2024\/revisions"}],"predecessor-version":[{"id":4059,"href":"https:\/\/www.clinicarinologica.com\/es\/wp-json\/wp\/v2\/pages\/2024\/revisions\/4059"}],"wp:attachment":[{"href":"https:\/\/www.clinicarinologica.com\/es\/wp-json\/wp\/v2\/media?parent=2024"}],"curies":[{"name":"wp","href":"https:\/\/api.w.org\/{rel}","templated":true}]}}