{"id":2023,"date":"2020-10-19T13:03:49","date_gmt":"2020-10-19T11:03:49","guid":{"rendered":"https:\/\/www.clinicarinologica.com\/?page_id=2023"},"modified":"2020-12-07T22:39:35","modified_gmt":"2020-12-07T20:39:35","slug":"laboratori-obstruccio-nasal","status":"publish","type":"page","link":"https:\/\/www.clinicarinologica.com\/es\/laboratori-obstruccio-nasal\/","title":{"rendered":"Laboratorio de obstrucci\u00f3n nasal"},"content":{"rendered":"<p>[vc_row el_class=\u00bbnormal_paddings\u00bb css=\u00bb.vc_custom_1591593390982{padding-top: 150px !important;}\u00bb][vc_column width=\u00bb1\/4&#8243;][\/vc_column][vc_column width=\u00bb3\/4&#8243;][vc_column_text el_class=\u00bbinside_title\u00bb]<\/p>\r\n<h1 class=\"p1\"><strong><a href=\"https:\/\/www.clinicarinologica.com\/es\/funcional\/#laboratoris\"><span class=\"s1\">Laboratorios<\/span><\/a><\/strong><\/h1>\r\n<p>[\/vc_column_text][\/vc_column][\/vc_row][vc_row el_class=\u00bbnormal_paddings\u00bb][vc_column width=\u00bb1\/4&#8243;][vc_column_text el_class=\u00bbmedium_text\u00bb]Laboratorio de obstrucci\u00f3n nasal[\/vc_column_text][\/vc_column][vc_column width=\u00bb3\/4&#8243;][vc_column_text el_class=\u00bbmedium_text\u00bb]Los problemas respiratorios nasales pueden tener or\u00edgenes muy diversos. En la mayor\u00eda de casos, no hay un \u00fanico motivo, sino que son diferentes los factores que hacen que la persona sufra este problema respiratorio nasal. Cuantas m\u00e1s causas se conozcan, mejor se puede abordar el problema.[\/vc_column_text][vc_column_text]Entre los problemas m\u00e1s comunes est\u00e1n los problemas al\u00e9rgicos, endocrinos o emocionales, entre otros, pueden afectar la mucosa nasal con una hiperreactividad, y derivar en una rinitis, sinusitis o p\u00f3lipos, y un aumento de la obstrucci\u00f3n nasal. Tambi\u00e9n pueden estar relacionados con patolog\u00edas mec\u00e1nicas o cong\u00e9nitas de los \u00f3rganos, como puede ser una desviaci\u00f3n del tabique o una anomal\u00eda en la v\u00e1lvula nasal. Adem\u00e1s, unos h\u00e1bitos de vida poco saludables pueden agravar estos problemas y sus s\u00edntomas.[\/vc_column_text][\/vc_column][\/vc_row][vc_row css=\u00bb.vc_custom_1597573399228{background-color: #282828 !important;}\u00bb el_class=\u00bbno_paddings\u00bb][vc_column][vc_single_image image=\u00bb2922&#8243; img_size=\u00bbfull\u00bb][\/vc_column][\/vc_row][vc_row css=\u00bb.vc_custom_1594135547354{background-color: #282828 !important;}\u00bb el_class=\u00bbtab_paddings\u00bb][vc_column width=\u00bb1\/4&#8243;][\/vc_column][vc_column width=\u00bb3\/4&#8243;][vc_column_text el_class=\u00bbmedium_text text_blanc super_big\u00bb]Un diagn\u00f3stico profesional, que tenga en cuenta las diferentes causas posibles, permite ofrecer una soluci\u00f3n m\u00e1s efectiva.[\/vc_column_text][vc_column_text el_class=\u00bbtext_blanc\u00bb]El Laboratorio de Obstrucci\u00f3n nasal de la Cl\u00ednica Rinol\u00f3gica Maria Colom\u00e9 ofrece un servicio especializado de diagn\u00f3stico y tratamiento de las patolog\u00edas respiratorias nasales, de la mano de la Dra. Colom\u00e9 y su equipo.[\/vc_column_text][vc_video link=\u00bbhttps:\/\/www.youtube.com\/watch?v=19NRRayz2kc\u00bb][\/vc_column][\/vc_row][vc_row el_class=\u00bbnormal_paddings\u00bb css=\u00bb.vc_custom_1594135494144{padding-top: 30px !important;padding-bottom: 80px !important;background-color: #282828 !important;}\u00bb][vc_column][vc_column_text el_class=\u00bbmedium_text\u00bb]Solicite una <a href=\"https:\/\/www.clinicarinologica.com\/es\/solicitud-visita\">primera visita<\/a> para el Laboratorio de obstrucci\u00f3n nasal.<\/p>\r\n<p>P\u00f3ngase en manos de profesionales; conf\u00ede en el equipo de la Cl\u00ednica Rinol\u00f3gica Maria Colom\u00e9 y recupere su salud nasal.[\/vc_column_text][\/vc_column][\/vc_row]<\/p>\r\n","protected":false},"excerpt":{"rendered":"[vc_row el_class=\u00bbnormal_paddings\u00bb css=\u00bb.vc_custom_1591593390982{padding-top: 150px !important;}\u00bb][vc_column width=\u00bb1\/4&#8243;][\/vc_column][vc_column width=\u00bb3\/4&#8243;][vc_column_text el_class=\u00bbinside_title\u00bb] Laboratorios [\/vc_column_text][\/vc_column][\/vc_row][vc_row el_class=\u00bbnormal_paddings\u00bb][vc_column width=\u00bb1\/4&#8243;][vc_column_text el_class=\u00bbmedium_text\u00bb]Laboratorio de obstrucci\u00f3n nasal[\/vc_column_text][\/vc_column][vc_column width=\u00bb3\/4&#8243;][vc_column_text el_class=\u00bbmedium_text\u00bb]Los problemas respiratorios nasales pueden tener or\u00edgenes muy diversos. En la mayor\u00eda de casos, no hay un \u00fanico motivo, sino que son diferentes los factores que hacen que la persona sufra este problema respiratorio nasal. Cuantas m\u00e1s causas&#8230; <a class=\"view-article\" href=\"https:\/\/www.clinicarinologica.com\/es\/laboratori-obstruccio-nasal\/\">Ver art\u00edculo<\/a>","protected":false},"author":1,"featured_media":0,"parent":0,"menu_order":0,"comment_status":"closed","ping_status":"closed","template":"","meta":{"_acf_changed":false,"footnotes":""},"class_list":["post-2023","page","type-page","status-publish","hentry"],"acf":[],"_links":{"self":[{"href":"https:\/\/www.clinicarinologica.com\/es\/wp-json\/wp\/v2\/pages\/2023","targetHints":{"allow":["GET"]}}],"collection":[{"href":"https:\/\/www.clinicarinologica.com\/es\/wp-json\/wp\/v2\/pages"}],"about":[{"href":"https:\/\/www.clinicarinologica.com\/es\/wp-json\/wp\/v2\/types\/page"}],"author":[{"embeddable":true,"href":"https:\/\/www.clinicarinologica.com\/es\/wp-json\/wp\/v2\/users\/1"}],"replies":[{"embeddable":true,"href":"https:\/\/www.clinicarinologica.com\/es\/wp-json\/wp\/v2\/comments?post=2023"}],"version-history":[{"count":12,"href":"https:\/\/www.clinicarinologica.com\/es\/wp-json\/wp\/v2\/pages\/2023\/revisions"}],"predecessor-version":[{"id":2924,"href":"https:\/\/www.clinicarinologica.com\/es\/wp-json\/wp\/v2\/pages\/2023\/revisions\/2924"}],"wp:attachment":[{"href":"https:\/\/www.clinicarinologica.com\/es\/wp-json\/wp\/v2\/media?parent=2023"}],"curies":[{"name":"wp","href":"https:\/\/api.w.org\/{rel}","templated":true}]}}