{"id":2022,"date":"2020-10-19T13:03:41","date_gmt":"2020-10-19T11:03:41","guid":{"rendered":"https:\/\/www.clinicarinologica.com\/?page_id=2022"},"modified":"2020-12-07T21:59:11","modified_gmt":"2020-12-07T19:59:11","slug":"operacio","status":"publish","type":"page","link":"https:\/\/www.clinicarinologica.com\/es\/operacio\/","title":{"rendered":"La operaci\u00f3n"},"content":{"rendered":"[vc_row el_class=\u00bbnormal_paddings\u00bb css=\u00bb.vc_custom_1591593390982{padding-top: 150px !important;}\u00bb][vc_column width=\u00bb1\/4&#8243;][\/vc_column][vc_column width=\u00bb3\/4&#8243;][vc_column_text el_class=\u00bbinside_title\u00bb]\r\n<h1 class=\"p1\"><strong><a href=\"https:\/\/www.clinicarinologica.com\/es\/funcional\/#cirurgia\"><span class=\"s1\">Cirug\u00eda funcional<\/span><\/a><\/strong><\/h1>\r\n[\/vc_column_text][\/vc_column][\/vc_row][vc_row el_class=\u00bbnormal_paddings_2&#8243;][vc_column width=\u00bb1\/4&#8243;][vc_column_text el_class=\u00bbinside_title\u00bb]\r\n<h1 class=\"p1\">La operaci\u00f3n<\/h1>\r\n[\/vc_column_text][vc_column_text el_class=\u00bbanchor_list\u00bb]<a href=\"#apt1\"><strong>El preoperatorio<\/strong><\/a>\r\n\r\n<a href=\"#apt2\"><strong>La operaci\u00f3n<\/strong><\/a>\r\n\r\n<a href=\"#apt3\"><strong>El postoperatorio<\/strong><\/a>\r\n\r\n<a href=\"#apt4\"><strong>La recuperaci\u00f3n<\/strong><\/a>[\/vc_column_text][\/vc_column][vc_column width=\u00bb3\/4&#8243;][vc_column_text el_class=\u00bbmedium_text\u00bb]Haremos todas las operaciones siguiendo unos protocolos de calidad y seguridad rigurosos, desde el preoperatorio hasta el alta m\u00e9dica.[\/vc_column_text][\/vc_column][\/vc_row][vc_row el_class=\u00bbno_paddings\u00bb css=\u00bb.vc_custom_1594635792974{background-color: #282828 !important;}\u00bb][vc_column][vc_single_image image=\u00bb1752&#8243; img_size=\u00bbfull\u00bb css=\u00bb.vc_custom_1597573072472{margin-bottom: 0px !important;}\u00bb][vc_raw_html]JTNDYSUyMGlkJTNEJTIyYXB0MSUyMiUzRSUzQyUyRmElM0U=[\/vc_raw_html][\/vc_column][\/vc_row][vc_row css=\u00bb.vc_custom_1595342703355{background-color: #282828 !important;}\u00bb el_class=\u00bbnormal_paddings\u00bb][vc_column width=\u00bb1\/4&#8243;][\/vc_column][vc_column width=\u00bb3\/4&#8243;][vc_column_text el_class=\u00bbmedium_text text_blanc super_big\u00bb]El preoperatorio[\/vc_column_text][vc_column_text el_class=\u00bbmedium_text text_blanc\u00bb]Antes de una intervenci\u00f3n quir\u00fargica se ha de comprobar el estado de salud general de la persona. Las pruebas preoperatorias pueden variar en funci\u00f3n de cada paciente, pero generalmente son las siguientes: anal\u00edtica de sangre, radiograf\u00eda de t\u00f3rax, electrocardiograma.\r\n[\/vc_column_text][vc_column_text el_class=\u00bbtext_blanc\u00bb]En la visita preoperatoria, el cirujano evaluar\u00e1 los resultados de las pruebas y le resolver\u00e1 todas las dudas o inquietudes que usted tenga. La comunicaci\u00f3n entre m\u00e9dico y paciente es fundamental en todo momento. Este mismo d\u00eda le informaremos con detalle de la hora de ingreso y de la documentaci\u00f3n que necesita, para que no se tenga que preocupar por nada. Tambi\u00e9n le daremos el consentimiento informado para que lo lea y lo firme.\r\n\r\nEn caso de que sea necesario, en el periodo preoperatorio, utilizaremos terapias complementarias para que disfrute del m\u00e1ximo bienestar antes y durante la operaci\u00f3n, y para mejorar los resultados postoperatorios. El uso de estas terapias dentro del marco de la Medicina Integrativa ayuda a disminuir la inflamaci\u00f3n y el dolor, y a reducir el tiempo de recuperaci\u00f3n y el riesgo de hemorragias.[\/vc_column_text][vc_raw_html]JTNDYSUyMG5hbWUlM0QlMjJhcHQyJTIyJTNFJTNDJTJGYSUzRQ==[\/vc_raw_html][\/vc_column][\/vc_row][vc_row css=\u00bb.vc_custom_1595342708486{background-color: #282828 !important;}\u00bb el_class=\u00bbnormal_paddings\u00bb][vc_column width=\u00bb1\/4&#8243;][\/vc_column][vc_column width=\u00bb3\/4&#8243;][vc_column_text el_class=\u00bbmedium_text text_blanc super_big\u00bb]La operaci\u00f3n[\/vc_column_text][vc_column_text el_class=\u00bbmedium_text text_blanc\u00bb]\r\n<p class=\"main\">Las intervenciones nasales se realizan bajo anestesia local o general. La duraci\u00f3n depende de cada caso y tipo de cirug\u00eda, y puede oscilar entre 15 minutos y 3 horas.<\/p>\r\n[\/vc_column_text][vc_column_text el_class=\u00bbtext_blanc\u00bb]\r\n<p class=\"main\">Operamos en un entorno confortable y de alta seguridad que nos permite atender cualquier circunstancia con rapidez y eficiencia.<\/p>\r\n<p class=\"main\">Estaremos a su lado en todo momento para acompa\u00f1arle y resolver cualquier duda, y mantendremos informados a sus acompa\u00f1antes de c\u00f3mo ha ido la intervenci\u00f3n.<\/p>\r\n<p class=\"main\">Probablemente le recomendaremos que pase una noche en el hospital bajo la atenci\u00f3n de las enfermeras de la cl\u00ednica.<\/p>\r\n[\/vc_column_text][vc_column_text el_class=\u00bbmedium_text text_blanc\u00bb]\u201cEstuve padeciendo de migra\u00f1a durante 15 a\u00f1os. Era imposible vivir as\u00ed.\u201d[\/vc_column_text][vc_raw_html]JTNDZGl2JTIwY2xhc3MlM0QlMjJ2aWRlby1jb250YWluZXIlMjIlM0UlMEElM0NpZnJhbWUlMjB3aWR0aCUzRCUyMjU2MCUyMiUyMGhlaWdodCUzRCUyMjMxNSUyMiUyMHNyYyUzRCUyMmh0dHBzJTNBJTJGJTJGd3d3LnlvdXR1YmUuY29tJTJGZW1iZWQlMkZLVzhiV0IyMWl4OCUyMiUyMGZyYW1lYm9yZGVyJTNEJTIyMCUyMiUyMGFsbG93JTNEJTIyYWNjZWxlcm9tZXRlciUzQiUyMGF1dG9wbGF5JTNCJTIwZW5jcnlwdGVkLW1lZGlhJTNCJTIwZ3lyb3Njb3BlJTNCJTIwcGljdHVyZS1pbi1waWN0dXJlJTIyJTIwYWxsb3dmdWxsc2NyZWVuJTNFJTNDJTJGaWZyYW1lJTNFJTBBJTNDJTJGZGl2JTNF[\/vc_raw_html][vc_column_text el_class=\u00bbtext_blanc\u00bb]<em>La Ciencia de la Salud \u2013 Episodio 2 \u2013 Respira. TV2<\/em>[\/vc_column_text][vc_raw_html css=\u00bb.vc_custom_1591595661332{margin-bottom: 100px !important;}\u00bb]JTNDYSUyMG5hbWUlM0QlMjJhcHQzJTIyJTNFJTNDJTJGYSUzRQ==[\/vc_raw_html][\/vc_column][\/vc_row][vc_row css=\u00bb.vc_custom_1595342712815{background-color: #282828 !important;}\u00bb el_class=\u00bbnormal_paddings\u00bb][vc_column width=\u00bb1\/4&#8243;][\/vc_column][vc_column width=\u00bb3\/4&#8243;][vc_column_text el_class=\u00bbmedium_text text_blanc super_big\u00bb]El postoperatorio[\/vc_column_text][vc_column_text el_class=\u00bbmedium_text text_blanc\u00bb]Las primeras horas despu\u00e9s de la intervenci\u00f3n estar\u00e1 en la cama con la cabeza elevada, para minimizar la posibilidad que se haga un edema y se produzca abultamiento en los tejidos afectados por la operaci\u00f3n.[\/vc_column_text][vc_column_text el_class=\u00bbtext_blanc\u00bb]Muchas veces hay que hacer un taponamiento nasal, que se retira entre 1 y 4 d\u00edas despu\u00e9s de la intervenci\u00f3n.\r\n\r\nLe daremos antibi\u00f3ticos para evitar posibles infecciones. Si hace falta, le recetaremos alg\u00fan calmante y\/o antiinflamatorio.\r\n\r\nEs probable que le recomendemos hacer dos sesiones de Medicina China con acupuntura o ventosas en los 10 d\u00edas posteriores a la intervenci\u00f3n. Esto permite reducir el edema y el hematoma, acelerando el proceso de recuperaci\u00f3n de forma notable.\r\n\r\nLa acupuntura es especialmente recomendable para los pacientes que crean fibrosis cicatricial despu\u00e9s de la operaci\u00f3n de Rinoplastia. La fibrosis cicatricial es un endurecimiento del tejido de la nariz debida a la naturaleza de la piel de algunas personas.[\/vc_column_text][vc_raw_html]JTNDYSUyMG5hbWUlM0QlMjJhcHQ0JTIyJTNFJTNDJTJGYSUzRQ==[\/vc_raw_html][\/vc_column][\/vc_row][vc_row css=\u00bb.vc_custom_1595342717522{background-color: #282828 !important;}\u00bb el_class=\u00bbnormal_paddings\u00bb][vc_column width=\u00bb1\/4&#8243;][\/vc_column][vc_column width=\u00bb3\/4&#8243;][vc_column_text el_class=\u00bbmedium_text text_blanc super_big\u00bb]La recuperaci\u00f3n[\/vc_column_text][vc_column_text el_class=\u00bbmedium_text text_blanc\u00bb]El ritmo de recuperaci\u00f3n depende de varios factores, como la edad de los pacientes o el tipo de intervenci\u00f3n. [\/vc_column_text][vc_column_text el_class=\u00bbtext_blanc\u00bb]Despu\u00e9s de una cirug\u00eda funcional, generalmente al cabo de 10 d\u00edas se puede retomar la actividad cotidiana con cierta normalidad.\r\n\r\nDespu\u00e9s de una rinoplastia est\u00e9tica, hay que contar entre 1 y 3 semanas para poder hacer vida normal.\r\n\r\nPara agilizar la recuperaci\u00f3n y optimizar los resultados de la operaci\u00f3n, en muchos casos recomendamos hacer una rehabilitaci\u00f3n respiratoria a trav\u00e9s de nuestro Taller de Oxigenaci\u00f3n.[\/vc_column_text][vc_video link=\u00bbhttps:\/\/www.youtube.com\/watch?v=ldP4QuAYB0o\u00bb][\/vc_column][\/vc_row][vc_row el_class=\u00bbnormal_paddings\u00bb css=\u00bb.vc_custom_1595342740889{background-color: #282828 !important;}\u00bb][vc_column][vc_column_text el_class=\u00bbmedium_text\u00bb css=\u00bb.vc_custom_1603311308949{padding-top: 30px !important;padding-bottom: 80px !important;}\u00bb]Si tiene alguna duda, p\u00f3ngase en <a href=\"https:\/\/www.clinicarinologica.com\/contacte\/\">contacto<\/a> con nosotros. Le atenderemos con mucho gusto.\r\nSolicite una <a href=\"https:\/\/www.clinicarinologica.com\/solicitud-visita\">primera visita.<\/a> Haremos lo posible por darle hora r\u00e1pidamente.[\/vc_column_text][\/vc_column][\/vc_row]","protected":false},"excerpt":{"rendered":"[vc_row el_class=\u00bbnormal_paddings\u00bb css=\u00bb.vc_custom_1591593390982{padding-top: 150px !important;}\u00bb][vc_column width=\u00bb1\/4&#8243;][\/vc_column][vc_column width=\u00bb3\/4&#8243;][vc_column_text el_class=\u00bbinside_title\u00bb] Cirug\u00eda funcional [\/vc_column_text][\/vc_column][\/vc_row][vc_row el_class=\u00bbnormal_paddings_2&#8243;][vc_column width=\u00bb1\/4&#8243;][vc_column_text el_class=\u00bbinside_title\u00bb] La operaci\u00f3n [\/vc_column_text][vc_column_text el_class=\u00bbanchor_list\u00bb]El preoperatorio La operaci\u00f3n El postoperatorio La recuperaci\u00f3n[\/vc_column_text][\/vc_column][vc_column width=\u00bb3\/4&#8243;][vc_column_text el_class=\u00bbmedium_text\u00bb]Haremos todas las operaciones siguiendo unos protocolos de calidad y seguridad rigurosos, desde el preoperatorio hasta el alta m\u00e9dica.[\/vc_column_text][\/vc_column][\/vc_row][vc_row el_class=\u00bbno_paddings\u00bb css=\u00bb.vc_custom_1594635792974{background-color: #282828 !important;}\u00bb][vc_column][vc_single_image image=\u00bb1752&#8243; img_size=\u00bbfull\u00bb css=\u00bb.vc_custom_1597573072472{margin-bottom: 0px !important;}\u00bb][vc_raw_html]JTNDYSUyMGlkJTNEJTIyYXB0MSUyMiUzRSUzQyUyRmElM0U=[\/vc_raw_html][\/vc_column][\/vc_row][vc_row css=\u00bb.vc_custom_1595342703355{background-color:&#8230; <a class=\"view-article\" href=\"https:\/\/www.clinicarinologica.com\/es\/operacio\/\">Ver art\u00edculo<\/a>","protected":false},"author":1,"featured_media":0,"parent":0,"menu_order":0,"comment_status":"closed","ping_status":"closed","template":"","meta":{"_acf_changed":false,"footnotes":""},"class_list":["post-2022","page","type-page","status-publish","hentry"],"acf":[],"_links":{"self":[{"href":"https:\/\/www.clinicarinologica.com\/es\/wp-json\/wp\/v2\/pages\/2022","targetHints":{"allow":["GET"]}}],"collection":[{"href":"https:\/\/www.clinicarinologica.com\/es\/wp-json\/wp\/v2\/pages"}],"about":[{"href":"https:\/\/www.clinicarinologica.com\/es\/wp-json\/wp\/v2\/types\/page"}],"author":[{"embeddable":true,"href":"https:\/\/www.clinicarinologica.com\/es\/wp-json\/wp\/v2\/users\/1"}],"replies":[{"embeddable":true,"href":"https:\/\/www.clinicarinologica.com\/es\/wp-json\/wp\/v2\/comments?post=2022"}],"version-history":[{"count":11,"href":"https:\/\/www.clinicarinologica.com\/es\/wp-json\/wp\/v2\/pages\/2022\/revisions"}],"predecessor-version":[{"id":2905,"href":"https:\/\/www.clinicarinologica.com\/es\/wp-json\/wp\/v2\/pages\/2022\/revisions\/2905"}],"wp:attachment":[{"href":"https:\/\/www.clinicarinologica.com\/es\/wp-json\/wp\/v2\/media?parent=2022"}],"curies":[{"name":"wp","href":"https:\/\/api.w.org\/{rel}","templated":true}]}}