{"id":2021,"date":"2020-10-19T13:03:33","date_gmt":"2020-10-19T11:03:33","guid":{"rendered":"https:\/\/www.clinicarinologica.com\/?page_id=2021"},"modified":"2020-11-22T21:00:18","modified_gmt":"2020-11-22T19:00:18","slug":"esport","status":"publish","type":"page","link":"https:\/\/www.clinicarinologica.com\/es\/esport\/","title":{"rendered":"Deporte"},"content":{"rendered":"[vc_row el_class=\u00bbnormal_paddings\u00bb css=\u00bb.vc_custom_1591593390982{padding-top: 150px !important;}\u00bb][vc_column width=\u00bb1\/4&#8243;][\/vc_column][vc_column width=\u00bb3\/4&#8243;][vc_column_text el_class=\u00bbinside_title\u00bb]\r\n<h1 class=\"p1\"><strong><span class=\"s1\"><a href=\"https:\/\/www.clinicarinologica.com\/es\/funcional\/#programes\">Programas para profesionales<\/a><\/span><\/strong><\/h1>\r\n[\/vc_column_text][\/vc_column][\/vc_row][vc_row el_class=\u00bbnormal_paddings_2&#8243;][vc_column width=\u00bb1\/4&#8243;][vc_column_text el_class=\u00bbinside_title\u00bb]\r\n<h1 class=\"p1\">Deporte y salud nasal<\/h1>\r\n[\/vc_column_text][vc_column_text el_class=\u00bbanchor_list\u00bb]<a href=\"#apt1\"><strong>\u00bfPor qu\u00e9 \u00e9s importante la salud nasal en el deporte?<\/strong><\/a>\r\n\r\n<a href=\"#apt2\"><strong>\u00bfQu\u00e9 me aporta la Cl\u00ednica Rinol\u00f3gica?<\/strong><\/a>[\/vc_column_text][\/vc_column][vc_column width=\u00bb3\/4&#8243;][vc_column_text el_class=\u00bbmedium_text\u00bb]La funci\u00f3n respiratoria nasal es fundamental en la pr\u00e1ctica deportiva. En la Cl\u00ednica Rinol\u00f3gica estudiamos cada caso exhaustivamente y ofrecemos tratamientos personalizados para conseguir una buena salud y un rendimiento \u00f3ptimo. [\/vc_column_text][vc_column_text]F\u00fatbol, baloncesto, tenis, ciclismo &#8230; sea cual sea el deporte que practique, si usted es deportista profesional o hace deporte habitualmente, aseg\u00farese de que respira adecuadamente. Evitar\u00e1 problemas de salud y mejorar\u00e1 su rendimiento f\u00edsico.[\/vc_column_text][\/vc_column][\/vc_row][vc_row el_class=\u00bbno_paddings\u00bb css=\u00bb.vc_custom_1592508066661{margin-top: 40px !important;}\u00bb][vc_column][vc_raw_html]JTNDZGl2JTIwY2xhc3MlM0QlMjJ2aW1lby13cmFwcGVyLXByb2dyYW1lcyUyMiUzRSUwQSUwOSUzQ3ZpZGVvJTIwd2lkdGglM0QlMjIxMDAlMjUlMjIlMjBoZWlnaHQlM0QlMjIxMDAlMjUlMjIlMjBhdXRvcGxheSUzRCUyMiUyMiUyMGxvb3AlM0QlMjIlMjIlMjBwbGF5c2lubGluZSUzRCUyMiUyMiUyMG11dGVkJTNEJTIyJTIyJTIwY29udHJvbHMlM0QlMjJmYWxzZSUyMiUzRSUwQSUwOSUyMCUyMCUzQ3NvdXJjZSUyMHNyYyUzRCUyMmh0dHBzJTNBJTJGJTJGd3d3LmNsaW5pY2FyaW5vbG9naWNhLmNvbSUyRnZpZGVvcyUyRmlTdG9jay01MTY0MzQ5NDhfMS5tcDQlMjIlMjB0eXBlJTNEJTIydmlkZW8lMkZtcDQlMjIlM0UlMEElMDklMjAlMjBZb3VyJTIwYnJvd3NlciUyMGRvZXMlMjBub3QlMjBzdXBwb3J0JTIwdGhlJTIwdmlkZW8lMjB0YWcuJTBBJTA5JTNDJTJGdmlkZW8lM0UlMEElMjAlMjAlMEElM0MlMkZkaXYlM0U=[\/vc_raw_html][vc_raw_html css=\u00bb.vc_custom_1591595652694{margin-bottom: 100px !important;}\u00bb]JTNDYSUyMGlkJTNEJTIyYXB0MSUyMiUzRSUzQyUyRmElM0U=[\/vc_raw_html][\/vc_column][\/vc_row][vc_row css=\u00bb.vc_custom_1595871826691{background-color: #282828 !important;}\u00bb el_class=\u00bbnormal_paddings_2&#8243;][vc_column width=\u00bb1\/4&#8243;][\/vc_column][vc_column width=\u00bb3\/4&#8243;][vc_column_text el_class=\u00bbmedium_text text_blanc super_big\u00bb]\u00bfPor qu\u00e9 es importante la salud nasal en el deporte?[\/vc_column_text][vc_column_text el_class=\u00bbmedium_text text_blanc\u00bb]Un deportista profesional puede llegar a inhalar 40.000 litros de aire al d\u00eda, cuatro veces m\u00e1s que una persona en condiciones normales. Si la nariz no est\u00e1 en perfectas condiciones, esta intensa actividad respiratoria puede repercutir en la fatiga y la salud del deportista.[\/vc_column_text][vc_column_text el_class=\u00bbtext_blanc\u00bb]Las<strong> fosas nasales<\/strong> filtran, limpian, humidifican y calientan el aire que respiramos para que llegue en condiciones \u00f3ptimas a los pulmones. Cuando hay una obstrucci\u00f3n respiratoria nasal se respira m\u00e1s por la boca, disminuye la oxigenaci\u00f3n de las c\u00e9lulas y aumenta la frecuencia respiratoria y card\u00edaca.\r\n\r\nEsto tiene <strong>consecuencias<\/strong> importantes para las personas que practican deporte habitualmente: bajo rendimiento, falta de concentraci\u00f3n, cansancio el d\u00eda siguiente de la pr\u00e1ctica deportiva, ausencias en los entrenamientos, patolog\u00eda card\u00edaca, a la larga.\r\n\r\nUna buena respiraci\u00f3n nasal mejora la oxigenaci\u00f3n de la sangre y, en consecuencia, mejora el funcionamiento general del cuerpo.[\/vc_column_text][vc_raw_html css=\u00bb.vc_custom_1591595656157{margin-bottom: 100px !important;}\u00bb]JTNDYSUyMG5hbWUlM0QlMjJhcHQyJTIyJTNFJTNDJTJGYSUzRQ==[\/vc_raw_html][vc_column_text el_class=\u00bbmedium_text text_blanc super_big\u00bb]\u00bfQu\u00e9 me aporta la Cl\u00ednica Rinol\u00f3gica?[\/vc_column_text][vc_column_text el_class=\u00bbmedium_text text_blanc\u00bb]En la Cl\u00ednica Rinol\u00f3gica estudiaremos exhaustivamente su salud nasal, teniendo en cuenta el grado de actividad f\u00edsica que realiza. Si vemos que no est\u00e1 en condiciones \u00f3ptimas, le ofreceremos un tratamiento personalizado. [\/vc_column_text][vc_video link=\u00bbhttps:\/\/www.youtube.com\/watch?v=l5CXiHcZwK8&#8243;][vc_column_text el_class=\u00bbtext_blanc\u00bb]El <strong>reconocimiento m\u00e9dico<\/strong> consiste en: una exploraci\u00f3n exhaustiva de las v\u00edas respiratorias, pruebas de alergia, un an\u00e1lisis de la permeabilidad nasal, la valoraci\u00f3n de la funci\u00f3n y la edad pulmonar.\r\n\r\nSi hace falta, complementaremos el estudio con otras pruebas.\r\n\r\nCada caso es diferente. Encontraremos la mejor manera de optimizar su salud nasal y su rendimiento deportivo. Hay muchas opciones:\r\n\r\n<strong>Taller de Respiraci\u00f3n y Oxigenaci\u00f3n<\/strong> para aprender ejercicios de jadeo bucal y nasal y entrenar el ritmo respiratorio durante la actividad f\u00edsica. Conseguir\u00e1 mejorar el rendimiento y controlar la fatiga.\r\n\r\n<strong>Tratamientos m\u00e9dicos y\/o quir\u00fargicos<\/strong> para solucionar un problema de obstrucci\u00f3n nasal.\r\n\r\n<strong>Sesiones de acupuntura<\/strong> para conseguir: aumentar la capacidad de resistencia ante el esfuerzo f\u00edsico, mejorar las defensas (los deportistas est\u00e1n constantemente expuestos a cambios clim\u00e1ticos que pueden reducir su capacidad f\u00edsica), incrementar la resistencia aer\u00f3bica y anaer\u00f3bica, disminuir la acumulaci\u00f3n de \u00e1cido l\u00e1ctico, mejorar la distribuci\u00f3n de la glucosa.\r\n\r\nEl consumo de tabaco disminuye muy significativamente el rendimiento de la actividad f\u00edsica. Si usted practica deporte, es especialmente recomendable que deje de fumar. El Taller para dejar de fumar le puede ser muy \u00fatil.\r\n\r\nCon una buena salud nasal, cuando practique deporte rendir\u00e1 m\u00e1s y se cansar\u00e1 menos.[\/vc_column_text][vc_video link=\u00bbhttps:\/\/www.youtube.com\/watch?v=HQmWxA9evhA\u00bb][\/vc_column][\/vc_row][vc_row el_class=\u00bbnormal_paddings_2&#8243; css=\u00bb.vc_custom_1595872041595{padding-top: 20px !important;padding-bottom: 50px !important;background-color: #282828 !important;}\u00bb][vc_column][vc_column_text el_class=\u00bbmedium_text\u00bb]Si tiene cualquier duda, p\u00f3ngase en <a href=\"https:\/\/www.clinicarinologica.com\/es\/contacte\/\">contacto<\/a> con nosotros. Le atenderemos con mucho gusto.\r\n\r\n\u00bfQuiere <a href=\"https:\/\/www.clinicarinologica.com\/es\/sollicitud-de-visita\/\">solicitar una cita<\/a>? Intentaremos darle hora r\u00e1pidamente.[\/vc_column_text][\/vc_column][\/vc_row]","protected":false},"excerpt":{"rendered":"[vc_row el_class=\u00bbnormal_paddings\u00bb css=\u00bb.vc_custom_1591593390982{padding-top: 150px !important;}\u00bb][vc_column width=\u00bb1\/4&#8243;][\/vc_column][vc_column width=\u00bb3\/4&#8243;][vc_column_text el_class=\u00bbinside_title\u00bb] Programas para profesionales [\/vc_column_text][\/vc_column][\/vc_row][vc_row el_class=\u00bbnormal_paddings_2&#8243;][vc_column width=\u00bb1\/4&#8243;][vc_column_text el_class=\u00bbinside_title\u00bb] Deporte y salud nasal [\/vc_column_text][vc_column_text el_class=\u00bbanchor_list\u00bb]\u00bfPor qu\u00e9 \u00e9s importante la salud nasal en el deporte? \u00bfQu\u00e9 me aporta la Cl\u00ednica Rinol\u00f3gica?[\/vc_column_text][\/vc_column][vc_column width=\u00bb3\/4&#8243;][vc_column_text el_class=\u00bbmedium_text\u00bb]La funci\u00f3n respiratoria nasal es fundamental en la pr\u00e1ctica deportiva. En la Cl\u00ednica Rinol\u00f3gica estudiamos cada caso exhaustivamente&#8230; <a class=\"view-article\" href=\"https:\/\/www.clinicarinologica.com\/es\/esport\/\">Ver art\u00edculo<\/a>","protected":false},"author":1,"featured_media":0,"parent":0,"menu_order":0,"comment_status":"closed","ping_status":"closed","template":"","meta":{"_acf_changed":false,"footnotes":""},"class_list":["post-2021","page","type-page","status-publish","hentry"],"acf":[],"_links":{"self":[{"href":"https:\/\/www.clinicarinologica.com\/es\/wp-json\/wp\/v2\/pages\/2021","targetHints":{"allow":["GET"]}}],"collection":[{"href":"https:\/\/www.clinicarinologica.com\/es\/wp-json\/wp\/v2\/pages"}],"about":[{"href":"https:\/\/www.clinicarinologica.com\/es\/wp-json\/wp\/v2\/types\/page"}],"author":[{"embeddable":true,"href":"https:\/\/www.clinicarinologica.com\/es\/wp-json\/wp\/v2\/users\/1"}],"replies":[{"embeddable":true,"href":"https:\/\/www.clinicarinologica.com\/es\/wp-json\/wp\/v2\/comments?post=2021"}],"version-history":[{"count":9,"href":"https:\/\/www.clinicarinologica.com\/es\/wp-json\/wp\/v2\/pages\/2021\/revisions"}],"predecessor-version":[{"id":2768,"href":"https:\/\/www.clinicarinologica.com\/es\/wp-json\/wp\/v2\/pages\/2021\/revisions\/2768"}],"wp:attachment":[{"href":"https:\/\/www.clinicarinologica.com\/es\/wp-json\/wp\/v2\/media?parent=2021"}],"curies":[{"name":"wp","href":"https:\/\/api.w.org\/{rel}","templated":true}]}}