{"id":2020,"date":"2020-10-19T13:03:28","date_gmt":"2020-10-19T11:03:28","guid":{"rendered":"https:\/\/www.clinicarinologica.com\/?page_id=2020"},"modified":"2024-03-25T11:10:04","modified_gmt":"2024-03-25T09:10:04","slug":"equip","status":"publish","type":"page","link":"https:\/\/www.clinicarinologica.com\/es\/equip\/","title":{"rendered":"Equipo"},"content":{"rendered":"[vc_row el_id=\u00bbintro_text\u00bb el_class=\u00bbresultats\u00bb][vc_column][vc_row_inner css=\u00bb.vc_custom_1603387059906{padding-top: 0px !important;background-color: #282828 !important;}\u00bb][vc_column_inner el_class=\u00bbintro_text_in\u00bb][vc_column_text el_class=\u00bbwhite\u00bb css=\u00bb.vc_custom_1635842398050{padding-top: 50px !important;background-color: #282828 !important;}\u00bb]<span style=\"color: #ffffff;\">La Dra. Maria Colom\u00e9, fundadora y directora de la Cl\u00ednica Rinol\u00f3gica, cuenta con la colaboraci\u00f3n de un equipo de especialistas de diversas disciplinas.<\/span> Profesionales altamente cualificados, respetuosos y atentos. El trabajo en equipo nos permite entender cada paciente desde una perspectiva global. Nos <strong class=\"hover_img\"><span class=\"move\">formamos<\/span><img loading=\"lazy\" decoding=\"async\" class=\"aligncenter wp-image-1912 size-full\" src=\"https:\/\/www.clinicarinologica.com\/wp-content\/uploads\/2020\/10\/CRMC_doctora_equip.jpeg\" alt=\"\" width=\"662\" height=\"624\" srcset=\"https:\/\/www.clinicarinologica.com\/wp-content\/uploads\/2020\/10\/CRMC_doctora_equip.jpeg 662w, https:\/\/www.clinicarinologica.com\/wp-content\/uploads\/2020\/10\/CRMC_doctora_equip-250x236.jpeg 250w, https:\/\/www.clinicarinologica.com\/wp-content\/uploads\/2020\/10\/CRMC_doctora_equip-120x113.jpeg 120w\" sizes=\"auto, (max-width: 662px) 100vw, 662px\" \/><\/strong> continuamente.[\/vc_column_text][vc_column_text el_class=\u00bbpetit\u00bb]\r\n<p style=\"text-align: center;\"><span style=\"color: #ffffff;\"><img loading=\"lazy\" decoding=\"async\" class=\"scroll-down-arrow alignnone wp-image-806\" src=\"https:\/\/www.clinicarinologica.com\/wp-content\/uploads\/2020\/06\/scroll_down.gif\" alt=\"\" width=\"50\" height=\"50\" \/><\/span><\/p>\r\n[\/vc_column_text][\/vc_column_inner][\/vc_row_inner][\/vc_column][\/vc_row][vc_row equal_height=\u00bbyes\u00bb css=\u00bb.vc_custom_1594656603444{margin-top: 180px !important;margin-bottom: 0px !important;padding-top: 0px !important;padding-right: 0px !important;padding-bottom: 0px !important;padding-left: 0px !important;}\u00bb el_class=\u00bbequip_cont\u00bb][vc_column width=\u00bb1\/2&#8243; css=\u00bb.vc_custom_1594650604348{padding-top: 40px !important;padding-right: 40px !important;padding-bottom: 100px !important;padding-left: 60px !important;background-color: #ffffff !important;}\u00bb el_class=\u00bbequip_noms\u00bb][vc_column_text el_class=\u00bbmedium_text equip equip_1&#8243;]<strong class=\"hover_text_move\"><span class=\"move\" data-id=\"equip_1\">Dra. Maria Colom\u00e9<\/span><span class=\"move_show\"> Otorrinolaringolog\u00eda<\/span><\/strong>[\/vc_column_text][vc_column_text el_class=\u00bbmedium_text equip equip_3&#8243;]<strong class=\"hover_text_move\"><span class=\"move\" data-id=\"equip_3\">Dr. Marc Pellicer<\/span> <span class=\"move_show\">Otorrinolaringolog\u00eda pedi\u00e1trica<\/span><\/strong>[\/vc_column_text][vc_column_text el_class=\u00bbmedium_text equip_6&#8243;]<strong class=\"hover_text_move\"><span class=\"move\" data-id=\"equip_6\">Dra. Ana Uriel<\/span> <span class=\"move_show\">Terapias complementarias<\/span><\/strong>[\/vc_column_text][vc_column_text el_class=\u00bbmedium_text equip_7&#8243;]<strong class=\"hover_text_move\"><span class=\"move\" data-id=\"equip_7\">Dra. M. \u00c0ngels Gonz\u00e1lez<\/span> <span class=\"move_show\">Psicolog\u00eda<\/span><\/strong>[\/vc_column_text][vc_column_text el_class=\u00bbmedium_text equip_5&#8243;]<strong class=\"hover_text_move\"><span class=\"move\" data-id=\"equip_5\">M. \u00c0ngels Civit<\/span> <span class=\"move_show\">T\u00e9cnica vocal y rehabilitaci\u00f3n respiratoria<\/span><\/strong>[\/vc_column_text][vc_column_text el_class=\u00bbmedium_text equip_12&#8243;]<strong class=\"hover_text_move\"><span class=\"move\" data-id=\"equip_12\">Montse Gros<\/span> <span class=\"move_show\">Coordinadora<\/span><\/strong>[\/vc_column_text][vc_column_text el_class=\u00bbmedium_text equip_8&#8243;]<strong class=\"hover_text_move\"><span class=\"move\" data-id=\"equip_8\"> Merc\u00e8 Torrente<\/span> <span class=\"move_show\">Instrumentista<\/span><\/strong>[\/vc_column_text][vc_column_text el_class=\u00bbmedium_text equip_8&#8243;]<strong class=\"hover_text_move\"><span class=\"move\" data-id=\"equip_80\"> Jordan Garc\u00eda <\/span> <span class=\"move_show\">Instrumentista<\/span><\/strong>[\/vc_column_text][vc_column_text el_class=\u00bbmedium_text equip_8&#8243;]<strong class=\"hover_text_move\"><span class=\"move\" data-id=\"equip_81\"> Laura Jorba <\/span> <span class=\"move_show\">Enfermera<\/span><\/strong>[\/vc_column_text][vc_column_text el_class=\u00bbmedium_text equip_8&#8243;]<strong class=\"hover_text_move\"><span class=\"move\" data-id=\"equip_81\"> Andrea Morte <\/span> <span class=\"move_show\">Enfermera<\/span><\/strong>[\/vc_column_text][\/vc_column][vc_column width=\u00bb1\/2&#8243; css=\u00bb.vc_custom_1594656686831{background-color: #282828 !important;}\u00bb el_class=\u00bbequip_info\u00bb][vc_row_inner el_class=\u00bbequip_1&#8243; css=\u00bb.vc_custom_1594656655135{padding-bottom: 50px !important;background-color: #282828 !important;}\u00bb][vc_column_inner][vc_column_text el_class=\u00bbmedium_text text_blanc\u00bb]Dra. Maria Colom\u00e9 Calaf\u00ed[\/vc_column_text][vc_column_text el_class=\u00bbtext_blanc\u00bb]<strong>Otorrinolaringolog\u00eda<\/strong>\r\n<strong>Fundadora y Directora de la Cl\u00ednica Rinol\u00f3gica Maria Colom\u00e9<\/strong>\r\n\r\nColegiada n\u00famero 22.231 Col.legi oficial de metges de Barcelona[\/vc_column_text][vc_single_image image=\u00bb1255&#8243; img_size=\u00bbfull\u00bb el_class=\u00bbfullwidth\u00bb][vc_column_text el_class=\u00bbtext_blanc\u00bb]<em>He tenido la suerte de contar con grandes maestros de todo el mundo.<\/em>\r\n<em>Del Dr. Oriol Dom\u00e8nec y Llavallol, mi maestro y mentor, aprend\u00ed que detr\u00e1s de un \u00f3rgano, de un s\u00edntoma, hay siempre una persona. Y no lo he olvidado nunca.<\/em>\r\n\r\n<em>Entiendo mi profesi\u00f3n desde el rigor absoluto con los protocolos, con las t\u00e9cnicas y con la honestidad: hay que saber qu\u00e9 se puede hacer, y qu\u00e9 no. Cu\u00e1ndo. C\u00f3mo. En qu\u00e9 circunstancias.<\/em>\r\n\r\n<em>Saber escuchar y entender las personas que vienen a la consulta. Saber encontrar palabras que transmiten seguridad y confianza. Todo esto, para m\u00ed, es una parte fundamental de la medicina. Como cirujana, tengo claro que el rigor cient\u00edfico y la t\u00e9cnica m\u00e9dica son tan importantes como la relaci\u00f3n que establezco con mis pacientes.<\/em>\r\n\r\n<em>Siento que hago bien mi trabajo cuando combino el rigor cient\u00edfico con la sensibilidad art\u00edstica, el gusto por los detalles y la empat\u00eda.<\/em>[\/vc_column_text][\/vc_column_inner][\/vc_row_inner][vc_row_inner el_class=\u00bbequip_3&#8243; css=\u00bb.vc_custom_1640805245764{margin-bottom: 50px !important;}\u00bb][vc_column_inner][vc_column_text el_class=\u00bbmedium_text text_blanc\u00bb]Dr. Marc Pellicer i Sarasa[\/vc_column_text][vc_column_text el_class=\u00bbtext_blanc\u00bb]<strong>Otorrinolaringolog\u00eda infantil<\/strong>\r\n<strong>Licenciado y Doctor en Medicina y Cirug\u00eda por la Universitat Aut\u00f2noma de Barcelona (UAB)<\/strong>\r\n<strong>M\u00e9dico especialista en Otorrinolaringolog\u00eda Pedi\u00e1trica del Hospital Universitario Vall de Hebr\u00f3n de Barcelona.<\/strong>\r\n\r\nColegiado n\u00famero 26.023 Col.legi oficial de metges de Barcelona[\/vc_column_text][vc_single_image image=\u00bb1260&#8243; img_size=\u00bbfull\u00bb el_class=\u00bbfullwidth\u00bb][vc_column_text el_class=\u00bbtext_blanc\u00bb]\r\n<p style=\"text-align: right;\"><em>En la Cl\u00ednica Rinol\u00f2gica velamos tambi\u00e9n para la salud nasal y auditiva de los ni\u00f1os. El Dr. Marc Pellicer -colaborador de la cl\u00ednica- tiene reconocido prestigio en cirug\u00eda pedi\u00e1trica, cuenta con m\u00e1s de 25 a\u00f1os de experiencia en la profesi\u00f3n y una extensa formaci\u00f3n en centros de prestigio nacional e internacional.<\/em><\/p>\r\n[\/vc_column_text][\/vc_column_inner][\/vc_row_inner][vc_row_inner el_class=\u00bbequip_6&#8243; css=\u00bb.vc_custom_1594654687346{margin-bottom: 50px !important;}\u00bb][vc_column_inner][vc_column_text el_class=\u00bbmedium_text text_blanc\u00bb]Dra. Ana Uriel Escoz[\/vc_column_text][vc_column_text el_class=\u00bbtext_blanc\u00bb]<strong>Terapias complementarias\r\nLicenciada en Medicina y Cirug\u00eda por la Universidad de Zaragoza<\/strong>[\/vc_column_text][vc_single_image image=\u00bb4261&#8243; img_size=\u00bbfull\u00bb el_class=\u00bbfullwidth\u00bb][vc_column_text el_class=\u00bbtext_blanc\u00bb]<em>en la Cl\u00ednica Rinol\u00f3gica combinamos los mejores tratamientos de la medicina convencional con tratamientos complementarios con base cient\u00edfica. Tenemos en cuenta la relaci\u00f3n entre la parte emocional y la parte f\u00edsica de las personas. La Dra. Ana Uriel \u2014m\u00e9dica colegiada especializada en terapias complementarias\u2014 trata cada paciente de la Cl\u00ednica Rinol\u00f3gica desde esta mirada global.<\/em>[\/vc_column_text][\/vc_column_inner][\/vc_row_inner][vc_row_inner el_class=\u00bbequip_7&#8243; css=\u00bb.vc_custom_1594654768085{margin-bottom: 50px !important;}\u00bb][vc_column_inner][vc_column_text el_class=\u00bbmedium_text text_blanc\u00bb]Dra. M. \u00c0ngels Gonz\u00e1lez-Ib\u00e1\u00f1ez[\/vc_column_text][vc_column_text el_class=\u00bbtext_blanc\u00bb]<strong>Psicolog\u00eda\r\nLicenciada en Psicolog\u00eda y Doctora por la Universidad de Barcelona<\/strong>[\/vc_column_text][vc_single_image image=\u00bb1266&#8243; img_size=\u00bbfull\u00bb el_class=\u00bbfullwidth\u00bb][vc_column_text el_class=\u00bbtext_blanc\u00bb]<em>La salud f\u00edsica, mental y emocional de las personas est\u00e1n muy relacionadas. Un abordaje integral de los pacientes, que incorpore la vertiente psicol\u00f3gica, permite un mejor tratamiento m\u00e9dico y quir\u00fargico, y unos resultados m\u00e1s satisfactorios. Por eso, en la Cl\u00ednica Rinol\u00f3gica contamos con la Dra. \u00c0ngels Gonz\u00e1lez-Ib\u00e1\u00f1ez, experta reconocida en esta disciplina.<\/em>[\/vc_column_text][\/vc_column_inner][\/vc_row_inner][vc_row_inner el_class=\u00bbequip_5&#8243; css=\u00bb.vc_custom_1594654679543{margin-bottom: 50px !important;}\u00bb][vc_column_inner][vc_column_text el_class=\u00bbmedium_text text_blanc\u00bb]\u00c0ngels Civit Fons [\/vc_column_text][vc_column_text el_class=\u00bbtext_blanc\u00bb]<strong>T\u00e9cnica vocal y rehabilitaci\u00f3n respiratoria<\/strong>\r\n<strong>Grado superior de M\u00fasica, Profesora Superior de Canto y Piano<\/strong>\r\n<strong>M\u00e1ster en direcci\u00f3n de Centros de Formaci\u00f3n Musical de la Universidad Aut\u00f3noma de Barcelona (UAB-Esmuc)<\/strong>[\/vc_column_text][vc_single_image image=\u00bb4246&#8243; img_size=\u00bbfull\u00bb el_class=\u00bbfullwidth\u00bb][vc_column_text el_class=\u00bbtext_blanc\u00bb]<em>La nariz funciona como cavidad de resonancia y como acondicionador del aire que respiramos: filtra, limpia y calienta el aire antes de que llegue a los pulmones. Una buena respiraci\u00f3n es la base para un uso adecuado de la voz. \u00c0ngels Civit \u2014profesora de t\u00e9cnica vocal y rehabilitaci\u00f3n respiratoria\u2014 ayuda a aquellos pacientes que necesitan reaprender el arte de respirar, para mejorar su salud y calidad de vida<\/em>[\/vc_column_text][\/vc_column_inner][\/vc_row_inner][vc_row_inner el_class=\u00bbequip_12&#8243; css=\u00bb.vc_custom_1594655213854{margin-bottom: 50px !important;}\u00bb][vc_column_inner][vc_column_text el_class=\u00bbmedium_text text_blanc\u00bb]Montse Gros Fern\u00e1ndez[\/vc_column_text][vc_column_text el_class=\u00bbtext_blanc\u00bb]<strong>Coordinadora\r\nCoordinaci\u00f3n y atenci\u00f3n al paciente<\/strong>[\/vc_column_text][vc_single_image image=\u00bb4258&#8243; img_size=\u00bbfull\u00bb el_class=\u00bbfullwidth\u00bb][vc_column_text el_class=\u00bbtext_blanc\u00bb]<em>Gestionar la complejidad de la Cl\u00ednica Rinol\u00f3gica con diligencia y buen humor es clave porque todo funcione como tiene que funcionar. Montse acompa\u00f1a todo el proceso, desde el primer contacto hasta el alta m\u00e9dica, pasando por las visitas, las pruebas y la gesti\u00f3n de todo aquello que el paciente necesite, porque la estancia en la Cl\u00ednica Rinol\u00f3gica sea una experiencia satisfactoria.<\/em>[\/vc_column_text][\/vc_column_inner][\/vc_row_inner][vc_row_inner el_class=\u00bbequip_8&#8243; css=\u00bb.vc_custom_1594654833018{margin-bottom: 50px !important;}\u00bb][vc_column_inner][vc_column_text el_class=\u00bbmedium_text text_blanc\u00bb]Merc\u00e8 Torrente [\/vc_column_text][vc_column_text el_class=\u00bbtext_blanc\u00bb]<strong>Enfermera &#8211; Instrumentista\r\nDiplomada en Enfermer\u00eda por la Escuela Universitaria del Hospital de la Santa Cruz y la Santa Paz<\/strong>\r\n\r\nCol.legi oficial infermeres i infermers de Barcelona[\/vc_column_text][vc_single_image image=\u00bb1267&#8243; img_size=\u00bbfull\u00bb el_class=\u00bbfullwidth\u00bb][vc_column_text el_class=\u00bbtext_blanc\u00bb]<em>En la Cl\u00ednica Rinol\u00f3gica contamos con un equipo de enfermer\u00eda para atender a los pacientes tanto en la consulta como en el quir\u00f3fano. Acompa\u00f1a al paciente en el pre, intra y postoperatorio. Como enfermera instrumentista, la funci\u00f3n principal de Merced Torrente dentro del quir\u00f3fano es atender las necesidades quir\u00fargicas de los pacientes y estar a su lado durante todo el proceso.<em>[\/vc_column_text][\/vc_column_inner][\/vc_row_inner][vc_row_inner el_class=\u00bbequip_80&#8243; css=\u00bb.vc_custom_1640804337041{margin-bottom: 50px !important;}\u00bb][vc_column_inner][vc_column_text el_class=\u00bbmedium_text text_blanc\u00bb]Jordan Garc\u00eda Navarro[\/vc_column_text][vc_column_text el_class=\u00bbtext_blanc\u00bb]<strong>Enfermero \u2013 Instrumentista<\/strong>\r\n<strong>Grado en Enfermer\u00eda, Campus Docente Sant Joan de D\u00e9u (UB)<\/strong>\r\n<strong>M\u00e1ster en Enfermer\u00eda Quir\u00fargica, Campus Docente Sant Joan de D\u00e9u (UB)<\/strong>\r\n<strong>Postgrado en Enfermer\u00eda de anestesia y reanimaci\u00f3n, Campus Docente Sant Joan de D\u00e9u (UB)<\/strong><\/em><\/em>\r\n\r\nCol.legi oficial infermeres i infermers de Barcelona[\/vc_column_text][vc_single_image image=\u00bb4154&#8243; img_size=\u00bbfull\u00bb el_class=\u00bbfullwidth\u00bb][vc_column_text el_class=\u00bbtext_blanc\u00bb]\r\n<p style=\"text-align: right;\"><em>El equipo de enfermer\u00eda de la Cl\u00ednica Rinol\u00f3gica cuenta con una amplia experiencia en la atenci\u00f3n de los pacientes con problemas nasales, est\u00e9ticos y funcionales. Jordan Garc\u00eda \u2014como enfermero instrumentista\u2014 acompa\u00f1a a la Dra. Colom\u00e9 en el quir\u00f3fano para que todo el proceso de la rinoplastia sea un \u00e9xito.<\/em><\/p>\r\n[\/vc_column_text][\/vc_column_inner][\/vc_row_inner][vc_row_inner el_class=\u00bbequip_81&#8243; css=\u00bb.vc_custom_1640804467218{margin-bottom: 50px !important;}\u00bb][vc_column_inner][vc_column_text el_class=\u00bbmedium_text text_blanc\u00bb]Laura Jorba[\/vc_column_text][vc_column_text el_class=\u00bbtext_blanc\u00bb]<strong>Enfermera \u2013 Consulta<\/strong>\r\n<strong>Grado en Enfermer\u00eda, Campus Docente Sant Joan de D\u00e9u, Universitat de Barcelona (en curso)<\/strong>[\/vc_column_text][vc_single_image image=\u00bb4255&#8243; img_size=\u00bbfull\u00bb el_class=\u00bbfullwidth\u00bb][vc_column_text el_class=\u00bbtext_blanc\u00bb]\r\n<p style=\"text-align: right;\"><em>Atender al paciente en su primera visita a la Cl\u00ednica Rinol\u00f3gica, recoger su historia cl\u00ednica, acompa\u00f1ar al equipo m\u00e9dico en el diagn\u00f3stico, realizar las diferentes pruebas prescritas en la consulta\u2026 el equipo de enfermeras en consulta de la Cl\u00ednica Rinol\u00f3gica ofrecen una atenci\u00f3n cercana y profesional.<\/em><\/p>\r\n[\/vc_column_text][\/vc_column_inner][\/vc_row_inner][vc_row_inner el_class=\u00bbequip_82&#8243; css=\u00bb.vc_custom_1640804474986{margin-bottom: 50px !important;}\u00bb][vc_column_inner][vc_column_text el_class=\u00bbmedium_text text_blanc\u00bb]\r\n<p class=\"p1\">Andrea Morte<span class=\"Apple-converted-space\">\u00a0<\/span><\/p>\r\n[\/vc_column_text][vc_column_text el_class=\u00bbtext_blanc\u00bb]<strong>Enfermera \u2013 Consulta<\/strong>\r\n<strong>Grado en Enfermer\u00eda, Campus Docente Sant Joan de D\u00e9u, Universitat de Barcelona (en curso)<\/strong>[\/vc_column_text][vc_single_image image=\u00bb4252&#8243; img_size=\u00bbfull\u00bb el_class=\u00bbfullwidth\u00bb][vc_column_text el_class=\u00bbtext_blanc\u00bb]\r\n<p style=\"text-align: right;\"><em>Acompa\u00f1ar al paciente en todo momento a la consulta, desde la recepci\u00f3n, la informaci\u00f3n del proceso, la gesti\u00f3n de la documentaci\u00f3n m\u00e9dica. Velar por que la calidad de los procesos \u2014tanto los m\u00e9dicos como los de gesti\u00f3n\u2014 sean siempre excelentes es una de las tareas del equipo de enfermeras en consulta de la Cl\u00ednica Rinol\u00f3gica.<\/em><\/p>\r\n[\/vc_column_text][\/vc_column_inner][\/vc_row_inner][\/vc_column][\/vc_row][vc_row][vc_column][vc_column_text][\/vc_column_text][\/vc_column][\/vc_row]","protected":false},"excerpt":{"rendered":"[vc_row el_id=\u00bbintro_text\u00bb el_class=\u00bbresultats\u00bb][vc_column][vc_row_inner css=\u00bb.vc_custom_1603387059906{padding-top: 0px !important;background-color: #282828 !important;}\u00bb][vc_column_inner el_class=\u00bbintro_text_in\u00bb][vc_column_text el_class=\u00bbwhite\u00bb css=\u00bb.vc_custom_1635842398050{padding-top: 50px !important;background-color: #282828 !important;}\u00bb]La Dra. Maria Colom\u00e9, fundadora y directora de la Cl\u00ednica Rinol\u00f3gica, cuenta con la colaboraci\u00f3n de un equipo de especialistas de diversas disciplinas. Profesionales altamente cualificados, respetuosos y atentos. El trabajo en equipo nos permite entender cada paciente desde una perspectiva&#8230; <a class=\"view-article\" href=\"https:\/\/www.clinicarinologica.com\/es\/equip\/\">Ver art\u00edculo<\/a>","protected":false},"author":1,"featured_media":0,"parent":0,"menu_order":0,"comment_status":"closed","ping_status":"closed","template":"","meta":{"_acf_changed":false,"footnotes":""},"class_list":["post-2020","page","type-page","status-publish","hentry"],"acf":[],"_links":{"self":[{"href":"https:\/\/www.clinicarinologica.com\/es\/wp-json\/wp\/v2\/pages\/2020","targetHints":{"allow":["GET"]}}],"collection":[{"href":"https:\/\/www.clinicarinologica.com\/es\/wp-json\/wp\/v2\/pages"}],"about":[{"href":"https:\/\/www.clinicarinologica.com\/es\/wp-json\/wp\/v2\/types\/page"}],"author":[{"embeddable":true,"href":"https:\/\/www.clinicarinologica.com\/es\/wp-json\/wp\/v2\/users\/1"}],"replies":[{"embeddable":true,"href":"https:\/\/www.clinicarinologica.com\/es\/wp-json\/wp\/v2\/comments?post=2020"}],"version-history":[{"count":38,"href":"https:\/\/www.clinicarinologica.com\/es\/wp-json\/wp\/v2\/pages\/2020\/revisions"}],"predecessor-version":[{"id":4285,"href":"https:\/\/www.clinicarinologica.com\/es\/wp-json\/wp\/v2\/pages\/2020\/revisions\/4285"}],"wp:attachment":[{"href":"https:\/\/www.clinicarinologica.com\/es\/wp-json\/wp\/v2\/media?parent=2020"}],"curies":[{"name":"wp","href":"https:\/\/api.w.org\/{rel}","templated":true}]}}