{"id":2019,"date":"2020-10-19T13:03:20","date_gmt":"2020-10-19T11:03:20","guid":{"rendered":"https:\/\/www.clinicarinologica.com\/?page_id=2019"},"modified":"2021-11-02T10:03:55","modified_gmt":"2021-11-02T08:03:55","slug":"enologia-gastronomia-i-perfumeria","status":"publish","type":"page","link":"https:\/\/www.clinicarinologica.com\/es\/enologia-gastronomia-i-perfumeria\/","title":{"rendered":"Enolog\u00eda, gastronom\u00eda y perfumer\u00eda"},"content":{"rendered":"[vc_row el_class=\u00bbnormal_paddings\u00bb css=\u00bb.vc_custom_1591593390982{padding-top: 150px !important;}\u00bb][vc_column width=\u00bb1\/4&#8243;][\/vc_column][vc_column width=\u00bb3\/4&#8243;][vc_column_text el_class=\u00bbinside_title\u00bb]\r\n<h1 class=\"p1\"><strong><span class=\"s1\"><a href=\"https:\/\/www.clinicarinologica.com\/funcional\/#programes\">Programas para profesionales<\/a><\/span><\/strong><\/h1>\r\n[\/vc_column_text][\/vc_column][\/vc_row][vc_row el_class=\u00bbnormal_paddings_2&#8243;][vc_column width=\u00bb1\/4&#8243;][vc_column_text el_class=\u00bbinside_title\u00bb]\r\n<h1 class=\"p1\">Salud nasal en enolog\u00eda, gastronom\u00eda y perfumer\u00eda<\/h1>\r\n[\/vc_column_text][vc_column_text el_class=\u00bbanchor_list\u00bb]<a href=\"#apt1\"><strong>\u00bfQu\u00e9 rol juega la salud nasal en la gastronom\u00eda, la enolog\u00eda o la perfumer\u00eda?<\/strong><\/a>\r\n\r\n<a href=\"#apt2\"><strong>\u00bfQu\u00e9 me aporta la Cl\u00ednica Rinol\u00f3gica?<\/strong><\/a>[\/vc_column_text][\/vc_column][vc_column width=\u00bb3\/4&#8243;][vc_column_text el_class=\u00bbmedium_text\u00bb]Profesionales y aficionados a la gastronom\u00eda, la enolog\u00eda o la perfumer\u00eda necesitan tener el sentido del olfato en condiciones \u00f3ptimas. Una revisi\u00f3n general del \u00f3rgano nasal permite detectar y evitar muchos problemas de olfato y gusto. [\/vc_column_text][vc_column_text]Si el gusto de la comida, el olor del vino o la distinci\u00f3n de los perfumes juegan un papel importante en su vida, aseg\u00farese de que respira bien y que tiene el sentido del olfato en perfectas condiciones.[\/vc_column_text][vc_video link=\u00bbhttps:\/\/www.youtube.com\/watch?v=qP4DscwYPrA\u00bb][vc_column_text el_class=\u00bbtext_blanc\u00bb]<span style=\"color: #000000;\"><em>La Ciencia de la Salud \u2013 Episodio 2 \u2013 Respira. TV2<\/em><\/span>[\/vc_column_text][vc_column_text el_class=\u00bbquote_text\u00bb]<span style=\"color: #000000;\">\u201cPara los someliers y el mundo de la restauraci\u00f3n en general uno de los retos son las revisiones de nariz\u201d<\/span>[\/vc_column_text][vc_raw_html css=\u00bb.vc_custom_1591595652694{margin-bottom: 100px !important;}\u00bb]JTNDYSUyMGlkJTNEJTIyYXB0MSUyMiUzRSUzQyUyRmElM0U=[\/vc_raw_html][\/vc_column][\/vc_row][vc_row css=\u00bb.vc_custom_1595872432680{background-color: #282828 !important;}\u00bb el_class=\u00bbnormal_paddings_2&#8243;][vc_column width=\u00bb1\/4&#8243;][\/vc_column][vc_column width=\u00bb3\/4&#8243;][vc_column_text el_class=\u00bbmedium_text text_blanc super_big\u00bb]\u00bfQu\u00e9 rol juega la salud nasal en la gastronom\u00eda, la enolog\u00eda o la perfumer\u00eda?[\/vc_column_text][vc_column_text el_class=\u00bbmedium_text text_blanc\u00bb]A trav\u00e9s de la respiraci\u00f3n se estimulan las c\u00e9lulas olfativas que hay en el techo de la nariz. Si hay alg\u00fan tipo de obstrucci\u00f3n nasal, el est\u00edmulo mengua, y la capacidad olfativa disminuye o se altera.\r\nLa disminuci\u00f3n del olfato acostumbra a ser gradual, cosa que hace que sea dif\u00edcil de percibir. Mucha gente cree que tiene un sentido del olfato adecuado cuando en realidad es deficiente.\r\n[\/vc_column_text][vc_video link=\u00bbhttps:\/\/www.youtube.com\/watch?v=kywj5CJAD0s\u00bb][vc_column_text el_class=\u00bbtext_blanc\u00bb]<em>La Ciencia de la Salud \u2013 Episodio 2 \u2013 Respira. TV2<\/em>[\/vc_column_text][vc_column_text el_class=\u00bbtext_blanc\u00bb]Para poder disfrutar de la buena comida, sacar el m\u00e1ximo provecho de una cata de vinos, o percibir claramente los matices de diferentes perfumes la nariz debe estar en <strong>perfectas condiciones.<\/strong>\r\n\r\nVarios <strong>problemas nasales<\/strong> pueden generar una disminuci\u00f3n o alteraci\u00f3n del olfato: obstrucci\u00f3n nasal si el aire no llega adecuadamente a los filetes olfativos, no se pueden percibir los olores correctamente; desviaci\u00f3n del tabique nasal: cuando el tabique nasal est\u00e1 deformado puede crear una inflamaci\u00f3n que hace menguar el olfato; h\u00e1bitos respiratorios inadecuados: muchas personas respiran mal sin saberlo.\r\n\r\nLos <strong>malos h\u00e1bitos de respiraci\u00f3n<\/strong> pueden generar una atrofia por desuso o mal uso del nervio, y a menudo empeoran la agudeza olfativa, resfriados frecuentes: si se est\u00e1 resfriado a menudo, el olfato pierde facultades, tabaco: fumar perjudica la sensibilidad de los olores y los gustos.\r\n<strong>Las alteraciones del olfato<\/strong> comportan casi siempre tambi\u00e9n alteraciones en la percepci\u00f3n del gusto.[\/vc_column_text][vc_raw_html css=\u00bb.vc_custom_1591595656157{margin-bottom: 100px !important;}\u00bb]JTNDYSUyMG5hbWUlM0QlMjJhcHQyJTIyJTNFJTNDJTJGYSUzRQ==[\/vc_raw_html][vc_column_text el_class=\u00bbmedium_text text_blanc super_big\u00bb]\u00bfQu\u00e9 me aporta la Cl\u00ednica Rinol\u00f3gica?[\/vc_column_text][vc_column_text el_class=\u00bbmedium_text text_blanc\u00bb]En la Cl\u00ednica Rinol\u00f3gica estudiaremos exhaustivamente su salud nasal.[\/vc_column_text][vc_video link=\u00bbhttps:\/\/www.youtube.com\/watch?v=s3Lv84U_qj4&#8243;][vc_column_text el_class=\u00bbtext_blanc\u00bb]El <strong>reconocimiento m\u00e9dico<\/strong> consiste en: una revisi\u00f3n exhaustiva de la v\u00eda respiratoria y olfativa para detectar o descartar patolog\u00edas, un estudio para valorar el grado y la agudeza del olfato, pruebas espec\u00edficas seg\u00fan cada caso, si hace falta.\r\n\r\nSi detectamos problemas, o vemos que su grado de olfacci\u00f3n podr\u00eda mejorar, le ofreceremos un tratamiento personalizado para que pueda rendir y disfrutar al m\u00e1ximo de actividades relacionadas con el olfato y el gusto.\r\nHay diferentes maneras de intensificar y corregir la funci\u00f3n olfativa:\r\n\r\n<strong>Tratamiento m\u00e9dico y\/o quir\u00fargico<\/strong> para solucionar un problema de obstrucci\u00f3n nasal.\r\n\r\n<strong>Tratamientos complementarios<\/strong> con zinc para mejorar la capacidad olfativa.\r\n\r\n<strong>Taller de Respiraci\u00f3n y Oxigenaci\u00f3n<\/strong> para aprender a respirar por la nariz adecuadamente y mejorar el est\u00edmulo del bulbo olfativo. Esto le permitir\u00e1 sacar el m\u00e1ximo rendimiento de su capactitat olfativa.\r\n\r\n<strong>Taller para gestionar el estr\u00e9s.<\/strong> Saber regular el estr\u00e9s ayuda a respirar mejor y, en consecuencia, a optimizar el olfato.\r\n\r\n<strong>Terapias complementarias<\/strong> para reforzar el sistema inmunitario y evitar resfriados frecuentes, ejercicios de memoria para estimular, intensificar y recuperar el olfato.[\/vc_column_text][\/vc_column][\/vc_row][vc_row el_class=\u00bbnormal_paddings_2&#8243; css=\u00bb.vc_custom_1595872300875{padding-top: 20px !important;padding-bottom: 50px !important;background-color: #282828 !important;}\u00bb][vc_column][vc_column_text el_class=\u00bbmedium_text\u00bb]Si tiene cualquier duda, p\u00f3ngase en <a href=\"https:\/\/www.clinicarinologica.com\/contacte\/\">contacto<\/a> con nosotros. Le atenderemos con mucho gusto.\r\n\r\n\u00bfQuiere <a href=\"https:\/\/www.clinicarinologica.com\/solicitud-visita\/\">solicitar una cita?<\/a> Intentaremos darle hora r\u00e1pidamente.[\/vc_column_text][\/vc_column][\/vc_row]","protected":false},"excerpt":{"rendered":"[vc_row el_class=\u00bbnormal_paddings\u00bb css=\u00bb.vc_custom_1591593390982{padding-top: 150px !important;}\u00bb][vc_column width=\u00bb1\/4&#8243;][\/vc_column][vc_column width=\u00bb3\/4&#8243;][vc_column_text el_class=\u00bbinside_title\u00bb] Programas para profesionales [\/vc_column_text][\/vc_column][\/vc_row][vc_row el_class=\u00bbnormal_paddings_2&#8243;][vc_column width=\u00bb1\/4&#8243;][vc_column_text el_class=\u00bbinside_title\u00bb] Salud nasal en enolog\u00eda, gastronom\u00eda y perfumer\u00eda [\/vc_column_text][vc_column_text el_class=\u00bbanchor_list\u00bb]\u00bfQu\u00e9 rol juega la salud nasal en la gastronom\u00eda, la enolog\u00eda o la perfumer\u00eda? \u00bfQu\u00e9 me aporta la Cl\u00ednica Rinol\u00f3gica?[\/vc_column_text][\/vc_column][vc_column width=\u00bb3\/4&#8243;][vc_column_text el_class=\u00bbmedium_text\u00bb]Profesionales y aficionados a la gastronom\u00eda, la enolog\u00eda o la perfumer\u00eda&#8230; <a class=\"view-article\" href=\"https:\/\/www.clinicarinologica.com\/es\/enologia-gastronomia-i-perfumeria\/\">Ver art\u00edculo<\/a>","protected":false},"author":1,"featured_media":0,"parent":0,"menu_order":0,"comment_status":"closed","ping_status":"closed","template":"","meta":{"_acf_changed":false,"footnotes":""},"class_list":["post-2019","page","type-page","status-publish","hentry"],"acf":[],"_links":{"self":[{"href":"https:\/\/www.clinicarinologica.com\/es\/wp-json\/wp\/v2\/pages\/2019","targetHints":{"allow":["GET"]}}],"collection":[{"href":"https:\/\/www.clinicarinologica.com\/es\/wp-json\/wp\/v2\/pages"}],"about":[{"href":"https:\/\/www.clinicarinologica.com\/es\/wp-json\/wp\/v2\/types\/page"}],"author":[{"embeddable":true,"href":"https:\/\/www.clinicarinologica.com\/es\/wp-json\/wp\/v2\/users\/1"}],"replies":[{"embeddable":true,"href":"https:\/\/www.clinicarinologica.com\/es\/wp-json\/wp\/v2\/comments?post=2019"}],"version-history":[{"count":13,"href":"https:\/\/www.clinicarinologica.com\/es\/wp-json\/wp\/v2\/pages\/2019\/revisions"}],"predecessor-version":[{"id":4060,"href":"https:\/\/www.clinicarinologica.com\/es\/wp-json\/wp\/v2\/pages\/2019\/revisions\/4060"}],"wp:attachment":[{"href":"https:\/\/www.clinicarinologica.com\/es\/wp-json\/wp\/v2\/media?parent=2019"}],"curies":[{"name":"wp","href":"https:\/\/api.w.org\/{rel}","templated":true}]}}