{"id":2018,"date":"2020-10-19T13:03:12","date_gmt":"2020-10-19T11:03:12","guid":{"rendered":"https:\/\/www.clinicarinologica.com\/?page_id=2018"},"modified":"2021-11-02T10:11:44","modified_gmt":"2021-11-02T08:11:44","slug":"els-secrets-del-nas","status":"publish","type":"page","link":"https:\/\/www.clinicarinologica.com\/es\/els-secrets-del-nas\/","title":{"rendered":"Los secretos de la nariz"},"content":{"rendered":"[vc_row el_class=\u00bbnormal_paddings\u00bb css=\u00bb.vc_custom_1591629936552{padding-top: 150px !important;}\u00bb][vc_column][vc_column_text el_class=\u00bbinside_title\u00bb]\r\n<h1>Los secretos de la nariz<\/h1>\r\n[\/vc_column_text][vc_column_text el_class=\u00bbmedium_text\u00bb]El rendimiento deportivo, la autoestima, el placer sexual, el estr\u00e9s, la hipertensi\u00f3n\u2026 todo esto, y mucho m\u00e1s, est\u00e1n estrechamente relacionados con la nariz.[\/vc_column_text][\/vc_column][\/vc_row][vc_row gap=\u00bb1&#8243; equal_height=\u00bbyes\u00bb css=\u00bb.vc_custom_1591629942008{margin-right: 40px !important;margin-bottom: 1px !important;margin-left: 40px !important;}\u00bb el_class=\u00bbsecrets\u00bb][vc_column width=\u00bb1\/2&#8243; css=\u00bb.vc_custom_1591629806101{background-color: #282828 !important;}\u00bb el_class=\u00bbsecrets\u00bb][vc_column_text el_class=\u00bbmid blanc\u00bb]<strong>La nariz nos avisa de muchas cosas, y de muchas maneras<\/strong>[\/vc_column_text][vc_column_text el_class=\u00bbmid blanc\u00bb]El lenguaje de la nariz es muy rico: sequedad nasal, sangrados, estornudos, ronquidos, picores, mucosidades, p\u00e9rdida olfativa\u2026 la nariz nos avisa de muchas maneras, y de muchas cosas.\r\n\r\nLos trastornos nasales pueden indicar patolog\u00edas en otros lugares del cuerpo: estr\u00e9s, hipertensi\u00f3n, un tumor cerebral, una enfermedad degenerativa, etc. Se tienen que tomar seriamente.[\/vc_column_text][\/vc_column][vc_column width=\u00bb1\/2&#8243; css=\u00bb.vc_custom_1591629313185{background-color: #282828 !important;}\u00bb][vc_column_text el_class=\u00bbmid blanc\u00bb]<strong>Roncar es motivo de divorcio<\/strong>[\/vc_column_text][vc_column_text el_class=\u00bbmid blanc\u00bb]\r\n<p class=\"main\">De vez en cuando sale en los peri\u00f3dicos, y no es de extra\u00f1ar: muchas parejas se plantean el divorcio a causa de los ronquidos.<\/p>\r\n<p class=\"main\">Los ronquidos no s\u00f3lo son perjudiciales para la persona que ronca, sino que afectan gravemente al descanso de la pareja. Dormir mal una noche tras otra tiene consecuencias muy negativas por lo que refiere al car\u00e1cter, el humor y el rendimiento.<\/p>\r\n<p class=\"main\">\u00a1Mucha gente que ronca acude al m\u00e9dico cuando la pareja les pone un ultim\u00e1tum!<\/p>\r\n[\/vc_column_text][\/vc_column][\/vc_row][vc_row gap=\u00bb1&#8243; equal_height=\u00bbyes\u00bb css=\u00bb.vc_custom_1591629986911{margin-right: 40px !important;margin-bottom: 1px !important;margin-left: 40px !important;}\u00bb el_class=\u00bbsecrets\u00bb][vc_column width=\u00bb1\/2&#8243; css=\u00bb.vc_custom_1591629806101{background-color: #282828 !important;}\u00bb el_class=\u00bbsecrets\u00bb][vc_column_text el_class=\u00bbmid blanc\u00bb]<strong>Los orgasmos se intensifican con una buena salud nasal<\/strong>[\/vc_column_text][vc_column_text el_class=\u00bbmid blanc\u00bb]Ya hace tiempo que la investigaci\u00f3n m\u00e9dica indica que hay una relaci\u00f3n directa entre la nariz y los \u00f3rganos genitales. Hay personas que sufren congesti\u00f3n nasal o estornudos durante el acto sexual, cuando ven a una persona que les resulta atractiva o al tener un orgasmo. Por otro lado, personas con obstrucci\u00f3n nasal pueden sufrir disminuci\u00f3n de la libido.\r\n\r\nHe aqu\u00ed la sorpresa de muchos pacientes operados: el placer sexual se intensifica con una buena respiraci\u00f3n nasal y un sentido del olfato sano.[\/vc_column_text][\/vc_column][vc_column width=\u00bb1\/2&#8243; css=\u00bb.vc_custom_1591629313185{background-color: #282828 !important;}\u00bb][vc_column_text el_class=\u00bbmid blanc\u00bb]<strong>Perder el olfato genera problemas f\u00edsicos y sociales<\/strong>[\/vc_column_text][vc_column_text el_class=\u00bbmid blanc\u00bb]\r\n<p class=\"main\">Hay quien piensa que el olfato es el m\u00e1s prescindible de los sentidos, pero las personas con alteraciones del olfato tienen problemas para hacer vida normal: \u00bfc\u00f3mo se vive sin poder sentir el propio olor corporal, o gozar de la comida, o poder detectar situaciones de peligro (humo, olores t\u00f3xicos, comidas en mal estado, etc.)?<\/p>\r\n<p class=\"main\">Las alteraciones del olfato pueden generar inseguridad e incomodidad hasta extremos graves. Y tambi\u00e9n pueden indicar problemas de salud importantes.<\/p>\r\n[\/vc_column_text][\/vc_column][\/vc_row][vc_row gap=\u00bb1&#8243; equal_height=\u00bbyes\u00bb css=\u00bb.vc_custom_1591629986911{margin-right: 40px !important;margin-bottom: 1px !important;margin-left: 40px !important;}\u00bb el_class=\u00bbsecrets\u00bb][vc_column width=\u00bb1\/2&#8243; css=\u00bb.vc_custom_1591629806101{background-color: #282828 !important;}\u00bb el_class=\u00bbsecrets\u00bb][vc_column_text el_class=\u00bbmid blanc\u00bb]<strong>Respirar es vida, es tranquilidad<\/strong>[\/vc_column_text][vc_column_text el_class=\u00bbmid blanc\u00bb]\u00bfQui\u00e9n no inhala profundamente, abriendo los brazos para ensanchar los pulmones en momentos de placer y satisfacci\u00f3n? \u00bfQui\u00e9n no respira hondo cuando quiere tranquilizarse?\r\n\r\nAl nacer, lo primero que hacemos es respirar por la nariz. Al morir, hacemos una \u00faltima exhalaci\u00f3n. Respirar es vida, placer y bienestar. Por eso la respiraci\u00f3n tiene un rol primordial en diversas pr\u00e1cticas de salud: gesti\u00f3n del estr\u00e9s, ejercicio de preparto, relajaci\u00f3n, etc.[\/vc_column_text][\/vc_column][vc_column width=\u00bb1\/2&#8243; css=\u00bb.vc_custom_1591629313185{background-color: #282828 !important;}\u00bb][vc_column_text el_class=\u00bbmid blanc\u00bb]<strong>Los sprays nasales pueden agravar una congesti\u00f3n<\/strong>[\/vc_column_text][vc_column_text el_class=\u00bbmid blanc\u00bb]Le pasa a mucha gente: cuando tienen congesti\u00f3n nasal alargan un poco el tratamiento, o cogen el spray nasal sin haber consultado al m\u00e9dico.\r\n\r\nEl problema es que a la larga, los sprays nasales pueden tener un efecto rebote y crear obstrucci\u00f3n nasal. Si se abusa de los sprays, la nariz no responde bien a los efectos de la medicaci\u00f3n, y cada vez necesita m\u00e1s dosis para reaccionar. Con el tiempo, puede ser que la congesti\u00f3n en vez de mejorar, empeore.[\/vc_column_text][\/vc_column][\/vc_row][vc_row gap=\u00bb1&#8243; equal_height=\u00bbyes\u00bb css=\u00bb.vc_custom_1591629986911{margin-right: 40px !important;margin-bottom: 1px !important;margin-left: 40px !important;}\u00bb el_class=\u00bbsecrets\u00bb][vc_column width=\u00bb1\/2&#8243; css=\u00bb.vc_custom_1591629806101{background-color: #282828 !important;}\u00bb el_class=\u00bbsecrets\u00bb][vc_column_text el_class=\u00bbmid blanc\u00bb]<strong>Respirar por la boca no es una buena alternativa<\/strong>[\/vc_column_text][vc_column_text el_class=\u00bbmid blanc\u00bb]\r\n<p class=\"main\">\u00bfPor qu\u00e9 someterse a una cirug\u00eda nasal para respirar bien, si tenemos la gran suerte de poder respirar por la boca?<\/p>\r\n<p class=\"main\">La nariz tiene unas funciones respiratorias que la boca no puede cumplir. Cuando respiramos por la nariz, el aire se limpia, se humidifica y se calienta antes de llegar a los pulmones. Adem\u00e1s, la v\u00e1lvula nasal retarda\u00a0la entrada del aire, de manera que el intercambio de ox\u00edgeno tambi\u00e9n se retarda, consiguiendo un aumento de oxigenaci\u00f3n celular.<\/p>\r\n[\/vc_column_text][\/vc_column][vc_column width=\u00bb1\/2&#8243; css=\u00bb.vc_custom_1591629313185{background-color: #282828 !important;}\u00bb][vc_column_text el_class=\u00bbmid blanc\u00bb]<strong>Los problemas respiratorios pueden esconderse detr\u00e1s de s\u00edntomas diversos<\/strong>[\/vc_column_text][vc_column_text el_class=\u00bbmid blanc\u00bb]\r\n<p class=\"main\">Muchos problemas de respiraci\u00f3n se manifiestan con s\u00edntomas que no parecen directamente relacionados con la nariz: cansancio, problemas de memoria, dolores de cabeza, trastornos de alimentaci\u00f3n, disminuci\u00f3n del deseo sexual, etc.<\/p>\r\n<p class=\"main\">La nariz es un \u00f3rgano complejo que est\u00e1 relacionado con muchos aspectos del cuerpo.<\/p>\r\n[\/vc_column_text][\/vc_column][\/vc_row][vc_row gap=\u00bb1&#8243; equal_height=\u00bbyes\u00bb css=\u00bb.vc_custom_1591629986911{margin-right: 40px !important;margin-bottom: 1px !important;margin-left: 40px !important;}\u00bb el_class=\u00bbsecrets\u00bb][vc_column width=\u00bb1\/2&#8243; css=\u00bb.vc_custom_1591629806101{background-color: #282828 !important;}\u00bb el_class=\u00bbsecrets\u00bb][vc_column_text el_class=\u00bbmid blanc\u00bb]<strong>La belleza de la mirada a veces depende de la nariz<\/strong>[\/vc_column_text][vc_column_text el_class=\u00bbmid blanc\u00bb]Un peque\u00f1o retoque est\u00e9tico en la nariz puede repercutir en la expresi\u00f3n general de una persona y, muy especialmente, en los ojos. Modificando la forma o dimensi\u00f3n de la nariz, se puede resaltar el efecto de la mirada o la sonrisa.\r\n\r\nLa belleza de la nariz no se tiene que buscar en la nariz en s\u00ed, sino en el efecto que tiene en la expresi\u00f3n global de la persona.[\/vc_column_text][\/vc_column][vc_column width=\u00bb1\/2&#8243; css=\u00bb.vc_custom_1591629313185{background-color: #282828 !important;}\u00bb][\/vc_column][\/vc_row]","protected":false},"excerpt":{"rendered":"[vc_row el_class=\u00bbnormal_paddings\u00bb css=\u00bb.vc_custom_1591629936552{padding-top: 150px !important;}\u00bb][vc_column][vc_column_text el_class=\u00bbinside_title\u00bb] Los secretos de la nariz [\/vc_column_text][vc_column_text el_class=\u00bbmedium_text\u00bb]El rendimiento deportivo, la autoestima, el placer sexual, el estr\u00e9s, la hipertensi\u00f3n\u2026 todo esto, y mucho m\u00e1s, est\u00e1n estrechamente relacionados con la nariz.[\/vc_column_text][\/vc_column][\/vc_row][vc_row gap=\u00bb1&#8243; equal_height=\u00bbyes\u00bb css=\u00bb.vc_custom_1591629942008{margin-right: 40px !important;margin-bottom: 1px !important;margin-left: 40px !important;}\u00bb el_class=\u00bbsecrets\u00bb][vc_column width=\u00bb1\/2&#8243; css=\u00bb.vc_custom_1591629806101{background-color: #282828 !important;}\u00bb el_class=\u00bbsecrets\u00bb][vc_column_text el_class=\u00bbmid blanc\u00bb]La nariz nos avisa&#8230; <a class=\"view-article\" href=\"https:\/\/www.clinicarinologica.com\/es\/els-secrets-del-nas\/\">Ver art\u00edculo<\/a>","protected":false},"author":1,"featured_media":0,"parent":0,"menu_order":0,"comment_status":"closed","ping_status":"closed","template":"","meta":{"_acf_changed":false,"footnotes":""},"class_list":["post-2018","page","type-page","status-publish","hentry"],"acf":[],"_links":{"self":[{"href":"https:\/\/www.clinicarinologica.com\/es\/wp-json\/wp\/v2\/pages\/2018","targetHints":{"allow":["GET"]}}],"collection":[{"href":"https:\/\/www.clinicarinologica.com\/es\/wp-json\/wp\/v2\/pages"}],"about":[{"href":"https:\/\/www.clinicarinologica.com\/es\/wp-json\/wp\/v2\/types\/page"}],"author":[{"embeddable":true,"href":"https:\/\/www.clinicarinologica.com\/es\/wp-json\/wp\/v2\/users\/1"}],"replies":[{"embeddable":true,"href":"https:\/\/www.clinicarinologica.com\/es\/wp-json\/wp\/v2\/comments?post=2018"}],"version-history":[{"count":7,"href":"https:\/\/www.clinicarinologica.com\/es\/wp-json\/wp\/v2\/pages\/2018\/revisions"}],"predecessor-version":[{"id":4068,"href":"https:\/\/www.clinicarinologica.com\/es\/wp-json\/wp\/v2\/pages\/2018\/revisions\/4068"}],"wp:attachment":[{"href":"https:\/\/www.clinicarinologica.com\/es\/wp-json\/wp\/v2\/media?parent=2018"}],"curies":[{"name":"wp","href":"https:\/\/api.w.org\/{rel}","templated":true}]}}