{"id":2017,"date":"2020-10-19T13:03:02","date_gmt":"2020-10-19T11:03:02","guid":{"rendered":"https:\/\/www.clinicarinologica.com\/?page_id=2017"},"modified":"2024-11-01T20:55:04","modified_gmt":"2024-11-01T18:55:04","slug":"contacte","status":"publish","type":"page","link":"https:\/\/www.clinicarinologica.com\/es\/contacte\/","title":{"rendered":"Contacto"},"content":{"rendered":"[vc_row el_id=\u00bbcontacte\u00bb el_class=\u00bbtab_paddings\u00bb][vc_column width=\u00bb1\/2&#8243;][vc_column_text el_class=\u00bbmedium_text\u00bb]Contacto[\/vc_column_text][vc_row_inner][vc_column_inner][vc_column_text el_class=\u00bbmedium_text\u00bb]<a href=\"mailto:info@clinicarinologica.com\">info@clinicarinologica.com<\/a>\r\n<a href=\"tel:+34931990770\">+34 931 990 770<\/a>\r\n<a href=\"https:\/\/wa.me\/+34649992509\">+(34) 649 992 509<\/a>\r\n<a class=\"openform\" href=\"#\">Formulario de contacto<\/a>[\/vc_column_text][vc_column_text css=\u00bb.vc_custom_1606043278567{margin-bottom: 10px !important;}\u00bb el_class=\u00bbmedium_text\u00bb]\u00a1S\u00edganos![\/vc_column_text][vc_wp_custommenu nav_menu=\u00bb13&#8243;][\/vc_column_inner][\/vc_row_inner][\/vc_column][vc_column width=\u00bb1\/2&#8243;][vc_column_text el_class=\u00bbmedium_text\u00bb]Direcciones[\/vc_column_text][vc_column_text]<a class=\"location_central\"><strong>Sede Central<\/strong> <i class=\"fas fa-map-marker-alt\" aria-hidden=\"true\"><\/i><\/a>\r\nC\/ Via Augusta,13-15. Despacho 609\r\n08006 Barcelona\r\nAcceso tambie\u0301n por:\r\nC\/Comte de Salvatiera, 5[\/vc_column_text][vc_column_text]<a class=\"location_teknon\"><strong>Sede en Teknon<\/strong> <i class=\"fas fa-map-marker-alt\" aria-hidden=\"true\"><\/i><\/a>\r\nConsultorios Vilana\r\nDespacho 167\r\nC\/ Vilana, 12\r\n08022 Barcelona[\/vc_column_text][\/vc_column][\/vc_row][vc_row full_height=\u00bbyes\u00bb css=\u00bb.vc_custom_1593701487356{background-color: #000000 !important;}\u00bb el_id=\u00bbhidden_form\u00bb][vc_column][vc_column_text el_class=\u00bbmedium_text text_blanc\u00bb]Env\u00edanos un mensaje <a class=\"closeform\" href=\"#\">x<\/a>[\/vc_column_text]\n<div class=\"wpcf7 no-js\" id=\"wpcf7-f2217-o1\" lang=\"ca\" dir=\"ltr\" data-wpcf7-id=\"2217\">\n<div class=\"screen-reader-response\"><p role=\"status\" aria-live=\"polite\" aria-atomic=\"true\"><\/p> <ul><\/ul><\/div>\n<form action=\"\/es\/wp-json\/wp\/v2\/pages\/2017#wpcf7-f2217-o1\" method=\"post\" class=\"wpcf7-form init\" aria-label=\"Formulari de contacte\" novalidate=\"novalidate\" data-status=\"init\">\n<fieldset class=\"hidden-fields-container\"><input type=\"hidden\" name=\"_wpcf7\" value=\"2217\" \/><input type=\"hidden\" name=\"_wpcf7_version\" value=\"6.1.5\" \/><input type=\"hidden\" name=\"_wpcf7_locale\" value=\"ca\" \/><input type=\"hidden\" name=\"_wpcf7_unit_tag\" value=\"wpcf7-f2217-o1\" \/><input type=\"hidden\" name=\"_wpcf7_container_post\" value=\"0\" \/><input type=\"hidden\" name=\"_wpcf7_posted_data_hash\" value=\"\" \/>\n<\/fieldset>\n<p><span class=\"wpcf7-form-control-wrap\" data-name=\"your-name\"><input size=\"40\" maxlength=\"400\" class=\"wpcf7-form-control wpcf7-text wpcf7-validates-as-required\" aria-required=\"true\" aria-invalid=\"false\" placeholder=\"Nombre y apellidos\" value=\"\" type=\"text\" name=\"your-name\" \/><\/span><br \/>\n<span class=\"wpcf7-form-control-wrap\" data-name=\"your-email\"><input size=\"40\" maxlength=\"400\" class=\"wpcf7-form-control wpcf7-email wpcf7-validates-as-required wpcf7-text wpcf7-validates-as-email\" aria-required=\"true\" aria-invalid=\"false\" placeholder=\"e-mail\" value=\"\" type=\"email\" name=\"your-email\" \/><\/span><br \/>\n<span class=\"wpcf7-form-control-wrap\" data-name=\"your-subject\"><input size=\"40\" maxlength=\"400\" class=\"wpcf7-form-control wpcf7-text\" aria-invalid=\"false\" placeholder=\"Asunto\" value=\"\" type=\"text\" name=\"your-subject\" \/><\/span><br \/>\n<span class=\"wpcf7-form-control-wrap\" data-name=\"your-message\"><textarea cols=\"40\" rows=\"10\" maxlength=\"2000\" class=\"wpcf7-form-control wpcf7-textarea wpcf7-validates-as-required\" aria-required=\"true\" aria-invalid=\"false\" placeholder=\"Mensaje\" name=\"your-message\"><\/textarea><\/span><br \/>\n<span class=\"wpcf7-form-control-wrap eazycfc_captcha eazycfc_captcha-exercise\" data-name=\"eazycfc_captcha\">\n\t<label for=\"\">\n\t\t<span>66<\/span>\n\t\t<span>+<\/span>\n\t\t<span class=\"eazycfc-hide\">44<\/span>\n\t\t<span class=\"eazycfc-hide\">+<\/span>\n\t\t<span>1<\/span> =\n\t<\/label>\n\n\t<input\n\t\ttype=\"text\"\n\t\tname=\"eazycfc_captcha\"\n\t\t\t\t\t\tclass=\"wpcf7-form-control wpcf7-text\"\n\t\t\t\/>\n\n\t\t\t<input class=\"eazycfc-hide\" type=\"text\" name=\"eazycfc_captcha_sol\" value=\"\" \/>\n\t<\/span>\n<\/p>\n<p style=\"color:white\"><span class=\"wpcf7-form-control-wrap\" data-name=\"acceptance-905\"><span class=\"wpcf7-form-control wpcf7-acceptance\"><span class=\"wpcf7-list-item\"><input type=\"checkbox\" name=\"acceptance-905\" value=\"1\" aria-invalid=\"false\" \/><\/span><\/span><\/span> He leido y acepto la <a  style=\"color:white  !important\" href=\"https:\/\/www.clinicarinologica.com\/es\/politica-de-privacidad\/\" target=\"_blank\">pol\u00edtica de privacidad<\/a>\n<\/p>\n<p><input class=\"wpcf7-form-control wpcf7-submit has-spinner\" type=\"submit\" value=\"Enviar\" \/>\n<\/p><div class=\"wpcf7-response-output\" aria-hidden=\"true\"><\/div>\n<\/form>\n<\/div>\n[\/vc_column][\/vc_row][vc_row full_height=\u00bbyes\u00bb css=\u00bb.vc_custom_1593700944616{background-color: #b1dbcc !important;}\u00bb el_id=\u00bbhidden_central\u00bb][vc_column width=\u00bb1\/4&#8243;][\/vc_column][vc_column width=\u00bb1\/2&#8243;][vc_column_text el_class=\u00bbmedium_text\u00bb]Sede Central[\/vc_column_text][vc_column_text]Autob\u00fas: 6 \u2013 7- 15 \u2013 16 \u2013 17 \u2013 22- 24 \u2013 28 \u2013 27 \u2013 32 \u2013 33 \u2013 34\r\n\r\nFerrocarriles: parada GR\u00c0CIA de las linias S1 \u2013 S2 \u2013 S5 \u2013 S55 \u2013 L6 \u2013L7\r\n\r\nVeh\u00edculo propio: hay parkings muy cercanos (c\/Via Augsta, c\/Balmes y Av. Diagonal)\r\n\r\nBicing: Consulte la disponibilidad de bicicletas y las paradas en <a href=\"http:\/\/www.bicing.cat\" target=\"_blank\" rel=\"noopener noreferrer\">www.bicing.cat<\/a>[\/vc_column_text][vc_column_text el_class=\u00bbcontact_small\u00bb]Centre sanitari autorizat per la Generalitat de Catalunya: n.\u00ba E08582197[\/vc_column_text][vc_column_text el_class=\u00bbmedium_text google\u00bb]<a href=\"https:\/\/www.google.es\/maps\/place\/V%C3%ADa+Augusta,+13-15,+08006+Barcelona\/@41.3967049,2.1523974,17z\/data=!3m1!4b1!4m5!3m4!1s0x12a4a299fb360a75:0x40b3af33e025933c!8m2!3d41.3967049!4d2.1545861\" target=\"_blank\" rel=\"noopener noreferrer\">Google Maps<\/a>[\/vc_column_text][\/vc_column][vc_column width=\u00bb1\/4&#8243;][vc_column_text]\r\n<p style=\"text-align: center;\"><a class=\"close_central\">X<\/a><\/p>\r\n[\/vc_column_text][\/vc_column][\/vc_row][vc_row full_height=\u00bbyes\u00bb css=\u00bb.vc_custom_1593701037053{background-color: #d29d31 !important;}\u00bb el_id=\u00bbhidden_teknon\u00bb][vc_column width=\u00bb1\/4&#8243;][\/vc_column][vc_column width=\u00bb1\/2&#8243;][vc_column_text el_class=\u00bbmedium_text\u00bb]Sede Teknon[\/vc_column_text][vc_column_text]Autob\u00fas: 14 \u2013 22 \u2013 58 \u2013 64 \u2013 70 \u2013 72 \u2013 75 \u2013 123\r\n\r\nFerrocarriles: parada SARRI\u00c0 de las lineas S1 \u2013 S2 \u2013 S5 \u2013 S55 \u2013 L6\r\n\r\nVehiculo propio: Ronda de Dalt salida 9 direcci\u00f3n Norte y salida 7 direcci\u00f3n Sur. El parking del Centro M\u00e9dico Teknon est\u00e1 a la su disposici\u00f3n.\r\n\r\nBicing: Tiene diferentes paradas cercanas al Centro M\u00e9dico Teknon. Bicing: Consulte la disponibilidad de bicicletas y las paradas en <a href=\"http:\/\/www.bicing.cat\" target=\"_blank\" rel=\"noopener noreferrer\">www.bicing.cat<\/a>[\/vc_column_text][vc_column_text el_class=\u00bbmedium_text google\u00bb]<a href=\"https:\/\/www.google.es\/maps\/place\/Centro+M%C3%A9dico+Teknon\/@41.4065638,2.1251667,17z\/data=!4m5!3m4!1s0x12a4981447f96d79:0xb814667ed34600a!8m2!3d41.4065638!4d2.1273554\" target=\"_blank\" rel=\"noopener noreferrer\">Google Maps<\/a>[\/vc_column_text][\/vc_column][vc_column width=\u00bb1\/4&#8243;][vc_column_text]\r\n<p style=\"text-align: center;\"><a class=\"close_teknon\">X<\/a><\/p>\r\n[\/vc_column_text][\/vc_column][\/vc_row][vc_row full_height=\u00bbyes\u00bb css=\u00bb.vc_custom_1593701070237{background-color: #e097c2 !important;}\u00bb el_id=\u00bbhidden_andorra\u00bb][vc_column width=\u00bb1\/4&#8243;][\/vc_column][vc_column width=\u00bb1\/2&#8243;][vc_column_text el_class=\u00bbmedium_text\u00bb]Sede Andorra[\/vc_column_text][vc_column_text]Cont\u00e1ctenos para concretar una cita.[\/vc_column_text][vc_column_text el_class=\u00bbmedium_text google\u00bb]<a href=\"https:\/\/www.google.es\/maps\/place\/Av.+de+les+Nacions+Unides,+17,+AD700+Escaldes-Engordany,+Andorra\/@42.5097693,1.5325354,17z\/data=!3m1!4b1!4m5!3m4!1s0x12a58adb68b49107:0x35a99be5ea8cdc51!8m2!3d42.5097693!4d1.5347241\" target=\"_blank\" rel=\"noopener noreferrer\">Google Maps<\/a>[\/vc_column_text][\/vc_column][vc_column width=\u00bb1\/4&#8243;][vc_column_text]\r\n<p style=\"text-align: center;\"><a class=\"close_andorra\">X<\/a><\/p>\r\n[\/vc_column_text][\/vc_column][\/vc_row]","protected":false},"excerpt":{"rendered":"[vc_row el_id=\u00bbcontacte\u00bb el_class=\u00bbtab_paddings\u00bb][vc_column width=\u00bb1\/2&#8243;][vc_column_text el_class=\u00bbmedium_text\u00bb]Contacto[\/vc_column_text][vc_row_inner][vc_column_inner][vc_column_text el_class=\u00bbmedium_text\u00bb]info@clinicarinologica.com +34 931 990 770 +(34) 649 992 509 Formulario de contacto[\/vc_column_text][vc_column_text css=\u00bb.vc_custom_1606043278567{margin-bottom: 10px !important;}\u00bb el_class=\u00bbmedium_text\u00bb]\u00a1S\u00edganos![\/vc_column_text][vc_wp_custommenu nav_menu=\u00bb13&#8243;][\/vc_column_inner][\/vc_row_inner][\/vc_column][vc_column width=\u00bb1\/2&#8243;][vc_column_text el_class=\u00bbmedium_text\u00bb]Direcciones[\/vc_column_text][vc_column_text]Sede Central C\/ Via Augusta,13-15. Despacho 609 08006 Barcelona Acceso tambie\u0301n por: C\/Comte de Salvatiera, 5[\/vc_column_text][vc_column_text]Sede en Teknon Consultorios Vilana Despacho 167 C\/ Vilana, 12 08022 Barcelona[\/vc_column_text][\/vc_column][\/vc_row][vc_row full_height=\u00bbyes\u00bb css=\u00bb.vc_custom_1593701487356{background-color: #000000 !important;}\u00bb el_id=\u00bbhidden_form\u00bb][vc_column][vc_column_text&#8230; <a class=\"view-article\" href=\"https:\/\/www.clinicarinologica.com\/es\/contacte\/\">Ver art\u00edculo<\/a>","protected":false},"author":1,"featured_media":0,"parent":0,"menu_order":0,"comment_status":"closed","ping_status":"closed","template":"","meta":{"_acf_changed":false,"footnotes":""},"class_list":["post-2017","page","type-page","status-publish","hentry"],"acf":[],"_links":{"self":[{"href":"https:\/\/www.clinicarinologica.com\/es\/wp-json\/wp\/v2\/pages\/2017","targetHints":{"allow":["GET"]}}],"collection":[{"href":"https:\/\/www.clinicarinologica.com\/es\/wp-json\/wp\/v2\/pages"}],"about":[{"href":"https:\/\/www.clinicarinologica.com\/es\/wp-json\/wp\/v2\/types\/page"}],"author":[{"embeddable":true,"href":"https:\/\/www.clinicarinologica.com\/es\/wp-json\/wp\/v2\/users\/1"}],"replies":[{"embeddable":true,"href":"https:\/\/www.clinicarinologica.com\/es\/wp-json\/wp\/v2\/comments?post=2017"}],"version-history":[{"count":12,"href":"https:\/\/www.clinicarinologica.com\/es\/wp-json\/wp\/v2\/pages\/2017\/revisions"}],"predecessor-version":[{"id":4288,"href":"https:\/\/www.clinicarinologica.com\/es\/wp-json\/wp\/v2\/pages\/2017\/revisions\/4288"}],"wp:attachment":[{"href":"https:\/\/www.clinicarinologica.com\/es\/wp-json\/wp\/v2\/media?parent=2017"}],"curies":[{"name":"wp","href":"https:\/\/api.w.org\/{rel}","templated":true}]}}