{"id":2016,"date":"2020-10-19T13:02:53","date_gmt":"2020-10-19T11:02:53","guid":{"rendered":"https:\/\/www.clinicarinologica.com\/?page_id=2016"},"modified":"2021-11-02T10:38:44","modified_gmt":"2021-11-02T08:38:44","slug":"clinica","status":"publish","type":"page","link":"https:\/\/www.clinicarinologica.com\/es\/clinica\/","title":{"rendered":"Cl\u00ednica"},"content":{"rendered":"[vc_row css=\u00bb.vc_custom_1612204099056{margin-top: 200px !important;padding-right: 100px !important;padding-left: 40px !important;}\u00bb el_class=\u00bbmolts_marges\u00bb][vc_column width=\u00bb1\/4&#8243;][vc_column_text el_class=\u00bbmedium_text\u00bb]Cl\u00ednica[\/vc_column_text][vc_column_text el_class=\u00bbanchor_list\u00bb css=\u00bb.vc_custom_1603387838893{padding-right: 40px !important;}\u00bb]\r\n<p style=\"text-align: left;\"><a href=\"#ap1\"><strong>Trato con el paciente<\/strong><\/a><\/p>\r\n<p style=\"text-align: left;\"><a href=\"#ap2\"><strong>Medicina integrativa<\/strong><\/a><\/p>\r\n<p style=\"text-align: left;\"><a href=\"#ap3\"><strong>Tecnolog\u00eda especializada<\/strong><\/a><\/p>\r\n<p style=\"text-align: left;\"><a href=\"#ap4\"><strong>Consulta privada y a trav\u00e9s de mutuas<\/strong><\/a><\/p>\r\n[\/vc_column_text][\/vc_column][vc_column width=\u00bb3\/4&#8243;][vc_column_text el_class=\u00bbmedium_text\u00bb]La Cl\u00ednica Rinol\u00f3gica Maria Colom\u00e9 es un centro de excelencia en salud nasal y cirug\u00eda est\u00e9tica y funcional. Con m\u00e1s de 25 a\u00f1os al servicio de los pacientes, la Cl\u00ednica Rinol\u00f3gica es la \u00fanica cl\u00ednica en Espa\u00f1a especializada exclusivamente en nariz.[\/vc_column_text][vc_column_text]Pionera en rinoplastia est\u00e9tica y funcional, los profesionales de la Cl\u00ednica Rinol\u00f3gica ofrecen soluciones a los problemas nasales de pacientes de todo el mundo.\r\n\r\nCon un <a href=\"https:\/\/www.clinicarinologica.com\/equip\/\">equipo<\/a> de especialistas de gran calidad humana y profesional \u2013 liderado por la Dra. Maria Colom\u00e9 \u2013 la Cl\u00ednica Rinol\u00f3gica aborda la persona como un todo, buscando el origen del problema y ofreciendo soluciones integrales.[\/vc_column_text][vc_video link=\u00bbhttps:\/\/youtu.be\/HW6zjgf-qE4&#8243;][vc_column_text el_class=\u00bbtext_blanc\u00bb]\r\n\r\n<span style=\"color: #000000;\"><em>La Ciencia de la Salud \u2013 Episodio 2 \u2013 Respira. TV2<\/em><\/span>\r\n\r\n[\/vc_column_text][vc_raw_html]JTNDYSUyMG5hbWUlM0QlMjJhcDElMjIlM0UlM0MlMkZhJTNF[\/vc_raw_html][\/vc_column][\/vc_row][vc_row el_class=\u00bbtab_paddings\u00bb css=\u00bb.vc_custom_1594636255718{background-color: #282828 !important;}\u00bb][vc_column width=\u00bb1\/4&#8243;][\/vc_column][vc_column width=\u00bb3\/4&#8243;][vc_column_text el_class=\u00bbmedium_text text_blanc super_big\u00bb]Trato con el paciente[\/vc_column_text][vc_column_text el_class=\u00bbmedium_text text_blanc\u00bb]En la Cl\u00ednica Rinol\u00f3gica Maria Colom\u00e9 velamos para que la atenci\u00f3n a nuestros pacientes sea exquisita en todo momento, desde el primer contacto hasta la \u00faltima visita.[\/vc_column_text][vc_column_text el_class=\u00bbtext_blanc\u00bb]La <strong>comunicaci\u00f3n cercana<\/strong> con el paciente, por parte de todo el equipo, as\u00ed como en el cuidado de los espacios \u2014tanto f\u00edsicos como virtuales\u2014, hacen que la experiencia del cliente sea excelente.\r\n\r\nContamos con un espacio del paciente, para que tenga a su alcance toda su informaci\u00f3n en un solo clic, y desde donde realizar las<strong> consultas online.<\/strong>\r\n\r\nEn la <strong>Cl\u00ednica Rinol\u00f3gica<\/strong> escuchamos a la persona, no s\u00f3lo los s\u00edntomas, para ofrecerle una soluci\u00f3n integral, que act\u00fae en el origen del problema.[\/vc_column_text][vc_single_image image=\u00bb1566&#8243; img_size=\u00bbfull\u00bb el_class=\u00bbfullwidth\u00bb][vc_raw_html]JTNDYSUyMG5hbWUlM0QlMjJhcDIlMjIlM0UlM0MlMkZhJTNF[\/vc_raw_html][\/vc_column][\/vc_row][vc_row el_class=\u00bbtab_paddings\u00bb css=\u00bb.vc_custom_1594636362275{background-color: #282828 !important;}\u00bb][vc_column width=\u00bb1\/4&#8243;][\/vc_column][vc_column width=\u00bb3\/4&#8243;][vc_column_text el_class=\u00bbmedium_text text_blanc super_big\u00bb]Medicina integrativa[\/vc_column_text][vc_column_text el_class=\u00bbmedium_text text_blanc\u00bb]En la Cl\u00ednica Rinol\u00f3gica Maria Colom\u00e9 analizamos cada caso entendiendo la persona como un todo \u2014cuerpo, mente y esp\u00edritu\u2014 para hacer un abordaje integral que mejore los resultados m\u00e9dicos.\r\n\r\nTrabajamos desde la Medicina Integrativa, complementando la especialidad rinol\u00f3gica con otras terapias sanitarias (psicolog\u00eda, fisioterapia, logopedia, etc.) y terapias complementarias como la acupuntura o la homeopat\u00eda.\r\n[\/vc_column_text][vc_column_text el_class=\u00bbtext_blanc\u00bb]La combinaci\u00f3n de tratamientos convencionales y complementarios es muy \u00fatil a la hora de mejorar el bienestar en el preoperatorio, acelerar la <strong>recuperaci\u00f3n despu\u00e9s de una cirug\u00eda<\/strong>, reducir estr\u00e9s y ansiedad, y superar h\u00e1bitos nocivos.\r\n\r\nInstituciones de prestigio, como la <a href=\"https:\/\/www.mayoclinic.org\/es-es\" target=\"_blank\" rel=\"noopener noreferrer\">Cl\u00ednica Mayo<\/a> o el <a href=\"https:\/\/mdanderson.es\/\" target=\"_blank\" rel=\"noopener noreferrer\">MD Anderson Center<\/a>, han adoptado la Medicina Integrativa en su pr\u00e1ctica diaria.\r\n\r\nEn la Cl\u00ednica Rinol\u00f3gica Maria Colom\u00e9 s\u00f3lo practicamos terapias con base cient\u00edfica y eficacia demostrada.[\/vc_column_text][vc_single_image image=\u00bb1620&#8243; img_size=\u00bbfull\u00bb][vc_raw_html]JTNDYSUyMG5hbWUlM0QlMjJhcDMlMjIlM0UlM0MlMkZhJTNF[\/vc_raw_html][\/vc_column][\/vc_row][vc_row el_class=\u00bbtab_paddings\u00bb css=\u00bb.vc_custom_1594636368420{background-color: #282828 !important;}\u00bb][vc_column width=\u00bb1\/4&#8243;][\/vc_column][vc_column width=\u00bb3\/4&#8243;][vc_column_text el_class=\u00bbmedium_text text_blanc super_big\u00bb]Tecnolog\u00eda especializada[\/vc_column_text][vc_column_text el_class=\u00bbmedium_text text_blanc\u00bb]En la Cl\u00ednica Rinol\u00f3gica Maria Colom\u00e9 nos mantenemos al d\u00eda de los avances tecnol\u00f3gicos para poder ofrecer la m\u00e1xima calidad y comodidad a nuestros pacientes.[\/vc_column_text][vc_column_text el_class=\u00bbtext_blanc\u00bb]En la <strong>Cl\u00ednica Rinol\u00f3gica<\/strong> disponemos del mejor equipamiento en medicina nasal. A trav\u00e9s de <strong>t\u00e9cnicas avanzadas<\/strong> ofrecemos una exploraci\u00f3n exhaustiva de la nariz y un diagn\u00f3stico completo.\r\n\r\nLos pacientes de la <strong>Cl\u00ednica Rinol\u00f3gica<\/strong> disfrutan de las ventajas del<a href=\"https:\/\/www.teknon.es\/\" target=\"_blank\" rel=\"noopener noreferrer\"> Centro M\u00e9dico Teknon<\/a>, en Barcelona, que cuenta con quir\u00f3fanos y servicios de diagn\u00f3stico de <strong>tecnolog\u00eda de \u00faltima generaci\u00f3n.<\/strong>\r\n\r\nLa tecnolog\u00eda avanzada y la excelencia del trato con el paciente van siempre de la mano en la Cl\u00ednica Rinol\u00f3gica.[\/vc_column_text][vc_raw_html]JTNDYSUyMG5hbWUlM0QlMjJhcDQlMjIlM0UlM0MlMkZhJTNF[\/vc_raw_html][\/vc_column][\/vc_row][vc_row el_class=\u00bbtab_paddings\u00bb css=\u00bb.vc_custom_1594636382082{background-color: #282828 !important;}\u00bb][vc_column width=\u00bb1\/4&#8243;][\/vc_column][vc_column width=\u00bb3\/4&#8243;][vc_column_text el_class=\u00bbmedium_text text_blanc super_big\u00bb]Consulta privada y a trav\u00e9s de mutuas[\/vc_column_text][vc_column_text el_class=\u00bbmedium_text text_blanc\u00bb]En la Cl\u00ednica Rinol\u00f3gica Maria Colom\u00e9 apostamos por la salud nasal y la calidad de vida de nuestros pacientes.[\/vc_column_text][vc_column_text el_class=\u00bbtext_blanc\u00bb]Ofrecemos medicina privada de <strong>excelencia<\/strong>, en la atenci\u00f3n de pacientes de est\u00e9tica y funcional.\r\n\r\nFacilitamos al m\u00e1ximo la <strong>financiaci\u00f3n<\/strong> y pago de los tratamientos de operaciones de la nariz, como la rinoplastia.\r\n\r\nTrabajamos con las principales <strong>mutuas<\/strong> de seguros m\u00e9dicos.[\/vc_column_text][\/vc_column][\/vc_row][vc_row css=\u00bb.vc_custom_1594636438844{padding-top: 30px !important;padding-bottom: 80px !important;background-color: #282828 !important;}\u00bb el_class=\u00bbnormal_paddings\u00bb][vc_column][vc_column_text el_class=\u00bbmedium_text\u00bb]\u00bfQuiere operarse? \u00bfTiene dudas? Solicite ahora una <a href=\"https:\/\/www.clinicarinologica.com\/es\/solicitud-visita\/\">primera visita<\/a> y hablamos tranquilamente.\r\n\r\n<a href=\"https:\/\/www.clinicarinologica.com\/es\/contacte\/\">Contacte<\/a> con nosotros para solicitar un presupuesto o hacer cualquier consulta sobre nuestros servicios.[\/vc_column_text][\/vc_column][\/vc_row]","protected":false},"excerpt":{"rendered":"[vc_row css=\u00bb.vc_custom_1612204099056{margin-top: 200px !important;padding-right: 100px !important;padding-left: 40px !important;}\u00bb el_class=\u00bbmolts_marges\u00bb][vc_column width=\u00bb1\/4&#8243;][vc_column_text el_class=\u00bbmedium_text\u00bb]Cl\u00ednica[\/vc_column_text][vc_column_text el_class=\u00bbanchor_list\u00bb css=\u00bb.vc_custom_1603387838893{padding-right: 40px !important;}\u00bb] Trato con el paciente Medicina integrativa Tecnolog\u00eda especializada Consulta privada y a trav\u00e9s de mutuas [\/vc_column_text][\/vc_column][vc_column width=\u00bb3\/4&#8243;][vc_column_text el_class=\u00bbmedium_text\u00bb]La Cl\u00ednica Rinol\u00f3gica Maria Colom\u00e9 es un centro de excelencia en salud nasal y cirug\u00eda est\u00e9tica y funcional. Con m\u00e1s de 25 a\u00f1os&#8230; <a class=\"view-article\" href=\"https:\/\/www.clinicarinologica.com\/es\/clinica\/\">Ver art\u00edculo<\/a>","protected":false},"author":1,"featured_media":0,"parent":0,"menu_order":0,"comment_status":"closed","ping_status":"closed","template":"","meta":{"_acf_changed":false,"footnotes":""},"class_list":["post-2016","page","type-page","status-publish","hentry"],"acf":[],"_links":{"self":[{"href":"https:\/\/www.clinicarinologica.com\/es\/wp-json\/wp\/v2\/pages\/2016","targetHints":{"allow":["GET"]}}],"collection":[{"href":"https:\/\/www.clinicarinologica.com\/es\/wp-json\/wp\/v2\/pages"}],"about":[{"href":"https:\/\/www.clinicarinologica.com\/es\/wp-json\/wp\/v2\/types\/page"}],"author":[{"embeddable":true,"href":"https:\/\/www.clinicarinologica.com\/es\/wp-json\/wp\/v2\/users\/1"}],"replies":[{"embeddable":true,"href":"https:\/\/www.clinicarinologica.com\/es\/wp-json\/wp\/v2\/comments?post=2016"}],"version-history":[{"count":11,"href":"https:\/\/www.clinicarinologica.com\/es\/wp-json\/wp\/v2\/pages\/2016\/revisions"}],"predecessor-version":[{"id":4081,"href":"https:\/\/www.clinicarinologica.com\/es\/wp-json\/wp\/v2\/pages\/2016\/revisions\/4081"}],"wp:attachment":[{"href":"https:\/\/www.clinicarinologica.com\/es\/wp-json\/wp\/v2\/media?parent=2016"}],"curies":[{"name":"wp","href":"https:\/\/api.w.org\/{rel}","templated":true}]}}