{"id":2014,"date":"2020-10-19T13:02:08","date_gmt":"2020-10-19T11:02:08","guid":{"rendered":"https:\/\/www.clinicarinologica.com\/?page_id=2014"},"modified":"2021-11-02T10:44:17","modified_gmt":"2021-11-02T08:44:17","slug":"barcelona","status":"publish","type":"page","link":"https:\/\/www.clinicarinologica.com\/es\/barcelona\/","title":{"rendered":"Barcelona"},"content":{"rendered":"[vc_row el_class=\u00bbnormal_paddings\u00bb css=\u00bb.vc_custom_1594636689146{margin-top: 200px !important;}\u00bb][vc_column width=\u00bb1\/4&#8243;][vc_column_text el_class=\u00bbmedium_text\u00bb]Barcelona: sede central[\/vc_column_text][\/vc_column][vc_column width=\u00bb3\/4&#8243;][vc_column_text el_class=\u00bbmedium_text\u00bb]La Cl\u00ednica Rinol\u00f3gica Maria Colom\u00e9 ofrece en la sede central de Barcelona todos los servicios del equipo multidisciplinar de profesionales: rinolog\u00eda, otorrinolaringolog\u00eda, enfermer\u00eda, logopedia, psicolog\u00eda, medicina complementaria.[\/vc_column_text][vc_column_text]Situada en la V\u00eda Augusta \u2014muy cerca de la Avenida Diagonal\u2014, la Cl\u00ednica Rinol\u00f3gica est\u00e1 equipada con la m\u00e1s alta tecnolog\u00eda m\u00e9dica, en un ambiente exclusivo, donde se cuidan todos los detalles.[\/vc_column_text][\/vc_column][\/vc_row][vc_row el_class=\u00bbno_paddings\u00bb css=\u00bb.vc_custom_1594636811299{margin-top: 0px !important;margin-bottom: 0px !important;padding-top: 0px !important;padding-bottom: 0px !important;background-color: #282828 !important;}\u00bb][vc_column][vc_single_image image=\u00bb243&#8243; img_size=\u00bbfull\u00bb css=\u00bb.vc_custom_1594636789723{margin-bottom: 0px !important;}\u00bb][\/vc_column][\/vc_row][vc_row el_class=\u00bbnormal_paddings\u00bb css=\u00bb.vc_custom_1594636850066{padding-top: 30px !important;padding-bottom: 80px !important;background-color: #282828 !important;}\u00bb][vc_column width=\u00bb1\/4&#8243;][\/vc_column][vc_column width=\u00bb3\/4&#8243;][vc_column_text el_class=\u00bbmedium_text text_blanc super_big\u00bb]Un espacio exclusivo[\/vc_column_text][vc_column_text el_class=\u00bbmedium_text text_blanc\u00bb]En la Cl\u00ednica Rinol\u00f3gica queremos que nuestros pacientes se sientan a gusto en todo momento, y reciban un trato excelente.[\/vc_column_text][vc_column_text el_class=\u00bbtext_blanc\u00bb]A la sede central se puede llegar en transporte p\u00fablico y dispone de aparcamientos muy cercanos. Consulte, si lo desea, <a href=\"https:\/\/www.clinicarinologica.com\/contacte\/\">m\u00e1s detalles<\/a>.[\/vc_column_text][vc_column_text el_class=\u00bbmedium_text text_blanc super_big\u00bb]Un trato excelente[\/vc_column_text][vc_column_text el_class=\u00bbmedium_text text_blanc\u00bb]Desde la recepci\u00f3n y coordinaci\u00f3n, y el equipo de enfermer\u00eda, acompa\u00f1amos al paciente durante su visita, en todo lo que le haga falta.[\/vc_column_text][vc_column_text el_class=\u00bbtext_blanc\u00bb]Les ofrecemos informaci\u00f3n detallada sobre su proceso, para que no tenga ninguna duda sobre los diferentes pasos y procedimientos que tiene que realizar.\r\n\r\nVelamos por que cada visita sea lo m\u00e1s completa, y los pacientes puedan realizarse las pruebas y recibir los tratamientos necesarios, en la misma Cl\u00ednica.[\/vc_column_text][\/vc_column][\/vc_row]","protected":false},"excerpt":{"rendered":"[vc_row el_class=\u00bbnormal_paddings\u00bb css=\u00bb.vc_custom_1594636689146{margin-top: 200px !important;}\u00bb][vc_column width=\u00bb1\/4&#8243;][vc_column_text el_class=\u00bbmedium_text\u00bb]Barcelona: sede central[\/vc_column_text][\/vc_column][vc_column width=\u00bb3\/4&#8243;][vc_column_text el_class=\u00bbmedium_text\u00bb]La Cl\u00ednica Rinol\u00f3gica Maria Colom\u00e9 ofrece en la sede central de Barcelona todos los servicios del equipo multidisciplinar de profesionales: rinolog\u00eda, otorrinolaringolog\u00eda, enfermer\u00eda, logopedia, psicolog\u00eda, medicina complementaria.[\/vc_column_text][vc_column_text]Situada en la V\u00eda Augusta \u2014muy cerca de la Avenida Diagonal\u2014, la Cl\u00ednica Rinol\u00f3gica est\u00e1 equipada con la m\u00e1s&#8230; <a class=\"view-article\" href=\"https:\/\/www.clinicarinologica.com\/es\/barcelona\/\">Ver art\u00edculo<\/a>","protected":false},"author":1,"featured_media":0,"parent":0,"menu_order":0,"comment_status":"closed","ping_status":"closed","template":"","meta":{"_acf_changed":false,"footnotes":""},"class_list":["post-2014","page","type-page","status-publish","hentry"],"acf":[],"_links":{"self":[{"href":"https:\/\/www.clinicarinologica.com\/es\/wp-json\/wp\/v2\/pages\/2014","targetHints":{"allow":["GET"]}}],"collection":[{"href":"https:\/\/www.clinicarinologica.com\/es\/wp-json\/wp\/v2\/pages"}],"about":[{"href":"https:\/\/www.clinicarinologica.com\/es\/wp-json\/wp\/v2\/types\/page"}],"author":[{"embeddable":true,"href":"https:\/\/www.clinicarinologica.com\/es\/wp-json\/wp\/v2\/users\/1"}],"replies":[{"embeddable":true,"href":"https:\/\/www.clinicarinologica.com\/es\/wp-json\/wp\/v2\/comments?post=2014"}],"version-history":[{"count":6,"href":"https:\/\/www.clinicarinologica.com\/es\/wp-json\/wp\/v2\/pages\/2014\/revisions"}],"predecessor-version":[{"id":4088,"href":"https:\/\/www.clinicarinologica.com\/es\/wp-json\/wp\/v2\/pages\/2014\/revisions\/4088"}],"wp:attachment":[{"href":"https:\/\/www.clinicarinologica.com\/es\/wp-json\/wp\/v2\/media?parent=2014"}],"curies":[{"name":"wp","href":"https:\/\/api.w.org\/{rel}","templated":true}]}}