{"id":2011,"date":"2020-10-19T13:01:40","date_gmt":"2020-10-19T11:01:40","guid":{"rendered":"https:\/\/www.clinicarinologica.com\/?page_id=2011"},"modified":"2021-11-02T10:05:47","modified_gmt":"2021-11-02T08:05:47","slug":"arts-esceniques-i-comunicacio","status":"publish","type":"page","link":"https:\/\/www.clinicarinologica.com\/es\/arts-esceniques-i-comunicacio\/","title":{"rendered":"Artes esc\u00e9nicas y comunicaci\u00f3n"},"content":{"rendered":"[vc_row el_class=\u00bbnormal_paddings\u00bb css=\u00bb.vc_custom_1591593390982{padding-top: 150px !important;}\u00bb][vc_column width=\u00bb1\/4&#8243;][\/vc_column][vc_column width=\u00bb3\/4&#8243;][vc_column_text el_class=\u00bbinside_title\u00bb]\r\n<h1 class=\"p1\"><strong><span class=\"s1\"><a href=\"https:\/\/www.clinicarinologica.com\/es\/funcional\/#programes\">Programas para profesionales<\/a><\/span><\/strong><\/h1>\r\n[\/vc_column_text][\/vc_column][\/vc_row][vc_row el_class=\u00bbnormal_paddings_2&#8243;][vc_column width=\u00bb1\/4&#8243;][vc_column_text el_class=\u00bbinside_title\u00bb]\r\n<h1 class=\"p1\">Salud nasal en artes esc\u00e9nicas y comunicaci\u00f3n.<\/h1>\r\n[\/vc_column_text][vc_column_text el_class=\u00bbanchor_list\u00bb]<a href=\"#apt1\"><strong>\u00bfPor qu\u00e9 es importante la salud nasal en las artes esc\u00e9nicas y la comunicaci\u00f3n oral?<\/strong><\/a>\r\n\r\n<a href=\"#apt2\"><strong>\u00bfQu\u00e9 me aporta la Cl\u00ednica Rinol\u00f3gica?<\/strong><\/a>[\/vc_column_text][\/vc_column][vc_column width=\u00bb3\/4&#8243;][vc_column_text el_class=\u00bbmedium_text\u00bb]La salud nasal y la salud vocal est\u00e1n muy relacionadas. En la Cl\u00ednica Rinol\u00f3gica estudiamos cada caso desde una perspectiva global para que los profesionales de las artes esc\u00e9nicas y la comunicaci\u00f3n trabajen en condiciones \u00f3ptimas.[\/vc_column_text][vc_column_text el_class=\u00bbmid\u00bb]Cantantes, m\u00fasicos, actores, abogados, profesores, maestros, presentadores&#8230; muchos profesionales necesitan una buena salud nasal para realizar su trabajo adecuadamente. [\/vc_column_text][vc_video link=\u00bbhttps:\/\/www.youtube.com\/watch?v=9JaVB7NnAao\u00bb][vc_column_text el_class=\u00bbtext_blanc\u00bb]<span style=\"color: #000000;\"><em>La Ciencia de la Salud \u2013 Episodio 2 \u2013 Respira. TV2<\/em><\/span>[\/vc_column_text][vc_column_text el_class=\u00bbquote_text\u00bb]<span style=\"color: #000000;\">\u201cCon respecto a la voz, tenemos que considerar el papel que tiene la nariz para la respiraci\u00f3n.\u201d<\/span>[\/vc_column_text][\/vc_column][\/vc_row][vc_row css=\u00bb.vc_custom_1595873469924{background-color: #282828 !important;}\u00bb el_class=\u00bbnormal_paddings_2&#8243;][vc_column width=\u00bb1\/4&#8243;][\/vc_column][vc_column width=\u00bb3\/4&#8243;][vc_column_text el_class=\u00bbmedium_text text_blanc super_big\u00bb]\u00bfPor qu\u00e9 es importante la salud nasal en las artes esc\u00e9nicas y la comunicaci\u00f3n oral?[\/vc_column_text][vc_column_text el_class=\u00bbmedium_text text_blanc\u00bb]El aparato fonador est\u00e1 muy relacionado con la nariz. Las patolog\u00edas nasales y los malos h\u00e1bitos respiratorios pueden afectar tanto a la calidad de la voz como al buen estado de la laringe.\r\n\r\nCuando se usa mucho la voz, el aire pasa mucho por la boca, que permanece cerrada poco rato.[\/vc_column_text][vc_column_text el_class=\u00bbtext_blanc\u00bb]Esto hace que se reseque la cavidad bucal, se oxide la saliva y se inhiban las gl\u00e1ndulas, perjudicando la calidad de la voz. Estos problemas se agravan si hay alteraciones nasales, porque se intensifica el paso del aire por la boca.\r\n\r\n<strong>Respirar bien por la nariz es fundamental<\/strong> porque permite a los profesionales: cerrar la boca a menudo, para evitar sequedad bucal y segregar y alcalinizar saliva, cosa fundamental para la calidad vocal, relajarse durante las pausas para poder reducir la fatiga de la laringe, agilizar el aleteo nasal, para intensificar la oxigenaci\u00f3n, oxigenar el cuerpo adecuadamente, garantizar la presi\u00f3n de aire que se necesita para un buen funcionamiento vocal.\r\n\r\nLos m\u00fasicos que tocan instrumentos de viento necesitan tener una salud nasal excelente.\r\n[\/vc_column_text][vc_column_text el_class=\u00bbmedium_text text_blanc\u00bb]\u201cLa m\u00fasica despu\u00e9s de la operaci\u00f3n suena distinta, es mucho m\u00e1s humana, libre y fluye.\u201d[\/vc_column_text][vc_video link=\u00bbhttps:\/\/www.youtube.com\/watch?v=WFahMR3rXU8&#8243;][vc_column_text el_class=\u00bbtext_blanc\u00bb]\r\n<em>La Ciencia de la Salud \u2013 Episodio 2 \u2013 Respira<\/em>[\/vc_column_text][vc_raw_html css=\u00bb.vc_custom_1591595656157{margin-bottom: 100px !important;}\u00bb]JTNDYSUyMG5hbWUlM0QlMjJhcHQyJTIyJTNFJTNDJTJGYSUzRQ==[\/vc_raw_html][vc_column_text el_class=\u00bbmedium_text text_blanc super_big\u00bb]\u00bfQu\u00e9 me aporta la Cl\u00ednica Rinol\u00f3gica?[\/vc_column_text][vc_column_text el_class=\u00bbmedium_text text_blanc\u00bb]En la Cl\u00ednica Rinol\u00f3gica estudiaremos exhaustivamente su salud nasal, teniendo en cuenta el uso que usted hace de la voz en su vida diaria y profesional. Si vemos que el \u00f3rgano respiratorio no est\u00e1 en condiciones \u00f3ptimas, le ofreceremos un tratamiento personalizado.[\/vc_column_text][vc_column_text el_class=\u00bbtext_blanc\u00bb]Enfocamos los casos desde diferentes disciplinas: otorrinolaringolog\u00eda, fonocirurg\u00eda, foniatr\u00eda y logopedia. Cuando es necesario, trabajamos tambi\u00e9n con neum\u00f3logos, alerg\u00f3logos y endocrin\u00f3logos.\r\n\r\n<strong>El reconocimiento m\u00e9dico consiste en:<\/strong> exploraci\u00f3n exhaustiva de las v\u00edas respiratorias a nivel morfol\u00f3gico y funcional, examen instrumental de la voz (videolaringoestroboscopia), an\u00e1lisis ac\u00fastico de la voz, estudio del campo vocal y del perfil del rango vocal (fonetograma), estudio de la funci\u00f3n gl\u00f3tica a lo largo del ciclo vibratorio de las cuerdas vocales (electroglotograma), valoraci\u00f3n de la capacidad auditiva, estudio postural global.\r\n\r\nSi hace falta, complementaremos el estudio con otras pruebas.\r\n\r\nCada caso es diferente. Trabajando conjuntamente, foniatras y otorrinolaring\u00f3logos encontraremos la mejor manera de optimizar su salud nasal y vocal. Hay muchas opciones: <strong>reeducaci\u00f3n y rehabilitaci\u00f3n vocal<\/strong> para trabajar los h\u00e1bitos adecuados en el uso de la voz.\r\n\r\n<strong>Taller de Respiraci\u00f3n y Oxigenaci\u00f3<\/strong>n para aprender a sacar el m\u00e1ximo rendimiento de la respiraci\u00f3n y oxigenar el cuerpo adecuadamente.\r\n\r\n<strong>Tratamientos m\u00e9dicos y\/o quir\u00fargicos<\/strong> para solucionar un problema de obstrucci\u00f3n nasal o una patolog\u00eda en las cuerdas vocales.\r\n\r\n<strong>Estudio del perfil bionutricional<\/strong>, para establecer las pautas alimentarias m\u00e1s adecuadas para la salud de las mucosas implicadas en la fonaci\u00f3n y la respiraci\u00f3n.\r\n\r\n<strong>Tratamiento con terapias complementarias<\/strong> para mejorar la funcionalidad de la mucosa y el aparato mucociliar y regular el sistema inmunitario en procesos de infecci\u00f3n o alergia.\r\n\r\nFumar perjudica muy significativamente la respiraci\u00f3n y oxigenaci\u00f3n del cuerpo. El Taller para dejar de fumar le puede ser muy \u00fatil.[\/vc_column_text][vc_video link=\u00bbhttps:\/\/www.youtube.com\/watch?v=uhL2n99pNDU\u00bb][\/vc_column][\/vc_row][vc_row el_class=\u00bbnormal_paddings_2&#8243; css=\u00bb.vc_custom_1595873464959{padding-top: 20px !important;padding-bottom: 50px !important;background-color: #282828 !important;}\u00bb][vc_column][vc_column_text el_class=\u00bbmedium_text\u00bb]Si tiene cualquier duda, p\u00f3ngase en <a href=\"https:\/\/www.clinicarinologica.com\/es\/contacte\/\">contacto<\/a> con nosotros. Le atenderemos con mucho gusto.\r\n\r\n\u00bfQuiere <a href=\"https:\/\/www.clinicarinologica.com\/es\/solicitud-visita\/\">solicitar una cita<\/a>? Intentaremos darle hora r\u00e1pidamente.[\/vc_column_text][\/vc_column][\/vc_row]","protected":false},"excerpt":{"rendered":"[vc_row el_class=\u00bbnormal_paddings\u00bb css=\u00bb.vc_custom_1591593390982{padding-top: 150px !important;}\u00bb][vc_column width=\u00bb1\/4&#8243;][\/vc_column][vc_column width=\u00bb3\/4&#8243;][vc_column_text el_class=\u00bbinside_title\u00bb] Programas para profesionales [\/vc_column_text][\/vc_column][\/vc_row][vc_row el_class=\u00bbnormal_paddings_2&#8243;][vc_column width=\u00bb1\/4&#8243;][vc_column_text el_class=\u00bbinside_title\u00bb] Salud nasal en artes esc\u00e9nicas y comunicaci\u00f3n. [\/vc_column_text][vc_column_text el_class=\u00bbanchor_list\u00bb]\u00bfPor qu\u00e9 es importante la salud nasal en las artes esc\u00e9nicas y la comunicaci\u00f3n oral? \u00bfQu\u00e9 me aporta la Cl\u00ednica Rinol\u00f3gica?[\/vc_column_text][\/vc_column][vc_column width=\u00bb3\/4&#8243;][vc_column_text el_class=\u00bbmedium_text\u00bb]La salud nasal y la salud vocal est\u00e1n muy relacionadas&#8230;. <a class=\"view-article\" href=\"https:\/\/www.clinicarinologica.com\/es\/arts-esceniques-i-comunicacio\/\">Ver art\u00edculo<\/a>","protected":false},"author":1,"featured_media":0,"parent":0,"menu_order":0,"comment_status":"closed","ping_status":"closed","template":"","meta":{"_acf_changed":false,"footnotes":""},"class_list":["post-2011","page","type-page","status-publish","hentry"],"acf":[],"_links":{"self":[{"href":"https:\/\/www.clinicarinologica.com\/es\/wp-json\/wp\/v2\/pages\/2011","targetHints":{"allow":["GET"]}}],"collection":[{"href":"https:\/\/www.clinicarinologica.com\/es\/wp-json\/wp\/v2\/pages"}],"about":[{"href":"https:\/\/www.clinicarinologica.com\/es\/wp-json\/wp\/v2\/types\/page"}],"author":[{"embeddable":true,"href":"https:\/\/www.clinicarinologica.com\/es\/wp-json\/wp\/v2\/users\/1"}],"replies":[{"embeddable":true,"href":"https:\/\/www.clinicarinologica.com\/es\/wp-json\/wp\/v2\/comments?post=2011"}],"version-history":[{"count":15,"href":"https:\/\/www.clinicarinologica.com\/es\/wp-json\/wp\/v2\/pages\/2011\/revisions"}],"predecessor-version":[{"id":4061,"href":"https:\/\/www.clinicarinologica.com\/es\/wp-json\/wp\/v2\/pages\/2011\/revisions\/4061"}],"wp:attachment":[{"href":"https:\/\/www.clinicarinologica.com\/es\/wp-json\/wp\/v2\/media?parent=2011"}],"curies":[{"name":"wp","href":"https:\/\/api.w.org\/{rel}","templated":true}]}}