{"id":2008,"date":"2020-04-26T19:15:07","date_gmt":"2020-04-26T17:15:07","guid":{"rendered":"https:\/\/www.clinicarinologica.com\/?page_id=2008"},"modified":"2021-11-02T10:50:07","modified_gmt":"2021-11-02T08:50:07","slug":"andorra","status":"publish","type":"page","link":"https:\/\/www.clinicarinologica.com\/es\/andorra\/","title":{"rendered":"Andorra"},"content":{"rendered":"[vc_row el_class=\u00bbnormal_paddings\u00bb css=\u00bb.vc_custom_1592568046268{margin-top: 200px !important;}\u00bb][vc_column width=\u00bb1\/4&#8243;][vc_column_text el_class=\u00bbmedium_text\u00bb]Andorra[\/vc_column_text][\/vc_column][vc_column width=\u00bb3\/4&#8243;][vc_column_text el_class=\u00bbmedium_text\u00bb]La Dra. Colom\u00e9 cuenta con una consulta en Andorra, donde ofrece primeras visitas y seguimiento a los pacientes.[\/vc_column_text][vc_column_text]En esta consulta, la Dra. Colom\u00e9 se centra principalmente en los pacientes que est\u00e1n pensando en hacerse una rinoplastia est\u00e9tica, porque no les gusta la forma o tama\u00f1o de su nariz, ya sea por problemas cong\u00e9nitos o causados por un traumatismo. Tambi\u00e9n en aquellos que quieren aprovechar que se tienen que hacer una cirug\u00eda funcional para hacerse alg\u00fan retoque.[\/vc_column_text][\/vc_column][\/vc_row][vc_row el_class=\u00bbno_paddings\u00bb css=\u00bb.vc_custom_1594637295089{background-color: #282828 !important;}\u00bb][vc_column][vc_single_image image=\u00bb1742&#8243; img_size=\u00bbfull\u00bb][\/vc_column][\/vc_row][vc_row el_class=\u00bbtab_paddings\u00bb css=\u00bb.vc_custom_1607547636827{padding-top: 30px !important;background-color: #282828 !important;}\u00bb][vc_column width=\u00bb1\/4&#8243;][\/vc_column][vc_column width=\u00bb3\/4&#8243;][vc_column_text el_class=\u00bbmedium_text text_blanc super_big\u00bb]La Cl\u00ednica Rinol\u00f3gica abre sede en Andorra para acercarse a los pacientes que necesiten una rinoplastia.[\/vc_column_text][vc_column_text el_class=\u00bbmedium_text text_blanc\u00bb]La consulta est\u00e1 ubicada en el Centro M\u00e9dico Quir\u00fargico, en Escaldes-Engordany. Un espacio moderno y muy equipado, donde la doctora atiende a los pacientes personalmente. Consulte, si lo desea, <a href=\"https:\/\/www.clinicarinologica.com\/contacte\/\">m\u00e1s detalles<\/a>.[\/vc_column_text][vc_single_image image=\u00bb1743&#8243; img_size=\u00bbfull\u00bb][\/vc_column][\/vc_row][vc_row el_class=\u00bbtab_paddings\u00bb css=\u00bb.vc_custom_1607547642249{padding-top: 30px !important;background-color: #282828 !important;}\u00bb][vc_column width=\u00bb1\/4&#8243;][\/vc_column][vc_column width=\u00bb3\/4&#8243;][vc_column_text el_class=\u00bbmedium_text text_blanc\u00bb]La Dra. Colom\u00e9 ofrece un primer contacto online gratuito para pacientes de est\u00e9tica de nariz. En este primer contacto se planifican los pasos a seguir y se da orientaci\u00f3n diagn\u00f3stica, para tenerlo todo a punto para a visita presencial en el Centro M\u00e9dico Quir\u00fargico.[\/vc_column_text][vc_column_text el_class=\u00bbtext_blanc\u00bb]En la visita presencial se hace el an\u00e1lisis facial. A trav\u00e9s de un estudio fotogr\u00e1fico, la Dra. Colom\u00e9 dibuja la futura forma de su nariz. Juntamente con el paciente, se valora y se ajusta la forma hasta definir aquella que le gustar\u00eda m\u00e1s.[\/vc_column_text][vc_single_image image=\u00bb1833&#8243; img_size=\u00bbfull\u00bb][\/vc_column][\/vc_row][vc_row el_class=\u00bbtab_paddings\u00bb css=\u00bb.vc_custom_1607547648692{padding-top: 30px !important;background-color: #282828 !important;}\u00bb][vc_column width=\u00bb1\/4&#8243;][\/vc_column][vc_column width=\u00bb3\/4&#8243;][vc_column_text el_class=\u00bbtext_blanc\u00bb]Adem\u00e1s, a trav\u00e9s de la endoscopia valoramos la forma interna de la nariz y posibles patolog\u00edas que repercuten en la funci\u00f3n nasal \u2013desviaci\u00f3n del tabique, p\u00f3lipos, sinusitis\u2013 que despu\u00e9s pueden afectar a los resultados est\u00e9ticos. Forma y funci\u00f3n est\u00e1n muy interrelacionadas; no tener en cuenta el interior de la nariz puede hacer que la rinoplastia no sea del todo satisfactoria.[\/vc_column_text][vc_single_image image=\u00bb532&#8243; img_size=\u00bbfull\u00bb][\/vc_column][\/vc_row][vc_row el_class=\u00bbtab_paddings\u00bb css=\u00bb.vc_custom_1607547654135{padding-top: 30px !important;background-color: #282828 !important;}\u00bb][vc_column width=\u00bb1\/4&#8243;][\/vc_column][vc_column width=\u00bb3\/4&#8243;][vc_column_text el_class=\u00bbmedium_text text_blanc\u00bb]Las visitas online son tambi\u00e9n una oportunidad para que la Dra. pueda acompa\u00f1arles de cerca en todo el proceso de la rinoplastia est\u00e9tica.[\/vc_column_text][vc_video link=\u00bbhttps:\/\/www.youtube.com\/watch?v=I2w5RgvT8Go\u00bb][\/vc_column][\/vc_row][vc_row el_class=\u00bbtab_paddings\u00bb css=\u00bb.vc_custom_1594637309303{padding-top: 30px !important;padding-bottom: 100px !important;background-color: #282828 !important;}\u00bb][vc_column width=\u00bb1\/4&#8243;][\/vc_column][vc_column width=\u00bb3\/4&#8243;][vc_column_text el_class=\u00bbmedium_text text_blanc\u00bb]La Dra. Colom\u00e9 fue entrevistada por la revista andorrana Dona Secret, al abrir su consulta. Si quiere, puede ver el art\u00edculo desde el siguiente <a href=\"https:\/\/www.clinicarinologica.com\/wp-content\/uploads\/2020\/06\/CRMC_Donna-Secret_191206.jpg\" target=\"_blank\" rel=\"noopener noreferrer\">enlace<\/a>.[\/vc_column_text][\/vc_column][\/vc_row]","protected":false},"excerpt":{"rendered":"[vc_row el_class=\u00bbnormal_paddings\u00bb css=\u00bb.vc_custom_1592568046268{margin-top: 200px !important;}\u00bb][vc_column width=\u00bb1\/4&#8243;][vc_column_text el_class=\u00bbmedium_text\u00bb]Andorra[\/vc_column_text][\/vc_column][vc_column width=\u00bb3\/4&#8243;][vc_column_text el_class=\u00bbmedium_text\u00bb]La Dra. Colom\u00e9 cuenta con una consulta en Andorra, donde ofrece primeras visitas y seguimiento a los pacientes.[\/vc_column_text][vc_column_text]En esta consulta, la Dra. Colom\u00e9 se centra principalmente en los pacientes que est\u00e1n pensando en hacerse una rinoplastia est\u00e9tica, porque no les gusta la forma o tama\u00f1o de su&#8230; <a class=\"view-article\" href=\"https:\/\/www.clinicarinologica.com\/es\/andorra\/\">Ver art\u00edculo<\/a>","protected":false},"author":1,"featured_media":0,"parent":0,"menu_order":0,"comment_status":"closed","ping_status":"closed","template":"","meta":{"_acf_changed":false,"footnotes":""},"class_list":["post-2008","page","type-page","status-publish","hentry"],"acf":[],"_links":{"self":[{"href":"https:\/\/www.clinicarinologica.com\/es\/wp-json\/wp\/v2\/pages\/2008","targetHints":{"allow":["GET"]}}],"collection":[{"href":"https:\/\/www.clinicarinologica.com\/es\/wp-json\/wp\/v2\/pages"}],"about":[{"href":"https:\/\/www.clinicarinologica.com\/es\/wp-json\/wp\/v2\/types\/page"}],"author":[{"embeddable":true,"href":"https:\/\/www.clinicarinologica.com\/es\/wp-json\/wp\/v2\/users\/1"}],"replies":[{"embeddable":true,"href":"https:\/\/www.clinicarinologica.com\/es\/wp-json\/wp\/v2\/comments?post=2008"}],"version-history":[{"count":9,"href":"https:\/\/www.clinicarinologica.com\/es\/wp-json\/wp\/v2\/pages\/2008\/revisions"}],"predecessor-version":[{"id":4090,"href":"https:\/\/www.clinicarinologica.com\/es\/wp-json\/wp\/v2\/pages\/2008\/revisions\/4090"}],"wp:attachment":[{"href":"https:\/\/www.clinicarinologica.com\/es\/wp-json\/wp\/v2\/media?parent=2008"}],"curies":[{"name":"wp","href":"https:\/\/api.w.org\/{rel}","templated":true}]}}