{"id":1984,"date":"2020-10-15T14:53:39","date_gmt":"2020-10-15T12:53:39","guid":{"rendered":"https:\/\/www.clinicarinologica.com\/?page_id=1984"},"modified":"2021-11-02T09:54:40","modified_gmt":"2021-11-02T07:54:40","slug":"alteracions-dolfacte-i-gust","status":"publish","type":"page","link":"https:\/\/www.clinicarinologica.com\/es\/alteracions-dolfacte-i-gust\/","title":{"rendered":"Alteraciones de olfato y gusto"},"content":{"rendered":"[vc_row el_class=\u00bbnormal_paddings\u00bb css=\u00bb.vc_custom_1591593390982{padding-top: 150px !important;}\u00bb][vc_column width=\u00bb1\/4&#8243;][\/vc_column][vc_column width=\u00bb3\/4&#8243;][vc_column_text el_class=\u00bbinside_title\u00bb]\r\n<h1 class=\"p1\"><strong><a href=\"https:\/\/www.clinicarinologica.com\/es\/funcional\/#problemes\"><span class=\"s1\">Problemas nasales<\/span><\/a><\/strong><\/h1>\r\n[\/vc_column_text][\/vc_column][\/vc_row][vc_row el_class=\u00bbnormal_paddings_2&#8243;][vc_column width=\u00bb1\/4&#8243;][vc_column_text el_class=\u00bbinside_title\u00bb]\r\n<h1 class=\"p1\">Alteraciones del olfato y el gusto<\/h1>\r\n[\/vc_column_text][vc_column_text el_class=\u00bbanchor_list\u00bb]<a href=\"#apt1\"><strong>\u00bfReconoce alguno de estos s\u00edntomas?<\/strong><\/a>\r\n\r\n<a href=\"#apt2\"><strong>\u00bfCu\u00e1les son las consecuencias de las alteraciones del olfato y el gusto?<\/strong><\/a>\r\n\r\n<a href=\"#apt3\"><strong>\u00bfQu\u00e9 causa las alteraciones del olfato y el gusto?<\/strong><\/a>\r\n\r\n<a href=\"#apt4\"><strong>\u00bfQu\u00e9 podemos hacer por usted?<\/strong><\/a>[\/vc_column_text][\/vc_column][vc_column width=\u00bb3\/4&#8243;][vc_column_text el_class=\u00bbmedium_text\u00bb]Las alteraciones del olfato y el gusto pueden afectar muy negativamente nuestras vidas. En la Cl\u00ednica Rinol\u00f3gica sabemos c\u00f3mo tratarlas.[\/vc_column_text][vc_column_text]Los trastornos del olfato y el gusto tienen un gran impacto en la vida social de quien los sufre. Hay diferentes tipos de des\u00f3rdenes sensoriales: alteraci\u00f3n o disminuci\u00f3n del olfato (hiposmia o disosmia), disminuci\u00f3n de la capacidad de saborear sustancias dulces, agrias, amargas o saladas (hipoageusia), p\u00e9rdida total del olfato (anosmia) y\/o del gusto (ageusia).\r\n[\/vc_column_text][\/vc_column][\/vc_row][vc_row el_class=\u00bbno_paddings\u00bb css=\u00bb.vc_custom_1594634578373{background-color: #282828 !important;}\u00bb][vc_column][vc_single_image image=\u00bb952&#8243; img_size=\u00bbfull\u00bb css=\u00bb.vc_custom_1592565706495{margin-bottom: 0px !important;}\u00bb][vc_raw_html css=\u00bb.vc_custom_1591595652694{margin-bottom: 100px !important;}\u00bb]JTNDYSUyMGlkJTNEJTIyYXB0MSUyMiUzRSUzQyUyRmElM0U=[\/vc_raw_html][\/vc_column][\/vc_row][vc_row css=\u00bb.vc_custom_1591594750883{background-color: #282828 !important;}\u00bb el_class=\u00bbmore_paddings\u00bb][vc_column width=\u00bb1\/4&#8243;][\/vc_column][vc_column width=\u00bb3\/4&#8243;][vc_column_text el_class=\u00bbmedium_text text_blanc super_big\u00bb]\u00bfReconoce alguno de estos s\u00edntomas?[\/vc_column_text][vc_column_text el_class=\u00bbmedium_text text_blanc\u00bb]Es importante que vaya al m\u00e9dico si: no percibe olores que los otros s\u00ed que notan, percibe olores que los otros no notan, percibe un olor de forma predominante respecto a los otros, nota determinados olores d\u00e9bilmente, no nota el gusto de ciertos alimentos.[\/vc_column_text][vc_column_text el_class=\u00bbtext_blanc\u00bb]Como los trastornos del olfato y el gusto raramente constituyen una amenaza para la vida de las personas, muchas veces no se les da la atenci\u00f3n m\u00e9dica adecuada.[\/vc_column_text][vc_raw_html css=\u00bb.vc_custom_1591595656157{margin-bottom: 100px !important;}\u00bb]JTNDYSUyMG5hbWUlM0QlMjJhcHQyJTIyJTNFJTNDJTJGYSUzRQ==[\/vc_raw_html][\/vc_column][\/vc_row][vc_row css=\u00bb.vc_custom_1591594750883{background-color: #282828 !important;}\u00bb el_class=\u00bbmore_paddings\u00bb][vc_column width=\u00bb1\/4&#8243;][\/vc_column][vc_column width=\u00bb3\/4&#8243;][vc_column_text el_class=\u00bbmedium_text text_blanc super_big\u00bb]\u00bfCu\u00e1les son las consecuencias de las alteraciones del olfato y el gusto?[\/vc_column_text][vc_video link=\u00bbhttps:\/\/youtu.be\/hN3_BfMsjh0?rel=0&#8243;][vc_column_text el_class=\u00bbtext_blanc\u00bb]<em>La Ciencia de la Salud \u2013 Episodio 2 \u2013 Respira. TV2<\/em>\r\n\r\nUna alteraci\u00f3n en el olfato o el gusto disminuye la calidad de vida a diferentes niveles, y puede tener consecuencias graves. Una p\u00e9rdida parcial o total de olfato puede: disminuir la capacidad de detecci\u00f3n de peligro (escapes de gas, incendios, alimentos en mal estado, gases t\u00f3xicos, etc.), crear tristeza, depresi\u00f3n, ansiedad, obsesiones, disminuir el hambre y a la larga generar malnutrici\u00f3n, disminuir el est\u00edmulo sexual, contribuir a la p\u00e9rdida de la evocaci\u00f3n de recuerdos y emociones vividas, generar problemas sociales debido al mal olor corporal, provocar una preocupaci\u00f3n exagerada por la higiene habitual (inseguridad y man\u00edas), disminuir las oportunidades laborales de ciertos colectivos: gastr\u00f3nomos, en\u00f3logos, sommeliers, bomberos, etc.\r\n[\/vc_column_text][vc_raw_html css=\u00bb.vc_custom_1591595661332{margin-bottom: 100px !important;}\u00bb]JTNDYSUyMG5hbWUlM0QlMjJhcHQzJTIyJTNFJTNDJTJGYSUzRQ==[\/vc_raw_html][\/vc_column][\/vc_row][vc_row css=\u00bb.vc_custom_1591594750883{background-color: #282828 !important;}\u00bb el_class=\u00bbmore_paddings\u00bb][vc_column width=\u00bb1\/4&#8243;][\/vc_column][vc_column width=\u00bb3\/4&#8243;][vc_column_text el_class=\u00bbmedium_text text_blanc super_big\u00bb]\u00bfQu\u00e9 causa las alteraciones del olfato y el gusto?[\/vc_column_text][vc_column_text el_class=\u00bbmedium_text text_blanc\u00bb]La causa m\u00e1s com\u00fan de las alteraciones de olfato y gusto son los procesos al\u00e9rgicos y catarrales, ya sean de origen v\u00edrico o bacteriano.[\/vc_column_text][vc_video link=\u00bbhttps:\/\/www.youtube.com\/watch?v=9rpSeTxY4Ts&amp;rel=0&#8243;][vc_column_text el_class=\u00bbtext_blanc\u00bb]<em>La Ciencia de la Salud \u2013 Episodio 2 \u2013 Respira. TV2<\/em>\r\n\r\nOtras causas son: desviaci\u00f3n del tabique nasal, tumores o traumatismos nasales, infecciones por virus, bacterias u hongos, problemas neurol\u00f3gicos (tumor cerebral, enfermedad de Alzheimer o de Parkinson), cambios hormonales t\u00edpicos de la menopausia, la menarquia o el embarazo, problemas psiqui\u00e1tricos y psicol\u00f3gicos: esquizofrenia, trastorno bipolar, el uso de algunos medicamentos como los espr\u00e1is nasales o los anticonceptivos orales, el consumo de sustancias t\u00f3xicas: tabaco, alcohol, coca\u00edna, inhalantes, contaminaci\u00f3n ambiental, abuso de perfumes, la exposici\u00f3n a productos qu\u00edmicos, como disolventes o insecticidas, vapores, polvo, humo, el envejecimiento, enfermedades inmunol\u00f3gicas, metab\u00f3licas o endocrinol\u00f3gicas, postcirurg\u00eda, tratamientos de radioterapia.[\/vc_column_text][vc_raw_html css=\u00bb.vc_custom_1591595665524{margin-bottom: 100px !important;}\u00bb]JTNDYSUyMG5hbWUlM0QlMjJhcHQ0JTIyJTNFJTNDJTJGYSUzRQ==[\/vc_raw_html][\/vc_column][\/vc_row][vc_row css=\u00bb.vc_custom_1591594750883{background-color: #282828 !important;}\u00bb el_class=\u00bbmore_paddings\u00bb][vc_column width=\u00bb1\/4&#8243;][\/vc_column][vc_column width=\u00bb3\/4&#8243;][vc_column_text el_class=\u00bbmedium_text text_blanc super_big\u00bb]\u00bfQu\u00e9 podemos hacer por usted?[\/vc_column_text][vc_column_text el_class=\u00bbmedium_text text_blanc\u00bb]Podemos estudiar cuidadosamente las causas de la alteraci\u00f3n del olfato y el gusto y buscar la mejor soluci\u00f3n.\r\n\r\nLa historia cl\u00ednica y la exploraci\u00f3n f\u00edsica son esenciales para un correcto diagn\u00f3stico. Cuando hace falta, hacemos exploraciones complementarias, como Olfatometr\u00eda, Gustometr\u00eda, TAC, RM, Radiograf\u00eda y exploraciones neurol\u00f3gicas completas.[\/vc_column_text][vc_video link=\u00bbhttps:\/\/www.youtube.com\/watch?v=V7vMUVbs-qc\u00bb][vc_column_text el_class=\u00bbtext_blanc\u00bb]<strong>Le plantearemos el tratamiento m\u00e1s adecuado para su caso. <\/strong>\r\n\r\nSeg\u00fan el diagn\u00f3stico, la soluci\u00f3n puede implicar: <strong>tratamiento<\/strong> m\u00e9dico de las causas que provocan la alteraci\u00f3n, tratamiento farmacol\u00f3gico de acuerdo con su sintomatolog\u00eda, un cambio de h\u00e1bitos: evitar el consumo de alcohol y\/o de tabaco, <strong>cirug\u00eda<\/strong>, <strong>terapias complementarias:<\/strong> suplementos diet\u00e9ticos y naturales; tratamiento psicol\u00f3gico; <strong>talleres y programas espec\u00edficos.<\/strong>\r\n[\/vc_column_text][\/vc_column][\/vc_row][vc_row el_class=\u00bbnormal_paddings\u00bb css=\u00bb.vc_custom_1594634762964{padding-top: 30px !important;padding-bottom: 80px !important;background-color: #282828 !important;}\u00bb][vc_column][vc_column_text el_class=\u00bbmedium_text\u00bb]Si tiene cualquier duda, p\u00f3ngase en <a href=\"https:\/\/www.clinicarinologica.com\/es\/contacte\/\">contacto<\/a> con nosotros. Le atenderemos con mucho gusto.\r\n\r\nSolicite una <a href=\"https:\/\/www.clinicarinologica.com\/es\/solicitud-visita\">primera visita.<\/a> Haremos lo posible para darle hora r\u00e1pidamente.[\/vc_column_text][\/vc_column][\/vc_row]","protected":false},"excerpt":{"rendered":"[vc_row el_class=\u00bbnormal_paddings\u00bb css=\u00bb.vc_custom_1591593390982{padding-top: 150px !important;}\u00bb][vc_column width=\u00bb1\/4&#8243;][\/vc_column][vc_column width=\u00bb3\/4&#8243;][vc_column_text el_class=\u00bbinside_title\u00bb] Problemas nasales [\/vc_column_text][\/vc_column][\/vc_row][vc_row el_class=\u00bbnormal_paddings_2&#8243;][vc_column width=\u00bb1\/4&#8243;][vc_column_text el_class=\u00bbinside_title\u00bb] Alteraciones del olfato y el gusto [\/vc_column_text][vc_column_text el_class=\u00bbanchor_list\u00bb]\u00bfReconoce alguno de estos s\u00edntomas? \u00bfCu\u00e1les son las consecuencias de las alteraciones del olfato y el gusto? \u00bfQu\u00e9 causa las alteraciones del olfato y el gusto? \u00bfQu\u00e9 podemos hacer por usted?[\/vc_column_text][\/vc_column][vc_column width=\u00bb3\/4&#8243;][vc_column_text el_class=\u00bbmedium_text\u00bb]Las alteraciones&#8230; <a class=\"view-article\" href=\"https:\/\/www.clinicarinologica.com\/es\/alteracions-dolfacte-i-gust\/\">Ver art\u00edculo<\/a>","protected":false},"author":1,"featured_media":0,"parent":0,"menu_order":0,"comment_status":"closed","ping_status":"closed","template":"","meta":{"_acf_changed":false,"footnotes":""},"class_list":["post-1984","page","type-page","status-publish","hentry"],"acf":[],"_links":{"self":[{"href":"https:\/\/www.clinicarinologica.com\/es\/wp-json\/wp\/v2\/pages\/1984","targetHints":{"allow":["GET"]}}],"collection":[{"href":"https:\/\/www.clinicarinologica.com\/es\/wp-json\/wp\/v2\/pages"}],"about":[{"href":"https:\/\/www.clinicarinologica.com\/es\/wp-json\/wp\/v2\/types\/page"}],"author":[{"embeddable":true,"href":"https:\/\/www.clinicarinologica.com\/es\/wp-json\/wp\/v2\/users\/1"}],"replies":[{"embeddable":true,"href":"https:\/\/www.clinicarinologica.com\/es\/wp-json\/wp\/v2\/comments?post=1984"}],"version-history":[{"count":7,"href":"https:\/\/www.clinicarinologica.com\/es\/wp-json\/wp\/v2\/pages\/1984\/revisions"}],"predecessor-version":[{"id":4052,"href":"https:\/\/www.clinicarinologica.com\/es\/wp-json\/wp\/v2\/pages\/1984\/revisions\/4052"}],"wp:attachment":[{"href":"https:\/\/www.clinicarinologica.com\/es\/wp-json\/wp\/v2\/media?parent=1984"}],"curies":[{"name":"wp","href":"https:\/\/api.w.org\/{rel}","templated":true}]}}