{"id":1982,"date":"2020-10-15T14:53:09","date_gmt":"2020-10-15T12:53:09","guid":{"rendered":"https:\/\/www.clinicarinologica.com\/?page_id=1982"},"modified":"2021-11-02T09:59:31","modified_gmt":"2021-11-02T07:59:31","slug":"roncs-i-apnees","status":"publish","type":"page","link":"https:\/\/www.clinicarinologica.com\/es\/roncs-i-apnees\/","title":{"rendered":"Ronquidos y apneas"},"content":{"rendered":"[vc_row el_class=\u00bbnormal_paddings\u00bb css=\u00bb.vc_custom_1591593390982{padding-top: 150px !important;}\u00bb][vc_column width=\u00bb1\/4&#8243;][\/vc_column][vc_column width=\u00bb3\/4&#8243;][vc_column_text el_class=\u00bbinside_title\u00bb]\r\n<h1 class=\"p1\"><strong><a href=\"https:\/\/www.clinicarinologica.com\/es\/funcional\/#problemes\"><span class=\"s1\">Problemas nasales<\/span><\/a><\/strong><\/h1>\r\n[\/vc_column_text][\/vc_column][\/vc_row][vc_row el_class=\u00bbnormal_paddings\u00bb][vc_column width=\u00bb1\/4&#8243;][vc_column_text el_class=\u00bbinside_title\u00bb]\r\n<h1 class=\"p1\">Ronquidos y apneas<\/h1>\r\n[\/vc_column_text][vc_column_text el_class=\u00bbanchor_list\u00bb]<a href=\"#apt1\"><strong>\u00bfReconoce alguno de estos s\u00edntomas?<\/strong><\/a>\r\n\r\n<a href=\"#apt2\"><strong>\u00bfCu\u00e1les son las consecuencias de los ronquidos y la apnea?<\/strong><\/a>\r\n\r\n<a href=\"#apt3\"><strong>\u00bfQu\u00e9 causa los ronquidos y la apnea?<\/strong><\/a>\r\n\r\n<a href=\"#apt4\"><strong>\u00bfQu\u00e9 podemos hacer por usted?<\/strong><\/a>[\/vc_column_text][\/vc_column][vc_column width=\u00bb3\/4&#8243;][vc_column_text el_class=\u00bbmedium_text\u00bb]Los ronquidos y las apneas pueden generar problemas de salud y sociales graves. En la Cl\u00ednica Rinol\u00f3gica sabemos c\u00f3mo evitarlos y solucionarlos.[\/vc_column_text][vc_column_text]Los ronquidos son la vibraci\u00f3n que se genera cuando hay una obstrucci\u00f3n del paso del aire por la nariz, detr\u00e1s de la boca o en las v\u00edas respiratorias bajas. La apnea del sue\u00f1o es la forma m\u00e1s exagerada de los ronquidos: el paso del aire queda del todo bloqueado peri\u00f3dicamente y durante unos cuantos segundos.[\/vc_column_text][\/vc_column][\/vc_row][vc_row el_class=\u00bbno_paddings\u00bb css=\u00bb.vc_custom_1594634270625{background-color: #282828 !important;}\u00bb][vc_column][vc_single_image image=\u00bb892&#8243; img_size=\u00bbfull\u00bb css=\u00bb.vc_custom_1592492604044{margin-bottom: 0px !important;}\u00bb][vc_raw_html css=\u00bb.vc_custom_1591595652694{margin-bottom: 100px !important;}\u00bb]JTNDYSUyMGlkJTNEJTIyYXB0MSUyMiUzRSUzQyUyRmElM0U=[\/vc_raw_html][\/vc_column][\/vc_row][vc_row css=\u00bb.vc_custom_1594634262383{background-color: #282828 !important;}\u00bb el_class=\u00bbtab_paddings\u00bb][vc_column width=\u00bb1\/4&#8243;][\/vc_column][vc_column width=\u00bb3\/4&#8243;][vc_column_text el_class=\u00bbmedium_text text_blanc super_big\u00bb]\u00bfReconoce alguno de estos s\u00edntomas?[\/vc_column_text][vc_column_text el_class=\u00bbmedium_text text_blanc\u00bb]Es posible que sufra apnea del sue\u00f1o, o que ronque, si: se levanta con la sensaci\u00f3n de no haber descansado o con dolor de cabeza, tiene discusiones porque sus ronquidos no dejan dormir a otras personas, respira con dificultad o tiene sensaci\u00f3n de ahogo, sufre falta de concentraci\u00f3n o de memoria, se siente irritable, tiene disminuci\u00f3n del deseo sexual o problemas de erecci\u00f3n, se duerme mientras conduce, o en situaciones poco habituales.[\/vc_column_text][vc_column_text el_class=\u00bbtext_blanc\u00bb]Si alguien le ha dicho que ronca o que se duerme en momentos poco habituales y usted no es consciente, es muy probable que sufra alg\u00fan problema respiratorio. Es importante que vaya al m\u00e9dico. [\/vc_column_text][vc_raw_html css=\u00bb.vc_custom_1591595656157{margin-bottom: 100px !important;}\u00bb]JTNDYSUyMG5hbWUlM0QlMjJhcHQyJTIyJTNFJTNDJTJGYSUzRQ==[\/vc_raw_html][\/vc_column][\/vc_row][vc_row css=\u00bb.vc_custom_1594634262383{background-color: #282828 !important;}\u00bb el_class=\u00bbtab_paddings\u00bb][vc_column width=\u00bb1\/4&#8243;][\/vc_column][vc_column width=\u00bb3\/4&#8243;][vc_column_text el_class=\u00bbmedium_text text_blanc super_big\u00bb]\u00bfCu\u00e1les son las consecuencias de los ronquidos y la apnea?[\/vc_column_text][vc_column_text el_class=\u00bbmedium_text text_blanc\u00bb]Los ronquidos y la apnea del sue\u00f1o generan problemas de salud y sociales que pueden llegar a ser muy graves.[\/vc_column_text][vc_video link=\u00bbhttps:\/\/www.youtube.com\/watch?v=urRk9N3Ok2o\u00bb][vc_column_text el_class=\u00bbtext_blanc\u00bb]<strong>Problemas cardiovasculares<\/strong>\r\n\r\nAnte episodios de apnea, el coraz\u00f3n tiene que bombear m\u00e1s fuerte para que\u00a0 la sangre circule m\u00e1s r\u00e1pidamente. Con los a\u00f1os, esto puede provocar: un incremento de la presi\u00f3n arterial, problemas pulmonares y neurol\u00f3gicos, envejecimiento prematuro por carencia de oxigenaci\u00f3n, riesgo de enfermedad cardiovascular y parada card\u00edaca, problemas derivados de un sue\u00f1o superficial.\r\n\r\nLa carencia de un buen descanso puede conllevar problemas de diferentes tipos: somnolencia durante el d\u00eda (los afectados pueden dormirse en situaciones peligrosas o socialmente poco adecuadas), disminuci\u00f3n de la concentraci\u00f3n y la actividad, depresi\u00f3n, irritabilidad, disfunciones sexuales, problemas de convivencia.\r\n\r\nCuando los ronquidos de una persona afectan al descanso de otras personas, se pueden generar problemas de convivencia graves.[\/vc_column_text][vc_raw_html css=\u00bb.vc_custom_1591595661332{margin-bottom: 100px !important;}\u00bb]JTNDYSUyMG5hbWUlM0QlMjJhcHQzJTIyJTNFJTNDJTJGYSUzRQ==[\/vc_raw_html][\/vc_column][\/vc_row][vc_row css=\u00bb.vc_custom_1594634262383{background-color: #282828 !important;}\u00bb el_class=\u00bbtab_paddings\u00bb][vc_column width=\u00bb1\/4&#8243;][\/vc_column][vc_column width=\u00bb3\/4&#8243;][vc_column_text el_class=\u00bbmedium_text text_blanc super_big\u00bb]\u00bfQu\u00e9 causa los ronquidos y la apnea?[\/vc_column_text][vc_video link=\u00bbhttps:\/\/www.youtube.com\/watch?v=ohnLZWIyMI4&#8243;][vc_column_text el_class=\u00bbtext_blanc\u00bb]La obstrucci\u00f3n del paso del aire puede ser debida a: falta de tono muscular en la boca y la garganta, relajaci\u00f3n muscular excesiva durante las etapas profundas del sue\u00f1o, efecto del alcohol o las pastillas para dormir, que acent\u00faan la relajaci\u00f3n muscular, dimensiones anormales de las am\u00edgdalas, el paladar o la \u00favula, deformidades en la nariz o la pared nasal que separa las fosas nasales, sobrepeso.[\/vc_column_text][vc_raw_html css=\u00bb.vc_custom_1591595665524{margin-bottom: 100px !important;}\u00bb]JTNDYSUyMG5hbWUlM0QlMjJhcHQ0JTIyJTNFJTNDJTJGYSUzRQ==[\/vc_raw_html][\/vc_column][\/vc_row][vc_row css=\u00bb.vc_custom_1594634262383{background-color: #282828 !important;}\u00bb el_class=\u00bbtab_paddings\u00bb][vc_column width=\u00bb1\/4&#8243;][\/vc_column][vc_column width=\u00bb3\/4&#8243;][vc_column_text el_class=\u00bbmedium_text text_blanc super_big\u00bb]\u00bfQu\u00e9 podemos hacer por usted?[\/vc_column_text][vc_column_text el_class=\u00bbmedium_text text_blanc\u00bb]Podemos diagnosticar cuidadosamente su problema respiratorio, y encontrar la mejor soluci\u00f3n.\r\n\r\nEl diagn\u00f3stico de los ronquidos y la apnea es complejo porque diferentes patolog\u00edas pueden generar s\u00edntomas parecidos. Por eso seguimos un protocolo que incluye diferentes especialidades m\u00e9dicas, y que estudia la persona en su totalidad.\r\n[\/vc_column_text][vc_column_text el_class=\u00bbtext_blanc\u00bb]Le haremos una exploraci\u00f3n completa de la nariz, la boca, el paladar, la garganta, la laringe y el cuello para llegar a un diagn\u00f3stico preciso sobre la severidad de los ronquidos y las consecuencias que puede tener para su salud. Si hace falta, haremos exploraciones complementarias, como TAC, cefalometr\u00eda, RM, oximetr\u00eda, polisomnograf\u00eda, poligraf\u00eda, pruebas anal\u00edticas y hormonales.\r\n\r\nLa medicaci\u00f3n no siempre es la mejor soluci\u00f3n en el tratamiento de los ronquidos y la apnea del sue\u00f1o.\r\n\r\nSeg\u00fan cada caso, la soluci\u00f3n puede implicar:\r\n\r\n<strong>Un cambio de h\u00e1bitos:<\/strong> evitar el consumo de alcohol, tabaco y pastillas para domir, perder peso, en el caso de pacientes con sobrepeso u obesidad, dormir de lado, en el caso de pacientes en que la apnea se produce cuando duermen boca arriba, el uso de una mascarilla que genera presi\u00f3n positiva de aire continuo (CPAP).\r\n\r\n<strong>Cirug\u00eda:<\/strong> seg\u00fan el tipo de obstrucci\u00f3n que crea la apnea o los ronquidos, una intervenci\u00f3n quir\u00fargica puede ser la mejor soluci\u00f3n.\r\n\r\nUn <strong>taller<\/strong> de respiraci\u00f3n y oxigenaci\u00f3n, para reaprender a respirar.[\/vc_column_text][\/vc_column][\/vc_row][vc_row el_class=\u00bbnormal_paddings\u00bb css=\u00bb.vc_custom_1594634349515{padding-top: 30px !important;padding-bottom: 80px !important;background-color: #282828 !important;}\u00bb][vc_column][vc_column_text el_class=\u00bbmedium_text\u00bb]Si tiene cualquier duda, p\u00f3ngase en <a href=\"https:\/\/www.clinicarinologica.com\/es\/contacte\/\">contacto<\/a> con nosotros. Le atenderemos con mucho gusto.\r\n\u00bfQuiere solicitar una <a href=\"https:\/\/www.clinicarinologica.com\/es\/solicitud-visita\">primera visita.<\/a> Intentaremos darle hora r\u00e1pidamente.[\/vc_column_text][\/vc_column][\/vc_row]","protected":false},"excerpt":{"rendered":"[vc_row el_class=\u00bbnormal_paddings\u00bb css=\u00bb.vc_custom_1591593390982{padding-top: 150px !important;}\u00bb][vc_column width=\u00bb1\/4&#8243;][\/vc_column][vc_column width=\u00bb3\/4&#8243;][vc_column_text el_class=\u00bbinside_title\u00bb] Problemas nasales [\/vc_column_text][\/vc_column][\/vc_row][vc_row el_class=\u00bbnormal_paddings\u00bb][vc_column width=\u00bb1\/4&#8243;][vc_column_text el_class=\u00bbinside_title\u00bb] Ronquidos y apneas [\/vc_column_text][vc_column_text el_class=\u00bbanchor_list\u00bb]\u00bfReconoce alguno de estos s\u00edntomas? \u00bfCu\u00e1les son las consecuencias de los ronquidos y la apnea? \u00bfQu\u00e9 causa los ronquidos y la apnea? \u00bfQu\u00e9 podemos hacer por usted?[\/vc_column_text][\/vc_column][vc_column width=\u00bb3\/4&#8243;][vc_column_text el_class=\u00bbmedium_text\u00bb]Los ronquidos y las apneas pueden generar problemas de&#8230; <a class=\"view-article\" href=\"https:\/\/www.clinicarinologica.com\/es\/roncs-i-apnees\/\">Ver art\u00edculo<\/a>","protected":false},"author":1,"featured_media":0,"parent":0,"menu_order":0,"comment_status":"closed","ping_status":"closed","template":"","meta":{"_acf_changed":false,"footnotes":""},"class_list":["post-1982","page","type-page","status-publish","hentry"],"acf":[],"_links":{"self":[{"href":"https:\/\/www.clinicarinologica.com\/es\/wp-json\/wp\/v2\/pages\/1982","targetHints":{"allow":["GET"]}}],"collection":[{"href":"https:\/\/www.clinicarinologica.com\/es\/wp-json\/wp\/v2\/pages"}],"about":[{"href":"https:\/\/www.clinicarinologica.com\/es\/wp-json\/wp\/v2\/types\/page"}],"author":[{"embeddable":true,"href":"https:\/\/www.clinicarinologica.com\/es\/wp-json\/wp\/v2\/users\/1"}],"replies":[{"embeddable":true,"href":"https:\/\/www.clinicarinologica.com\/es\/wp-json\/wp\/v2\/comments?post=1982"}],"version-history":[{"count":14,"href":"https:\/\/www.clinicarinologica.com\/es\/wp-json\/wp\/v2\/pages\/1982\/revisions"}],"predecessor-version":[{"id":4056,"href":"https:\/\/www.clinicarinologica.com\/es\/wp-json\/wp\/v2\/pages\/1982\/revisions\/4056"}],"wp:attachment":[{"href":"https:\/\/www.clinicarinologica.com\/es\/wp-json\/wp\/v2\/media?parent=1982"}],"curies":[{"name":"wp","href":"https:\/\/api.w.org\/{rel}","templated":true}]}}