{"id":1980,"date":"2020-10-15T14:52:24","date_gmt":"2020-10-15T12:52:24","guid":{"rendered":"https:\/\/www.clinicarinologica.com\/?page_id=1980"},"modified":"2021-11-02T09:51:23","modified_gmt":"2021-11-02T07:51:23","slug":"rinitis-sinusitis-i-polips","status":"publish","type":"page","link":"https:\/\/www.clinicarinologica.com\/es\/rinitis-sinusitis-i-polips\/","title":{"rendered":"Rinitis, sinusitis y p\u00f3lipos"},"content":{"rendered":"[vc_row el_class=\u00bbnormal_paddings\u00bb css=\u00bb.vc_custom_1591593390982{padding-top: 150px !important;}\u00bb][vc_column width=\u00bb1\/4&#8243;][\/vc_column][vc_column width=\u00bb3\/4&#8243;][vc_column_text el_class=\u00bbinside_title\u00bb]\r\n<h1 class=\"p1\"><strong><a href=\"https:\/\/www.clinicarinologica.com\/es\/funcional\/#problemes\"><span class=\"s1\">Problemas nasales<\/span><\/a><\/strong><\/h1>\r\n[\/vc_column_text][\/vc_column][\/vc_row][vc_row el_class=\u00bbnormal_paddings_2&#8243;][vc_column width=\u00bb1\/4&#8243;][vc_column_text el_class=\u00bbinside_title\u00bb]\r\n<h1 class=\"p1\">Rinitis, sinusitis y p\u00f3lipos<\/h1>\r\n[\/vc_column_text][vc_column_text el_class=\u00bbanchor_list\u00bb]<a href=\"#apt1\"><strong>\u00bfReconoce alguno de estos s\u00edntomas?<\/strong><\/a>\r\n\r\n<a href=\"#apt2\"><strong>\u00bfCu\u00e1les son las consecuencias de la rinitis, sinusitis y p\u00f3lipos nasales?<\/strong><\/a>\r\n\r\n<a href=\"#apt3\"><strong>\u00bfQu\u00e9 causa la rinitis, la sinusitis y los p\u00f3lipos nasales?<\/strong><\/a>\r\n\r\n<a href=\"#apt4\"><strong>\u00bfQu\u00e9 podemos hacer por usted?<\/strong><\/a>[\/vc_column_text][\/vc_column][vc_column width=\u00bb3\/4&#8243;][vc_column_text el_class=\u00bbmedium_text\u00bb]La rinitis, la sinusitis y los p\u00f3lipos nasales generan incomodidad y problemas de salud graves. En la Cl\u00ednica Rinol\u00f3gica sabemos identificar el origen y aplicar el tratamiento m\u00e1s adecuado en cada caso.[\/vc_column_text][vc_column_text]La rinitis es la inflamaci\u00f3n de la mucosa nasal y de los cornetes. Los cornetes son un engrosamiento de la mucosa que sirve para calentar el aire y modular las resistencias a su paso. La sinusitis es la inflamaci\u00f3n de la mucosa de los senos paranasales. Cuando una persona sufre rinitis y sinusitis a la vez hablamos de rinosinusitis.\r\n\r\nLos p\u00f3lipos nasales son la manifestaci\u00f3n exagerada de la rinitis o la sinusitis, o de ambas.[\/vc_column_text][\/vc_column][\/vc_row][vc_row el_class=\u00bbno_paddings\u00bb css=\u00bb.vc_custom_1594634143304{background-color: #282828 !important;}\u00bb][vc_column][vc_single_image image=\u00bb884&#8243; img_size=\u00bbfull\u00bb css=\u00bb.vc_custom_1592492131507{margin-bottom: 0px !important;}\u00bb][vc_raw_html]JTNDYSUyMGlkJTNEJTIyYXB0MSUyMiUzRSUzQyUyRmElM0U=[\/vc_raw_html][\/vc_column][\/vc_row][vc_row css=\u00bb.vc_custom_1594634008671{background-color: #282828 !important;}\u00bb el_class=\u00bbtab_paddings\u00bb][vc_column width=\u00bb1\/4&#8243;][\/vc_column][vc_column width=\u00bb3\/4&#8243;][vc_column_text el_class=\u00bbmedium_text text_blanc super_big\u00bb]\u00bfReconoce alguno de estos s\u00edntomas?[\/vc_column_text][vc_column_text el_class=\u00bbmedium_text text_blanc\u00bb]Es posible que tenga rinitis, sinusitis o p\u00f3lipos nasales si: Se le tapa la nariz a menudo, estornuda con frecuencia y sin causa aparentemente justificada, tiene picor en la nariz, tiene episodios frecuentes de congesti\u00f3n, goteo nasal (rinorrea) o mocos, se resfr\u00eda a menudo y tiene dolor de cabeza, tiene sequedad far\u00edngea, tos o lagrimeo, le cuesta dormir, sufre alteraciones de olfato o gusto, tiene fiebre persistente que no responde al tratamiento habitual, nota cambios de car\u00e1cter despu\u00e9s de sufrir alguno de estos s\u00edntomas.[\/vc_column_text][vc_column_text el_class=\u00bbtext_blanc\u00bb]Como estos s\u00edntomas se asemejan mucho a los de un resfriado o un proceso al\u00e9rgico, muchas personas no les prestan la atenci\u00f3n necesaria. Es importante que consulte al m\u00e9dico para que determine las causas de los s\u00edntomas y defina el tratamiento m\u00e1s apropiado.[\/vc_column_text][vc_raw_html css=\u00bb.vc_custom_1591595656157{margin-bottom: 100px !important;}\u00bb]JTNDYSUyMG5hbWUlM0QlMjJhcHQyJTIyJTNFJTNDJTJGYSUzRQ==[\/vc_raw_html][\/vc_column][\/vc_row][vc_row css=\u00bb.vc_custom_1594634012823{background-color: #282828 !important;}\u00bb el_class=\u00bbtab_paddings\u00bb][vc_column width=\u00bb1\/4&#8243;][\/vc_column][vc_column width=\u00bb3\/4&#8243;][vc_column_text el_class=\u00bbmedium_text text_blanc super_big\u00bb]\u00bfCu\u00e1les son las consecuencias de la rinosinusitis y los p\u00f3lipos nasales?[\/vc_column_text][vc_column_text el_class=\u00bbmedium_text text_blanc\u00bb]Si no se tratan adecuadamente, la rinosinusitis y los p\u00f3lipos nasales generan problemas de salud y sociales que pueden llegar a ser graves. [\/vc_column_text][vc_column_text el_class=\u00bbtext_blanc\u00bb]<strong>Disminuci\u00f3n de la calidad de vida<\/strong>\r\n\r\nLa rinitis, la sinusitis y los p\u00f3lipos nasales afectan de forma significativa la vida de las personas, provocando: infecciones de repetici\u00f3n, malestar general: cansancio, fatiga, irritabilidad y cambios de humor, problemas de olfato y gusto, disminuci\u00f3n del rendimiento acad\u00e9mico y\/o laboral, obstrucci\u00f3n nasal, dolores de cabeza, bajas laborales.\r\n\r\n<strong>Complicaciones craneales<\/strong>\r\n\r\nLa sinusitis puede causar infecci\u00f3n en algunas venas cerebrales (tromboflebitis) y en los huesos del cr\u00e1neo (osteomielitis), tambi\u00e9n puede causar abscesos cerebrales, meningitis, empiemas subdurales, trombosis del seno cavernoso y trombosis del seno lateral[\/vc_column_text][vc_raw_html]JTNDYSUyMG5hbWUlM0QlMjJhcHQzJTIyJTNFJTNDJTJGYSUzRQ==[\/vc_raw_html][\/vc_column][\/vc_row][vc_row css=\u00bb.vc_custom_1594634022019{background-color: #282828 !important;}\u00bb el_class=\u00bbtab_paddings\u00bb][vc_column width=\u00bb1\/4&#8243;][\/vc_column][vc_column width=\u00bb3\/4&#8243;][vc_column_text el_class=\u00bbmedium_text text_blanc super_big\u00bb]\u00bfQu\u00e9 causa la rinitis, la sinusitis y los p\u00f3lipos nasales?[\/vc_column_text][vc_column_text el_class=\u00bbquote_text text_blanc\u00bb]\u201cLas causas de rinitis son muchas y muy variadas. Una causa importante es el estr\u00e9s.\u201d[\/vc_column_text][vc_video link=\u00bbhttps:\/\/www.youtube.com\/watch?v=QY7IrT8Eaek&amp;rel=0&#8243;][vc_column_text el_class=\u00bbtext_blanc\u00bb]<em>La Ciencia de la Salud \u2013 Episodio 2 \u2013 Respira. TV2<\/em>\r\n\r\nLas causas de la rinitis, la sinusitis y los p\u00f3lipos nasales pueden ser m\u00faltiples: alergia a contaminantes o a al\u00e9rgenos (\u00e1caros, animales dom\u00e9sticos, p\u00f3lenes), infecciones por virus (resfriado com\u00fan) y bacterias. M\u00e1s raramente, tambi\u00e9n infecciones de hongos y par\u00e1sitos o enfermedades infecciosas como la s\u00edfilis y la tuberculosis, desviaci\u00f3n del tabique nasal u otras anomal\u00edas anat\u00f3micas, irritaci\u00f3n debida a olores intensos (perfumes, disolventes, lej\u00eda, sustancias qu\u00edmicas, etc.), irritantes (humo del tabaco, polvo, contaminaci\u00f3n) a cambios de temperatura y humedad o a est\u00edmulos lum\u00ednicos, entre otros.\r\n\r\n<strong>Cambios hormonales:<\/strong> frecuentes en el embarazo, tambi\u00e9n puede haber casos en la pubertad, en el hipertiroidismo y en la acromegalia.\r\n\r\n<strong>Cambios emocionales y estr\u00e9s.<\/strong>\r\n\r\n<strong>Uso de ciertos medicamentos:<\/strong> (reserpina, guanetidina, metildopa, antidepresivos, betabloqueantes, clorpromazina, anticonceptivos, AINES y aspirina) El abuso de descongestionantes t\u00f3picos nasales puede provocar una obstrucci\u00f3n nasal de rechazo.\r\n\r\n<strong>Envejecimiento:<\/strong> con la edad, los cambios fisiol\u00f3gicos de las mucosas nasales pueden convertir la rinitis en un problema cr\u00f3nico.\r\n\r\n<strong>Gen\u00e9tica.<\/strong>\r\n\r\nUn paciente puede presentar una o varias causas.[\/vc_column_text][vc_raw_html]JTNDYSUyMG5hbWUlM0QlMjJhcHQ0JTIyJTNFJTNDJTJGYSUzRQ==[\/vc_raw_html][\/vc_column][\/vc_row][vc_row css=\u00bb.vc_custom_1594634026507{background-color: #282828 !important;}\u00bb el_class=\u00bbtab_paddings\u00bb][vc_column width=\u00bb1\/4&#8243;][\/vc_column][vc_column width=\u00bb3\/4&#8243;][vc_column_text el_class=\u00bbmedium_text text_blanc super_big\u00bb]\u00bfQu\u00e9 podemos hacer por usted?[\/vc_column_text][vc_video link=\u00bbhttps:\/\/www.youtube.com\/watch?v=9CJz8ysMq6w\u00bb][vc_column_text el_class=\u00bbmedium_text text_blanc\u00bb]Podemos diagnosticar cuidadosamente su problema, y encontrar la mejor soluci\u00f3n.\r\n\r\nComo que unos mismos s\u00edntomas pueden tener causas diversas, es muy importante discriminar la patolog\u00eda exacta en cada caso. Para conseguir un diagn\u00f3stico cuidadoso estudiamos con mucho detalle su caso y realizamos las pruebas m\u00e1s adecuadas de entre la amplia gama de posibilidades.[\/vc_column_text][vc_column_text el_class=\u00bbtext_blanc\u00bb]Estudiaremos su caso de forma global. En la Cl\u00ednica Rinol\u00f3gica seguimos un protocolo que incluye diferentes especialidades m\u00e9dicas (otorrinolaringolog\u00eda, neumolog\u00eda y alergolog\u00eda) para tener una visi\u00f3n completa del problema estudiando toda la v\u00eda a\u00e9rea.\r\n\r\nUna vez claro el diagn\u00f3stico, le plantearemos el tratamiento m\u00e1s adecuado para su caso. La soluci\u00f3n puede implicar: <strong>tratamiento<\/strong> de todas las causas que provocan los s\u00edntomas, tratamiento farmacol\u00f3gico sintom\u00e1tico, <strong>un cambio de h\u00e1bitos:<\/strong> evitar el consumo de alcohol y\/o tabaco, evitar el al\u00e9rgeno causante de la rinitis o sinusitis, reducir el estr\u00e9s inmunoterapia espec\u00edfica (vacunas), <strong>cirug\u00eda<\/strong>, <strong>terapias complementarias:<\/strong> tratamiento diet\u00e9tico y homeop\u00e1tico, acupuntura, tratamiento del equilibrio de las emociones, talleres y programas espec\u00edficos.[\/vc_column_text][vc_video link=\u00bbhttps:\/\/www.youtube.com\/watch?v=4gZKTn9eImE&amp;rel=0&#8243;][\/vc_column][\/vc_row][vc_row el_class=\u00bbnormal_paddings\u00bb css=\u00bb.vc_custom_1594634047391{padding-top: 30px !important;padding-bottom: 80px !important;background-color: #282828 !important;}\u00bb][vc_column][vc_column_text el_class=\u00bbmedium_text\u00bb]Si tiene cualquier duda, p\u00f3ngase en <a href=\"https:\/\/www.clinicarinologica.com\/es\/contacte\/\">contacto<\/a> con nosotros. Le atenderemos con mucho gusto.\r\n\u00bfQuiere <a href=\"https:\/\/www.clinicarinologica.com\/es\/solicitud-visita\">solicitar una cita?<\/a>[\/vc_column_text][\/vc_column][\/vc_row]","protected":false},"excerpt":{"rendered":"[vc_row el_class=\u00bbnormal_paddings\u00bb css=\u00bb.vc_custom_1591593390982{padding-top: 150px !important;}\u00bb][vc_column width=\u00bb1\/4&#8243;][\/vc_column][vc_column width=\u00bb3\/4&#8243;][vc_column_text el_class=\u00bbinside_title\u00bb] Problemas nasales [\/vc_column_text][\/vc_column][\/vc_row][vc_row el_class=\u00bbnormal_paddings_2&#8243;][vc_column width=\u00bb1\/4&#8243;][vc_column_text el_class=\u00bbinside_title\u00bb] Rinitis, sinusitis y p\u00f3lipos [\/vc_column_text][vc_column_text el_class=\u00bbanchor_list\u00bb]\u00bfReconoce alguno de estos s\u00edntomas? \u00bfCu\u00e1les son las consecuencias de la rinitis, sinusitis y p\u00f3lipos nasales? \u00bfQu\u00e9 causa la rinitis, la sinusitis y los p\u00f3lipos nasales? \u00bfQu\u00e9 podemos hacer por usted?[\/vc_column_text][\/vc_column][vc_column width=\u00bb3\/4&#8243;][vc_column_text el_class=\u00bbmedium_text\u00bb]La rinitis, la sinusitis&#8230; <a class=\"view-article\" href=\"https:\/\/www.clinicarinologica.com\/es\/rinitis-sinusitis-i-polips\/\">Ver art\u00edculo<\/a>","protected":false},"author":1,"featured_media":0,"parent":0,"menu_order":0,"comment_status":"closed","ping_status":"closed","template":"","meta":{"_acf_changed":false,"footnotes":""},"class_list":["post-1980","page","type-page","status-publish","hentry"],"acf":[],"_links":{"self":[{"href":"https:\/\/www.clinicarinologica.com\/es\/wp-json\/wp\/v2\/pages\/1980","targetHints":{"allow":["GET"]}}],"collection":[{"href":"https:\/\/www.clinicarinologica.com\/es\/wp-json\/wp\/v2\/pages"}],"about":[{"href":"https:\/\/www.clinicarinologica.com\/es\/wp-json\/wp\/v2\/types\/page"}],"author":[{"embeddable":true,"href":"https:\/\/www.clinicarinologica.com\/es\/wp-json\/wp\/v2\/users\/1"}],"replies":[{"embeddable":true,"href":"https:\/\/www.clinicarinologica.com\/es\/wp-json\/wp\/v2\/comments?post=1980"}],"version-history":[{"count":13,"href":"https:\/\/www.clinicarinologica.com\/es\/wp-json\/wp\/v2\/pages\/1980\/revisions"}],"predecessor-version":[{"id":4050,"href":"https:\/\/www.clinicarinologica.com\/es\/wp-json\/wp\/v2\/pages\/1980\/revisions\/4050"}],"wp:attachment":[{"href":"https:\/\/www.clinicarinologica.com\/es\/wp-json\/wp\/v2\/media?parent=1980"}],"curies":[{"name":"wp","href":"https:\/\/api.w.org\/{rel}","templated":true}]}}