{"id":1978,"date":"2020-10-15T14:51:40","date_gmt":"2020-10-15T12:51:40","guid":{"rendered":"https:\/\/www.clinicarinologica.com\/?page_id=1978"},"modified":"2021-11-02T09:47:47","modified_gmt":"2021-11-02T07:47:47","slug":"obstruccio-nasal","status":"publish","type":"page","link":"https:\/\/www.clinicarinologica.com\/es\/obstruccio-nasal\/","title":{"rendered":"Obstrucci\u00f3n nasal"},"content":{"rendered":"[vc_row el_class=\u00bbnormal_paddings\u00bb css=\u00bb.vc_custom_1591593390982{padding-top: 150px !important;}\u00bb][vc_column width=\u00bb1\/4&#8243;][\/vc_column][vc_column width=\u00bb3\/4&#8243;][vc_column_text el_class=\u00bbinside_title\u00bb]\r\n<h1 class=\"p1\"><strong><a href=\"https:\/\/www.clinicarinologica.com\/es\/funcional\/#problemes\"><span class=\"s1\">Problemas nasales<\/span><\/a><\/strong><\/h1>\r\n[\/vc_column_text][\/vc_column][\/vc_row][vc_row el_class=\u00bbnormal_paddings\u00bb][vc_column width=\u00bb1\/4&#8243;][vc_column_text el_class=\u00bbinside_title\u00bb]\r\n<h1 class=\"p1\">Obstrucci\u00f3n nasal<\/h1>\r\n[\/vc_column_text][vc_column_text el_class=\u00bbanchor_list\u00bb]<a href=\"#apt1\"><strong>\u00bfReconoce alguno de estos s\u00edntomas?<\/strong><\/a>\r\n\r\n<a href=\"#apt2\"><strong>\u00bfCu\u00e1les son las consecuencias de la obstrucci\u00f3n nasal?<\/strong><\/a>\r\n\r\n<a href=\"#apt3\"><strong>\u00bfQu\u00e9 causa la obstrucci\u00f3n nasal?<\/strong><\/a>\r\n\r\n<a href=\"#apt4\"><strong>\u00bfQu\u00e9 podemos hacer por usted?<\/strong><\/a>[\/vc_column_text][\/vc_column][vc_column width=\u00bb3\/4&#8243;][vc_column_text el_class=\u00bbmedium_text\u00bb]La obstrucci\u00f3n nasal interfiere notablemente en la calidad de vida de las personas. En la Cl\u00ednica Rinol\u00f3gica somos especialistas en determinar la causa de la obstrucci\u00f3n y en aplicar el tratamiento m\u00e9dico o quir\u00fargico m\u00e1s adecuado.[\/vc_column_text][vc_column_text]Cuando hay una obstrucci\u00f3n nasal el aire no puede circular adecuadamente por la nariz, no se humidifica ni se calienta bien y no llega en condiciones \u00f3ptimas a los pulmones. [\/vc_column_text][\/vc_column][\/vc_row][vc_row el_class=\u00bbno_paddings\u00bb css=\u00bb.vc_custom_1594135788942{background-color: #282828 !important;}\u00bb][vc_column][vc_single_image image=\u00bb2567&#8243; img_size=\u00bbfull\u00bb css=\u00bb.vc_custom_1607371606519{margin-bottom: 0px !important;}\u00bb][vc_raw_html]JTNDYSUyMGlkJTNEJTIyYXB0MSUyMiUzRSUzQyUyRmElM0U=[\/vc_raw_html][\/vc_column][\/vc_row][vc_row css=\u00bb.vc_custom_1594135547354{background-color: #282828 !important;}\u00bb el_class=\u00bbtab_paddings\u00bb][vc_column width=\u00bb1\/4&#8243;][\/vc_column][vc_column width=\u00bb3\/4&#8243;][vc_column_text el_class=\u00bbmedium_text text_blanc super_big\u00bb]\u00bfReconoce alguno de estos s\u00edntomas?[\/vc_column_text][vc_column_text el_class=\u00bbmedium_text text_blanc\u00bb]Es posible que sufra obstrucci\u00f3n nasal si: se le tapa la nariz a menudo, tiene dificultades para respirar por la nariz, le duele la cara o la cabeza, se le tapan los o\u00eddos, tiene sequedad de boca y far\u00edngea, le sangra la nariz con frecuencia, le cuesta dormir o se levanta cansado, tiene problemas de olfato y gusto, cuando hace deporte o un esfuerzo se fatiga antes que los otros, le cambia el car\u00e1cter cuando sufre alguno de los s\u00edntomas anteriores.[\/vc_column_text][vc_column_text el_class=\u00bbtext_blanc\u00bb]Cualquiera de estos s\u00edntomas requiere una consulta m\u00e9dica para determinar las causas y aplicar el tratamiento m\u00e1s apropiado.[\/vc_column_text][vc_raw_html]JTNDYSUyMG5hbWUlM0QlMjJhcHQyJTIyJTNFJTNDJTJGYSUzRQ==[\/vc_raw_html][\/vc_column][\/vc_row][vc_row css=\u00bb.vc_custom_1594135547354{background-color: #282828 !important;}\u00bb el_class=\u00bbtab_paddings\u00bb][vc_column width=\u00bb1\/4&#8243;][\/vc_column][vc_column width=\u00bb3\/4&#8243;][vc_column_text el_class=\u00bbmedium_text text_blanc super_big\u00bb]\u00bfCu\u00e1les son las consecuencias de la obstrucci\u00f3n nasal?[\/vc_column_text][vc_column_text el_class=\u00bbmedium_text text_blanc\u00bb]La obstrucci\u00f3n nasal puede generar problemas de salud que pueden llegar a ser muy graves:[\/vc_column_text][vc_column_text el_class=\u00bbquote_text text_blanc\u00bb]\r\n<p style=\"text-align: left;\">\u201cPlanteamos mejorar su calidad de vida a trav\u00e9s de mejorar su respiraci\u00f3n\u201d<\/p>\r\n[\/vc_column_text][vc_video link=\u00bbhttps:\/\/www.youtube.com\/watch?v=Sk7AarQmR6c\u00bb][vc_column_text el_class=\u00bbmedium_text text_blanc\u00bb]<em>La Ciencia de la Salud \u2013 Episodio 2 \u2013 Respira. TV2.<\/em>[\/vc_column_text][vc_column_text el_class=\u00bbtext_blanc\u00bb]<strong>Insuficiencia respiratoria nasal<\/strong>\r\n\r\nAnte una obstrucci\u00f3n nasal, el cuerpo no se oxigena correctamente y puede provocar: cansancio, fatiga e irritabilidad, problemas de sue\u00f1o, rinosinusitis y resfriados que no acaban de curarse bien, deterioro progresivo del olfato, problemas cardiovasculares: hipertensi\u00f3n y arritmias, problemas respiratorios graves, mala filtraci\u00f3n del aire.\r\n\r\nUna obstrucci\u00f3n nasal dificulta la filtraci\u00f3n del aire. El aire mal filtrado es sucio, seco y fr\u00edo, y puede provocar faringitis, laringitis, bronquitis, asma, disfon\u00edas y tos.\r\n\r\n<strong>Problemas derivados de un sue\u00f1o superficial<\/strong>\r\n\r\nLa obstrucci\u00f3n nasal dificulta el descanso, y puede comportar problemas de diferentes tipos: somnolencia durante el d\u00eda (los afectados pueden dormirse en situaciones peligrosas o socialmente poco adecuadas), disminuci\u00f3n de la concentraci\u00f3n y la actividad, depresi\u00f3n, irritabilidad, fatiga, disfunciones sexuales.[\/vc_column_text][vc_raw_html]JTNDYSUyMG5hbWUlM0QlMjJhcHQzJTIyJTNFJTNDJTJGYSUzRQ==[\/vc_raw_html][\/vc_column][\/vc_row][vc_row css=\u00bb.vc_custom_1594135547354{background-color: #282828 !important;}\u00bb el_class=\u00bbtab_paddings\u00bb][vc_column width=\u00bb1\/4&#8243;][\/vc_column][vc_column width=\u00bb3\/4&#8243;][vc_column_text el_class=\u00bbmedium_text text_blanc super_big\u00bb]\u00bfQu\u00e9 causa la obstrucci\u00f3n nasal?[\/vc_column_text][vc_column_text el_class=\u00bbmedium_text text_blanc\u00bb]Una de las causas m\u00e1s frecuentes de obstrucci\u00f3n nasal es la desviaci\u00f3n del tabique nasal. El tabique nasal es una pared que separa las dos fosas nasales, y est\u00e1 formada por cart\u00edlagos y huesos. Las alteraciones en la forma y el crecimiento del tabique nasal pueden ser de origen cong\u00e9nito o adquirido por un traumatismo.[\/vc_column_text][vc_column_text el_class=\u00bbtext_blanc\u00bb]Otras causas son: alergia a contaminantes o a al\u00e9rgenos (\u00e1caros, animales dom\u00e9sticos, p\u00f3lenes), intolerancia alimentaria, deformidades y tumores en la nariz, rinitis, sinusitis o p\u00f3lipos nasales, irritaci\u00f3n debida a olores intensos (perfumes, disolventes, lej\u00eda, sustancias qu\u00edmicas, etc.), a irritantes (humo del tabaco, polvo, contaminaci\u00f3n), a cambios de temperatura y humedad o a est\u00edmulos lum\u00ednicos, entre otros, cambios emocionales, estr\u00e9s, depresi\u00f3n, tristeza, abuso de medicamentos: descongestionantes t\u00f3picos nasales, antidepresivos y antihipertensivos, cambios hormonales al embarazo, la menarquia o menopausia, alteraciones endocrinas: problemas de tiroides, sobrepeso y obesidad.[\/vc_column_text][vc_raw_html]JTNDYSUyMG5hbWUlM0QlMjJhcHQ0JTIyJTNFJTNDJTJGYSUzRQ==[\/vc_raw_html][\/vc_column][\/vc_row][vc_row css=\u00bb.vc_custom_1594135547354{background-color: #282828 !important;}\u00bb el_class=\u00bbtab_paddings\u00bb][vc_column width=\u00bb1\/4&#8243;][\/vc_column][vc_column width=\u00bb3\/4&#8243;][vc_column_text el_class=\u00bbmedium_text text_blanc super_big\u00bb]\u00bfQu\u00e9 podemos hacer por usted?[\/vc_column_text][vc_column_text el_class=\u00bbmedium_text text_blanc\u00bb]La Cl\u00ednica Rinol\u00f3gica es la Unidad de Obstrucci\u00f3n Nasal del Centro M\u00e9dico Teknon. Somos especialistas en diagnosticar cuidadosamente la causa de una obstrucci\u00f3n nasal y encontrar la mejor soluci\u00f3n.\r\n\r\nSiguiendo unos protocolos estandarizados le haremos un estudio completo con las mejores opciones de tratamiento, teniendo en cuenta la totalidad de la persona.[\/vc_column_text][vc_column_text el_class=\u00bbtext_blanc\u00bb]Para poder hacer un diagn\u00f3stico cuidadoso, analizamos la historia cl\u00ednica, hacemos una exploraci\u00f3n f\u00edsica (fibroendoscopia nasal) y completamos el estudio con diferentes pruebas funcionales como la rinomanometr\u00eda, la rinometr\u00eda ac\u00fastica, la olfatometr\u00eda y la gustometr\u00eda. Si hace falta, realizamos otras pruebas como radiograf\u00eda, RM, TAC y anal\u00edtica.\r\n\r\nEn nuestros protocolos incluimos diferentes especialidades m\u00e9dicas: otorrinolaringolog\u00eda, neumolog\u00eda, alergolog\u00eda, endocrinolog\u00eda, neurolog\u00eda y cardiolog\u00eda, etc. De este modo podemos estudiar a la persona en su globalidad.\r\n\r\nUna vez claro el diagn\u00f3stico, le plantearemos el tratamiento m\u00e1s adecuado para su caso. La soluci\u00f3n puede implicar:\r\n<strong>tratamiento<\/strong> de las causas de la obstrucci\u00f3n, tratamiento farmacol\u00f3gico de acuerdo con la sintomatolog\u00eda del paciente, <strong>un cambio de h\u00e1bitos: <\/strong>evitar el consumo de alcohol y\/o tabaco, reducir el estr\u00e9s, realizar ejercicio f\u00edsico, mejorar h\u00e1bitos alimentarios, reducci\u00f3n del uso de descongestionantes t\u00f3picos nasales, cirug\u00eda, <strong>terapias complementarias:<\/strong> la acupuntura, la medicina china, la medicina natural y la bionutrici\u00f3n pueden ayudar a resolver algunos problemas de obstrucci\u00f3n nasal.[\/vc_column_text][vc_video link=\u00bbhttps:\/\/www.youtube.com\/watch?v=2nOH2s1KLNM\u00bb][\/vc_column][\/vc_row][vc_row el_class=\u00bbnormal_paddings\u00bb css=\u00bb.vc_custom_1594135494144{padding-top: 30px !important;padding-bottom: 80px !important;background-color: #282828 !important;}\u00bb][vc_column][vc_column_text el_class=\u00bbmedium_text\u00bb]Si tiene cualquier duda, p\u00f3ngase en <a href=\"https:\/\/www.clinicarinologica.com\/es\/contacte\/\">contacto<\/a> con nosotros. Le atenderemos con mucho gusto.\r\n\u00bfQuiere <a href=\"https:\/\/www.clinicarinologica.com\/es\/solicitud-visita\">solicitar una cita?<\/a>[\/vc_column_text][\/vc_column][\/vc_row]","protected":false},"excerpt":{"rendered":"[vc_row el_class=\u00bbnormal_paddings\u00bb css=\u00bb.vc_custom_1591593390982{padding-top: 150px !important;}\u00bb][vc_column width=\u00bb1\/4&#8243;][\/vc_column][vc_column width=\u00bb3\/4&#8243;][vc_column_text el_class=\u00bbinside_title\u00bb] Problemas nasales [\/vc_column_text][\/vc_column][\/vc_row][vc_row el_class=\u00bbnormal_paddings\u00bb][vc_column width=\u00bb1\/4&#8243;][vc_column_text el_class=\u00bbinside_title\u00bb] Obstrucci\u00f3n nasal [\/vc_column_text][vc_column_text el_class=\u00bbanchor_list\u00bb]\u00bfReconoce alguno de estos s\u00edntomas? \u00bfCu\u00e1les son las consecuencias de la obstrucci\u00f3n nasal? \u00bfQu\u00e9 causa la obstrucci\u00f3n nasal? \u00bfQu\u00e9 podemos hacer por usted?[\/vc_column_text][\/vc_column][vc_column width=\u00bb3\/4&#8243;][vc_column_text el_class=\u00bbmedium_text\u00bb]La obstrucci\u00f3n nasal interfiere notablemente en la calidad de vida de las personas. En&#8230; <a class=\"view-article\" href=\"https:\/\/www.clinicarinologica.com\/es\/obstruccio-nasal\/\">Ver art\u00edculo<\/a>","protected":false},"author":1,"featured_media":0,"parent":0,"menu_order":0,"comment_status":"closed","ping_status":"closed","template":"","meta":{"_acf_changed":false,"footnotes":""},"class_list":["post-1978","page","type-page","status-publish","hentry"],"acf":[],"_links":{"self":[{"href":"https:\/\/www.clinicarinologica.com\/es\/wp-json\/wp\/v2\/pages\/1978","targetHints":{"allow":["GET"]}}],"collection":[{"href":"https:\/\/www.clinicarinologica.com\/es\/wp-json\/wp\/v2\/pages"}],"about":[{"href":"https:\/\/www.clinicarinologica.com\/es\/wp-json\/wp\/v2\/types\/page"}],"author":[{"embeddable":true,"href":"https:\/\/www.clinicarinologica.com\/es\/wp-json\/wp\/v2\/users\/1"}],"replies":[{"embeddable":true,"href":"https:\/\/www.clinicarinologica.com\/es\/wp-json\/wp\/v2\/comments?post=1978"}],"version-history":[{"count":16,"href":"https:\/\/www.clinicarinologica.com\/es\/wp-json\/wp\/v2\/pages\/1978\/revisions"}],"predecessor-version":[{"id":4049,"href":"https:\/\/www.clinicarinologica.com\/es\/wp-json\/wp\/v2\/pages\/1978\/revisions\/4049"}],"wp:attachment":[{"href":"https:\/\/www.clinicarinologica.com\/es\/wp-json\/wp\/v2\/media?parent=1978"}],"curies":[{"name":"wp","href":"https:\/\/api.w.org\/{rel}","templated":true}]}}