{"id":4135,"date":"2021-12-29T21:52:35","date_gmt":"2021-12-29T19:52:35","guid":{"rendered":"https:\/\/www.clinicarinologica.com\/?page_id=4135"},"modified":"2021-12-30T10:44:49","modified_gmt":"2021-12-30T08:44:49","slug":"politica-de-privacidad","status":"publish","type":"page","link":"https:\/\/www.clinicarinologica.com\/en\/politica-de-privacidad\/","title":{"rendered":"Privacy policy"},"content":{"rendered":"[vc_row el_class=&#8221;molts_marges&#8221;][vc_column width=&#8221;1\/6&#8243;][\/vc_column][vc_column width=&#8221;2\/3&#8243; css=&#8221;.vc_custom_1621266040245{padding-bottom: 200px !important;}&#8221;][vc_column_text css=&#8221;.vc_custom_1640853885356{margin-bottom: 200px !important;}&#8221;]<strong>Privacy Policy<\/strong>\r\n\r\nThe data you provide when you contact us directly or through the web forms will be included in a file owned by CL\u00cdNICA RINOL\u00d2GICA &#8211; owned by Mrs. Maria Colom\u00e9 Calaf\u00ed, with NIF 40962718V.\r\n\r\nNext, we go on to detail the concepts.\r\n\r\n<strong>Data registered on the web for a first contact<\/strong>\r\n\r\nThe website www.clinicarinologica.com collects data from users who request it through the online visit request form.\r\n\r\nThe information that is collected is used exclusively to contact the requesting person, send them the necessary information to make the first consultation, and offer them access to the online Patient Area.\r\n\r\nBy including their data in the online visit request form, and accepting the privacy policy, the user grants unequivocal consent to the provider, declaring that they have been informed of the conditions on protection of personal data, accepting and consenting to the automated processing. of these, to proceed to the processing of the data provided for the aforementioned purpose. Failure to provide the requested personal data or not accepting this data protection policy means that it is impossible to register or receive information about the provider&#8217;s services.\r\n\r\nThe provider informs that he will not transfer personal data to third parties, except by legal obligation. Given the case, it would be previously informed requesting the express consent for the transfer. The entity of the database, hosting, as well as those who intervene in any phase of the treatment and \/ or the entities to whom it has been communicated, are obliged to observe professional secrecy and to adopt the levels of protection and measures necessary technical and organizational techniques at your fingertips to guarantee the security of personal data. As those in charge of the treatment, the provider has contracted the following service providers, who have committed to compliance with the regulatory provisions of application in terms of data protection, at the time of their contracting:\r\n\r\nMailchimp (The Rocket Science Group LLC d \/ b \/ a MailChimp) with address at 675 Ponce de Leon Ave NE, Suite 5000 Atlanta, GA 30308 USA, provides services for marketing campaigns. You can check the privacy policy here: https:\/\/mailchimp.com\/legal\/privacy\/.\r\n\r\nMailchimp complies with the principles derived from the Privacy Shield: https:\/\/www.privacyshield.gov\/participant?id=a2zt0000000to6haag&amp;status=Active\r\n\r\n1 &amp; 1 Internet Espa\u00f1a S.L.U., with CIF B-85049435, and registered office at Avenida de la Vega, 1 Edificio Veganova 3 Planta 5 Puerta C de Alcobendas, CP 28108, Madrid, which provides web hosting services (hosting).\r\nMaria Colom\u00e9 Calafi, with NIF 40962718V, and registered office at Conde de Salvatierra, 5, Office 609 08006 Barcelona, \u200b\u200bwhich assumes technical, organizational and security measures that guarantee the confidentiality and integrity of the information collected at CL\u00cdNICA RINOL\u00d2GICA MARIA COLOM\u00c9 in accordance with current regulations.\r\n\r\nThe provider guarantees the registered user that they can exercise at any time the right to access, rectify, cancel, oppose, limit, delete and request the portability of their personal data supplied to CL\u00cdNICA RINOL\u00d2GICA MARIA COLOM\u00c9, by written communication addressed to Comte de Salvatierra, 5, Office 609 08006 Barcelona or by sending an email to info@clinicarinologica.com. The user also has the right to withdraw their consent at any time, and to file a claim with the control authority if they consider that their rights in relation to data protection may have been violated before the Spanish Data Protection Agency (AEPD), in calle Jorge Juan, 6, 28001-Madrid or through the electronic headquarters of the AEPD: https:\/\/sedeagpd.gob.es\/sede-electronica-web\/\r\n\r\nThe data provided by the user will be kept as long as there is a mutual interest to maintain the purpose and during the period for which responsibilities for the services provided may be derived. When it is no longer necessary for this purpose, it will be deleted with the appropriate security measures to guarantee the pseudonymisation of the data or its total destruction. The provider reserves the right to modify this policy to adapt it to new legislation and jurisprudence.\r\n\r\nThe user can contact the provider for any questions through the email: <a href=\"mailto:info@clinicarinologica.com\">info@clinicarinologica.com<\/a>\r\n\r\n<strong>Patient data for the online or face-to-face visit<\/strong>\r\n\r\nOnce the medical appointment has been agreed, the patient will have to fill out and sign the Information and Consent Document \u2014 in person, at the consultation and online, within the Patient Area \u2014 before making the visit. This document includes the use of the data, the consent of the communications by different means, as well as the use of the image for different purposes, which are specified there.\r\n\r\nBy signing it, you give your consent for your personal data to be processed by Dr. Maria Colom\u00e9 Calaf\u00ed in order to provide you with the requested health services, as well as for the necessary administrative procedures of the care process with the legal basis of consent and the article 9 of the RGPD as it is necessary for the medical diagnosis or provision of health care by a professional subject to the obligation of professional secrecy.\r\n\r\nYour data may be communicated only in the cases that are necessary to the insurance companies, the Catalan Health Service, or other paying entities where appropriate, in order to carry out diagnostic tests and \/ or surgical interventions that are necessary. carry out throughout the care process, and for the payment by these of the expenses and fees of health care and to send, when necessary, the care reports related to the insured coverage.\r\n\r\nHealth data will be kept for 15 years from your discharge from the last healthcare process by virtue of Law 16\/2010, of June 3, amending Law 21\/2000, of December 29, on the rights of information concerning to the health and autonomy of the patient, and the clinical documentation and, in any case, during the term that the legislation establishes at all times.\r\n\r\n<strong>Information updated to March 18, 2021<\/strong>[\/vc_column_text][vc_empty_space height=&#8221;100px&#8221;][\/vc_column][vc_column width=&#8221;1\/6&#8243;][\/vc_column][\/vc_row]","protected":false},"excerpt":{"rendered":"[vc_row el_class=&#8221;molts_marges&#8221;][vc_column width=&#8221;1\/6&#8243;][\/vc_column][vc_column width=&#8221;2\/3&#8243; css=&#8221;.vc_custom_1621266040245{padding-bottom: 200px !important;}&#8221;][vc_column_text css=&#8221;.vc_custom_1640853885356{margin-bottom: 200px !important;}&#8221;]Privacy Policy The data you provide when you contact us directly or through the web forms will be included in a file owned by CL\u00cdNICA RINOL\u00d2GICA &#8211; owned by Mrs. Maria Colom\u00e9 Calaf\u00ed, with NIF 40962718V. Next, we go on to detail the concepts. Data registered&#8230; <a class=\"view-article\" href=\"https:\/\/www.clinicarinologica.com\/en\/politica-de-privacidad\/\">View Article<\/a>","protected":false},"author":1,"featured_media":0,"parent":0,"menu_order":0,"comment_status":"closed","ping_status":"closed","template":"","meta":{"_acf_changed":false,"footnotes":""},"class_list":["post-4135","page","type-page","status-publish","hentry"],"acf":[],"_links":{"self":[{"href":"https:\/\/www.clinicarinologica.com\/en\/wp-json\/wp\/v2\/pages\/4135","targetHints":{"allow":["GET"]}}],"collection":[{"href":"https:\/\/www.clinicarinologica.com\/en\/wp-json\/wp\/v2\/pages"}],"about":[{"href":"https:\/\/www.clinicarinologica.com\/en\/wp-json\/wp\/v2\/types\/page"}],"author":[{"embeddable":true,"href":"https:\/\/www.clinicarinologica.com\/en\/wp-json\/wp\/v2\/users\/1"}],"replies":[{"embeddable":true,"href":"https:\/\/www.clinicarinologica.com\/en\/wp-json\/wp\/v2\/comments?post=4135"}],"version-history":[{"count":5,"href":"https:\/\/www.clinicarinologica.com\/en\/wp-json\/wp\/v2\/pages\/4135\/revisions"}],"predecessor-version":[{"id":4141,"href":"https:\/\/www.clinicarinologica.com\/en\/wp-json\/wp\/v2\/pages\/4135\/revisions\/4141"}],"wp:attachment":[{"href":"https:\/\/www.clinicarinologica.com\/en\/wp-json\/wp\/v2\/media?parent=4135"}],"curies":[{"name":"wp","href":"https:\/\/api.w.org\/{rel}","templated":true}]}}