{"id":3257,"date":"2021-01-27T19:17:19","date_gmt":"2021-01-27T17:17:19","guid":{"rendered":"https:\/\/www.clinicarinologica.com\/?page_id=3257"},"modified":"2021-01-27T19:17:19","modified_gmt":"2021-01-27T17:17:19","slug":"tallers-de-respiracio-i-veu","status":"publish","type":"page","link":"https:\/\/www.clinicarinologica.com\/en\/tallers-de-respiracio-i-veu\/","title":{"rendered":"Tallers de respiraci\u00f3 i veu"},"content":{"rendered":"[vc_row el_class=&#8221;molts_marges&#8221; css=&#8221;.vc_custom_1607548381654{padding-bottom: 150px !important;}&#8221;][vc_column width=&#8221;1\/4&#8243;][vc_column_text el_class=&#8221;inside_title medium_text&#8221;]Talleres de respiraci\u00f3n y voz[\/vc_column_text][\/vc_column][vc_column width=&#8221;3\/4&#8243;][vc_column_text]<a href=\"https:\/\/www.clinicarinologica.com\/es\/taller-de-respiracio-i-oxigenacio\/\">Taller de respiraci\u00f3n y oxigenaci\u00f3n<\/a>\r\n<a href=\"https:\/\/www.clinicarinologica.com\/es\/taller-per-gestionar-lestres\/\">Taller para gestionar el estr\u00e9s<\/a>\r\n<a href=\"https:\/\/www.clinicarinologica.com\/es\/taller-per-deixar-de-fumar\/\">Taller para dejar de fumar<\/a>[\/vc_column_text][\/vc_column][\/vc_row]","protected":false},"excerpt":{"rendered":"[vc_row el_class=&#8221;molts_marges&#8221; css=&#8221;.vc_custom_1607548381654{padding-bottom: 150px !important;}&#8221;][vc_column width=&#8221;1\/4&#8243;][vc_column_text el_class=&#8221;inside_title medium_text&#8221;]Talleres de respiraci\u00f3n y voz[\/vc_column_text][\/vc_column][vc_column width=&#8221;3\/4&#8243;][vc_column_text]Taller de respiraci\u00f3n y oxigenaci\u00f3n Taller para gestionar el estr\u00e9s Taller para dejar de fumar[\/vc_column_text][\/vc_column][\/vc_row]","protected":false},"author":1,"featured_media":0,"parent":0,"menu_order":0,"comment_status":"closed","ping_status":"closed","template":"","meta":{"_acf_changed":false,"footnotes":""},"class_list":["post-3257","page","type-page","status-publish","hentry"],"acf":[],"_links":{"self":[{"href":"https:\/\/www.clinicarinologica.com\/en\/wp-json\/wp\/v2\/pages\/3257","targetHints":{"allow":["GET"]}}],"collection":[{"href":"https:\/\/www.clinicarinologica.com\/en\/wp-json\/wp\/v2\/pages"}],"about":[{"href":"https:\/\/www.clinicarinologica.com\/en\/wp-json\/wp\/v2\/types\/page"}],"author":[{"embeddable":true,"href":"https:\/\/www.clinicarinologica.com\/en\/wp-json\/wp\/v2\/users\/1"}],"replies":[{"embeddable":true,"href":"https:\/\/www.clinicarinologica.com\/en\/wp-json\/wp\/v2\/comments?post=3257"}],"version-history":[{"count":1,"href":"https:\/\/www.clinicarinologica.com\/en\/wp-json\/wp\/v2\/pages\/3257\/revisions"}],"predecessor-version":[{"id":3261,"href":"https:\/\/www.clinicarinologica.com\/en\/wp-json\/wp\/v2\/pages\/3257\/revisions\/3261"}],"wp:attachment":[{"href":"https:\/\/www.clinicarinologica.com\/en\/wp-json\/wp\/v2\/media?parent=3257"}],"curies":[{"name":"wp","href":"https:\/\/api.w.org\/{rel}","templated":true}]}}