{"id":3240,"date":"2021-01-27T19:16:25","date_gmt":"2021-01-27T17:16:25","guid":{"rendered":"https:\/\/www.clinicarinologica.com\/?page_id=3240"},"modified":"2021-02-10T21:23:23","modified_gmt":"2021-02-10T19:23:23","slug":"taller-de-respiracio-i-oxigenacio","status":"publish","type":"page","link":"https:\/\/www.clinicarinologica.com\/en\/taller-de-respiracio-i-oxigenacio\/","title":{"rendered":"Breathing and oxygenation workshop"},"content":{"rendered":"[vc_row el_class=&#8221;normal_paddings&#8221; css=&#8221;.vc_custom_1591593390982{padding-top: 150px !important;}&#8221;][vc_column width=&#8221;1\/4&#8243;][\/vc_column][vc_column width=&#8221;3\/4&#8243;][vc_column_text el_class=&#8221;inside_title&#8221;]\r\n<h1 class=\"p1\"><strong><span class=\"s1\"><a href=\"https:\/\/www.clinicarinologica.com\/en\/funcional\/#tallers\">Good Health Workshops<\/a><\/span><\/strong><\/h1>\r\n[\/vc_column_text][\/vc_column][\/vc_row][vc_row el_class=&#8221;normal_paddings_2&#8243;][vc_column width=&#8221;1\/4&#8243;][vc_column_text el_class=&#8221;inside_title&#8221;]\r\n<h1 class=\"p1\">Breathing and oxygenation workshop<\/h1>\r\n[\/vc_column_text][vc_column_text el_class=&#8221;anchor_list&#8221;]<a href=\"#apt1\"><strong>Do I really need a breathing and oxygenation workshop?<\/strong><\/a>\r\n\r\n<a href=\"#apt2\"><strong>How can I improve my breathing habits?<\/strong><\/a>\r\n\r\n<a href=\"#apt3\"><strong>What do I achieve with better breathing?<\/strong><\/a>\r\n\r\n<a href=\"#apt4\"><strong>Group, couple or individual sessions<\/strong><\/a>[\/vc_column_text][\/vc_column][vc_column width=&#8221;3\/4&#8243;][vc_column_text el_class=&#8221;medium_text&#8221;]Proper breathing promotes general health and wellness. Our workshop will teach breathing and oxygenation techniques to get the most out of your respiration and oxygenate your body properly.[\/vc_column_text][vc_column_text el_class=&#8221;mid&#8221;]Altered respiratory function is sometimes difficult to perceive, but it has significant effects on health and wellbeing. Breathing affects the cardiovascular, neurological, vascular, gastrointestinal, muscular and emotional systems. [\/vc_column_text][vc_video link=&#8221;https:\/\/youtu.be\/cPmV3FosG6w&#8221;][vc_column_text el_class=&#8221;text_blanc&#8221;]<span style=\"color: #000000;\"><em>La Ciencia de la Salud \u2013 Episodio 2 \u2013 Respira. TV2<\/em><\/span>[\/vc_column_text][vc_column_text el_class=&#8221;quote_text&#8221;]<span style=\"color: #000000;\">\u201cPodemos mejorar nuestra respiraci\u00f3n siempre que \u00e9sta sea una respiraci\u00f3n completa, empezando por la nariz y hasta el diafragma\u201d<\/span>[\/vc_column_text][vc_raw_html css=&#8221;.vc_custom_1591595652694{margin-bottom: 100px !important;}&#8221;]JTNDYSUyMGlkJTNEJTIyYXB0MSUyMiUzRSUzQyUyRmElM0U=[\/vc_raw_html][\/vc_column][\/vc_row][vc_row css=&#8221;.vc_custom_1595399470805{background-color: #282828 !important;}&#8221; el_class=&#8221;normal_paddings_2&#8243;][vc_column width=&#8221;1\/4&#8243;][\/vc_column][vc_column width=&#8221;3\/4&#8243;][vc_column_text el_class=&#8221;medium_text text_blanc super_big&#8221;]Do I really need a breathing and oxygenation workshop?[\/vc_column_text][vc_column_text el_class=&#8221;medium_text text_blanc&#8221;]If you want to improve your quality of life, your career is in performing arts, need to talk a lot for your work, are recovering from surgery to the respiratory airways, have a congenital defect in the nasal or vocal tract or play many sports it is likely that your breathing is not adequate and that eventually you may have health problems.[\/vc_column_text][vc_column_text el_class=&#8221;text_blanc&#8221;]If you suffer sinusitis, asthma, allergies, stress, insomnia, anxiety, depression, muscle spasms, pain, arthritis, headaches, migraines, constipation, eating disorders (anorexia, bulimia, obesity), lack of concentration, fatigue, tiredness, disorders of smell and taste it is likely that your body is not being properly oxygenated.\r\n\r\nAt our breathing and oxygenation workshop you will learn to breathe properly and your body will obtain oxygen optimally. <strong>This leads to improved health and well-being.<\/strong>[\/vc_column_text][vc_raw_html css=&#8221;.vc_custom_1591595656157{margin-bottom: 100px !important;}&#8221;]JTNDYSUyMG5hbWUlM0QlMjJhcHQyJTIyJTNFJTNDJTJGYSUzRQ==[\/vc_raw_html][\/vc_column][\/vc_row][vc_row css=&#8221;.vc_custom_1595399482287{background-color: #282828 !important;}&#8221; el_class=&#8221;normal_paddings_2&#8243;][vc_column width=&#8221;1\/4&#8243;][\/vc_column][vc_column width=&#8221;3\/4&#8243;][vc_column_text el_class=&#8221;medium_text text_blanc super_big&#8221;]How can I improve my breathing habits?[\/vc_column_text][vc_column_text el_class=&#8221;medium_text text_blanc&#8221;]Being aware of bad respiratory habits and change those habits requires learning and practice.[\/vc_column_text][vc_single_image image=&#8221;1588&#8243; img_size=&#8221;full&#8221; el_class=&#8221;fullwidth&#8221;][vc_column_text el_class=&#8221;text_blanc&#8221;]At our <strong>Breathing and oxygenation workshop<\/strong> you will learn to be aware of nasal-abdominal breathing and create a respiratory airway that is as broad as possible, recognize optimal breathing at rest and during activity, properly monitor your voice (generally, especially in situations of speech and physical activity), discover and maintain the optimal position for a full inspiration, and good voice projection. Doing different types of exercises, you can work on your awareness of body posture, muscles, relaxation and dilation of the nostrils or laryngeal tension control, among others.[\/vc_column_text][vc_raw_html css=&#8221;.vc_custom_1592511726658{margin-bottom: 100px !important;}&#8221;]JTNDYSUyMG5hbWUlM0QlMjJhcHQzJTIyJTNFJTNDJTJGYSUzRQ==[\/vc_raw_html][\/vc_column][\/vc_row][vc_row css=&#8221;.vc_custom_1595399488254{background-color: #282828 !important;}&#8221; el_class=&#8221;normal_paddings_2&#8243;][vc_column width=&#8221;1\/4&#8243;][\/vc_column][vc_column width=&#8221;3\/4&#8243;][vc_column_text el_class=&#8221;medium_text text_blanc super_big&#8221;]What do I achieve with better breathing?[\/vc_column_text][vc_column_text el_class=&#8221;medium_text text_blanc&#8221;]\r\n<p class=\"Standard\" style=\"margin: 0cm; margin-bottom: .0001pt; text-align: justify; text-justify: inter-ideograph;\"><span lang=\"EN-GB\" style=\"font-family: Arial;\">Better breathing will allow you to: resolve or improve various health problems (not only those that are strictly respiratory), increase energy levels and athletic performance, improve sleep, memory and concentration levels, improve the quality of speech and voice and intensify sexual pleasure. <\/span><\/p>\r\n[\/vc_column_text][vc_raw_html css=&#8221;.vc_custom_1592511719522{margin-bottom: 100px !important;}&#8221;]JTNDYSUyMG5hbWUlM0QlMjJhcHQ0JTIyJTNFJTNDJTJGYSUzRQ==[\/vc_raw_html][vc_column_text el_class=&#8221;medium_text text_blanc&#8221;]Group, couple or individual sessions[\/vc_column_text][vc_row_inner equal_height=&#8221;yes&#8221; content_placement=&#8221;top&#8221; gap=&#8221;30&#8243;][vc_column_inner width=&#8221;1\/2&#8243;][vc_column_text el_class=&#8221;text_blanc&#8221;]The <strong> Breathing and oxygenation workshop<\/strong> can be done in two ways. In both group or individual workshop modes, on the first day we carry out spirometry (testing air volume and flow rate in the lungs) to assess the initial state for the individual. At the end of the last session, we repeat the test to see objectively what progress has been achieved as a result of the course.[\/vc_column_text][vc_column_text el_class=&#8221;text_blanc&#8221;]<strong>Workshop Director<\/strong>\r\n\r\n\u00c0ngels Civit Fons. Vocal technique\r\nVoice and piano teacher.[\/vc_column_text][\/vc_column_inner][vc_column_inner width=&#8221;1\/2&#8243;][vc_column_text el_class=&#8221;text_blanc&#8221;]<strong>Group Workshop (face-to-face and online)<\/strong>\r\n\r\n4 to 6 students\r\n6 group sessions of 90 minutes\r\n1 individual session of 30-60 minutes to customize the pattern of breathing to be followed, depending on the needs of each person.[\/vc_column_text][vc_column_text el_class=&#8221;text_blanc&#8221;]<strong>Individual workshop (face-to-face and online)<\/strong>\r\n\r\n7 60-minute individual sessions focused on finding the solution to your particular needs.[\/vc_column_text][\/vc_column_inner][\/vc_row_inner][\/vc_column][\/vc_row][vc_row el_class=&#8221;normal_paddings_2&#8243; css=&#8221;.vc_custom_1595399492215{padding-top: 20px !important;padding-bottom: 50px !important;background-color: #282828 !important;}&#8221;][vc_column][vc_column_text el_class=&#8221;medium_text&#8221;]For any question, please <a href=\"https:\/\/www.clinicarinologica.com\/en\/contacte\/\">contact us<\/a>.\r\nTo register for the workshop, call 933 933 175, or write to <a href=\"mailto:info@clinicarinologica.com\">info@clinicarinologica.com<\/a>.[\/vc_column_text][\/vc_column][\/vc_row]","protected":false},"excerpt":{"rendered":"[vc_row el_class=&#8221;normal_paddings&#8221; css=&#8221;.vc_custom_1591593390982{padding-top: 150px !important;}&#8221;][vc_column width=&#8221;1\/4&#8243;][\/vc_column][vc_column width=&#8221;3\/4&#8243;][vc_column_text el_class=&#8221;inside_title&#8221;] Good Health Workshops [\/vc_column_text][\/vc_column][\/vc_row][vc_row el_class=&#8221;normal_paddings_2&#8243;][vc_column width=&#8221;1\/4&#8243;][vc_column_text el_class=&#8221;inside_title&#8221;] Breathing and oxygenation workshop [\/vc_column_text][vc_column_text el_class=&#8221;anchor_list&#8221;]Do I really need a breathing and oxygenation workshop? How can I improve my breathing habits? What do I achieve with better breathing? Group, couple or individual sessions[\/vc_column_text][\/vc_column][vc_column width=&#8221;3\/4&#8243;][vc_column_text el_class=&#8221;medium_text&#8221;]Proper breathing promotes general health and&#8230; <a class=\"view-article\" href=\"https:\/\/www.clinicarinologica.com\/en\/taller-de-respiracio-i-oxigenacio\/\">View Article<\/a>","protected":false},"author":1,"featured_media":0,"parent":0,"menu_order":0,"comment_status":"closed","ping_status":"closed","template":"","meta":{"_acf_changed":false,"footnotes":""},"class_list":["post-3240","page","type-page","status-publish","hentry"],"acf":[],"_links":{"self":[{"href":"https:\/\/www.clinicarinologica.com\/en\/wp-json\/wp\/v2\/pages\/3240","targetHints":{"allow":["GET"]}}],"collection":[{"href":"https:\/\/www.clinicarinologica.com\/en\/wp-json\/wp\/v2\/pages"}],"about":[{"href":"https:\/\/www.clinicarinologica.com\/en\/wp-json\/wp\/v2\/types\/page"}],"author":[{"embeddable":true,"href":"https:\/\/www.clinicarinologica.com\/en\/wp-json\/wp\/v2\/users\/1"}],"replies":[{"embeddable":true,"href":"https:\/\/www.clinicarinologica.com\/en\/wp-json\/wp\/v2\/comments?post=3240"}],"version-history":[{"count":8,"href":"https:\/\/www.clinicarinologica.com\/en\/wp-json\/wp\/v2\/pages\/3240\/revisions"}],"predecessor-version":[{"id":3506,"href":"https:\/\/www.clinicarinologica.com\/en\/wp-json\/wp\/v2\/pages\/3240\/revisions\/3506"}],"wp:attachment":[{"href":"https:\/\/www.clinicarinologica.com\/en\/wp-json\/wp\/v2\/media?parent=3240"}],"curies":[{"name":"wp","href":"https:\/\/api.w.org\/{rel}","templated":true}]}}