{"id":3235,"date":"2021-01-27T19:15:39","date_gmt":"2021-01-27T17:15:39","guid":{"rendered":"https:\/\/www.clinicarinologica.com\/?page_id=3235"},"modified":"2021-02-10T21:11:29","modified_gmt":"2021-02-10T19:11:29","slug":"problemes-i-solucions-quirurgiques","status":"publish","type":"page","link":"https:\/\/www.clinicarinologica.com\/en\/problemes-i-solucions-quirurgiques\/","title":{"rendered":"Problems and surgical solutions"},"content":{"rendered":"[vc_row el_class=&#8221;normal_paddings&#8221; css=&#8221;.vc_custom_1591593390982{padding-top: 150px !important;}&#8221;][vc_column width=&#8221;1\/4&#8243;][\/vc_column][vc_column width=&#8221;3\/4&#8243;][vc_column_text el_class=&#8221;inside_title&#8221;]\r\n<h1 class=\"p1\"><strong><a href=\"https:\/\/www.clinicarinologica.com\/en\/funcional\/#cirurgia\"><span class=\"s1\">Functional Surgery<\/span><\/a><\/strong><\/h1>\r\n[\/vc_column_text][\/vc_column][\/vc_row][vc_row el_class=&#8221;normal_paddings_2&#8243;][vc_column width=&#8221;1\/4&#8243;][vc_column_text el_class=&#8221;inside_title&#8221;]\r\n<h1 class=\"p1\">Problems and surgical solutions<\/h1>\r\n[\/vc_column_text][vc_column_text el_class=&#8221;anchor_list&#8221;]<a href=\"#apt1\"><strong>Problems with the nasal septum<\/strong><\/a>\r\n\r\n<a href=\"#apt2\"><strong>Problems of the nasal valve<\/strong><\/a>\r\n\r\n<a href=\"#apt3\"><strong>Turbinate problems<\/strong><\/a>\r\n\r\n<a href=\"#apt4\"><strong>Problems with sinus and related diseases<\/strong><\/a>\r\n\r\n<a href=\"#apt5\"><strong>Problems with adenoids <\/strong><\/a>[\/vc_column_text][\/vc_column][vc_column width=&#8221;3\/4&#8243;][vc_column_text el_class=&#8221;medium_text&#8221;]Different types of nasal problems require different surgical techniques[\/vc_column_text][vc_column_text]Sometimes, surgery is the best solution. We are experts in the techniques necessary for correcting different problems.[\/vc_column_text][vc_video link=&#8221;https:\/\/youtu.be\/V9MTIX32H7M&#8221;][vc_column_text el_class=&#8221;text_blanc&#8221;]<span style=\"color: #000000;\"><em>La Ciencia de la Salud \u2013 Episodio 2 \u2013 Respira<\/em><\/span>[\/vc_column_text][\/vc_column][\/vc_row][vc_row el_class=&#8221;no_paddings&#8221; css=&#8221;.vc_custom_1594634932957{background-color: #282828 !important;}&#8221;][vc_column][vc_raw_html css=&#8221;.vc_custom_1591595652694{margin-bottom: 100px !important;}&#8221;]JTNDYSUyMGlkJTNEJTIyYXB0MSUyMiUzRSUzQyUyRmElM0U=[\/vc_raw_html][\/vc_column][\/vc_row][vc_row css=&#8221;.vc_custom_1594635021713{background-color: #282828 !important;}&#8221; el_class=&#8221;tab_paddings&#8221;][vc_column width=&#8221;1\/4&#8243;][\/vc_column][vc_column width=&#8221;3\/4&#8243;][vc_column_text el_class=&#8221;medium_text text_blanc super_big&#8221;]\r\nProblems with the nasal septum\r\n[\/vc_column_text][vc_column_text el_class=&#8221;medium_text text_blanc&#8221;]The nasal septum separates the two nostrils. Changes in the shape and growth of the septum may hinder breathing through the nose, create pain in the face and head, generating a feeling of dryness in the nose, altering the mucus and promoting nosebleeds.[\/vc_column_text][vc_column_text el_class=&#8221;text_blanc&#8221;]A septoplasty is a surgical technique that allows us to correct a deformity in the nasal wall or rebuild it. It can be performed with other types of functional surgery and cosmetic nasal surgery (rhinoplasty).\r\n\r\nThe procedure takes between 15 and 45 minutes in the operating room.\r\n\r\nIt can be performed under general anaesthesia, local anaesthesia and sedation or local anaesthesia only, depending on each case.\r\n\r\nAll nasal operations require proper preoperative preparation and recovery time.\r\n[\/vc_column_text][vc_raw_html css=&#8221;.vc_custom_1591595656157{margin-bottom: 100px !important;}&#8221;]JTNDYSUyMG5hbWUlM0QlMjJhcHQyJTIyJTNFJTNDJTJGYSUzRQ==[\/vc_raw_html][\/vc_column][\/vc_row][vc_row css=&#8221;.vc_custom_1594635021713{background-color: #282828 !important;}&#8221; el_class=&#8221;tab_paddings&#8221;][vc_column width=&#8221;1\/4&#8243;][\/vc_column][vc_column width=&#8221;3\/4&#8243;][vc_column_text el_class=&#8221;medium_text text_blanc super_big&#8221;]\r\nProblems of the nasal valve\r\n[\/vc_column_text][vc_column_text el_class=&#8221;medium_text text_blanc&#8221;]The nasal valve plays a fundamental role in the transformation of air so that it arrives in the right condition to the lungs. If there are abnormalities in the bony structures, cartilage, or skin and mucosal linings of the valve, breathing will be compromised.[\/vc_column_text][vc_column_text el_class=&#8221;text_blanc&#8221;]Valve surgery can restore the normal anatomy of the valve and increase the flow of air to restore good breathing.\r\n\r\nThe procedure takes about 15 minutes in the operating room.\r\n\r\nIt can be performed under general anaesthesia, local anaesthesia and sedation or local anaesthesia only, depending on the individual case.\r\n\r\nAll nasal operations require proper preoperative preparation and recovery time.\r\n[\/vc_column_text][vc_raw_html css=&#8221;.vc_custom_1591595661332{margin-bottom: 100px !important;}&#8221;]JTNDYSUyMG5hbWUlM0QlMjJhcHQzJTIyJTNFJTNDJTJGYSUzRQ==[\/vc_raw_html][\/vc_column][\/vc_row][vc_row css=&#8221;.vc_custom_1596691301336{border-bottom-width: 0px !important;background-color: #282828 !important;}&#8221; el_class=&#8221;tab_paddings&#8221;][vc_column width=&#8221;1\/4&#8243;][\/vc_column][vc_column width=&#8221;3\/4&#8243;][vc_column_text el_class=&#8221;medium_text text_blanc super_big&#8221;]Turbinate Problems[\/vc_column_text][vc_column_text el_class=&#8221;text_blanc&#8221;]The turbinates clean, warm and humidify the air you breathe. If the turbinate volume is not adequate, these functions may be altered and cause difficulty breathing, pain in the face and head, give a feeling of nasal dryness or persistent thick nasal mucus. A turbinate problem may cause mouth breathing, and cause other symptoms such as: dry mouth, snoring and sleep apnea, pharyngitis, thickening throat secretions, headaches and migraines, sinusitis\r\n[\/vc_column_text][vc_column_text el_class=&#8221;text_blanc&#8221;]With turbinate surgery, pathological turbinate elements are corrected or extirpated. Depending on the magnitude of the problem, the intervention can be performed in an outpatient surgery or consultation room using radiofrequency or laser techniques.\r\n\r\nThe procedure takes about 15 minutes in the operating room.\r\n\r\nIt can be done under general anaesthesia, local anaesthesia and sedation or local anaesthesia only, depending on the individual case.\r\n\r\nAll nasal operations require proper preoperative preparation and recovery time.\r\n[\/vc_column_text][vc_raw_html css=&#8221;.vc_custom_1596692032344{margin-bottom: 100px !important;background-color: #282828 !important;}&#8221;]JTA5JTBBJTA5JTA5JTA5JTNDZGl2JTIwY2xhc3MlM0QlMjJ3cGJfdmlkZW9fd3JhcHBlciUyMiUzRSUzQ2lmcmFtZSUyMHRpdGxlJTNEJTIyVGVzdGltb25pbyUyMEZyYW5jaXNjYSUyMC0lMjBDbCVDMyVBRG5pY2ElMjBSaW5vbCVDMyVCMmdpY2ElMjBNYXJpYSUyMENvbG9tJUMzJUE5JTIyJTIwd2lkdGglM0QlMjI5MDAlMjIlMjBoZWlnaHQlM0QlMjI1MDYlMjIlMjBzcmMlM0QlMjJodHRwcyUzQSUyRiUyRnd3dy55b3V0dWJlLmNvbSUyRmVtYmVkJTJGOFdyeWxVMkZuSkklM0ZmZWF0dXJlJTNEb2VtYmVkJTIyJTIwZnJhbWVib3JkZXIlM0QlMjIwJTIyJTIwYWxsb3clM0QlMjJhY2NlbGVyb21ldGVyJTNCJTIwYXV0b3BsYXklM0IlMjBlbmNyeXB0ZWQtbWVkaWElM0IlMjBneXJvc2NvcGUlM0IlMjBwaWN0dXJlLWluLXBpY3R1cmUlMjIlMjBhbGxvd2Z1bGxzY3JlZW4lM0QlMjIlMjIlM0UlM0MlMkZpZnJhbWUlM0UlM0MlMkZkaXYlM0UlMEElMDklMEElMEElMEElM0NhJTIwbmFtZSUzRCUyMmFwdDQlMjIlM0UlM0MlMkZhJTNF[\/vc_raw_html][\/vc_column][\/vc_row][vc_row css=&#8221;.vc_custom_1596691293805{border-top-width: 0px !important;background-color: #282828 !important;}&#8221; el_class=&#8221;tab_paddings&#8221;][vc_column width=&#8221;1\/4&#8243;][\/vc_column][vc_column width=&#8221;3\/4&#8243;][vc_column_text el_class=&#8221;medium_text text_blanc super_big&#8221;]Problems with sinus and related diseases [\/vc_column_text][vc_column_text el_class=&#8221;text_blanc&#8221;]La cirug\u00eda endosc\u00f3pica nasosinusal agrupa diferentes t\u00e9cnicas para reparar anomal\u00edas que alteran las funciones de la nariz.\r\n\r\nLa intervenci\u00f3n dura entre 30 minutos y 2 horas en el quir\u00f3fano, dependiendo de la severidad de cada caso.\r\n\r\nSe puede hacer con anestesia general, anestesia local y sedaci\u00f3n, o s\u00f3lo anestesia local, seg\u00fan cada caso.\r\n\r\nToda operaci\u00f3n rinol\u00f3gica requiere una preparaci\u00f3n preoperatoria y un tiempo de recuperaci\u00f3n.[\/vc_column_text][vc_raw_html css=&#8221;.vc_custom_1591598242941{margin-bottom: 100px !important;}&#8221;]JTNDYSUyMG5hbWUlM0QlMjJhcHQ1JTIyJTNFJTNDJTJGYSUzRQ==[\/vc_raw_html][\/vc_column][\/vc_row][vc_row css=&#8221;.vc_custom_1594635021713{background-color: #282828 !important;}&#8221; el_class=&#8221;tab_paddings&#8221;][vc_column width=&#8221;1\/4&#8243;][\/vc_column][vc_column width=&#8221;3\/4&#8243;][vc_column_text el_class=&#8221;medium_text text_blanc super_big&#8221;]Problems with adenoids[\/vc_column_text][vc_column_text el_class=&#8221;medium_text text_blanc&#8221;]Cuando un problema de adenoides genera infecciones repetidas de la garganta o el o\u00eddo, o provoca una obstrucci\u00f3n respiratoria significativa, puede ser recomendable operar. [\/vc_column_text][vc_column_text el_class=&#8221;text_blanc&#8221;]La adenoidectom\u00eda es la t\u00e9cnica quir\u00fargica para extirpar los adenoides.\r\n\r\nSe hace con anestesia general y, como toda operaci\u00f3n rinol\u00f3gica, requiere una preparaci\u00f3n preoperatoria y un tiempo de recuperaci\u00f3n.\r\n\r\nLa intervenci\u00f3n dura aproximadamente 15 minutos en el quir\u00f3fano.[\/vc_column_text][\/vc_column][\/vc_row][vc_row el_class=&#8221;normal_paddings&#8221; css=&#8221;.vc_custom_1594634919246{padding-top: 30px !important;padding-bottom: 80px !important;background-color: #282828 !important;}&#8221;][vc_column][vc_column_text el_class=&#8221;medium_text&#8221;]If you have any questions, please <a href=\"https:\/\/www.clinicarinologica.com\/en\/contacte\/\">contact us<\/a>. We will answer your queries with pleasure.\r\n\r\nRequest a <a href=\"https:\/\/www.clinicarinologica.com\/en\/solicitud-visita\">first visit.<\/a> We will do our best to schedule you an appointment quickly.[\/vc_column_text][\/vc_column][\/vc_row]","protected":false},"excerpt":{"rendered":"[vc_row el_class=&#8221;normal_paddings&#8221; css=&#8221;.vc_custom_1591593390982{padding-top: 150px !important;}&#8221;][vc_column width=&#8221;1\/4&#8243;][\/vc_column][vc_column width=&#8221;3\/4&#8243;][vc_column_text el_class=&#8221;inside_title&#8221;] Functional Surgery [\/vc_column_text][\/vc_column][\/vc_row][vc_row el_class=&#8221;normal_paddings_2&#8243;][vc_column width=&#8221;1\/4&#8243;][vc_column_text el_class=&#8221;inside_title&#8221;] Problems and surgical solutions [\/vc_column_text][vc_column_text el_class=&#8221;anchor_list&#8221;]Problems with the nasal septum Problems of the nasal valve Turbinate problems Problems with sinus and related diseases Problems with adenoids [\/vc_column_text][\/vc_column][vc_column width=&#8221;3\/4&#8243;][vc_column_text el_class=&#8221;medium_text&#8221;]Different types of nasal problems require different surgical techniques[\/vc_column_text][vc_column_text]Sometimes, surgery is the best&#8230; <a class=\"view-article\" href=\"https:\/\/www.clinicarinologica.com\/en\/problemes-i-solucions-quirurgiques\/\">View Article<\/a>","protected":false},"author":1,"featured_media":0,"parent":0,"menu_order":0,"comment_status":"closed","ping_status":"closed","template":"","meta":{"_acf_changed":false,"footnotes":""},"class_list":["post-3235","page","type-page","status-publish","hentry"],"acf":[],"_links":{"self":[{"href":"https:\/\/www.clinicarinologica.com\/en\/wp-json\/wp\/v2\/pages\/3235","targetHints":{"allow":["GET"]}}],"collection":[{"href":"https:\/\/www.clinicarinologica.com\/en\/wp-json\/wp\/v2\/pages"}],"about":[{"href":"https:\/\/www.clinicarinologica.com\/en\/wp-json\/wp\/v2\/types\/page"}],"author":[{"embeddable":true,"href":"https:\/\/www.clinicarinologica.com\/en\/wp-json\/wp\/v2\/users\/1"}],"replies":[{"embeddable":true,"href":"https:\/\/www.clinicarinologica.com\/en\/wp-json\/wp\/v2\/comments?post=3235"}],"version-history":[{"count":8,"href":"https:\/\/www.clinicarinologica.com\/en\/wp-json\/wp\/v2\/pages\/3235\/revisions"}],"predecessor-version":[{"id":3504,"href":"https:\/\/www.clinicarinologica.com\/en\/wp-json\/wp\/v2\/pages\/3235\/revisions\/3504"}],"wp:attachment":[{"href":"https:\/\/www.clinicarinologica.com\/en\/wp-json\/wp\/v2\/media?parent=3235"}],"curies":[{"name":"wp","href":"https:\/\/api.w.org\/{rel}","templated":true}]}}