{"id":3234,"date":"2021-01-27T19:15:34","date_gmt":"2021-01-27T17:15:34","guid":{"rendered":"https:\/\/www.clinicarinologica.com\/?page_id=3234"},"modified":"2021-01-27T19:15:34","modified_gmt":"2021-01-27T17:15:34","slug":"orl-pediatrica","status":"publish","type":"page","link":"https:\/\/www.clinicarinologica.com\/en\/orl-pediatrica\/","title":{"rendered":"ORL pedi\u00e1trica"},"content":{"rendered":"[vc_row el_class=&#8221;molts_marges&#8221; css=&#8221;.vc_custom_1607548381654{padding-bottom: 150px !important;}&#8221;][vc_column width=&#8221;1\/4&#8243;][vc_column_text el_class=&#8221;inside_title medium_text&#8221;]ORL pedi\u00e1trica[\/vc_column_text][\/vc_column][vc_column width=&#8221;3\/4&#8243;][vc_column_text]\r\n<p class=\"p1\"><span class=\"s1\"><b>Revisi\u00f3n ORL del ni\u00f1o sano<\/b><\/span><\/p>\r\n<p class=\"p1\"><span class=\"s1\"><b>ORL en enfermedades minoritarias<\/b><\/span><\/p>\r\n<p class=\"p3\"><span class=\"s1\"><b>O\u00eddo y audici\u00f3n<\/b><\/span><\/p>\r\n<p class=\"p3\"><span class=\"s1\">Sordera (p\u00e9rdida auditiva)<\/span><\/p>\r\n<p class=\"p3\"><span class=\"s1\">Infecciones de o\u00eddo (otitis media con efusi\u00f3n, secreci\u00f3n, colesteatoma)<\/span><\/p>\r\n<p class=\"p3\"><span class=\"s1\">Implantes cocleares<\/span><\/p>\r\n<p class=\"p3\"><span class=\"s1\"><b>Cirug\u00eda del o\u00eddo <\/b><\/span><\/p>\r\n<p class=\"p3\"><span class=\"s1\">Otoplastia<\/span><\/p>\r\n<p class=\"p3\"><span class=\"s1\">Perforaci\u00f3n del t\u00edmpano<\/span><\/p>\r\n<p class=\"p3\"><span class=\"s1\">Timpanoplastia, con o sin reconstrucci\u00f3n osicular<\/span><\/p>\r\n<p class=\"p3\"><span class=\"s1\"><b>Sue\u00f1o y roncopat\u00eda<\/b><\/span><\/p>\r\n<p class=\"p3\"><span class=\"s1\">Apnea del sue\u00f1o<\/span><\/p>\r\n<p class=\"p3\"><span class=\"s1\">Terapia de h\u00e1bitos<\/span><\/p>\r\n<p class=\"p3\"><span class=\"s1\"><b>Nariz y v\u00eda a\u00e9rea pedi\u00e1trica<\/b><\/span><\/p>\r\n<p class=\"p3\"><span class=\"s1\">Adenoidectom\u00eda<\/span><\/p>\r\n<p class=\"p3\"><span class=\"s1\">Amigdalectom\u00eda<\/span><\/p>\r\n<p class=\"p3\"><span class=\"s1\">Estenosis subgl\u00f3tica<\/span><\/p>\r\n<p class=\"p3\"><span class=\"s1\"><b>Voz<\/b><\/span><\/p>\r\n<p class=\"p3\"><span class=\"s1\">N\u00f3dulos vocales<\/span><\/p>\r\n<p class=\"p3\"><span class=\"s1\">Papiloma<\/span><\/p>\r\n<p class=\"p3\"><span class=\"s1\">Problemas cong\u00e9nitos<\/span><\/p>\r\n[\/vc_column_text][\/vc_column][\/vc_row]","protected":false},"excerpt":{"rendered":"[vc_row el_class=&#8221;molts_marges&#8221; css=&#8221;.vc_custom_1607548381654{padding-bottom: 150px !important;}&#8221;][vc_column width=&#8221;1\/4&#8243;][vc_column_text el_class=&#8221;inside_title medium_text&#8221;]ORL pedi\u00e1trica[\/vc_column_text][\/vc_column][vc_column width=&#8221;3\/4&#8243;][vc_column_text] Revisi\u00f3n ORL del ni\u00f1o sano ORL en enfermedades minoritarias O\u00eddo y audici\u00f3n Sordera (p\u00e9rdida auditiva) Infecciones de o\u00eddo (otitis media con efusi\u00f3n, secreci\u00f3n, colesteatoma) Implantes cocleares Cirug\u00eda del o\u00eddo Otoplastia Perforaci\u00f3n del t\u00edmpano Timpanoplastia, con o sin reconstrucci\u00f3n osicular Sue\u00f1o y roncopat\u00eda Apnea del sue\u00f1o&#8230; <a class=\"view-article\" href=\"https:\/\/www.clinicarinologica.com\/en\/orl-pediatrica\/\">View Article<\/a>","protected":false},"author":1,"featured_media":0,"parent":0,"menu_order":0,"comment_status":"closed","ping_status":"closed","template":"","meta":{"_acf_changed":false,"footnotes":""},"class_list":["post-3234","page","type-page","status-publish","hentry"],"acf":[],"_links":{"self":[{"href":"https:\/\/www.clinicarinologica.com\/en\/wp-json\/wp\/v2\/pages\/3234","targetHints":{"allow":["GET"]}}],"collection":[{"href":"https:\/\/www.clinicarinologica.com\/en\/wp-json\/wp\/v2\/pages"}],"about":[{"href":"https:\/\/www.clinicarinologica.com\/en\/wp-json\/wp\/v2\/types\/page"}],"author":[{"embeddable":true,"href":"https:\/\/www.clinicarinologica.com\/en\/wp-json\/wp\/v2\/users\/1"}],"replies":[{"embeddable":true,"href":"https:\/\/www.clinicarinologica.com\/en\/wp-json\/wp\/v2\/comments?post=3234"}],"version-history":[{"count":1,"href":"https:\/\/www.clinicarinologica.com\/en\/wp-json\/wp\/v2\/pages\/3234\/revisions"}],"predecessor-version":[{"id":3248,"href":"https:\/\/www.clinicarinologica.com\/en\/wp-json\/wp\/v2\/pages\/3234\/revisions\/3248"}],"wp:attachment":[{"href":"https:\/\/www.clinicarinologica.com\/en\/wp-json\/wp\/v2\/media?parent=3234"}],"curies":[{"name":"wp","href":"https:\/\/api.w.org\/{rel}","templated":true}]}}