{"id":3160,"date":"2021-01-25T18:02:47","date_gmt":"2021-01-25T16:02:47","guid":{"rendered":"https:\/\/www.clinicarinologica.com\/?page_id=3160"},"modified":"2021-02-10T20:49:19","modified_gmt":"2021-02-10T18:49:19","slug":"operacio","status":"publish","type":"page","link":"https:\/\/www.clinicarinologica.com\/en\/operacio\/","title":{"rendered":"The operation"},"content":{"rendered":"[vc_row el_class=&#8221;normal_paddings&#8221; css=&#8221;.vc_custom_1591593390982{padding-top: 150px !important;}&#8221;][vc_column width=&#8221;1\/4&#8243;][\/vc_column][vc_column width=&#8221;3\/4&#8243;][vc_column_text el_class=&#8221;inside_title&#8221;]\r\n<h1 class=\"p1\"><strong><a href=\"https:\/\/www.clinicarinologica.com\/en\/funcional\/#cirurgia\"><span class=\"s1\">Functional Surgery<\/span><\/a><\/strong><\/h1>\r\n[\/vc_column_text][\/vc_column][\/vc_row][vc_row el_class=&#8221;normal_paddings_2&#8243;][vc_column width=&#8221;1\/4&#8243;][vc_column_text el_class=&#8221;inside_title&#8221;]\r\n<h1 class=\"p1\">Surgery<\/h1>\r\n[\/vc_column_text][vc_column_text el_class=&#8221;anchor_list&#8221;]<a href=\"#apt1\"><strong>The preoperative stage<\/strong><\/a>\r\n\r\n<a href=\"#apt2\"><strong>The operation<\/strong><\/a>\r\n\r\n<a href=\"#apt3\"><strong>The postoperative stage<\/strong><\/a>\r\n\r\n<a href=\"#apt4\"><strong>Recovery<\/strong><\/a>[\/vc_column_text][\/vc_column][vc_column width=&#8221;3\/4&#8243;][vc_column_text el_class=&#8221;medium_text&#8221;]We perform all surgery following rigorous quality and safety protocols, from the preoperative stage to the final revision and discharge.[\/vc_column_text][\/vc_column][\/vc_row][vc_row el_class=&#8221;no_paddings&#8221; css=&#8221;.vc_custom_1594635792974{background-color: #282828 !important;}&#8221;][vc_column][vc_single_image image=&#8221;1752&#8243; img_size=&#8221;full&#8221; css=&#8221;.vc_custom_1597573072472{margin-bottom: 0px !important;}&#8221;][vc_raw_html]JTNDYSUyMGlkJTNEJTIyYXB0MSUyMiUzRSUzQyUyRmElM0U=[\/vc_raw_html][\/vc_column][\/vc_row][vc_row css=&#8221;.vc_custom_1595342703355{background-color: #282828 !important;}&#8221; el_class=&#8221;normal_paddings&#8221;][vc_column width=&#8221;1\/4&#8243;][\/vc_column][vc_column width=&#8221;3\/4&#8243;][vc_column_text el_class=&#8221;medium_text text_blanc super_big&#8221;]The preoperative stage[\/vc_column_text][vc_column_text el_class=&#8221;medium_text text_blanc&#8221;]Before surgery, it is necessary to check the general health of the patient. Preoperative tests may vary depending on each patient, but generally include the following: blood test, chest X-ray, electrocardiogram.[\/vc_column_text][vc_column_text el_class=&#8221;text_blanc&#8221;]At the preoperative visit, the surgeon will evaluate the test results and will resolve all questions or concerns you have. Communication between doctor and patient is essential at all times. On the same day, you will be informed in detail the time of admission and the documentation you will need, so you do not have to worry about anything. You will also be given a form to sign providing your informed consent.\r\n\r\nIf necessary, in the preoperative period we will use complementary therapies to ensure your maximum welfare before and during the operation, and to improve postoperative outcomes. The use of these therapies as part of an integrative medicine approach helps to reduce inflammation and pain, and reduce recovery time and the risk of bleeding.\r\n[\/vc_column_text][vc_raw_html]JTNDYSUyMG5hbWUlM0QlMjJhcHQyJTIyJTNFJTNDJTJGYSUzRQ==[\/vc_raw_html][\/vc_column][\/vc_row][vc_row css=&#8221;.vc_custom_1595342708486{background-color: #282828 !important;}&#8221; el_class=&#8221;normal_paddings&#8221;][vc_column width=&#8221;1\/4&#8243;][\/vc_column][vc_column width=&#8221;3\/4&#8243;][vc_column_text el_class=&#8221;medium_text text_blanc super_big&#8221;]The operation[\/vc_column_text][vc_column_text el_class=&#8221;medium_text text_blanc&#8221;]\r\n<p class=\"Standard\" style=\"text-align: justify; text-justify: inter-ideograph;\"><span lang=\"EN-GB\" style=\"font-family: Arial;\">Nasal surgery is performed under local or general anaesthesia. The duration depends on each case and type of surgery, and can range from 15 minutes to 3 hours.<\/span><\/p>\r\n[\/vc_column_text][vc_column_text el_class=&#8221;text_blanc&#8221;]We operate in a highly secure and comfortable environment that allows us to handle any situation quickly and efficiently.\r\n\r\nWe will be at your side at all times to accompany you and resolve any doubts you may have, and will keep your companions informed of how the operation has proceeded.\r\n\r\nIt\u00b4s likely that we recommend you spend a night in hospital under the care of nurses at the clinic.[\/vc_column_text][vc_column_text el_class=&#8221;medium_text text_blanc&#8221;]\u201cEstuve padeciendo de migra\u00f1a durante 15 a\u00f1os. Era imposible vivir as\u00ed.\u201d[\/vc_column_text][vc_raw_html]JTNDZGl2JTIwY2xhc3MlM0QlMjJ2aWRlby1jb250YWluZXIlMjIlM0UlMEElM0NpZnJhbWUlMjB3aWR0aCUzRCUyMjU2MCUyMiUyMGhlaWdodCUzRCUyMjMxNSUyMiUyMHNyYyUzRCUyMmh0dHBzJTNBJTJGJTJGd3d3LnlvdXR1YmUuY29tJTJGZW1iZWQlMkZLVzhiV0IyMWl4OCUyMiUyMGZyYW1lYm9yZGVyJTNEJTIyMCUyMiUyMGFsbG93JTNEJTIyYWNjZWxlcm9tZXRlciUzQiUyMGF1dG9wbGF5JTNCJTIwZW5jcnlwdGVkLW1lZGlhJTNCJTIwZ3lyb3Njb3BlJTNCJTIwcGljdHVyZS1pbi1waWN0dXJlJTIyJTIwYWxsb3dmdWxsc2NyZWVuJTNFJTNDJTJGaWZyYW1lJTNFJTBBJTNDJTJGZGl2JTNF[\/vc_raw_html][vc_column_text el_class=&#8221;text_blanc&#8221;]<em>La Ciencia de la Salud \u2013 Episodio 2 \u2013 Respira. TV2<\/em>[\/vc_column_text][vc_raw_html css=&#8221;.vc_custom_1591595661332{margin-bottom: 100px !important;}&#8221;]JTNDYSUyMG5hbWUlM0QlMjJhcHQzJTIyJTNFJTNDJTJGYSUzRQ==[\/vc_raw_html][\/vc_column][\/vc_row][vc_row css=&#8221;.vc_custom_1595342712815{background-color: #282828 !important;}&#8221; el_class=&#8221;normal_paddings&#8221;][vc_column width=&#8221;1\/4&#8243;][\/vc_column][vc_column width=&#8221;3\/4&#8243;][vc_column_text el_class=&#8221;medium_text text_blanc super_big&#8221;]The postoperative stage[\/vc_column_text][vc_column_text el_class=&#8221;medium_text text_blanc&#8221;]For the first few hours after the operation, you will be in bed with your head elevated to minimize the possibility of edema and swelling in the tissues affected by the operation.[\/vc_column_text][vc_column_text el_class=&#8221;text_blanc&#8221;]\r\n<p class=\"Standard\" style=\"text-align: justify; text-justify: inter-ideograph;\"><span lang=\"EN-GB\" style=\"font-family: Arial;\">Nasal packing is often needed, which is then removed between 1 and 4 days after surgery.<\/span><\/p>\r\nWe will give you antibiotics to prevent possible infection. If necessary, we will prescribe a sedative and \/ or anti-inflammatory medication.\r\n\r\nIt is likely that we recommend two sessions of Oriental medicine using acupuncture or suction cups in the first 10 days after surgery. These procedures reduce edema and hematoma, and accelerate the recovery process significantly.\r\n\r\nAcupuncture is especially recommended for patients with a tendency to create cystic scarring after Rhinoplasty surgery. Fibrosis scarring is a hardening of the nose tissue due to the nature of the skin of some individuals.[\/vc_column_text][vc_raw_html]JTNDYSUyMG5hbWUlM0QlMjJhcHQ0JTIyJTNFJTNDJTJGYSUzRQ==[\/vc_raw_html][\/vc_column][\/vc_row][vc_row css=&#8221;.vc_custom_1595342717522{background-color: #282828 !important;}&#8221; el_class=&#8221;normal_paddings&#8221;][vc_column width=&#8221;1\/4&#8243;][\/vc_column][vc_column width=&#8221;3\/4&#8243;][vc_column_text el_class=&#8221;medium_text text_blanc super_big&#8221;]Recovery[\/vc_column_text][vc_column_text el_class=&#8221;medium_text text_blanc&#8221;]The rate of recovery from a nose operation depends on several factors, including patient age and type of intervention.[\/vc_column_text][vc_column_text el_class=&#8221;text_blanc&#8221;]After functional surgery, usually after 10 days you can resume normal daily activities.\r\n\r\nAfter cosmetic rhinoplasty you can expect to take between 1 and 3 weeks to return to normal life activities.\r\n\r\nTo speed recovery and optimize the results of the operation, in many cases we recommend pulmonary rehabilitation via our oxygenation workshop.\r\n[\/vc_column_text][vc_video link=&#8221;https:\/\/www.youtube.com\/watch?v=ldP4QuAYB0o&#8221;][\/vc_column][\/vc_row][vc_row el_class=&#8221;normal_paddings&#8221; css=&#8221;.vc_custom_1595342740889{background-color: #282828 !important;}&#8221;][vc_column][vc_column_text el_class=&#8221;medium_text&#8221; css=&#8221;.vc_custom_1611761731466{padding-top: 30px !important;padding-bottom: 80px !important;}&#8221;]If you have any questions, please <a href=\"https:\/\/www.clinicarinologica.com\/contacte\/\">contact us<\/a>. We will answer your queries with pleasure.\r\nWant to request an <a href=\"https:\/\/www.clinicarinologica.com\/solicitud-visita\">appointment.<\/a> We will do our best to schedule you an appointment quickly.[\/vc_column_text][\/vc_column][\/vc_row]","protected":false},"excerpt":{"rendered":"[vc_row el_class=&#8221;normal_paddings&#8221; css=&#8221;.vc_custom_1591593390982{padding-top: 150px !important;}&#8221;][vc_column width=&#8221;1\/4&#8243;][\/vc_column][vc_column width=&#8221;3\/4&#8243;][vc_column_text el_class=&#8221;inside_title&#8221;] Functional Surgery [\/vc_column_text][\/vc_column][\/vc_row][vc_row el_class=&#8221;normal_paddings_2&#8243;][vc_column width=&#8221;1\/4&#8243;][vc_column_text el_class=&#8221;inside_title&#8221;] Surgery [\/vc_column_text][vc_column_text el_class=&#8221;anchor_list&#8221;]The preoperative stage The operation The postoperative stage Recovery[\/vc_column_text][\/vc_column][vc_column width=&#8221;3\/4&#8243;][vc_column_text el_class=&#8221;medium_text&#8221;]We perform all surgery following rigorous quality and safety protocols, from the preoperative stage to the final revision and discharge.[\/vc_column_text][\/vc_column][\/vc_row][vc_row el_class=&#8221;no_paddings&#8221; css=&#8221;.vc_custom_1594635792974{background-color: #282828 !important;}&#8221;][vc_column][vc_single_image image=&#8221;1752&#8243; img_size=&#8221;full&#8221; css=&#8221;.vc_custom_1597573072472{margin-bottom: 0px !important;}&#8221;][vc_raw_html]JTNDYSUyMGlkJTNEJTIyYXB0MSUyMiUzRSUzQyUyRmElM0U=[\/vc_raw_html][\/vc_column][\/vc_row][vc_row&#8230; <a class=\"view-article\" href=\"https:\/\/www.clinicarinologica.com\/en\/operacio\/\">View Article<\/a>","protected":false},"author":1,"featured_media":0,"parent":0,"menu_order":0,"comment_status":"closed","ping_status":"closed","template":"","meta":{"_acf_changed":false,"footnotes":""},"class_list":["post-3160","page","type-page","status-publish","hentry"],"acf":[],"_links":{"self":[{"href":"https:\/\/www.clinicarinologica.com\/en\/wp-json\/wp\/v2\/pages\/3160","targetHints":{"allow":["GET"]}}],"collection":[{"href":"https:\/\/www.clinicarinologica.com\/en\/wp-json\/wp\/v2\/pages"}],"about":[{"href":"https:\/\/www.clinicarinologica.com\/en\/wp-json\/wp\/v2\/types\/page"}],"author":[{"embeddable":true,"href":"https:\/\/www.clinicarinologica.com\/en\/wp-json\/wp\/v2\/users\/1"}],"replies":[{"embeddable":true,"href":"https:\/\/www.clinicarinologica.com\/en\/wp-json\/wp\/v2\/comments?post=3160"}],"version-history":[{"count":6,"href":"https:\/\/www.clinicarinologica.com\/en\/wp-json\/wp\/v2\/pages\/3160\/revisions"}],"predecessor-version":[{"id":3500,"href":"https:\/\/www.clinicarinologica.com\/en\/wp-json\/wp\/v2\/pages\/3160\/revisions\/3500"}],"wp:attachment":[{"href":"https:\/\/www.clinicarinologica.com\/en\/wp-json\/wp\/v2\/media?parent=3160"}],"curies":[{"name":"wp","href":"https:\/\/api.w.org\/{rel}","templated":true}]}}