{"id":3156,"date":"2021-01-25T18:04:07","date_gmt":"2021-01-25T16:04:07","guid":{"rendered":"https:\/\/www.clinicarinologica.com\/?page_id=3156"},"modified":"2021-01-25T18:04:07","modified_gmt":"2021-01-25T16:04:07","slug":"foniatria-y-logopedia","status":"publish","type":"page","link":"https:\/\/www.clinicarinologica.com\/en\/foniatria-y-logopedia\/","title":{"rendered":"Foniatr\u00eda y logopedia"},"content":{"rendered":"[vc_row el_class=&#8221;molts_marges&#8221; css=&#8221;.vc_custom_1607548381654{padding-bottom: 150px !important;}&#8221;][vc_column width=&#8221;1\/4&#8243;][vc_column_text el_class=&#8221;inside_title medium_text&#8221;]Foniatr\u00eda y logopedia\r\n[\/vc_column_text][\/vc_column][vc_column width=&#8221;3\/4&#8243;][vc_column_text]\r\n<p class=\"p1\"><span class=\"s1\"><b>Lenguaje y Comunicaci\u00f3n<\/b>\r\nAfasias. Retraso del lenguaje y TEL. Trastornos del espectro autista<\/span><\/p>\r\n<p class=\"p1\"><span class=\"s1\"><b>Habla<\/b>\u00a0<\/span><\/p>\r\n<p class=\"p1\"><span class=\"s1\">Retraso y trastorno fon\u00e9tico-fonol\u00f3gico. Dislalias. Disartrias<\/span><\/p>\r\n<p class=\"p1\"><span class=\"s1\"><b>Patolog\u00edas de la Voz\r\n<\/b>Diagn\u00f3stico por v\u00eddeo-laringo-estroboscopia. Reeducaci\u00f3n y rehabilitaci\u00f3n vocal. Voz en laringectom\u00edas. Voz transexual<\/span><\/p>\r\n<p class=\"p1\"><span class=\"s1\"><b>La Voz del Cantante<\/b>\r\nT\u00e9cnica vocal en el canto. Impostaci\u00f3 de la voz<\/span><\/p>\r\n<p class=\"p1\"><span class=\"s1\"><b>La Voz en el Teatro<\/b>\r\nActores. Locutores. Dicci\u00f3n. Doblaje<\/span><\/p>\r\n<p class=\"p1\"><span class=\"s1\"><b>Laboratorio de voz y habla<\/b><\/span><\/p>\r\n<p class=\"p1\"><span class=\"s1\">An\u00e1lisis ac\u00fastico. Electroglotograf\u00eda<\/span><\/p>\r\n<p class=\"p1\"><span class=\"s1\"><b>Tartamudez<\/b>\r\nTrastornos de la fluidez del habla<\/span><\/p>\r\n<p class=\"p1\"><span class=\"s1\"><b>Hablar en P\u00fablico<\/b>\r\nProfesores. Conferenciantes. Pol\u00edticos<\/span><\/p>\r\n<p class=\"p1\"><span class=\"s1\"><b>Trastornos de la audici\u00f3n<\/b>\r\nRehabilitaci\u00f3n implante coclear. Presbiacusia<\/span><\/p>\r\n<p class=\"p1\"><span class=\"s1\"><b>Trastornos de la degluci\u00f3n<\/b>\r\nDisfagia. Degluci\u00f3n disfuncional o at\u00edpica. Tratamiento miofuncional de disfunciones orofaciales<\/span><\/p>\r\n[\/vc_column_text][\/vc_column][\/vc_row]","protected":false},"excerpt":{"rendered":"[vc_row el_class=&#8221;molts_marges&#8221; css=&#8221;.vc_custom_1607548381654{padding-bottom: 150px !important;}&#8221;][vc_column width=&#8221;1\/4&#8243;][vc_column_text el_class=&#8221;inside_title medium_text&#8221;]Foniatr\u00eda y logopedia [\/vc_column_text][\/vc_column][vc_column width=&#8221;3\/4&#8243;][vc_column_text] Lenguaje y Comunicaci\u00f3n Afasias. Retraso del lenguaje y TEL. Trastornos del espectro autista Habla\u00a0 Retraso y trastorno fon\u00e9tico-fonol\u00f3gico. Dislalias. Disartrias Patolog\u00edas de la Voz Diagn\u00f3stico por v\u00eddeo-laringo-estroboscopia. Reeducaci\u00f3n y rehabilitaci\u00f3n vocal. Voz en laringectom\u00edas. Voz transexual La Voz del Cantante T\u00e9cnica vocal en&#8230; <a class=\"view-article\" href=\"https:\/\/www.clinicarinologica.com\/en\/foniatria-y-logopedia\/\">View Article<\/a>","protected":false},"author":1,"featured_media":0,"parent":0,"menu_order":0,"comment_status":"closed","ping_status":"closed","template":"","meta":{"_acf_changed":false,"footnotes":""},"class_list":["post-3156","page","type-page","status-publish","hentry"],"acf":[],"_links":{"self":[{"href":"https:\/\/www.clinicarinologica.com\/en\/wp-json\/wp\/v2\/pages\/3156","targetHints":{"allow":["GET"]}}],"collection":[{"href":"https:\/\/www.clinicarinologica.com\/en\/wp-json\/wp\/v2\/pages"}],"about":[{"href":"https:\/\/www.clinicarinologica.com\/en\/wp-json\/wp\/v2\/types\/page"}],"author":[{"embeddable":true,"href":"https:\/\/www.clinicarinologica.com\/en\/wp-json\/wp\/v2\/users\/1"}],"replies":[{"embeddable":true,"href":"https:\/\/www.clinicarinologica.com\/en\/wp-json\/wp\/v2\/comments?post=3156"}],"version-history":[{"count":1,"href":"https:\/\/www.clinicarinologica.com\/en\/wp-json\/wp\/v2\/pages\/3156\/revisions"}],"predecessor-version":[{"id":3189,"href":"https:\/\/www.clinicarinologica.com\/en\/wp-json\/wp\/v2\/pages\/3156\/revisions\/3189"}],"wp:attachment":[{"href":"https:\/\/www.clinicarinologica.com\/en\/wp-json\/wp\/v2\/media?parent=3156"}],"curies":[{"name":"wp","href":"https:\/\/api.w.org\/{rel}","templated":true}]}}