{"id":3133,"date":"2021-01-25T18:01:02","date_gmt":"2021-01-25T16:01:02","guid":{"rendered":"https:\/\/www.clinicarinologica.com\/?page_id=3133"},"modified":"2024-03-25T11:09:47","modified_gmt":"2024-03-25T09:09:47","slug":"equipo","status":"publish","type":"page","link":"https:\/\/www.clinicarinologica.com\/en\/equipo\/","title":{"rendered":"Team"},"content":{"rendered":"[vc_row el_id=&#8221;intro_text&#8221; el_class=&#8221;resultats&#8221;][vc_column][vc_row_inner css=&#8221;.vc_custom_1603387059906{padding-top: 0px !important;background-color: #282828 !important;}&#8221;][vc_column_inner el_class=&#8221;intro_text_in&#8221;][vc_column_text el_class=&#8221;white&#8221; css=&#8221;.vc_custom_1611863465811{padding-top: 50px !important;background-color: #282828 !important;}&#8221;]<span style=\"color: #ffffff;\">Dr. Maria Colom\u00e9, founder and director of the Rhinology Clinic, has the collaboration of a team of specialists from various disciplines.<\/span> Highly qualified, respectful and attentive professionals. Teamwork allows us to understand each patient from a global perspective. We <strong class=\"hover_img\"><span class=\"move\">train<\/span><img loading=\"lazy\" decoding=\"async\" class=\"aligncenter wp-image-1912 size-full\" src=\"https:\/\/www.clinicarinologica.com\/wp-content\/uploads\/2020\/10\/CRMC_doctora_equip.jpeg\" alt=\"\" width=\"662\" height=\"624\" srcset=\"https:\/\/www.clinicarinologica.com\/wp-content\/uploads\/2020\/10\/CRMC_doctora_equip.jpeg 662w, https:\/\/www.clinicarinologica.com\/wp-content\/uploads\/2020\/10\/CRMC_doctora_equip-250x236.jpeg 250w, https:\/\/www.clinicarinologica.com\/wp-content\/uploads\/2020\/10\/CRMC_doctora_equip-120x113.jpeg 120w\" sizes=\"auto, (max-width: 662px) 100vw, 662px\" \/><\/strong> continuously.[\/vc_column_text][vc_column_text el_class=&#8221;petit&#8221;]\r\n<p style=\"text-align: center;\"><span style=\"color: #ffffff;\"><img loading=\"lazy\" decoding=\"async\" class=\"scroll-down-arrow alignnone wp-image-806\" src=\"https:\/\/www.clinicarinologica.com\/wp-content\/uploads\/2020\/06\/scroll_down.gif\" alt=\"\" width=\"50\" height=\"50\" \/><\/span><\/p>\r\n[\/vc_column_text][\/vc_column_inner][\/vc_row_inner][\/vc_column][\/vc_row][vc_row equal_height=&#8221;yes&#8221; css=&#8221;.vc_custom_1594656603444{margin-top: 180px !important;margin-bottom: 0px !important;padding-top: 0px !important;padding-right: 0px !important;padding-bottom: 0px !important;padding-left: 0px !important;}&#8221; el_class=&#8221;equip_cont&#8221;][vc_column width=&#8221;1\/2&#8243; css=&#8221;.vc_custom_1594650604348{padding-top: 40px !important;padding-right: 40px !important;padding-bottom: 100px !important;padding-left: 60px !important;background-color: #ffffff !important;}&#8221; el_class=&#8221;equip_noms&#8221;][vc_column_text el_class=&#8221;medium_text equip equip_1&#8243;]<strong class=\"hover_text_move\"><span class=\"move\" data-id=\"equip_1\">Dra. Maria Colom\u00e9<\/span><span class=\"move_show\"> Otorhinolaryngology<\/span><\/strong>[\/vc_column_text][vc_column_text el_class=&#8221;medium_text equip equip_3&#8243;]<strong class=\"hover_text_move\"><span class=\"move\" data-id=\"equip_3\">Dr. Marc Pellicer<\/span> <span class=\"move_show\">Pediatric otorhinolaryngology<\/span><\/strong>[\/vc_column_text][vc_column_text el_class=&#8221;medium_text equip_5&#8243;]<strong class=\"hover_text_move\"><span class=\"move\" data-id=\"equip_5\">Dra. M. \u00c0ngels Civit<\/span> <span class=\"move_show\">Vocal technique and respiratory rehabilitation<\/span><\/strong>[\/vc_column_text][vc_column_text el_class=&#8221;medium_text equip_6&#8243;]<strong class=\"hover_text_move\"><span class=\"move\" data-id=\"equip_6\">Dra. Ana Uriel<\/span> <span class=\"move_show\">Complementary therapies<\/span><\/strong>[\/vc_column_text][vc_column_text el_class=&#8221;medium_text equip_7&#8243;]<strong class=\"hover_text_move\"><span class=\"move\" data-id=\"equip_7\">Dra. M. \u00c0ngels Gonz\u00e1lez<\/span> <span class=\"move_show\">Psychology<\/span><\/strong>[\/vc_column_text][vc_column_text el_class=&#8221;medium_text equip_12&#8243;]<strong class=\"hover_text_move\"><span class=\"move\" data-id=\"equip_12\">Montse Gros<\/span> <span class=\"move_show\">Coordination<\/span><\/strong>[\/vc_column_text][vc_column_text el_class=&#8221;medium_text equip_8&#8243;]<strong class=\"hover_text_move\"><span class=\"move\" data-id=\"equip_8\"> Merc\u00e8 Torrente<\/span> <span class=\"move_show\">Instrumentalist<\/span><\/strong>[\/vc_column_text][vc_column_text el_class=&#8221;medium_text equip_8&#8243;]<strong class=\"hover_text_move\"><span class=\"move\" data-id=\"equip_80\"> Jordan Garc\u00eda Navarro <\/span> <span class=\"move_show\">Instrumentalist<\/span><\/strong>[\/vc_column_text][vc_column_text el_class=&#8221;medium_text equip_8&#8243;]<strong class=\"hover_text_move\"><span class=\"move\" data-id=\"equip_81\"> Laura Jorba <\/span> <span class=\"move_show\">Nurse<\/span><\/strong>[\/vc_column_text][vc_column_text el_class=&#8221;medium_text equip_8&#8243;]<strong class=\"hover_text_move\"><span class=\"move\" data-id=\"equip_81\"> Andrea Morte <\/span> <span class=\"move_show\">Nurse<\/span><\/strong>[\/vc_column_text][\/vc_column][vc_column width=&#8221;1\/2&#8243; css=&#8221;.vc_custom_1594656686831{background-color: #282828 !important;}&#8221; el_class=&#8221;equip_info&#8221;][vc_row_inner el_class=&#8221;equip_1&#8243; css=&#8221;.vc_custom_1594656655135{padding-bottom: 50px !important;background-color: #282828 !important;}&#8221;][vc_column_inner][vc_column_text el_class=&#8221;medium_text text_blanc&#8221;]Dra. Maria Colom\u00e9 Calaf\u00ed[\/vc_column_text][vc_column_text el_class=&#8221;text_blanc&#8221;]<strong>Otorhinolaryngology<\/strong>\r\n<strong>Founder and Director of the Maria Colom\u00e9 Rhinology Clinic<\/strong>\r\n\r\nCollegiate number 22.231 Col.legi oficial de metges de Barcelona[\/vc_column_text][vc_single_image image=&#8221;1255&#8243; img_size=&#8221;full&#8221; el_class=&#8221;fullwidth&#8221;][vc_column_text el_class=&#8221;text_blanc&#8221;]<em>I have been fortunate to have great teachers from all over the world.<\/em>\r\n<em>From Dr. Oriol Dom\u00e8nec y Llavallol, my teacher and mentor, I learned that behind an organ, a symptom, there is always a person. And I have never forgotten.<\/em>\r\n\r\n<em>I understand my profession from the absolute rigor with the protocols, with the techniques and with honesty: you have to know what can be done, and what not. When. How. In what circumstances.<\/em>\r\n\r\n<em>Know how to listen and understand the people who come to the consultation. Knowing how to find words that convey security and confidence. All of this, for me, is a fundamental part of medicine. As a surgeon, it is clear to me that scientific rigor and medical technique are as important as the relationship I establish with my patients.<\/em>\r\n\r\n<em>I feel like I do my job well when I combine scientific rigor with artistic sensitivity, an eye for detail, and empathy.<\/em>[\/vc_column_text][\/vc_column_inner][\/vc_row_inner][vc_row_inner el_class=&#8221;equip_3&#8243; css=&#8221;.vc_custom_1640805245764{margin-bottom: 50px !important;}&#8221;][vc_column_inner][vc_column_text el_class=&#8221;medium_text text_blanc&#8221;]Dr. Marc Pellicer i Sarasa[\/vc_column_text][vc_column_text el_class=&#8221;text_blanc&#8221;]<strong>Pediatric otolaryngology<\/strong>\r\n<strong>Graduate and Doctor of Medicine and Surgery from the Autonomous University of Barcelona (UAB)<\/strong>\r\n<strong>Specialist in Pediatric Otolaryngology at the Vall de Hebr\u00f3n University Hospital in Barcelona.<\/strong>\r\n\r\nCollegiate number 26.023 Col.legi oficial de metges de Barcelona[\/vc_column_text][vc_single_image image=&#8221;1260&#8243; img_size=&#8221;full&#8221; el_class=&#8221;fullwidth&#8221;][vc_column_text el_class=&#8221;text_blanc&#8221;]<em>At the Rhinological Clinic we also ensure the nasal and hearing health of children. Dr. Marc Pellicer -collaborator of the clinic- has recognized prestige in pediatric surgery, has more than 25 years of experience in the profession and extensive training in centers of national and international prestige.<\/em>[\/vc_column_text][\/vc_column_inner][\/vc_row_inner][vc_row_inner el_class=&#8221;equip_5&#8243; css=&#8221;.vc_custom_1594654679543{margin-bottom: 50px !important;}&#8221;][vc_column_inner][vc_column_text el_class=&#8221;medium_text text_blanc&#8221;]\u00c0ngels Civit Fons [\/vc_column_text][vc_column_text el_class=&#8221;text_blanc&#8221;]<strong>Vocal technique and respiratory rehabilitation<\/strong>\r\n<strong>Higher degree in Music, Senior Professor of Singing and Piano<\/strong>\r\n<strong>Master in Management of Musical Training Centers of the Autonomous University of Barcelona (UAB-Esmuc)<\/strong>[\/vc_column_text][vc_single_image image=&#8221;1264&#8243; img_size=&#8221;full&#8221; el_class=&#8221;fullwidth&#8221;][vc_column_text el_class=&#8221;text_blanc&#8221;]<em>The nose functions as a resonant cavity and as a conditioner for the air we breathe: it filters, cleans and heats the air before it reaches the lungs. Good breathing is the basis for proper use of your voice. \u00c0ngels Civit \u2014professor of vocal technique and respiratory rehabilitation\u2014 helps those patients who need to relearn the art of breathing, to improve their health and quality of life<\/em>[\/vc_column_text][\/vc_column_inner][\/vc_row_inner][vc_row_inner el_class=&#8221;equip_6&#8243; css=&#8221;.vc_custom_1594654687346{margin-bottom: 50px !important;}&#8221;][vc_column_inner][vc_column_text el_class=&#8221;medium_text text_blanc&#8221;]Dra. Ana Uriel Escoz[\/vc_column_text][vc_column_text el_class=&#8221;text_blanc&#8221;]<strong>Complementary therapies<\/strong>\r\n<strong>Degree in Medicine and Surgery from the University of Zaragoza<\/strong>[\/vc_column_text][vc_single_image image=&#8221;1265&#8243; img_size=&#8221;full&#8221; el_class=&#8221;fullwidth&#8221;][vc_column_text el_class=&#8221;text_blanc&#8221;]<em>At the Rhinology Clinic we combine the best treatments of conventional medicine with complementary treatments with a scientific basis. We take into account the relationship between the emotional part and the physical part of people. Dr. Ana Uriel \u2014registered physician specializing in complementary therapies\u2014 treats each patient at the Rhinological Clinic from this global perspective.<\/em>[\/vc_column_text][\/vc_column_inner][\/vc_row_inner][vc_row_inner el_class=&#8221;equip_7&#8243; css=&#8221;.vc_custom_1594654768085{margin-bottom: 50px !important;}&#8221;][vc_column_inner][vc_column_text el_class=&#8221;medium_text text_blanc&#8221;]Dra. M. \u00c0ngels Gonz\u00e1lez-Ib\u00e1\u00f1ez[\/vc_column_text][vc_column_text el_class=&#8221;text_blanc&#8221;]<strong>Psychology<\/strong>\r\n<strong>Degree in Psychology and PhD from the University of Barcelona<\/strong>[\/vc_column_text][vc_single_image image=&#8221;1266&#8243; img_size=&#8221;full&#8221; el_class=&#8221;fullwidth&#8221;][vc_column_text el_class=&#8221;text_blanc&#8221;]<em>The physical, mental and emotional health of people are closely related. A comprehensive approach to patients, which incorporates the psychological aspect, allows better medical and surgical treatment, and more satisfactory results. For this reason, at the Rhinology Clinic we have Dr. \u00c0ngels Gonz\u00e1lez-Ib\u00e1\u00f1ez, a recognized expert in this discipline.<\/em>[\/vc_column_text][\/vc_column_inner][\/vc_row_inner][vc_row_inner el_class=&#8221;equip_12&#8243; css=&#8221;.vc_custom_1594655213854{margin-bottom: 50px !important;}&#8221;][vc_column_inner][vc_column_text el_class=&#8221;medium_text text_blanc&#8221;]Montse Gros Fern\u00e1ndez[\/vc_column_text][vc_column_text el_class=&#8221;text_blanc&#8221;]<strong>Coordinator<\/strong>\r\n<strong>Coordination and patient care<\/strong>[\/vc_column_text][vc_single_image image=&#8221;1268&#8243; img_size=&#8221;full&#8221; el_class=&#8221;fullwidth&#8221;][vc_column_text el_class=&#8221;text_blanc&#8221;]<em>Managing the complexity of the Rhinology Clinic with diligence and good humor is key because everything works as it should. Montse accompanies the entire process, from the first contact to discharge, through visits, tests and the management of everything that the patient needs, so that the stay at the Rhinology Clinic is a satisfactory experience.<\/em>[\/vc_column_text][\/vc_column_inner][\/vc_row_inner][vc_row_inner el_class=&#8221;equip_8&#8243; css=&#8221;.vc_custom_1594654833018{margin-bottom: 50px !important;}&#8221;][vc_column_inner][vc_column_text el_class=&#8221;medium_text text_blanc&#8221;]Merc\u00e8 Torrente [\/vc_column_text][vc_column_text el_class=&#8221;text_blanc&#8221;]<strong>Instrumentalist nurse<\/strong>\r\n<strong>Diploma in Nursing from the University School of the Hospital de la Santa Cruz y la Santa Paz<\/strong>\r\n\r\nCol.legi oficial infermeres i infermers de Barcelona[\/vc_column_text][vc_single_image image=&#8221;1267&#8243; img_size=&#8221;full&#8221; el_class=&#8221;fullwidth&#8221;][vc_column_text el_class=&#8221;text_blanc&#8221;]<em>At the Rhinology Clinic we have a nursing team to attend to patients both in the consultation and in the operating room. Accompanies the patient in the pre, intra and postoperative period. As an scrub nurse, Merced Torrente&#8217;s main role in the operating room is to attend to the surgical needs of patients and to be by their side throughout the entire process.<\/em>[\/vc_column_text][\/vc_column_inner][\/vc_row_inner][vc_row_inner el_class=&#8221;equip_80&#8243; css=&#8221;.vc_custom_1640804337041{margin-bottom: 50px !important;}&#8221;][vc_column_inner][vc_column_text el_class=&#8221;medium_text text_blanc&#8221;]Jordan Garc\u00eda Navarro[\/vc_column_text][vc_column_text el_class=&#8221;text_blanc&#8221;]<strong>Nurse &#8211; Instrumentalist<\/strong>\r\n<strong>Degree in Nursing, Sant Joan de D\u00e9u Teaching Campus (UB)<\/strong>\r\n<strong>Master in Surgical Nursing, Sant Joan de D\u00e9u Teaching Campus (UB)<\/strong>\r\n<strong>Postgraduate Diploma in Anesthesia and Resuscitation Nursing, Sant Joan de D\u00e9u Teaching Campus (UB)<\/strong>\r\n\r\nCol.legi oficial infermeres i infermers de Barcelona[\/vc_column_text][vc_single_image image=&#8221;4156&#8243; img_size=&#8221;full&#8221; el_class=&#8221;fullwidth&#8221;][vc_column_text el_class=&#8221;text_blanc&#8221;]<em>The nursing team at the Rhinology Clinic has extensive experience in caring for patients with nasal, aesthetic and functional problems. Jordan Garc\u00eda \u2014as an scrub nurse\u2014 accompanies Dra. Colom\u00e9 in the operating room so that the entire rhinoplasty process is a success.<\/em>[\/vc_column_text][\/vc_column_inner][\/vc_row_inner][vc_row_inner el_class=&#8221;equip_81&#8243; css=&#8221;.vc_custom_1640804467218{margin-bottom: 50px !important;}&#8221;][vc_column_inner][vc_column_text el_class=&#8221;medium_text text_blanc&#8221;]Laura Jorba[\/vc_column_text][vc_column_text el_class=&#8221;text_blanc&#8221;]<strong>Nurse &#8211; Patient care<\/strong>\r\n<strong>Degree in Nursing, Sant Joan de D\u00e9u Teaching Campus, University of Barcelona (in progress)<\/strong>[\/vc_column_text][vc_column_text el_class=&#8221;text_blanc&#8221;]<em>Attend to the patient on their first visit to the Rhinology Clinic, collect their medical history, accompany the medical team in the diagnosis, perform the different tests prescribed in the consultation &#8230; the team of nurses in consultation at the Rhinology Clinic offer close and professional care .<\/em>[\/vc_column_text][\/vc_column_inner][\/vc_row_inner][vc_row_inner el_class=&#8221;equip_82&#8243; css=&#8221;.vc_custom_1640804474986{margin-bottom: 50px !important;}&#8221;][vc_column_inner][vc_column_text el_class=&#8221;medium_text text_blanc&#8221;]\r\n<p class=\"p1\">Andrea Morte<\/p>\r\n[\/vc_column_text][vc_column_text el_class=&#8221;text_blanc&#8221;]<strong>Nurse &#8211; Patient care<\/strong>\r\n<strong>Degree in Nursing, Sant Joan de D\u00e9u Teaching Campus, University of Barcelona (in progress)<\/strong>[\/vc_column_text][vc_column_text el_class=&#8221;text_blanc&#8221;]<em>Accompany the patient at all times to the consultation, from the reception, the information of the process, the management of medical documentation. Ensuring that the quality of the processes &#8211; both doctors and management &#8211; are always excellent is one of the tasks of the team of nurses in consultation at the Rhinology Clinic.<\/em>[\/vc_column_text][\/vc_column_inner][\/vc_row_inner][\/vc_column][\/vc_row][vc_row][vc_column][vc_column_text][\/vc_column_text][\/vc_column][\/vc_row]","protected":false},"excerpt":{"rendered":"[vc_row el_id=&#8221;intro_text&#8221; el_class=&#8221;resultats&#8221;][vc_column][vc_row_inner css=&#8221;.vc_custom_1603387059906{padding-top: 0px !important;background-color: #282828 !important;}&#8221;][vc_column_inner el_class=&#8221;intro_text_in&#8221;][vc_column_text el_class=&#8221;white&#8221; css=&#8221;.vc_custom_1611863465811{padding-top: 50px !important;background-color: #282828 !important;}&#8221;]Dr. Maria Colom\u00e9, founder and director of the Rhinology Clinic, has the collaboration of a team of specialists from various disciplines. Highly qualified, respectful and attentive professionals. Teamwork allows us to understand each patient from a global perspective. We train continuously.[\/vc_column_text][vc_column_text&#8230; <a class=\"view-article\" href=\"https:\/\/www.clinicarinologica.com\/en\/equipo\/\">View Article<\/a>","protected":false},"author":1,"featured_media":0,"parent":0,"menu_order":0,"comment_status":"closed","ping_status":"closed","template":"","meta":{"_acf_changed":false,"footnotes":""},"class_list":["post-3133","page","type-page","status-publish","hentry"],"acf":[],"_links":{"self":[{"href":"https:\/\/www.clinicarinologica.com\/en\/wp-json\/wp\/v2\/pages\/3133","targetHints":{"allow":["GET"]}}],"collection":[{"href":"https:\/\/www.clinicarinologica.com\/en\/wp-json\/wp\/v2\/pages"}],"about":[{"href":"https:\/\/www.clinicarinologica.com\/en\/wp-json\/wp\/v2\/types\/page"}],"author":[{"embeddable":true,"href":"https:\/\/www.clinicarinologica.com\/en\/wp-json\/wp\/v2\/users\/1"}],"replies":[{"embeddable":true,"href":"https:\/\/www.clinicarinologica.com\/en\/wp-json\/wp\/v2\/comments?post=3133"}],"version-history":[{"count":9,"href":"https:\/\/www.clinicarinologica.com\/en\/wp-json\/wp\/v2\/pages\/3133\/revisions"}],"predecessor-version":[{"id":4284,"href":"https:\/\/www.clinicarinologica.com\/en\/wp-json\/wp\/v2\/pages\/3133\/revisions\/4284"}],"wp:attachment":[{"href":"https:\/\/www.clinicarinologica.com\/en\/wp-json\/wp\/v2\/media?parent=3133"}],"curies":[{"name":"wp","href":"https:\/\/api.w.org\/{rel}","templated":true}]}}