{"id":3132,"date":"2021-01-25T18:00:41","date_gmt":"2021-01-25T16:00:41","guid":{"rendered":"https:\/\/www.clinicarinologica.com\/?page_id=3132"},"modified":"2021-01-31T20:51:52","modified_gmt":"2021-01-31T18:51:52","slug":"enologia-gastronomia-i-perfumeria","status":"publish","type":"page","link":"https:\/\/www.clinicarinologica.com\/en\/enologia-gastronomia-i-perfumeria\/","title":{"rendered":"Oenology, gastronomy and perfumery"},"content":{"rendered":"[vc_row el_class=&#8221;normal_paddings&#8221; css=&#8221;.vc_custom_1591593390982{padding-top: 150px !important;}&#8221;][vc_column width=&#8221;1\/4&#8243;][\/vc_column][vc_column width=&#8221;3\/4&#8243;][vc_column_text el_class=&#8221;inside_title&#8221;]\r\n<h1 class=\"p1\"><strong><span class=\"s1\"><a href=\"https:\/\/www.clinicarinologica.com\/en\/funcional\/#programes\">Programs for professionals<\/a><\/span><\/strong><\/h1>\r\n[\/vc_column_text][\/vc_column][\/vc_row][vc_row el_class=&#8221;normal_paddings_2&#8243;][vc_column width=&#8221;1\/4&#8243;][vc_column_text el_class=&#8221;inside_title&#8221;]\r\n<h1 class=\"p1\">Nasal health oenology, gastronomy and perfumery<\/h1>\r\n[\/vc_column_text][vc_column_text el_class=&#8221;anchor_list&#8221;]<a href=\"#apt1\"><strong>What role does nasal health play in gastronomy, wine or perfume?<\/strong><\/a>\r\n\r\n<a href=\"#apt2\"><strong>What can the Rhinology Clinic offer me?<\/strong><\/a>[\/vc_column_text][\/vc_column][vc_column width=&#8221;3\/4&#8243;][vc_column_text el_class=&#8221;medium_text&#8221;]Professionals and amateurs in the ambit of gastronomy, wine or perfume need to have a sense of smell in optimum conditions. A general review of the nasal organ could detect and prevent many problems of smell and taste.[\/vc_column_text][vc_column_text]If tasting food, smelling wine or distinguishing perfumes play an important role in your life, you should make sure that you breathe well and your sense of smell is in perfect condition.[\/vc_column_text][vc_video link=&#8221;https:\/\/www.youtube.com\/watch?v=qP4DscwYPrA&#8221;][vc_column_text el_class=&#8221;text_blanc&#8221;]<span style=\"color: #000000;\"><em>La Ciencia de la Salud \u2013 Episodio 2 \u2013 Respira. TV2<\/em><\/span>[\/vc_column_text][vc_column_text el_class=&#8221;quote_text&#8221;]<span style=\"color: #000000;\">\u201cPara los someliers y el mundo de la restauraci\u00f3n en general uno de los retos son las revisiones de nariz\u201d<\/span>[\/vc_column_text][vc_raw_html css=&#8221;.vc_custom_1591595652694{margin-bottom: 100px !important;}&#8221;]JTNDYSUyMGlkJTNEJTIyYXB0MSUyMiUzRSUzQyUyRmElM0U=[\/vc_raw_html][\/vc_column][\/vc_row][vc_row css=&#8221;.vc_custom_1595872432680{background-color: #282828 !important;}&#8221; el_class=&#8221;normal_paddings_2&#8243;][vc_column width=&#8221;1\/4&#8243;][\/vc_column][vc_column width=&#8221;3\/4&#8243;][vc_column_text el_class=&#8221;medium_text text_blanc super_big&#8221;]What role does nasal health play in gastronomy, wine or perfume?[\/vc_column_text][vc_column_text el_class=&#8221;medium_text text_blanc&#8221;]Through breathing, olfactory cells are stimulated in the roof of the nose. If there is some kind of nasal occlusion, the stimulus decreases, reducing or altering the ability to smell.\r\nThe decrease of smell is usually gradual, making it difficult to perceive. Many people may believe they have a normal sense of smell when it is in fact deficient.\r\n[\/vc_column_text][vc_video link=&#8221;https:\/\/www.youtube.com\/watch?v=kywj5CJAD0s&#8221;][vc_column_text el_class=&#8221;text_blanc&#8221;]<em>La Ciencia de la Salud \u2013 Episodio 2 \u2013 Respira. TV2<\/em>[\/vc_column_text][vc_column_text el_class=&#8221;text_blanc&#8221;]To enjoy good food, get the most out of a wine tasting, or clearly perceive the nuances of different perfumes your nose should be in <strong>perfect condition.<\/strong>\r\n\r\nVarios <strong>problemas nasales<\/strong> pueden generar una disminuci\u00f3n o alteraci\u00f3n del olfato: obstrucci\u00f3n nasal si el aire no llega adecuadamente a los filetes olfativos, no se pueden percibir los olores correctamente; desviaci\u00f3n del tabique nasal: cuando el tabique nasal est\u00e1 deformado puede crear una inflamaci\u00f3n que hace menguar el olfato; h\u00e1bitos respiratorios inadecuados: muchas personas respiran mal sin saberlo.\r\n\r\nLos <strong>malos h\u00e1bitos de respiraci\u00f3n<\/strong> pueden generar una atrofia por desuso o mal uso del nervio, y a menudo empeoran la agudeza olfativa, resfriados frecuentes: si se est\u00e1 enfriado a menudo, el olfato pierde facultades, tabaco: fumar perjudica la sensibilidad de los olores y los gustos\r\n<strong>Las alteraciones del olfato<\/strong> comportan casi siempre tambi\u00e9n alteraciones en la percepci\u00f3n del gusto.[\/vc_column_text][vc_raw_html css=&#8221;.vc_custom_1591595656157{margin-bottom: 100px !important;}&#8221;]JTNDYSUyMG5hbWUlM0QlMjJhcHQyJTIyJTNFJTNDJTJGYSUzRQ==[\/vc_raw_html][vc_column_text el_class=&#8221;medium_text text_blanc super_big&#8221;]\u00bfQu\u00e9 me aporta la Cl\u00ednica Rinol\u00f3gica?[\/vc_column_text][vc_column_text el_class=&#8221;medium_text text_blanc&#8221;]En la Cl\u00ednica Rinol\u00f3gica estudiaremos exhaustivamente su salud nasal.[\/vc_column_text][vc_video link=&#8221;https:\/\/www.youtube.com\/watch?v=s3Lv84U_qj4&#8243;][vc_column_text el_class=&#8221;text_blanc&#8221;]El <strong>reconocimiento m\u00e9dico<\/strong> consiste en: una revisi\u00f3n exhaustiva de la v\u00eda respiratoria y olfativa para detectar o descartar patolog\u00edas, un estudio para valorar el grado y la agudeza del olfato, pruebas espec\u00edficas seg\u00fan cada caso, si hace falta.\r\n\r\nSi detectamos problemas, o vemos que su grado de olfacci\u00f3n podr\u00eda mejorar, le ofreceremos un tratamiento personalizado para que pueda rendir y disfrutar al m\u00e1ximo de actividades relacionadas con el olfato y el gusto.\r\nHay diferentes maneras de intensificar y corregir la funci\u00f3n olfativa:\r\n\r\n<strong>Tratamiento m\u00e9dico y\/o quir\u00fargico<\/strong> para solucionar un problema de obstrucci\u00f3n nasal.\r\n\r\n<strong>Tratamientos complementarios<\/strong> con zinc para mejorar la capacidad olfativa.\r\n\r\n<strong>Taller de Respiraci\u00f3n y Oxigenaci\u00f3n<\/strong> para aprender a respirar por la nariz adecuadamente y mejorar el est\u00edmulo del bulbo olfativo. Esto le permitir\u00e1 sacar el m\u00e1ximo rendimiento de su capactitat olfativa.\r\n\r\n<strong>Taller para gestionar el estr\u00e9s.<\/strong> Saber regular el estr\u00e9s ayuda a respirar mejor y, en consecuencia, a optimizar el olfato.\r\n\r\nTerapias complementarias para reforzar el sistema inmunitario y evitar resfriados frecuentes\r\nejercicios de memoria para estimular, intensificar y recuperar el olfato[\/vc_column_text][\/vc_column][\/vc_row][vc_row el_class=&#8221;normal_paddings_2&#8243; css=&#8221;.vc_custom_1595872300875{padding-top: 20px !important;padding-bottom: 50px !important;background-color: #282828 !important;}&#8221;][vc_column][vc_column_text el_class=&#8221;medium_text&#8221;]If you have any questions, please <a href=\"https:\/\/www.clinicarinologica.com\/contacte\/\">contact us<\/a>. We will answer your questions with pleasure.\r\n\r\nWant to <a href=\"https:\/\/www.clinicarinologica.com\/solicitud-visita\/\">request an appointment? <\/a> We will try to give you an appointment time quickly.[\/vc_column_text][\/vc_column][\/vc_row]","protected":false},"excerpt":{"rendered":"[vc_row el_class=&#8221;normal_paddings&#8221; css=&#8221;.vc_custom_1591593390982{padding-top: 150px !important;}&#8221;][vc_column width=&#8221;1\/4&#8243;][\/vc_column][vc_column width=&#8221;3\/4&#8243;][vc_column_text el_class=&#8221;inside_title&#8221;] Programs for professionals [\/vc_column_text][\/vc_column][\/vc_row][vc_row el_class=&#8221;normal_paddings_2&#8243;][vc_column width=&#8221;1\/4&#8243;][vc_column_text el_class=&#8221;inside_title&#8221;] Nasal health oenology, gastronomy and perfumery [\/vc_column_text][vc_column_text el_class=&#8221;anchor_list&#8221;]What role does nasal health play in gastronomy, wine or perfume? What can the Rhinology Clinic offer me?[\/vc_column_text][\/vc_column][vc_column width=&#8221;3\/4&#8243;][vc_column_text el_class=&#8221;medium_text&#8221;]Professionals and amateurs in the ambit of gastronomy, wine or perfume need to have&#8230; <a class=\"view-article\" href=\"https:\/\/www.clinicarinologica.com\/en\/enologia-gastronomia-i-perfumeria\/\">View Article<\/a>","protected":false},"author":1,"featured_media":0,"parent":0,"menu_order":0,"comment_status":"closed","ping_status":"closed","template":"","meta":{"_acf_changed":false,"footnotes":""},"class_list":["post-3132","page","type-page","status-publish","hentry"],"acf":[],"_links":{"self":[{"href":"https:\/\/www.clinicarinologica.com\/en\/wp-json\/wp\/v2\/pages\/3132","targetHints":{"allow":["GET"]}}],"collection":[{"href":"https:\/\/www.clinicarinologica.com\/en\/wp-json\/wp\/v2\/pages"}],"about":[{"href":"https:\/\/www.clinicarinologica.com\/en\/wp-json\/wp\/v2\/types\/page"}],"author":[{"embeddable":true,"href":"https:\/\/www.clinicarinologica.com\/en\/wp-json\/wp\/v2\/users\/1"}],"replies":[{"embeddable":true,"href":"https:\/\/www.clinicarinologica.com\/en\/wp-json\/wp\/v2\/comments?post=3132"}],"version-history":[{"count":6,"href":"https:\/\/www.clinicarinologica.com\/en\/wp-json\/wp\/v2\/pages\/3132\/revisions"}],"predecessor-version":[{"id":3383,"href":"https:\/\/www.clinicarinologica.com\/en\/wp-json\/wp\/v2\/pages\/3132\/revisions\/3383"}],"wp:attachment":[{"href":"https:\/\/www.clinicarinologica.com\/en\/wp-json\/wp\/v2\/media?parent=3132"}],"curies":[{"name":"wp","href":"https:\/\/api.w.org\/{rel}","templated":true}]}}